{"id":3197,"date":"2024-12-12T16:06:45","date_gmt":"2024-12-12T15:06:45","guid":{"rendered":"https:\/\/hemphilia.com\/ueber-uns\/"},"modified":"2024-12-12T16:06:46","modified_gmt":"2024-12-12T15:06:46","slug":"ueber-uns","status":"publish","type":"page","link":"https:\/\/hemphilia.com\/de\/ueber-uns\/","title":{"rendered":"\u00dcber uns"},"content":{"rendered":"<div class=\"wpb-content-wrapper\"><p>[vc_row unlock_row_content=&#8221;yes&#8221; row_height_percent=&#8221;100&#8243; override_padding=&#8221;yes&#8221; h_padding=&#8221;5&#8243; top_padding=&#8221;0&#8243; bottom_padding=&#8221;3&#8243; back_image=&#8221;2197&#8243; multiple_media=&#8221;yes&#8221; back_position=&#8221;center bottom&#8221; overlay_alpha=&#8221;50&#8243; gutter_size=&#8221;3&#8243; column_width_percent=&#8221;100&#8243; shift_y=&#8221;0&#8243; z_index=&#8221;0&#8243; content_parallax=&#8221;0&#8243; uncode_shortcode_id=&#8221;714831&#8243;][vc_column column_width_percent=&#8221;50&#8243; position_vertical=&#8221;middle&#8221; align_horizontal=&#8221;align_center&#8221; gutter_size=&#8221;3&#8243; style=&#8221;dark&#8221; overlay_alpha=&#8221;50&#8243; shift_x=&#8221;0&#8243; shift_y=&#8221;0&#8243; shift_y_down=&#8221;0&#8243; z_index=&#8221;0&#8243; medium_width=&#8221;0&#8243; mobile_width=&#8221;0&#8243; width=&#8221;1\/1&#8243; uncode_shortcode_id=&#8221;569390&#8243; mobile_height=&#8221;500&#8243;][vc_row_inner][vc_column_inner column_width_percent=&#8221;100&#8243; position_vertical=&#8221;middle&#8221; align_horizontal=&#8221;align_center&#8221; gutter_size=&#8221;3&#8243; style=&#8221;dark&#8221; overlay_alpha=&#8221;50&#8243; shift_x=&#8221;0&#8243; shift_y=&#8221;0&#8243; shift_y_down=&#8221;0&#8243; z_index=&#8221;0&#8243; medium_width=&#8221;0&#8243; mobile_width=&#8221;0&#8243; width=&#8221;1\/1&#8243; uncode_shortcode_id=&#8221;214097&#8243;][vc_custom_heading heading_semantic=&#8221;h1&#8243; text_size=&#8221;bigtext&#8221; text_weight=&#8221;700&#8243; css_animation=&#8221;zoom-in&#8221; animation_speed=&#8221;1000&#8243; animation_delay=&#8221;200&#8243; uncode_shortcode_id=&#8221;144271&#8243;]Wo Wissenschaft auf Natur trifft[\/vc_custom_heading][\/vc_column_inner][\/vc_row_inner][\/vc_column][\/vc_row][vc_row unlock_row_content=&#8221;yes&#8221; row_height_percent=&#8221;0&#8243; override_padding=&#8221;yes&#8221; h_padding=&#8221;5&#8243; top_padding=&#8221;5&#8243; bottom_padding=&#8221;5&#8243; overlay_alpha=&#8221;50&#8243; equal_height=&#8221;yes&#8221; gutter_size=&#8221;5&#8243; column_width_percent=&#8221;100&#8243; shift_y=&#8221;0&#8243; z_index=&#8221;0&#8243; content_parallax=&#8221;0&#8243; uncode_shortcode_id=&#8221;138418&#8243;][vc_column column_width_percent=&#8221;75&#8243; position_vertical=&#8221;justify&#8221; gutter_size=&#8221;0&#8243; overlay_alpha=&#8221;50&#8243; shift_x=&#8221;0&#8243; shift_y=&#8221;0&#8243; shift_y_down=&#8221;0&#8243; z_index=&#8221;0&#8243; medium_width=&#8221;0&#8243; mobile_width=&#8221;0&#8243; width=&#8221;1\/1&#8243; uncode_shortcode_id=&#8221;135878&#8243;][vc_row_inner][vc_column_inner width=&#8221;1\/4&#8243;][\/vc_column_inner][vc_column_inner column_width_percent=&#8221;100&#8243; gutter_size=&#8221;0&#8243; overlay_alpha=&#8221;50&#8243; shift_x=&#8221;0&#8243; shift_y=&#8221;0&#8243; shift_y_down=&#8221;0&#8243; z_index=&#8221;0&#8243; medium_width=&#8221;0&#8243; mobile_width=&#8221;0&#8243; toggle=&#8221;yes&#8221; max_height=&#8221;55vh&#8221; closed_txt=&#8221;READ MORE&#8221; btn_margin=&#8221;std&#8221; open_txt=&#8221;CLOSE&#8221; fade=&#8221;sm&#8221; btn_align=&#8221;left&#8221; toggle_scroll=&#8221;yes&#8221; width=&#8221;1\/2&#8243; uncode_shortcode_id=&#8221;275208&#8243; toggle_classes=&#8221;btn-product-details custom-link btn btn-sm border-width-0 btn-product-details btn-color-jevc btn-circle btn-flat btn-icon-left cursor-init&#8221;][vc_custom_heading text_color=&#8221;color-jevc&#8221; heading_semantic=&#8221;p&#8221; text_size=&#8221;h6&#8243; text_weight=&#8221;400&#8243; badge_style=&#8221;yes&#8221; back_color=&#8221;color-985305&#8243; radius=&#8221;lg&#8221; uncode_shortcode_id=&#8221;140850&#8243; text_color_type=&#8221;uncode-palette&#8221; back_color_type=&#8221;uncode-palette&#8221;]DIE POESIE DER NATUR[\/vc_custom_heading][vc_empty_space empty_h=&#8221;2&#8243;][vc_custom_heading text_size=&#8221;h1&#8243; text_weight=&#8221;500&#8243; uncode_shortcode_id=&#8221;990693&#8243;]Das harmonische Gleichgewicht von Wissenschaft, Natur und Leidenschaft;[\/vc_custom_heading][vc_empty_space empty_h=&#8221;2&#8243;][vc_column_text uncode_shortcode_id=&#8221;144750&#8243;]Sch\u00f6nheit offenbart sich nicht nur an der Oberfl\u00e4che, sondern ebenso in Wissenschaft und Wandel, in der Energie und ganz gewiss in der Natur.<\/p>\n<p><em>Alles Lebendige und Positive ist pure Sch\u00f6nheit.<\/em><\/p>\n<p>Die Seele der Evolution, die in den Pflanzen lebt, ist wahre Poesie f\u00fcr diejenigen, die einen Sinn daf\u00fcr haben. <em>Ihre \u00fcberragende Vitalit\u00e4t, ihre erwiesene Wirksamkeit und ihre gro\u00dfe Heilkraft, die wir dank der Leidenschaft bekannter Pers\u00f6nlichkeiten wiederentdecken, dienen der Vereinigung von Natur und Wissenschaft: <\/em><em>Hier ist wahre, gro\u00dfe Sch\u00f6nheit, die auch die Materie verwandelt.<\/em> <strong>HEMPHILIA\u00ae<\/strong> hat hier seinen Ursprung, in einem harmonischen Gleichgewicht von Wissenschaft,<br \/>\nNatur und Leidenschaft; ein Destillat der Essenz, die aus der Quelle des Lebens flie\u00dft.[\/vc_column_text][vc_empty_space empty_h=&#8221;3&#8243;][vc_custom_heading text_size=&#8221;h4&#8243; text_italic=&#8221;yes&#8221; uncode_shortcode_id=&#8221;186779&#8243;]Das ist, was ich Kunst nenne. Die Kunst des Wohlbefindens.[\/vc_custom_heading][vc_empty_space empty_h=&#8221;1&#8243;][vc_single_image media=&#8221;2143&#8243; media_width_percent=&#8221;13&#8243; shape=&#8221;img-circle&#8221; uncode_shortcode_id=&#8221;860073&#8243;][vc_empty_space empty_h=&#8221;1&#8243;][vc_column_text uncode_shortcode_id=&#8221;199006&#8243;]<\/p>\n<p><strong>Francesco Dal Zio<\/strong><br \/>\nCEO &amp; FOUNDER<\/p>\n<p>[\/vc_column_text][\/vc_column_inner][vc_column_inner width=&#8221;1\/4&#8243;][\/vc_column_inner][\/vc_row_inner][\/vc_column][\/vc_row][vc_row unlock_row_content=&#8221;yes&#8221; row_height_percent=&#8221;0&#8243; override_padding=&#8221;yes&#8221; h_padding=&#8221;0&#8243; top_padding=&#8221;0&#8243; bottom_padding=&#8221;0&#8243; overlay_alpha=&#8221;50&#8243; gutter_size=&#8221;3&#8243; column_width_percent=&#8221;100&#8243; shift_y=&#8221;0&#8243; z_index=&#8221;0&#8243; content_parallax=&#8221;0&#8243; uncode_shortcode_id=&#8221;136737&#8243;][vc_column column_width_percent=&#8221;100&#8243; gutter_size=&#8221;3&#8243; expand_height=&#8221;yes&#8221; back_image=&#8221;2105&#8243; overlay_alpha=&#8221;50&#8243; shift_x=&#8221;0&#8243; shift_y=&#8221;0&#8243; shift_y_down=&#8221;0&#8243; z_index=&#8221;0&#8243; medium_width=&#8221;0&#8243; mobile_width=&#8221;0&#8243; width=&#8221;1\/2&#8243; uncode_shortcode_id=&#8221;442749&#8243;][\/vc_column][vc_column column_width_percent=&#8221;100&#8243; gutter_size=&#8221;0&#8243; expand_height=&#8221;yes&#8221; overlay_alpha=&#8221;50&#8243; shift_x=&#8221;0&#8243; shift_y=&#8221;0&#8243; shift_y_down=&#8221;0&#8243; z_index=&#8221;0&#8243; medium_width=&#8221;0&#8243; mobile_width=&#8221;0&#8243; width=&#8221;1\/2&#8243; uncode_shortcode_id=&#8221;100585&#8243;][vc_row_inner row_inner_height_percent=&#8221;0&#8243; overlay_alpha=&#8221;50&#8243; gutter_size=&#8221;3&#8243; shift_y=&#8221;0&#8243; z_index=&#8221;0&#8243; inverted_device_order=&#8221;yes&#8221; uncode_shortcode_id=&#8221;928896&#8243;][vc_column_inner column_width_percent=&#8221;100&#8243; gutter_size=&#8221;3&#8243; expand_height=&#8221;yes&#8221; back_image=&#8221;2168&#8243; overlay_alpha=&#8221;50&#8243; shift_x=&#8221;0&#8243; shift_y=&#8221;0&#8243; shift_y_down=&#8221;0&#8243; z_index=&#8221;0&#8243; medium_width=&#8221;0&#8243; mobile_width=&#8221;0&#8243; width=&#8221;1\/2&#8243; uncode_shortcode_id=&#8221;865069&#8243;][\/vc_column_inner][vc_column_inner column_width_percent=&#8221;100&#8243; position_vertical=&#8221;middle&#8221; gutter_size=&#8221;3&#8243; back_color=&#8221;color-xsdn&#8221; overlay_alpha=&#8221;50&#8243; shift_x=&#8221;0&#8243; shift_y=&#8221;0&#8243; shift_y_down=&#8221;0&#8243; z_index=&#8221;0&#8243; medium_width=&#8221;0&#8243; mobile_width=&#8221;0&#8243; toggle=&#8221;yes&#8221; max_height=&#8221;20vh&#8221; closed_txt=&#8221;READ MORE&#8221; btn_margin=&#8221;std&#8221; open_txt=&#8221;CLOSE&#8221; fade=&#8221;sm&#8221; btn_align=&#8221;left&#8221; toggle_scroll=&#8221;yes&#8221; width=&#8221;1\/2&#8243; uncode_shortcode_id=&#8221;198250&#8243; toggle_classes=&#8221;btn-product-details custom-link btn btn-sm border-width-0 btn-product-details btn-color-jevc btn-circle btn-flat btn-icon-left cursor-init&#8221; back_color_type=&#8221;uncode-palette&#8221;][vc_custom_heading text_color=&#8221;color-985305&#8243; heading_semantic=&#8221;h3&#8243; text_size=&#8221;h6&#8243; text_weight=&#8221;400&#8243; badge_style=&#8221;yes&#8221; back_color=&#8221;color-jevc&#8221; radius=&#8221;lg&#8221; uncode_shortcode_id=&#8221;274728&#8243; text_color_type=&#8221;uncode-palette&#8221; back_color_type=&#8221;uncode-palette&#8221;]UNSERE GESCHICHTE MIT LEIDENSCHAFT SEIT 1996[\/vc_custom_heading][vc_column_text uncode_shortcode_id=&#8221;413966&#8243;]Damals waren wir Anfang zwanzig und jeder wei\u00df, dass mit zwanzig nur die Liebe und die Tr\u00e4ume z\u00e4hlen &#8230; und Tr\u00e4ume hatten wir viele.<br \/>Wir sind mit gro\u00dfem Respekt f\u00fcr Mensch und Natur aufgewachsen und wollten Kunst unter die Leute bringen \u2013 nach Hause, in die Gesch\u00e4fte, auf die Stra\u00dfe &#8230; Wir wollten etwas f\u00fcr das Wohlbefinden der Menschen tun und dabei stets im Einklang mit der Natur handeln.<br \/>Aus diesem Impuls heraus ist unser Unternehmen entstanden \u2013 die perfekte Verbindung von Natur, Wissenschaft, Kunst und \u00c4sthetik.<br \/>Als Erstes haben wir eine Produktlinie mit hochwertiger Naturkosmetik entwickelt und sie in Jugendstilschachteln, bedruckt mit Fotos von Bildern und Skulpturen aufstrebender junger K\u00fcnstler, verpackt. Das war der Beginn unseres Traums: unsere gro\u00dfe Leidenschaft und die umfassende Erfahrung und Kompetenz unserer Forschungsabteilung hat unseren Horizont im Laufe der Jahre kontinuierlich erweitert. Es sind st\u00e4ndig neue Produkte hinzugekommen, die von Mal zu Mal wirksamer und innovativer geworden sind. Nicht zuletzt auch deshalb, weil das Erforschen hochwertiger Rohstoffe immer die Grundlage unserer Produktion geblieben ist.<br \/>Wir sind erwachsen geworden. Und auch wenn wir nicht mehr zwanzig<br \/>\n[\/vc_column_text][\/vc_column_inner][\/vc_row_inner][vc_row_inner row_inner_height_percent=&#8221;0&#8243; overlay_alpha=&#8221;50&#8243; equal_height=&#8221;yes&#8221; gutter_size=&#8221;3&#8243; shift_y=&#8221;0&#8243; z_index=&#8221;0&#8243; inverted_device_order=&#8221;yes&#8221; uncode_shortcode_id=&#8221;488663&#8243;][vc_column_inner column_width_percent=&#8221;100&#8243; position_vertical=&#8221;middle&#8221; gutter_size=&#8221;3&#8243; expand_height=&#8221;yes&#8221; back_color=&#8221;color-xsdn&#8221; overlay_alpha=&#8221;50&#8243; shift_x=&#8221;0&#8243; shift_y=&#8221;0&#8243; shift_y_down=&#8221;0&#8243; z_index=&#8221;0&#8243; medium_width=&#8221;0&#8243; mobile_width=&#8221;0&#8243; toggle=&#8221;yes&#8221; max_height=&#8221;20vh&#8221; closed_txt=&#8221;READ MORE&#8221; btn_margin=&#8221;std&#8221; open_txt=&#8221;CLOSE&#8221; fade=&#8221;sm&#8221; btn_align=&#8221;left&#8221; toggle_scroll=&#8221;yes&#8221; width=&#8221;1\/2&#8243; uncode_shortcode_id=&#8221;155555&#8243; toggle_classes=&#8221;btn-product-details custom-link btn btn-sm border-width-0 btn-product-details btn-color-jevc btn-circle btn-flat btn-icon-left cursor-init&#8221; back_color_type=&#8221;uncode-palette&#8221;][vc_custom_heading text_color=&#8221;color-jevc&#8221; heading_semantic=&#8221;h3&#8243; text_size=&#8221;h6&#8243; text_weight=&#8221;400&#8243; badge_style=&#8221;yes&#8221; back_color=&#8221;color-985305&#8243; radius=&#8221;lg&#8221; uncode_shortcode_id=&#8221;170275&#8243; text_color_type=&#8221;uncode-palette&#8221; back_color_type=&#8221;uncode-palette&#8221;]UNSER AUFTRAG[\/vc_custom_heading][vc_column_text uncode_shortcode_id=&#8221;196257&#8243;]Entstanden ist HEMPHILIA\u00ae aus dem Leitbild einer authentischen Lebensphilosophie, die den Blick auf eine ges\u00fcndere und nat\u00fcrlichere Lebensweise richtet, in einer Welt, die uns von einem vitalen und nat\u00fcrlichen Dasein als Mensch immer weiter entfernt. Eine durch Vitalit\u00e4t und Weisheit der Natur inspirierte Lebensanschauung, die eine Ver\u00e4nderung zum Positiven auf pers\u00f6nlicher Ebene stimuliert, um Ideen zu verwirklichen, Wohlbefinden zu erzeugen und infolgedessen die Grundlagen einer weitreichenden, positiven Wandlung zu etablieren.[\/vc_column_text][\/vc_column_inner][vc_column_inner column_width_percent=&#8221;100&#8243; gutter_size=&#8221;3&#8243; expand_height=&#8221;yes&#8221; back_image=&#8221;2099&#8243; overlay_alpha=&#8221;50&#8243; shift_x=&#8221;0&#8243; shift_y=&#8221;0&#8243; shift_y_down=&#8221;0&#8243; z_index=&#8221;0&#8243; medium_width=&#8221;0&#8243; mobile_width=&#8221;0&#8243; width=&#8221;1\/2&#8243; uncode_shortcode_id=&#8221;187185&#8243;][\/vc_column_inner][\/vc_row_inner][\/vc_column][\/vc_row][vc_row unlock_row_content=&#8221;yes&#8221; row_height_percent=&#8221;0&#8243; override_padding=&#8221;yes&#8221; h_padding=&#8221;0&#8243; top_padding=&#8221;2&#8243; bottom_padding=&#8221;0&#8243; back_color=&#8221;color-xsdn&#8221; overlay_alpha=&#8221;50&#8243; equal_height=&#8221;yes&#8221; gutter_size=&#8221;0&#8243; column_width_percent=&#8221;100&#8243; shift_y=&#8221;0&#8243; z_index=&#8221;0&#8243; inverted_device_order=&#8221;yes&#8221; content_parallax=&#8221;0&#8243; uncode_shortcode_id=&#8221;436543&#8243; back_color_type=&#8221;uncode-palette&#8221;][vc_column column_width_percent=&#8221;100&#8243; position_vertical=&#8221;middle&#8221; gutter_size=&#8221;4&#8243; override_padding=&#8221;yes&#8221; column_padding=&#8221;4&#8243; overlay_alpha=&#8221;50&#8243; shift_x=&#8221;0&#8243; shift_y=&#8221;0&#8243; shift_y_down=&#8221;0&#8243; z_index=&#8221;0&#8243; medium_width=&#8221;0&#8243; align_mobile=&#8221;align_center_mobile&#8221; mobile_width=&#8221;0&#8243; width=&#8221;1\/3&#8243; uncode_shortcode_id=&#8221;133431&#8243;][vc_row_inner row_inner_height_percent=&#8221;0&#8243; overlay_alpha=&#8221;50&#8243; gutter_size=&#8221;4&#8243; shift_y=&#8221;0&#8243; z_index=&#8221;0&#8243; uncode_shortcode_id=&#8221;201564&#8243; limit_content=&#8221;&#8221;][vc_column_inner column_width_percent=&#8221;100&#8243; gutter_size=&#8221;3&#8243; overlay_alpha=&#8221;50&#8243; shift_x=&#8221;0&#8243; shift_y=&#8221;0&#8243; shift_y_down=&#8221;0&#8243; z_index=&#8221;0&#8243; medium_width=&#8221;4&#8243; mobile_width=&#8221;0&#8243; toggle=&#8221;yes&#8221; max_height=&#8221;20vh&#8221; closed_txt=&#8221;READ MORE&#8221; btn_margin=&#8221;std&#8221; open_txt=&#8221;CLOSE&#8221; fade=&#8221;sm&#8221; btn_align=&#8221;left&#8221; toggle_scroll=&#8221;yes&#8221; width=&#8221;1\/1&#8243; uncode_shortcode_id=&#8221;163160&#8243; toggle_classes=&#8221;btn-product-details custom-link btn btn-sm border-width-0 btn-product-details btn-color-jevc btn-circle btn-flat btn-icon-left cursor-init&#8221;][vc_custom_heading text_color=&#8221;color-jevc&#8221; heading_semantic=&#8221;h3&#8243; text_size=&#8221;h6&#8243; text_weight=&#8221;400&#8243; badge_style=&#8221;yes&#8221; back_color=&#8221;color-985305&#8243; radius=&#8221;lg&#8221; uncode_shortcode_id=&#8221;162375&#8243; text_color_type=&#8221;uncode-palette&#8221; back_color_type=&#8221;uncode-palette&#8221;]UNSERE MISSION[\/vc_custom_heading][vc_custom_heading heading_semantic=&#8221;h3&#8243; text_size=&#8221;h4&#8243; text_weight=&#8221;800&#8243; uncode_shortcode_id=&#8221;422468&#8243;]WAHRE INNOVATION, WISSENSCHAFT UND ZIELE.[\/vc_custom_heading][vc_column_text uncode_shortcode_id=&#8221;501921&#8243;]Wat die natuur ons gegee het, is geweldig sterker en ryker as wat ons kan dink.<br \/>Die ware innovasie vandag is die vermo\u00eb om te herken wat ons deur plante aangebied word, spesifiek hennep, om ons lewenskwaliteit te verbeter en ons skoonheid te verbeter sonder om op gesondheid en algehele welstand in te boet.<br \/>As gevolg van die eksponensi\u00eble ontwikkelings in die hennepbedryf tesame met die uitgebreide navorsing wat HEMPHILIA\u00ae die afgelope jare voltooi het, is ons in staat om produkte teen &#8216;n baie ho\u00eb doeltreffendheidsyfer aan te bied met verbasend vinnige en betekenisvolle resultate.<br \/>Met HEMPHILIA\u00ae is dit moontlik om die mees ambisieuse doelwitte van skoonheid te bereik sonder om indringende behandelings te gebruik.[\/vc_column_text][\/vc_column_inner][\/vc_row_inner][\/vc_column][vc_column column_width_percent=&#8221;100&#8243; gutter_size=&#8221;3&#8243; back_image=&#8221;2180&#8243; overlay_alpha=&#8221;50&#8243; shift_x=&#8221;0&#8243; shift_y=&#8221;0&#8243; shift_y_down=&#8221;0&#8243; z_index=&#8221;0&#8243; medium_width=&#8221;0&#8243; mobile_width=&#8221;0&#8243; width=&#8221;1\/3&#8243; uncode_shortcode_id=&#8221;224730&#8243; mobile_height=&#8221;400&#8243;][\/vc_column][vc_column column_width_percent=&#8221;100&#8243; gutter_size=&#8221;4&#8243; override_padding=&#8221;yes&#8221; column_padding=&#8221;4&#8243; back_color=&#8221;color-985305&#8243; overlay_alpha=&#8221;50&#8243; shift_x=&#8221;0&#8243; shift_y=&#8221;0&#8243; shift_y_down=&#8221;0&#8243; z_index=&#8221;0&#8243; medium_width=&#8221;0&#8243; mobile_width=&#8221;0&#8243; width=&#8221;1\/3&#8243; uncode_shortcode_id=&#8221;111395&#8243; back_color_type=&#8221;uncode-palette&#8221;][vc_row_inner row_inner_height_percent=&#8221;0&#8243; overlay_alpha=&#8221;50&#8243; gutter_size=&#8221;4&#8243; shift_y=&#8221;0&#8243; z_index=&#8221;0&#8243; uncode_shortcode_id=&#8221;201564&#8243; limit_content=&#8221;&#8221;][vc_column_inner column_width_percent=&#8221;100&#8243; gutter_size=&#8221;3&#8243; overlay_alpha=&#8221;50&#8243; shift_x=&#8221;0&#8243; shift_y=&#8221;0&#8243; shift_y_down=&#8221;0&#8243; z_index=&#8221;0&#8243; medium_width=&#8221;4&#8243; mobile_width=&#8221;0&#8243; toggle=&#8221;yes&#8221; max_height=&#8221;20vh&#8221; closed_txt=&#8221;READ MORE&#8221; btn_margin=&#8221;std&#8221; fade=&#8221;sm&#8221; btn_align=&#8221;left&#8221; toggle_scroll=&#8221;yes&#8221; width=&#8221;1\/1&#8243; uncode_shortcode_id=&#8221;151209&#8243; toggle_classes=&#8221;btn-product-details custom-link btn btn-sm border-width-0 btn-product-details btn-color-jevc btn-circle btn-flat btn-icon-left cursor-init&#8221;][vc_custom_heading text_color=&#8221;color-985305&#8243; heading_semantic=&#8221;h3&#8243; text_size=&#8221;h6&#8243; text_weight=&#8221;400&#8243; badge_style=&#8221;yes&#8221; back_color=&#8221;color-jevc&#8221; radius=&#8221;lg&#8221; uncode_shortcode_id=&#8221;578009&#8243; text_color_type=&#8221;uncode-palette&#8221; back_color_type=&#8221;uncode-palette&#8221;]FEITE[\/vc_custom_heading][vc_column_text uncode_shortcode_id=&#8221;604362&#8243;]Sedert die ontstaan van sy moedermaatskappy in 1996, het HEMPHILIA\u00ae en sy stigter, Francesco Dal Zio, ontelbare studies uitgevoer oor die formulering en doeltreffendheid van natuurlike plantaardige grondstowwe en die effek daarvan op die menslike liggaam. Met sy eie navorsings- en ontwikkelingslaboratoriums tesame met produksiefasiliteite regoor Itali\u00eb, bied HEMPHILIA\u00ae voortreflike hennep-gebaseerde produkte vir skoonheidsorg en welstand, wat uiteindelik die filosofie agter hierdie ambisieuse HEMPHILIA\u00ae-projek versterk.[\/vc_column_text][\/vc_column_inner][\/vc_row_inner][\/vc_column][\/vc_row]<\/p>\n<\/div>","protected":false},"excerpt":{"rendered":"<p>[vc_row unlock_row_content=&#8221;yes&#8221; row_height_percent=&#8221;100&#8243; override_padding=&#8221;yes&#8221; h_padding=&#8221;5&#8243; top_padding=&#8221;0&#8243; bottom_padding=&#8221;3&#8243; back_image=&#8221;2197&#8243; multiple_media=&#8221;yes&#8221; back_position=&#8221;center bottom&#8221; overlay_alpha=&#8221;50&#8243; gutter_size=&#8221;3&#8243; column_width_percent=&#8221;100&#8243; shift_y=&#8221;0&#8243; z_index=&#8221;0&#8243; content_parallax=&#8221;0&#8243; uncode_shortcode_id=&#8221;714831&#8243;][vc_column column_width_percent=&#8221;50&#8243; position_vertical=&#8221;middle&#8221; [&hellip;]<\/p>\n","protected":false},"author":389,"featured_media":0,"parent":0,"menu_order":0,"comment_status":"closed","ping_status":"closed","template":"","meta":{"footnotes":""},"class_list":["post-3197","page","type-page","status-publish","hentry"],"jetpack_sharing_enabled":true,"_links":{"self":[{"href":"https:\/\/hemphilia.com\/de\/wp-json\/wp\/v2\/pages\/3197","targetHints":{"allow":["GET"]}}],"collection":[{"href":"https:\/\/hemphilia.com\/de\/wp-json\/wp\/v2\/pages"}],"about":[{"href":"https:\/\/hemphilia.com\/de\/wp-json\/wp\/v2\/types\/page"}],"author":[{"embeddable":true,"href":"https:\/\/hemphilia.com\/de\/wp-json\/wp\/v2\/users\/389"}],"replies":[{"embeddable":true,"href":"https:\/\/hemphilia.com\/de\/wp-json\/wp\/v2\/comments?post=3197"}],"version-history":[{"count":3,"href":"https:\/\/hemphilia.com\/de\/wp-json\/wp\/v2\/pages\/3197\/revisions"}],"predecessor-version":[{"id":3200,"href":"https:\/\/hemphilia.com\/de\/wp-json\/wp\/v2\/pages\/3197\/revisions\/3200"}],"wp:attachment":[{"href":"https:\/\/hemphilia.com\/de\/wp-json\/wp\/v2\/media?parent=3197"}],"curies":[{"name":"wp","href":"https:\/\/api.w.org\/{rel}","templated":true}]}}