{"id":1001,"date":"2020-12-04T00:28:55","date_gmt":"2020-12-03T23:28:55","guid":{"rendered":"https:\/\/hemphilia.com\/product\/kush-eau-de-parfum-unisex-mit-hanf-55-ml\/"},"modified":"2024-12-16T17:08:19","modified_gmt":"2024-12-16T16:08:19","slug":"kush-eau-de-parfum-unisex-mit-hanf-55-ml","status":"publish","type":"product","link":"https:\/\/hemphilia.com\/de\/produkt\/kush-eau-de-parfum-unisex-mit-hanf-55-ml\/","title":{"rendered":"KUSH EAU DE PARFUM UNISEX 55 ml"},"content":{"rendered":"<p>Der inspirierende Duft von feinstem Kush erinnert an die faszinierende Vergangenheit dieses Erbes. Er feiert die Geschichte des Hindu Kush, seine Aromen und D\u00fcfte, begleitet von einem Hauch von Pinie und Lakritz mit blumigen Nuancen.<br \/>\nBekannterma\u00dfen wirkt Parf\u00fcm nicht nur anziehend auf unsere Mitmenschen, sondern soll vor allem die eigene Pers\u00f6nlichkeit unterstreichen und die Person wie ein Kleidungsst\u00fcck vervollst\u00e4ndigen.<\/p>\n","protected":false},"excerpt":{"rendered":"<p><strong>Mit Hanf<\/strong><\/p>\n<p><strong>mit 2,8 mg reinem CBD (&lt;0,1%)<\/strong><\/p>\n<p><em>Mit \u00e4therischen \u00d6len und Hanfextrakten.<\/em><\/p>\n","protected":false},"featured_media":2743,"template":"","meta":[],"product_brand":[],"product_cat":[70],"product_tag":[],"class_list":{"0":"post-1001","1":"product","2":"type-product","3":"status-publish","4":"has-post-thumbnail","6":"product_cat-koerper","8":"first","9":"instock","10":"taxable","11":"shipping-taxable","12":"purchasable","13":"product-type-simple","14":"add-to-wishlist-after_add_to_cart"},"jetpack_sharing_enabled":true,"tiered_pricing_type":"fixed","tiered_pricing_fixed_rules":[],"tiered_pricing_product_settings":{"layout":"default","base_unit_name":{"singular":null,"plural":null},"default_variation":null},"tiered_pricing_minimum_quantity":null,"tiered_pricing_roles_data":[],"tiered_pricing_percentage_rules":[],"tiered_pricing_maximum_quantity":null,"tiered_pricing_quantity_step":null,"_links":{"self":[{"href":"https:\/\/hemphilia.com\/de\/wp-json\/wp\/v2\/product\/1001","targetHints":{"allow":["GET"]}}],"collection":[{"href":"https:\/\/hemphilia.com\/de\/wp-json\/wp\/v2\/product"}],"about":[{"href":"https:\/\/hemphilia.com\/de\/wp-json\/wp\/v2\/types\/product"}],"wp:featuredmedia":[{"embeddable":true,"href":"https:\/\/hemphilia.com\/de\/wp-json\/wp\/v2\/media\/2743"}],"wp:attachment":[{"href":"https:\/\/hemphilia.com\/de\/wp-json\/wp\/v2\/media?parent=1001"}],"wp:term":[{"taxonomy":"product_brand","embeddable":true,"href":"https:\/\/hemphilia.com\/de\/wp-json\/wp\/v2\/product_brand?post=1001"},{"taxonomy":"product_cat","embeddable":true,"href":"https:\/\/hemphilia.com\/de\/wp-json\/wp\/v2\/product_cat?post=1001"},{"taxonomy":"product_tag","embeddable":true,"href":"https:\/\/hemphilia.com\/de\/wp-json\/wp\/v2\/product_tag?post=1001"}],"curies":[{"name":"wp","href":"https:\/\/api.w.org\/{rel}","templated":true}]}}