{"id":1002,"date":"2020-12-04T00:27:45","date_gmt":"2020-12-03T23:27:45","guid":{"rendered":"https:\/\/hemphilia.com\/product\/hand-und-korperseife-mit-hanf-mild-und-wohltuend-300-ml\/"},"modified":"2024-12-16T17:08:19","modified_gmt":"2024-12-16T16:08:19","slug":"hand-und-korperseife-mit-hanf-mild-und-wohltuend-300-ml","status":"publish","type":"product","link":"https:\/\/hemphilia.com\/de\/produkt\/hand-und-korperseife-mit-hanf-mild-und-wohltuend-300-ml\/","title":{"rendered":"HAND- UND K\u00d6RPERSEIFE MIT HANF 300 ml"},"content":{"rendered":"<p>Sanfte Reinigung f\u00fcr H\u00e4nde und K\u00f6rper. Hanf\u00f6l sch\u00fctzt die Haut und macht sie weich und geschmeidig. \u00c4therische \u00d6le in Bio-Qualit\u00e4t sorgen f\u00fcr perfekte Hygiene mit einem au\u00dfergew\u00f6hnlichen, rein nat\u00fcrlichen Duft.<\/p>\n","protected":false},"excerpt":{"rendered":"<p><strong>Mild und wohltuend<\/strong><\/p>\n<p><em>Mit <\/em><em>Bio-Hanfsamen\u00f6l, <\/em><em>reines \u00e4therisches Sizilianisches Bio-S\u00fc\u00dforangen\u00f6l, <\/em><em>reines \u00e4therisches Bio-Eukalyptus\u00f6l und reines \u00e4therisches Bio-Waldkiefer\u00f6l<\/em><em>.<\/em><\/p>\n","protected":false},"featured_media":2800,"template":"","meta":[],"product_brand":[],"product_cat":[71],"product_tag":[],"class_list":{"0":"post-1002","1":"product","2":"type-product","3":"status-publish","4":"has-post-thumbnail","6":"product_cat-haende","8":"first","9":"instock","10":"taxable","11":"shipping-taxable","12":"purchasable","13":"product-type-variable","14":"add-to-wishlist-after_add_to_cart"},"jetpack_sharing_enabled":true,"tiered_pricing_type":"fixed","tiered_pricing_fixed_rules":[],"tiered_pricing_product_settings":{"layout":"default","base_unit_name":{"singular":null,"plural":null},"default_variation":null},"tiered_pricing_minimum_quantity":null,"tiered_pricing_roles_data":[],"tiered_pricing_percentage_rules":[],"tiered_pricing_maximum_quantity":null,"tiered_pricing_quantity_step":null,"_links":{"self":[{"href":"https:\/\/hemphilia.com\/de\/wp-json\/wp\/v2\/product\/1002","targetHints":{"allow":["GET"]}}],"collection":[{"href":"https:\/\/hemphilia.com\/de\/wp-json\/wp\/v2\/product"}],"about":[{"href":"https:\/\/hemphilia.com\/de\/wp-json\/wp\/v2\/types\/product"}],"wp:featuredmedia":[{"embeddable":true,"href":"https:\/\/hemphilia.com\/de\/wp-json\/wp\/v2\/media\/2800"}],"wp:attachment":[{"href":"https:\/\/hemphilia.com\/de\/wp-json\/wp\/v2\/media?parent=1002"}],"wp:term":[{"taxonomy":"product_brand","embeddable":true,"href":"https:\/\/hemphilia.com\/de\/wp-json\/wp\/v2\/product_brand?post=1002"},{"taxonomy":"product_cat","embeddable":true,"href":"https:\/\/hemphilia.com\/de\/wp-json\/wp\/v2\/product_cat?post=1002"},{"taxonomy":"product_tag","embeddable":true,"href":"https:\/\/hemphilia.com\/de\/wp-json\/wp\/v2\/product_tag?post=1002"}],"curies":[{"name":"wp","href":"https:\/\/api.w.org\/{rel}","templated":true}]}}