{"id":1006,"date":"2020-12-04T00:26:52","date_gmt":"2020-12-03T23:26:52","guid":{"rendered":"https:\/\/hemphilia.com\/product\/anregende-creme-fur-kalte-fusse-mit-hanf-cbd-mit-bio-waermeformel-50-ml\/"},"modified":"2025-10-21T15:26:56","modified_gmt":"2025-10-21T13:26:56","slug":"anregende-creme-fur-kalte-fusse-mit-hanf-cbd-mit-bio-waermeformel-50-ml","status":"publish","type":"product","link":"https:\/\/hemphilia.com\/de\/produkt\/anregende-creme-fur-kalte-fusse-mit-hanf-cbd-mit-bio-waermeformel-50-ml\/","title":{"rendered":"ANREGENDE CREME F\u00dcR KALTE F\u00dcSSE MIT HANF &amp; CBD 50 ml"},"content":{"rendered":"<div class=\"wpb-content-wrapper\"><p>[vc_row unlock_row_content=&#8221;yes&#8221; row_height_percent=&#8221;0&#8243; override_padding=&#8221;yes&#8221; h_padding=&#8221;0&#8243; top_padding=&#8221;0&#8243; bottom_padding=&#8221;0&#8243; overlay_alpha=&#8221;50&#8243; gutter_size=&#8221;3&#8243; column_width_percent=&#8221;100&#8243; shift_y=&#8221;0&#8243; z_index=&#8221;0&#8243; content_parallax=&#8221;0&#8243; uncode_shortcode_id=&#8221;958498&#8243;][vc_column column_width_percent=&#8221;100&#8243; position_vertical=&#8221;middle&#8221; gutter_size=&#8221;2&#8243; overlay_alpha=&#8221;50&#8243; shift_x=&#8221;0&#8243; shift_y=&#8221;0&#8243; shift_y_down=&#8221;0&#8243; z_index=&#8221;0&#8243; medium_width=&#8221;0&#8243; mobile_width=&#8221;0&#8243; width=&#8221;1\/1&#8243; uncode_shortcode_id=&#8221;109854&#8243;][vc_tabs tab_switch=&#8221;yes&#8221; typography=&#8221;advanced&#8221; tab_no_border=&#8221;yes&#8221; titles_size=&#8221;h6&#8243; titles_weight=&#8221;700&#8243; product_from_builder=&#8221;yes&#8221; uncode_shortcode_id=&#8221;200277&#8243;][vc_tab gutter_size=&#8221;2&#8243; column_padding=&#8221;2&#8243; title=&#8221;Beschreibung&#8221; tab_id=&#8221;04814&#8243; product_from_builder=&#8221;yes&#8221;][vc_column_text uncode_shortcode_id=&#8221;149276&#8243;]F\u00f6rdert die Durchblutung und erzeugt dabei eine angenehm leichte W\u00e4rme. Eine wahre Wohltat f\u00fcr kalte und m\u00fcde F\u00fc\u00dfe. Perfekt vor allem in der kalten Jahreszeit oder bei empfindlichen Temperaturwechsel. Dank ihrer hochwertigen Inhaltsstoffe, wie dem Capsicum-Extrakt, hilft diese Creme auch gegen Frostbeulen. Durch Stimulation der peripheren Nervenenden erh\u00f6ht sie den Blutfluss im Anwendungsbereich und ruft ein leichtes W\u00e4rmegef\u00fchl auf der Haut hervor.[\/vc_column_text][\/vc_tab][vc_tab gutter_size=&#8221;2&#8243; column_padding=&#8221;2&#8243; title=&#8221;CBD-Gehalt&#8221; tab_id=&#8221;04824&#8243; product_from_builder=&#8221;yes&#8221;][vc_column_text uncode_shortcode_id=&#8221;634663&#8243;]CBD VIBES Extract: 100 mg<br \/>PURE CBD CONTENT AVERAGE: 100 mg<br \/>PURE CBD % CONTENT AVERAGE: 0,2%[\/vc_column_text][\/vc_tab][vc_tab gutter_size=&#8221;2&#8243; column_padding=&#8221;2&#8243; title=&#8221;Richtung der Verwendung&#8221; tab_id=&#8221;04835&#8243; product_from_builder=&#8221;yes&#8221;][vc_column_text uncode_shortcode_id=&#8221;211481&#8243;]T\u00e4glich morgens und abends sowie bei Bedarf auf die F\u00fc\u00dfe auftragen und kraftvoll einmassieren.[\/vc_column_text][\/vc_tab][vc_tab gutter_size=&#8221;2&#8243; column_padding=&#8221;2&#8243; title=&#8221;Warnhinweis&#8221; tab_id=&#8221;04841&#8243; product_from_builder=&#8221;yes&#8221;][vc_column_text uncode_shortcode_id=&#8221;318678&#8243;]Nicht im Intimbereich verwenden.<\/p>\n<p>Nicht in der Schwangerschaft verwenden.<\/p>\n<p>Darf nur f\u00fcr die angegebenen Zwecke verwendet werden.<\/p>\n<p>F\u00fcr Kinder unzug\u00e4nglich aufbewahren.<\/p>\n<p>Nur zur \u00e4u\u00dferen Anwendung. Nicht verschlucken.<\/p>\n<p>Zwischen 15-25\u00b0C, an einem trockenen Ort, vor Hitze (Heizungsanlagen) und direktem Licht gesch\u00fctzt lagern.<\/p>\n<p>Nicht wiederholten vor\u00fcbergehenden Temperaturschocks \u00fcber 40\u00b0C und unter 5\u00b0 C aussetzen.[\/vc_column_text][\/vc_tab][vc_tab gutter_size=&#8221;2&#8243; column_padding=&#8221;2&#8243; title=&#8221;INCI&#8221; tab_id=&#8221;1732444296999-4-8&#8243;][vc_column_text uncode_shortcode_id=&#8221;107631&#8243;]INGREDIENTS: AQUA, HELIANTHUS ANNUUS SEED OIL**, ETHYLHEXYL STEARATE, CANNABIS SATIVA SEED OIL**, GLYCERYL STEARATE, STEARYL ALCOHOL, BUTYROSPERMUM PARKII BUTTER**, ORYZA SATIVA STARCH, GLYCERIN, CETEARYL GLUCOSIDE, CAPSICUM ANNUUM FRUIT EXTRACT, HYDROGENATED ETHYLHEXYL OLIVATE***, HYPERICUM PERFORATUM FLOWER\/LEAF\/STEM EXTRACT**, EUCALYPTUS RADIATA FLOWER\/LEAF\/STEM OIL**, CINNAMOMUM CAMPHORA BARK OIL, CINNAMOMUM ZEYLANICUM BARK OIL**, THYMUS VULGARIS LEAF OIL**, CINNAMOMUM ZEYLANICUM LEAF OIL**, HYDROGENATED OLIVE OIL UNSAPONIFIABLES**, PINUS SYLVESTRIS TWIG LEAF OIL**, CANNABIS SATIVA LEAF EXTRACT**, ZINGIBER OFFICINALE ROOT OIL, CANNABIDIOL &#8211; DERIVED FROM EXTRACT OR TINCTURE OR RESIN OF CANNABIS***, TOCOPHEROL, ROSMARINUS OFFICINALIS LEAF EXTRACT, SUNFLOWER SEED OIL GLYCERIDES, DATEM, CETEARYL ALCOHOL, CAESALPINIA SPINOSA GUM, TETRASODIUM GLUTAMATE DIACETATE, BENZOIC ACID, DEHYDROACETIC ACID, EUGENOL*, CINNAMAL*, LINALOOL*, LIMONENE*, BENZYL BENZOATE*, CINNAMYL ALCOHOL*, BENZYL ALCOHOL.<\/p>\n<p>*** COSMOS, NATRUE or ECOCERT criteria certified \/ certifi\u00e9s crit\u00e8res COSMOS, NATRUE ou ECOCERT \/ COSMOS-, NATRUE- oder ECOCERT-Kriterien zertifiziert \/ certificato COSMOS, NATRUE o ECOCERT \/ Certificado seg\u00fan los criterios de COSMOS, NATRUE o ECOCERT<br \/>** from certified organic farming \/ issu de l\u2019agriculture biologique certifi\u00e9e naturelle \/ aus kontrolliert biologischem Anbau \/ da agricoltura biologica certificata \/ de agricultura ecol\u00f3gica certificada<br \/>* content of natural essential oils \/ contient des huiles essentielles \/ aus nat\u00fcrlichen \u00e4therischen \u00d6len \/ da oli essenziali naturali \/ de aceites esenciales naturales[\/vc_column_text][\/vc_tab][\/vc_tabs][\/vc_column][\/vc_row]<\/p>\n<\/div>","protected":false},"excerpt":{"rendered":"<p><strong>Bio-W\u00e4rmeformel mit 100 mg rein CBD (0,2%).<\/strong> Mit Bio-Sonnenblumen\u00f6l, Bio-Hanfsamen\u00f6l, Oliven\u00f6l-Fraktion, Bio-Sheabutter, Extrakt aus Spanischem Pfeffer (Chili), Reisst\u00e4rke, pflanzliches Glycerin, Echt-Johanniskraut-Extrakt, reines \u00e4therisches Bio-Eukalyptus-Radiata\u00f6l, reines \u00e4therisches aus Bio-Zimtrinde\u00f6l, reines \u00e4therisches Kampferrinden\u00f6l, reines \u00e4therisches Bio-Waldkiefer\u00f6l, reines \u00e4therisches Bio-Thymian\u00f6l, reines nat\u00fcrlichem \u00e4therisches Ingwer\u00f6l, VIBRES-Extrakt aus Bio-Cannabis-Sativa-Bl\u00e4ttern, CBD (Cannabidiol), Vitamin E, Rosmarinbl\u00e4tter-Extrakt und Taragummi (peruanisches Johannisbrotkerngummi).<\/p>\n","protected":false},"featured_media":2740,"template":"","meta":[],"product_brand":[],"product_cat":[76],"product_tag":[],"class_list":{"0":"post-1006","1":"product","2":"type-product","3":"status-publish","4":"has-post-thumbnail","6":"product_cat-foot-care-de","8":"first","9":"instock","10":"taxable","11":"shipping-taxable","12":"purchasable","13":"product-type-simple","14":"add-to-wishlist-after_add_to_cart"},"jetpack_sharing_enabled":true,"tiered_pricing_type":"fixed","tiered_pricing_fixed_rules":[],"tiered_pricing_product_settings":{"layout":"default","base_unit_name":{"singular":null,"plural":null},"default_variation":null},"tiered_pricing_minimum_quantity":null,"tiered_pricing_roles_data":[],"tiered_pricing_percentage_rules":[],"tiered_pricing_maximum_quantity":null,"tiered_pricing_quantity_step":null,"_links":{"self":[{"href":"https:\/\/hemphilia.com\/de\/wp-json\/wp\/v2\/product\/1006","targetHints":{"allow":["GET"]}}],"collection":[{"href":"https:\/\/hemphilia.com\/de\/wp-json\/wp\/v2\/product"}],"about":[{"href":"https:\/\/hemphilia.com\/de\/wp-json\/wp\/v2\/types\/product"}],"wp:featuredmedia":[{"embeddable":true,"href":"https:\/\/hemphilia.com\/de\/wp-json\/wp\/v2\/media\/2740"}],"wp:attachment":[{"href":"https:\/\/hemphilia.com\/de\/wp-json\/wp\/v2\/media?parent=1006"}],"wp:term":[{"taxonomy":"product_brand","embeddable":true,"href":"https:\/\/hemphilia.com\/de\/wp-json\/wp\/v2\/product_brand?post=1006"},{"taxonomy":"product_cat","embeddable":true,"href":"https:\/\/hemphilia.com\/de\/wp-json\/wp\/v2\/product_cat?post=1006"},{"taxonomy":"product_tag","embeddable":true,"href":"https:\/\/hemphilia.com\/de\/wp-json\/wp\/v2\/product_tag?post=1006"}],"curies":[{"name":"wp","href":"https:\/\/api.w.org\/{rel}","templated":true}]}}