{"id":1007,"date":"2020-12-03T23:59:04","date_gmt":"2020-12-03T22:59:04","guid":{"rendered":"https:\/\/hemphilia.com\/product\/intimwaschlotion-mit-hanf-cbd-mild-und-effektiv-250-ml\/"},"modified":"2024-12-23T12:50:17","modified_gmt":"2024-12-23T11:50:17","slug":"intimwaschlotion-mit-hanf-cbd-mild-und-effektiv-250-ml","status":"publish","type":"product","link":"https:\/\/hemphilia.com\/de\/produkt\/intimwaschlotion-mit-hanf-cbd-mild-und-effektiv-250-ml\/","title":{"rendered":"INTIMWASCHLOTION MIT HANF &amp; CBD 250 ml"},"content":{"rendered":"<div class=\"wpb-content-wrapper\"><p>[vc_row unlock_row_content=&#8221;yes&#8221; row_height_percent=&#8221;0&#8243; override_padding=&#8221;yes&#8221; h_padding=&#8221;0&#8243; top_padding=&#8221;0&#8243; bottom_padding=&#8221;0&#8243; overlay_alpha=&#8221;50&#8243; gutter_size=&#8221;3&#8243; column_width_percent=&#8221;100&#8243; shift_y=&#8221;0&#8243; z_index=&#8221;0&#8243; content_parallax=&#8221;0&#8243; uncode_shortcode_id=&#8221;958498&#8243;][vc_column column_width_percent=&#8221;100&#8243; position_vertical=&#8221;middle&#8221; gutter_size=&#8221;2&#8243; overlay_alpha=&#8221;50&#8243; shift_x=&#8221;0&#8243; shift_y=&#8221;0&#8243; shift_y_down=&#8221;0&#8243; z_index=&#8221;0&#8243; medium_width=&#8221;0&#8243; mobile_width=&#8221;0&#8243; width=&#8221;1\/1&#8243; uncode_shortcode_id=&#8221;109854&#8243;][vc_tabs tab_switch=&#8221;yes&#8221; typography=&#8221;advanced&#8221; tab_no_border=&#8221;yes&#8221; titles_size=&#8221;h6&#8243; titles_weight=&#8221;700&#8243; product_from_builder=&#8221;yes&#8221; uncode_shortcode_id=&#8221;200277&#8243;][vc_tab gutter_size=&#8221;2&#8243; column_padding=&#8221;2&#8243; title=&#8221;Beschreibung&#8221; tab_id=&#8221;04814&#8243; product_from_builder=&#8221;yes&#8221;][vc_column_text uncode_shortcode_id=&#8221;655545&#8243;]Die abschwellende, sch\u00fctzende und entz\u00fcndungshemmende Wirkung der Extrakte aus Bio-Hanf und CBD trifft auf die erfrischende Wirkung von Kamille und Calendula und den ausgleichenden, reepithelisierenden und desodorierenden Eigenschaften von Hafer und Isl\u00e4ndisches Moos. Die ausgesprochen milde Lotion eignet sich besonders gut f\u00fcr die t\u00e4gliche Intimhygiene sowohl f\u00fcr M\u00e4nner als auch f\u00fcr Frauen und kann problemlos f\u00fcr h\u00e4ufiges Waschen verwendet werden. Durch den physiologischen pH-Wert werden Reizungen und Trockenheit, wie sie bei der Verwendung von herk\u00f6mmlichen Seifen auftreten k\u00f6nnen, vermieden. Auch f\u00fcr Kinder geeignet.[\/vc_column_text][\/vc_tab][vc_tab gutter_size=&#8221;2&#8243; column_padding=&#8221;2&#8243; title=&#8221;CBD-Gehalt&#8221; tab_id=&#8221;04824&#8243; product_from_builder=&#8221;yes&#8221;][vc_column_text uncode_shortcode_id=&#8221;510133&#8243;]CBD VIBES Extract: 250 mg<br \/>PURE CBD CONTENT AVERAGE: 18,5 mg<br \/>PURE CBD % CONTENT AVERAGE: &lt;0,1%[\/vc_column_text][\/vc_tab][vc_tab gutter_size=&#8221;2&#8243; column_padding=&#8221;2&#8243; title=&#8221;Richtung der Verwendung&#8221; tab_id=&#8221;04835&#8243; product_from_builder=&#8221;yes&#8221;][vc_column_text uncode_shortcode_id=&#8221;489845&#8243;]Auf die Finger geben und den Intimbereich reinigen. Mit reichlich Wasser absp\u00fclen.[\/vc_column_text][\/vc_tab][vc_tab gutter_size=&#8221;2&#8243; column_padding=&#8221;2&#8243; title=&#8221;Warnhinweis&#8221; tab_id=&#8221;04841&#8243; product_from_builder=&#8221;yes&#8221;][vc_column_text uncode_shortcode_id=&#8221;714310&#8243;]Darf nur f\u00fcr die angegebenen Zwecke verwendet werden.<\/p>\n<p>F\u00fcr Kinder unzug\u00e4nglich aufbewahren.<\/p>\n<p>Nur zur \u00e4u\u00dferen Anwendung. Nicht verschlucken.<\/p>\n<p>Zwischen 15-25\u00b0C, an einem trockenen Ort, vor Hitze (Heizungsanlagen) und direktem Licht gesch\u00fctzt lagern.<\/p>\n<p>Nicht wiederholten vor\u00fcbergehenden Temperaturschocks \u00fcber 40\u00b0C und unter 5\u00b0 C aussetzen.[\/vc_column_text][\/vc_tab][vc_tab gutter_size=&#8221;2&#8243; column_padding=&#8221;2&#8243; title=&#8221;INCI&#8221; tab_id=&#8221;1732444296999-4-8&#8243;][vc_column_text uncode_shortcode_id=&#8221;118775&#8243;]INGREDIENTS: AQUA, COCAMIDOPROPYL BETAINE**, SODIUM COCO-SULFATE**, SODIUM LAUROYL GLUTAMATE***, CANNABIS SATIVA SEED OIL*, CHAMOMILLA RECUTITA FLOWER EXTRACT**, CALENDULA OFFICINALIS FLOWER EXTRACT*, AVENA SATIVA KERNEL EXTRACT*, CANNABIS SATIVA LEAF EXTRACT*, GLYCERIN*, GLYCERYL LAURATE**, CETRARIA ISLANDICA EXTRACT, CANNABIDIOL &#8211; DERIVED FROM EXTRACT OR TINCTURE OR RESIN OF CANNABIS**, HELIANTHUS ANNUUS SEED OIL**, TOCOPHEROL, LECITHIN, ROSMARINUS OFFICINALIS LEAF EXTRACT, SUNFLOWER SEED OIL GLYCERIDES, DATEM, PARFUM, SODIUM CHLORIDE, TETRASODIUM GLUTAMATE DIACETATE, DEHYDROACETIC ACID, BENZOIC ACID, BENZYL ALCOHOL.<\/p>\n<p>** COSMOS, NATRUE or ECOCERT criteria certified \/ certifi\u00e9s crit\u00e8res COSMOS, NATRUE ou ECOCERT \/ COSMOS-, NATRUE- oder ECOCERT-Kriterien zertifiziert \/ certificato COSMOS, NATRUE o ECOCERT \/ Certificado seg\u00fan los criterios de COSMOS, NATRUE o ECOCERT<br \/> * from certified organic farming \/ issu de l\u2019agriculture biologique certifi\u00e9e naturelle \/ aus kontrolliert biologischem Anbau \/ da agricoltura biologica certificata \/ de agricultura ecol\u00f3gica certificada[\/vc_column_text][\/vc_tab][\/vc_tabs][\/vc_column][\/vc_row]<\/p>\n<\/div>","protected":false},"excerpt":{"rendered":"<p><strong>Mild und effektiv mit 18,5 mg rein CBD (&lt;0,1%).<\/strong> Mit Bio-Kamillenbl\u00fcten-Extrakt, Bio-Hafer-Extrakt, Extrakt aus Bio-Ringelblumenbl\u00fcten, Isl\u00e4ndischem Moos-Extrakt, Bio-Hanfsamen\u00f6l, VIBRES-Extrakt aus Bio-Cannabis-Sativa-Bl\u00e4ttern, pflanzliches Bio-Glycerin, Vitamin E, CBD (Cannabidiol), Sonnenblumen\u00f6l und Rosmarinextrakt.<\/p>\n","protected":false},"featured_media":2752,"template":"","meta":[],"product_brand":[],"product_cat":[77],"product_tag":[],"class_list":{"0":"post-1007","1":"product","2":"type-product","3":"status-publish","4":"has-post-thumbnail","6":"product_cat-intimbereich","8":"first","9":"instock","10":"taxable","11":"shipping-taxable","12":"purchasable","13":"product-type-variable","14":"add-to-wishlist-after_add_to_cart"},"jetpack_sharing_enabled":true,"tiered_pricing_type":"fixed","tiered_pricing_fixed_rules":[],"tiered_pricing_product_settings":{"layout":"default","base_unit_name":{"singular":null,"plural":null},"default_variation":null},"tiered_pricing_minimum_quantity":null,"tiered_pricing_roles_data":[],"tiered_pricing_percentage_rules":[],"tiered_pricing_maximum_quantity":null,"tiered_pricing_quantity_step":null,"_links":{"self":[{"href":"https:\/\/hemphilia.com\/de\/wp-json\/wp\/v2\/product\/1007","targetHints":{"allow":["GET"]}}],"collection":[{"href":"https:\/\/hemphilia.com\/de\/wp-json\/wp\/v2\/product"}],"about":[{"href":"https:\/\/hemphilia.com\/de\/wp-json\/wp\/v2\/types\/product"}],"wp:featuredmedia":[{"embeddable":true,"href":"https:\/\/hemphilia.com\/de\/wp-json\/wp\/v2\/media\/2752"}],"wp:attachment":[{"href":"https:\/\/hemphilia.com\/de\/wp-json\/wp\/v2\/media?parent=1007"}],"wp:term":[{"taxonomy":"product_brand","embeddable":true,"href":"https:\/\/hemphilia.com\/de\/wp-json\/wp\/v2\/product_brand?post=1007"},{"taxonomy":"product_cat","embeddable":true,"href":"https:\/\/hemphilia.com\/de\/wp-json\/wp\/v2\/product_cat?post=1007"},{"taxonomy":"product_tag","embeddable":true,"href":"https:\/\/hemphilia.com\/de\/wp-json\/wp\/v2\/product_tag?post=1007"}],"curies":[{"name":"wp","href":"https:\/\/api.w.org\/{rel}","templated":true}]}}