{"id":1008,"date":"2020-12-03T23:57:22","date_gmt":"2020-12-03T22:57:22","guid":{"rendered":"https:\/\/hemphilia.com\/product\/handcreme-mit-hanf-cbd-pflegend-schuetzend-50-ml\/"},"modified":"2024-12-17T17:22:59","modified_gmt":"2024-12-17T16:22:59","slug":"handcreme-mit-hanf-cbd-pflegend-schuetzend-50-ml","status":"publish","type":"product","link":"https:\/\/hemphilia.com\/de\/produkt\/handcreme-mit-hanf-cbd-pflegend-schuetzend-50-ml\/","title":{"rendered":"HANDCREME MIT HANF &amp; CBD 50 ml"},"content":{"rendered":"<p>Schnell einziehende Creme, spendet der Haut Feuchtigkeit und sch\u00fctzt die H\u00e4nde vor Trockenheit und R\u00f6tungen.<br \/>\nCBD und Hanf\u00f6l eignen sich besonders gut als Hilfsstoffe f\u00fcr die Behandlung von Hautproblemen wie Ausschlag, Entz\u00fcndungen, Juckreiz und Trockenheit.<\/p>\n","protected":false},"excerpt":{"rendered":"<p><strong>Pflegend \u2013 sch\u00fctzend<\/strong><\/p>\n<p><strong>mit 101 mg reinem CBD (0,2%)<\/strong><\/p>\n<p><em>Mit Bio-Aloe Vera, Oliven\u00f6l-Fraktionen, Bio-Sonnenblumen\u00f6l, Bio-Sheabutter, Bio-Hanfsamen\u00f6l,\u00a0 pflanzliches Glycerin, Allantoin, CBD (Cannabidiol), VIBRES-Extrakt aus Bio-Cannabis-Sativa-Bl\u00e4ttern, Bio-Haferextrakt und reines \u00e4therisches Bio-Zitronen\u00f6l aus Sizilien.<\/em><\/p>\n","protected":false},"featured_media":2794,"template":"","meta":[],"product_brand":[],"product_cat":[71],"product_tag":[],"class_list":{"0":"post-1008","1":"product","2":"type-product","3":"status-publish","4":"has-post-thumbnail","6":"product_cat-haende","8":"first","9":"instock","10":"taxable","11":"shipping-taxable","12":"purchasable","13":"product-type-variable","14":"add-to-wishlist-after_add_to_cart"},"jetpack_sharing_enabled":true,"tiered_pricing_type":"fixed","tiered_pricing_fixed_rules":[],"tiered_pricing_product_settings":{"layout":"default","base_unit_name":{"singular":null,"plural":null},"default_variation":null},"tiered_pricing_minimum_quantity":null,"tiered_pricing_roles_data":[],"tiered_pricing_percentage_rules":[],"tiered_pricing_maximum_quantity":null,"tiered_pricing_quantity_step":null,"_links":{"self":[{"href":"https:\/\/hemphilia.com\/de\/wp-json\/wp\/v2\/product\/1008","targetHints":{"allow":["GET"]}}],"collection":[{"href":"https:\/\/hemphilia.com\/de\/wp-json\/wp\/v2\/product"}],"about":[{"href":"https:\/\/hemphilia.com\/de\/wp-json\/wp\/v2\/types\/product"}],"wp:featuredmedia":[{"embeddable":true,"href":"https:\/\/hemphilia.com\/de\/wp-json\/wp\/v2\/media\/2794"}],"wp:attachment":[{"href":"https:\/\/hemphilia.com\/de\/wp-json\/wp\/v2\/media?parent=1008"}],"wp:term":[{"taxonomy":"product_brand","embeddable":true,"href":"https:\/\/hemphilia.com\/de\/wp-json\/wp\/v2\/product_brand?post=1008"},{"taxonomy":"product_cat","embeddable":true,"href":"https:\/\/hemphilia.com\/de\/wp-json\/wp\/v2\/product_cat?post=1008"},{"taxonomy":"product_tag","embeddable":true,"href":"https:\/\/hemphilia.com\/de\/wp-json\/wp\/v2\/product_tag?post=1008"}],"curies":[{"name":"wp","href":"https:\/\/api.w.org\/{rel}","templated":true}]}}