{"id":1011,"date":"2020-12-03T23:54:02","date_gmt":"2020-12-03T22:54:02","guid":{"rendered":"https:\/\/hemphilia.com\/product\/erfrischende-und-revitalisierende-beine-und-fusscreme-mit-hanf-cbd-bio-formel-gegen-muedigkeit-75-ml\/"},"modified":"2024-12-16T17:08:19","modified_gmt":"2024-12-16T16:08:19","slug":"erfrischende-und-revitalisierende-beine-und-fusscreme-mit-hanf-cbd-bio-formel-gegen-muedigkeit-75-ml","status":"publish","type":"product","link":"https:\/\/hemphilia.com\/de\/produkt\/erfrischende-und-revitalisierende-beine-und-fusscreme-mit-hanf-cbd-bio-formel-gegen-muedigkeit-75-ml\/","title":{"rendered":"ERFRISCHENDE UND REVITALISIERENDE BEINE- UND FUSSCREME MIT HANF &amp; CBD 75 ml"},"content":{"rendered":"<p>F\u00fcr eine samtig weiche Haut, erfrischt und revitalisiert. Wirkt M\u00fcdigkeit und Ersch\u00f6pfung entgegen und versorgt Beine und F\u00fc\u00dfe mit neuer Energie. Biologische \u00e4therische \u00d6le, Bio-Hanfsamen\u00f6l un CBD sorgen f\u00fcr eine reine und seidige die Haut. Isl\u00e4ndisches Moos besitzt hervorragende ausgleichende Eigenschaften und verleiht dieser Creme, im Zusammenwirken mit reinem Rosmarin\u00f6l und CBD, ihre antioxidative und antiradikale Wirksamkeit.<\/p>\n","protected":false},"excerpt":{"rendered":"<p><strong>Bio-Formel gegen M\u00fcdigkeit<\/strong><\/p>\n<p><strong>mit 90 mg reinem CBD (0,12%)<\/strong><\/p>\n<p><em>Mit Bio-Sonnenblumen\u00f6l, Bio-Hanfsamen\u00f6l, Reisst\u00e4rke, Oliven\u00f6l-Fraktion, pflanzlichems Glycerin, Allantoin, Zinkricinoleat, Isl\u00e4ndisches Moos-Extrakt, Bio-Hafer-Extrakt, Bio-Ringelblumen-Extrakt, reines \u00e4therisches Bio-Palmarosa\u00f6l, reines \u00e4therisches Bio-Eucalyptus-\u00d6l, reines \u00e4therisches Bio-Pfefferminz\u00f6l, reines \u00e4therisches Bio-Teebaum\u00f6l, reines \u00e4therisches Bio-Rosmarin\u00f6l, VIBRES-Extrakt aus Bio-Cannabis-Sativa-Bl\u00e4ttern, CBD (Cannabidiol), Vitamin E, Rosmarinbl\u00e4tter-Extrakt und <\/em><em>Taragummi (peruanisches Johannisbrotkerngummi).<\/em><\/p>\n","protected":false},"featured_media":2737,"template":"","meta":[],"product_brand":[],"product_cat":[76],"product_tag":[],"class_list":{"0":"post-1011","1":"product","2":"type-product","3":"status-publish","4":"has-post-thumbnail","6":"product_cat-foot-care-de","8":"first","9":"instock","10":"taxable","11":"shipping-taxable","12":"purchasable","13":"product-type-simple","14":"add-to-wishlist-after_add_to_cart"},"jetpack_sharing_enabled":true,"tiered_pricing_type":"fixed","tiered_pricing_fixed_rules":[],"tiered_pricing_product_settings":{"layout":"default","base_unit_name":{"singular":null,"plural":null},"default_variation":null},"tiered_pricing_minimum_quantity":null,"tiered_pricing_roles_data":[],"tiered_pricing_percentage_rules":[],"tiered_pricing_maximum_quantity":null,"tiered_pricing_quantity_step":null,"_links":{"self":[{"href":"https:\/\/hemphilia.com\/de\/wp-json\/wp\/v2\/product\/1011","targetHints":{"allow":["GET"]}}],"collection":[{"href":"https:\/\/hemphilia.com\/de\/wp-json\/wp\/v2\/product"}],"about":[{"href":"https:\/\/hemphilia.com\/de\/wp-json\/wp\/v2\/types\/product"}],"wp:featuredmedia":[{"embeddable":true,"href":"https:\/\/hemphilia.com\/de\/wp-json\/wp\/v2\/media\/2737"}],"wp:attachment":[{"href":"https:\/\/hemphilia.com\/de\/wp-json\/wp\/v2\/media?parent=1011"}],"wp:term":[{"taxonomy":"product_brand","embeddable":true,"href":"https:\/\/hemphilia.com\/de\/wp-json\/wp\/v2\/product_brand?post=1011"},{"taxonomy":"product_cat","embeddable":true,"href":"https:\/\/hemphilia.com\/de\/wp-json\/wp\/v2\/product_cat?post=1011"},{"taxonomy":"product_tag","embeddable":true,"href":"https:\/\/hemphilia.com\/de\/wp-json\/wp\/v2\/product_tag?post=1011"}],"curies":[{"name":"wp","href":"https:\/\/api.w.org\/{rel}","templated":true}]}}