{"id":1013,"date":"2020-12-03T21:55:36","date_gmt":"2020-12-03T20:55:36","guid":{"rendered":"https:\/\/hemphilia.com\/product\/belebende-korpercreme-mit-hanf-cbd-feuchtigkeitsspendend-entzuendungshemmend-wohltuend-150-ml\/"},"modified":"2024-12-23T12:57:56","modified_gmt":"2024-12-23T11:57:56","slug":"belebende-korpercreme-mit-hanf-cbd-feuchtigkeitsspendend-entzuendungshemmend-wohltuend-150-ml","status":"publish","type":"product","link":"https:\/\/hemphilia.com\/de\/produkt\/belebende-korpercreme-mit-hanf-cbd-feuchtigkeitsspendend-entzuendungshemmend-wohltuend-150-ml\/","title":{"rendered":"BELEBENDE K\u00d6RPERCREME MIT HANF &amp; CBD 150 ml"},"content":{"rendered":"<div class=\"wpb-content-wrapper\"><p>[vc_row unlock_row_content=&#8221;yes&#8221; row_height_percent=&#8221;0&#8243; override_padding=&#8221;yes&#8221; h_padding=&#8221;0&#8243; top_padding=&#8221;0&#8243; bottom_padding=&#8221;0&#8243; overlay_alpha=&#8221;50&#8243; gutter_size=&#8221;3&#8243; column_width_percent=&#8221;100&#8243; shift_y=&#8221;0&#8243; z_index=&#8221;0&#8243; content_parallax=&#8221;0&#8243; uncode_shortcode_id=&#8221;958498&#8243;][vc_column column_width_percent=&#8221;100&#8243; position_vertical=&#8221;middle&#8221; gutter_size=&#8221;2&#8243; overlay_alpha=&#8221;50&#8243; shift_x=&#8221;0&#8243; shift_y=&#8221;0&#8243; shift_y_down=&#8221;0&#8243; z_index=&#8221;0&#8243; medium_width=&#8221;0&#8243; mobile_width=&#8221;0&#8243; width=&#8221;1\/1&#8243; uncode_shortcode_id=&#8221;109854&#8243;][vc_tabs tab_switch=&#8221;yes&#8221; typography=&#8221;advanced&#8221; tab_no_border=&#8221;yes&#8221; titles_size=&#8221;h6&#8243; titles_weight=&#8221;700&#8243; product_from_builder=&#8221;yes&#8221; uncode_shortcode_id=&#8221;200277&#8243;][vc_tab gutter_size=&#8221;2&#8243; column_padding=&#8221;2&#8243; title=&#8221;Beschreibung&#8221; tab_id=&#8221;04814&#8243; product_from_builder=&#8221;yes&#8221;][vc_column_text uncode_shortcode_id=&#8221;628896&#8243;]Geschmeidige Emulsion mit vielen wertvollen \u00e4therischen \u00d6len in Bio-Qualit\u00e4t, f\u00fcr einen regenerierenden und erfrischenden Schutz. Pflegt die Haut mit N\u00e4hrstoffen und Feuchtigkeit und schenkt ihr neue Vitalit\u00e4t und Geschmeidigkeit. Der Bio-Hanfextrakt verleiht der Formulierung au\u00dfergew\u00f6hnliche Eigenschaften, die das Gleichgewicht des S\u00e4ureschutzmantels unterst\u00fctzen und die Haut elastischer, strahlender und ges\u00fcnder aussehen lassen. CBD und VIBRES-Extrakt aus Bio-Hanf helfen bei der Zellerneuerung, bek\u00e4mpfen aktiv die Hautalterung und wirken bei Hautentz\u00fcndungen entspannend und abschwellend. Au\u00dferdem wirkt es entspannend und abschwellend, um Entz\u00fcndungen wirksam zu behandeln.[\/vc_column_text][\/vc_tab][vc_tab gutter_size=&#8221;2&#8243; column_padding=&#8221;2&#8243; title=&#8221;CBD-Gehalt&#8221; tab_id=&#8221;04824&#8243; product_from_builder=&#8221;yes&#8221;][vc_column_text uncode_shortcode_id=&#8221;931874&#8243;]CBD VIBES Extract: 750 mg<br \/>PURE CBD CONTENT AVERAGE: 300 mg<br \/>PURE CBD % CONTENT AVERAGE: 0,2%[\/vc_column_text][\/vc_tab][vc_tab gutter_size=&#8221;2&#8243; column_padding=&#8221;2&#8243; title=&#8221;Richtung der Verwendung&#8221; tab_id=&#8221;04835&#8243; product_from_builder=&#8221;yes&#8221;][vc_column_text uncode_shortcode_id=&#8221;150939&#8243;]Morgens und abends auf dem ganzen K\u00f6rper auftragen und sanft einmassieren.[\/vc_column_text][\/vc_tab][vc_tab gutter_size=&#8221;2&#8243; column_padding=&#8221;2&#8243; title=&#8221;Warnhinweis&#8221; tab_id=&#8221;04841&#8243; product_from_builder=&#8221;yes&#8221;][vc_column_text uncode_shortcode_id=&#8221;603296&#8243;]Nicht auf den Intimbereich auftragen und nicht f\u00fcr andere als die angegebenen Zwecke verwenden.<\/p>\n<p>F\u00fcr Kinder unzug\u00e4nglich aufbewahren.<\/p>\n<p>Nur zur \u00e4u\u00dferen Anwendung. Nicht verschlucken.<\/p>\n<p>Zwischen 15-25\u00b0C, an einem trockenen Ort, vor Hitze (Heizungsanlagen) und direktem Licht gesch\u00fctzt lagern.<\/p>\n<p>Nicht wiederholten vor\u00fcbergehenden Temperaturschocks \u00fcber 40\u00b0C und unter 5\u00b0 C aussetzen.[\/vc_column_text][\/vc_tab][vc_tab gutter_size=&#8221;2&#8243; column_padding=&#8221;2&#8243; title=&#8221;INCI&#8221; tab_id=&#8221;1732444296999-4-8&#8243;][vc_column_text uncode_shortcode_id=&#8221;933589&#8243;]INGREDIENTS: AQUA, HELIANTHUS ANNUUS SEED OIL**, ETHYLHEXYL STEARATE, CANNABIS SATIVA SEED OIL**, GLYCERYL STEARATE, HYDROGENATED ETHYLHEXYL OLIVATE***, STEARYL ALCOHOL, CETEARYL GLUCOSIDE, MENTHA PIPERITA FLOWER\/LEAF OIL**, EUCALYPTUS RADIATA FLOWER\/LEAF\/STEM OIL**, CITRUS LIMON PEEL OIL**, CANNABIS SATIVA LEAF EXTRACT**, CANNABIDIOL &#8211; DERIVED FROM EXTRACT OR TINCTURE OR RESIN OF CANNABIS***, POGOSTEMON CABLIN LEAF OIL, HYDROGENATED OLIVE OIL UNSAPONIFIABLES***, TOCOPHEROL, ROSMARINUS OFFICINALIS LEAF EXTRACT, SUNFLOWER SEED OIL GLYCERIDES, DATEM, CETEARYL ALCOHOL, CAESALPINA SPINOSA GUM, PARFUM, TETRASODIUM GLUTAMATE DIACETATE, DEHYDROACETIC ACID, BENZOIC ACID, LIMONENE*, CITRAL*, LINALOOL*, CITRONELLOL*, EUGENOL*, HEXYL CINNAMAL, HYDROXYCITRONELLAL, BENZYL SALICYLATE, ALPHA-ISOMETHYL IONONE, BENZYL ALCOHOL.<\/p>\n<p>*** COSMOS, NATRUE or ECOCERT criteria certified \/ certifi\u00e9s crit\u00e8res COSMOS, NATRUE ou ECOCERT \/ COSMOS-, NATRUE- oder ECOCERT-Kriterien zertifiziert \/ certificato COSMOS, NATRUE o ECOCERT \/ Certificado seg\u00fan los criterios de COSMOS, NATRUE o ECOCERT<br \/> ** from certified organic farming \/ issu de l\u2019agriculture biologique certifi\u00e9e naturelle \/ aus kontrolliert biologischem Anbau \/ da agricoltura biologica certificata \/ de agricultura ecol\u00f3gica certificada<br \/> * content of natural essential oils \/ contient des huiles essentielles \/ aus nat\u00fcrlichen \u00e4therischen \u00d6len \/ da oli essenziali naturali \/ de aceites esenciales naturales[\/vc_column_text][\/vc_tab][\/vc_tabs][\/vc_column][\/vc_row]<\/p>\n<\/div>","protected":false},"excerpt":{"rendered":"<p><strong>Feuchtigkeitsspendend \u2013 entz\u00fcndungshemmend \u2013 wohltuend mit 300 mg rein CBD (0,2%).<\/strong> Mit Bio-Sonnenblumen\u00f6l, Bio-Hanfsamen\u00f6l, Oliven\u00f6l-Fraktion, VIBRES-Extrakt aus Bio-Cannabis-Sativa-Bl\u00e4ttern, reines \u00e4therisches Bio-Zitronen\u00f6l aus Sizilien, reines \u00e4therisches Bio-Pfefferminz\u00f6l, CBD (Cannabidiol), reinem \u00e4therischem Pfefferminz-Eukalyptus Bio-\u00d6l, reinem nat\u00fcrlichem \u00e4therischem Patchouli\u00f6l, Vitamin E und Rosmarinextrakt.<\/p>\n","protected":false},"featured_media":2755,"template":"","meta":[],"product_brand":[],"product_cat":[70],"product_tag":[],"class_list":{"0":"post-1013","1":"product","2":"type-product","3":"status-publish","4":"has-post-thumbnail","6":"product_cat-koerper","8":"first","9":"instock","10":"taxable","11":"shipping-taxable","12":"purchasable","13":"product-type-simple","14":"add-to-wishlist-after_add_to_cart"},"jetpack_sharing_enabled":true,"tiered_pricing_type":"fixed","tiered_pricing_fixed_rules":[],"tiered_pricing_product_settings":{"layout":"default","base_unit_name":{"singular":null,"plural":null},"default_variation":null},"tiered_pricing_minimum_quantity":null,"tiered_pricing_roles_data":[],"tiered_pricing_percentage_rules":[],"tiered_pricing_maximum_quantity":null,"tiered_pricing_quantity_step":null,"_links":{"self":[{"href":"https:\/\/hemphilia.com\/de\/wp-json\/wp\/v2\/product\/1013","targetHints":{"allow":["GET"]}}],"collection":[{"href":"https:\/\/hemphilia.com\/de\/wp-json\/wp\/v2\/product"}],"about":[{"href":"https:\/\/hemphilia.com\/de\/wp-json\/wp\/v2\/types\/product"}],"wp:featuredmedia":[{"embeddable":true,"href":"https:\/\/hemphilia.com\/de\/wp-json\/wp\/v2\/media\/2755"}],"wp:attachment":[{"href":"https:\/\/hemphilia.com\/de\/wp-json\/wp\/v2\/media?parent=1013"}],"wp:term":[{"taxonomy":"product_brand","embeddable":true,"href":"https:\/\/hemphilia.com\/de\/wp-json\/wp\/v2\/product_brand?post=1013"},{"taxonomy":"product_cat","embeddable":true,"href":"https:\/\/hemphilia.com\/de\/wp-json\/wp\/v2\/product_cat?post=1013"},{"taxonomy":"product_tag","embeddable":true,"href":"https:\/\/hemphilia.com\/de\/wp-json\/wp\/v2\/product_tag?post=1013"}],"curies":[{"name":"wp","href":"https:\/\/api.w.org\/{rel}","templated":true}]}}