{"id":1015,"date":"2020-12-03T21:52:36","date_gmt":"2020-12-03T20:52:36","guid":{"rendered":"https:\/\/hemphilia.com\/product\/deodorant-ecospray-mit-hanf-erfrischend-wohltuend-100-ml\/"},"modified":"2024-12-23T13:39:29","modified_gmt":"2024-12-23T12:39:29","slug":"deodorant-ecospray-mit-hanf-erfrischend-wohltuend-100-ml","status":"publish","type":"product","link":"https:\/\/hemphilia.com\/de\/produkt\/deodorant-ecospray-mit-hanf-erfrischend-wohltuend-100-ml\/","title":{"rendered":"DEODORANT ECOSPRAY MIT HANF 100 ml"},"content":{"rendered":"<div class=\"wpb-content-wrapper\"><p>[vc_row unlock_row_content=&#8221;yes&#8221; row_height_percent=&#8221;0&#8243; override_padding=&#8221;yes&#8221; h_padding=&#8221;0&#8243; top_padding=&#8221;0&#8243; bottom_padding=&#8221;0&#8243; overlay_alpha=&#8221;50&#8243; gutter_size=&#8221;3&#8243; column_width_percent=&#8221;100&#8243; shift_y=&#8221;0&#8243; z_index=&#8221;0&#8243; content_parallax=&#8221;0&#8243; uncode_shortcode_id=&#8221;958498&#8243;][vc_column column_width_percent=&#8221;100&#8243; position_vertical=&#8221;middle&#8221; gutter_size=&#8221;2&#8243; overlay_alpha=&#8221;50&#8243; shift_x=&#8221;0&#8243; shift_y=&#8221;0&#8243; shift_y_down=&#8221;0&#8243; z_index=&#8221;0&#8243; medium_width=&#8221;0&#8243; mobile_width=&#8221;0&#8243; width=&#8221;1\/1&#8243; uncode_shortcode_id=&#8221;109854&#8243;][vc_tabs tab_switch=&#8221;yes&#8221; typography=&#8221;advanced&#8221; tab_no_border=&#8221;yes&#8221; titles_size=&#8221;h6&#8243; titles_weight=&#8221;700&#8243; product_from_builder=&#8221;yes&#8221; uncode_shortcode_id=&#8221;200277&#8243;][vc_tab gutter_size=&#8221;2&#8243; column_padding=&#8221;2&#8243; title=&#8221;Beschreibung&#8221; tab_id=&#8221;04814&#8243; product_from_builder=&#8221;yes&#8221;][vc_column_text uncode_shortcode_id=&#8221;403693&#8243;]Erfrischt langanhaltend und schenkt dem K\u00f6rper einen angenehmen, nat\u00fcrlichen Duft. Das Deo f\u00fchlt sich sanft auf der Haut an und wirkt unmittelbar gegen K\u00f6rpergeruch dank der einzigartigen Eigenschaften der biologischen \u00e4therischen \u00d6le aus Palmarosa, Lavendel und Teebaum. Isl\u00e4ndisches Moos hilft zus\u00e4tzlich, die Schwei\u00dfbildung zu regulieren, w\u00e4hrend das Bio-Hanf\u00f6l der Entstehung von unangenehmem Geruch entgegenwirkt.[\/vc_column_text][\/vc_tab][vc_tab gutter_size=&#8221;2&#8243; column_padding=&#8221;2&#8243; title=&#8221;CBD-Gehalt&#8221; tab_id=&#8221;04824&#8243; product_from_builder=&#8221;yes&#8221;][vc_column_text uncode_shortcode_id=&#8221;189013&#8243;][\/vc_column_text][\/vc_tab][vc_tab gutter_size=&#8221;2&#8243; column_padding=&#8221;2&#8243; title=&#8221;Richtung der Verwendung&#8221; tab_id=&#8221;04835&#8243; product_from_builder=&#8221;yes&#8221;][vc_column_text uncode_shortcode_id=&#8221;177740&#8243;]F\u00fcr eine gleichm\u00e4\u00dfige Verteilung mehrfach aufspr\u00fchen.[\/vc_column_text][\/vc_tab][vc_tab gutter_size=&#8221;2&#8243; column_padding=&#8221;2&#8243; title=&#8221;Warnhinweis&#8221; tab_id=&#8221;04841&#8243; product_from_builder=&#8221;yes&#8221;][vc_column_text uncode_shortcode_id=&#8221;137758&#8243;]Vor Gebrauch gut sch\u00fctteln.<\/p>\n<p>Darf nur f\u00fcr die angegebenen Zwecke verwendet werden.<\/p>\n<p>F\u00fcr Kinder unzug\u00e4nglich aufbewahren.<\/p>\n<p>Nur zur \u00e4u\u00dferen Anwendung. Nicht verschlucken.<\/p>\n<p>Zwischen 15-25\u00b0C, an einem trockenen Ort, vor Hitze (Heizungsanlagen) und direktem Licht gesch\u00fctzt lagern.<\/p>\n<p>Nicht wiederholten vor\u00fcbergehenden Temperaturschocks \u00fcber 40\u00b0C und unter 5\u00b0 C aussetzen.[\/vc_column_text][\/vc_tab][vc_tab gutter_size=&#8221;2&#8243; column_padding=&#8221;2&#8243; title=&#8221;INCI&#8221; tab_id=&#8221;1732444296999-4-8&#8243;][vc_column_text uncode_shortcode_id=&#8221;647847&#8243;]INGREDIENTS: AQUA, POTASSIUM ALUM, ETHYLHEXYL STEARATE, GLYCERIN, LAVANDULA ANGUSTIFOLIA FLOWER WATER, GLYCERYL STEARATE, CANNABIS SATIVA SEED OIL**, CETEARYL GLUCOSIDE, CYMBOPOGON MARTINI OIL**, CETRARIA ISLANDICA EXTRACT, ZINC RICINOLEATE, LAVANDULA HYBRIDA HERB OIL**, MELALEUCA ALTERNIFOLIA LEAF OIL**, TOCOPHEROL, ROSMARINUS OFFICINALIS LEAF EXTRACT, SUNFLOWER SEED OIL GLYCERIDES, DATEM, CETEARYL ALCOHOL, STEARYL ALCOHOL, CAESALPINIA SPINOSA GUM, TETRASODIUM GLUTAMATE DIACETATE, PARFUM, BENZOIC ACID, DEHYDROACETIC ACID, GERANIOL*, LINALOOL*, LIMONENE*, FARNESOL*, COUMARIN*, CITRAL*, BENZYL ALCOHOL.<\/p>\n<p>** from certified organic farming \/ issu de l\u2019agriculture biologique certifi\u00e9e naturelle \/ aus kontrolliert biologischem Anbau \/ da agricoltura biologica certificata \/ de agricultura ecol\u00f3gica certificada<br \/> * content of natural essential oils \/ contient des huiles essentielles \/ aus nat\u00fcrlichen \u00e4therischen \u00d6len \/ da oli essenziali naturali \/ de aceites esenciales naturales[\/vc_column_text][\/vc_tab][\/vc_tabs][\/vc_column][\/vc_row]<\/p>\n<\/div>","protected":false},"excerpt":{"rendered":"<p><strong>Erfrischend \u2013 wohltuend<\/strong> Mit Bio-Hanfsamen\u00f6l, Hydrolat aus Lavandula Angustifolia, pflanzliches Glycerin, reines \u00e4therisches Bio-Palmarosa\u00f6l, reines \u00e4therisches Bio-Teebaum\u00f6l, Isl\u00e4ndisches Moos-Extrakt und und reines Bio-Lavandin \u00e4therisches \u00d6l.<\/p>\n","protected":false},"featured_media":2746,"template":"","meta":[],"product_brand":[],"product_cat":[70],"product_tag":[],"class_list":{"0":"post-1015","1":"product","2":"type-product","3":"status-publish","4":"has-post-thumbnail","6":"product_cat-koerper","8":"first","9":"outofstock","10":"taxable","11":"shipping-taxable","12":"purchasable","13":"product-type-simple","14":"add-to-wishlist-after_add_to_cart"},"jetpack_sharing_enabled":true,"tiered_pricing_type":"fixed","tiered_pricing_fixed_rules":[],"tiered_pricing_product_settings":{"layout":"default","base_unit_name":{"singular":null,"plural":null},"default_variation":null},"tiered_pricing_minimum_quantity":null,"tiered_pricing_roles_data":[],"tiered_pricing_percentage_rules":[],"tiered_pricing_maximum_quantity":null,"tiered_pricing_quantity_step":null,"_links":{"self":[{"href":"https:\/\/hemphilia.com\/de\/wp-json\/wp\/v2\/product\/1015","targetHints":{"allow":["GET"]}}],"collection":[{"href":"https:\/\/hemphilia.com\/de\/wp-json\/wp\/v2\/product"}],"about":[{"href":"https:\/\/hemphilia.com\/de\/wp-json\/wp\/v2\/types\/product"}],"wp:featuredmedia":[{"embeddable":true,"href":"https:\/\/hemphilia.com\/de\/wp-json\/wp\/v2\/media\/2746"}],"wp:attachment":[{"href":"https:\/\/hemphilia.com\/de\/wp-json\/wp\/v2\/media?parent=1015"}],"wp:term":[{"taxonomy":"product_brand","embeddable":true,"href":"https:\/\/hemphilia.com\/de\/wp-json\/wp\/v2\/product_brand?post=1015"},{"taxonomy":"product_cat","embeddable":true,"href":"https:\/\/hemphilia.com\/de\/wp-json\/wp\/v2\/product_cat?post=1015"},{"taxonomy":"product_tag","embeddable":true,"href":"https:\/\/hemphilia.com\/de\/wp-json\/wp\/v2\/product_tag?post=1015"}],"curies":[{"name":"wp","href":"https:\/\/api.w.org\/{rel}","templated":true}]}}