{"id":1016,"date":"2020-12-03T21:50:46","date_gmt":"2020-12-03T20:50:46","guid":{"rendered":"https:\/\/hemphilia.com\/product\/swift-relief-gel-mit-cbd-mit-kaelte-waerme-effekt-30-ml\/"},"modified":"2026-03-26T12:37:27","modified_gmt":"2026-03-26T11:37:27","slug":"swift-relief-gel-mit-cbd-mit-kaelte-waerme-effekt-30-ml","status":"publish","type":"product","link":"https:\/\/hemphilia.com\/de\/produkt\/swift-relief-gel-mit-cbd-mit-kaelte-waerme-effekt-30-ml\/","title":{"rendered":"SWIFT RELIEF-GEL MIT CBD 30 ml"},"content":{"rendered":"<p>Das Relief-Gel zieht schnell ein und eignet sich vor allem zur Linderung von k\u00fcrzlich aufgetretenen Hautbeschwerden, Muskelverspannungen durch \u00dcberanstrengung und bei Hautverletzungen unterschiedlicher Art.<\/p>\n","protected":false},"excerpt":{"rendered":"<p><strong>Mit K\u00e4lte-W\u00e4rme-Effekt<\/strong><\/p>\n<p><strong>mit 300 mg reinem CBD (1,2%)<\/strong><\/p>\n<p><em>Mit Bio-Aloe Vera, Oliven\u00f6l-Fraktion, VIBRES-Extrakt aus Bio-Cannabis-Sativa-Bl\u00e4ttern, Arnica-montana-Bl\u00fcten-Extrakt, Teufelskrallenwurzel-Extrakt, Bio-Hanfsamen\u00f6l, reines \u00e4therisches Bio-Pfefferminz\u00f6l, nat\u00fcrlichem Menthol, CBD (Cannabidiol), Bio-Kamillenbl\u00fcten-Extrakt, Bio-Sonnenblumen\u00f6l, pflanzliches Glycerin und reines \u00e4therisches Bio-Nelken\u00f6l.<\/em><\/p>\n","protected":false},"featured_media":2821,"template":"","meta":[],"product_brand":[],"product_cat":[68],"product_tag":[],"class_list":{"0":"post-1016","1":"product","2":"type-product","3":"status-publish","4":"has-post-thumbnail","6":"product_cat-sport-and-relief-erste-hilfe-de","8":"first","9":"instock","10":"taxable","11":"shipping-taxable","12":"purchasable","13":"product-type-simple","14":"add-to-wishlist-after_add_to_cart"},"jetpack_sharing_enabled":true,"tiered_pricing_type":"fixed","tiered_pricing_fixed_rules":[],"tiered_pricing_product_settings":{"layout":"default","base_unit_name":{"singular":null,"plural":null},"default_variation":null},"tiered_pricing_minimum_quantity":null,"tiered_pricing_roles_data":[],"tiered_pricing_percentage_rules":[],"tiered_pricing_maximum_quantity":null,"tiered_pricing_quantity_step":null,"_links":{"self":[{"href":"https:\/\/hemphilia.com\/de\/wp-json\/wp\/v2\/product\/1016","targetHints":{"allow":["GET"]}}],"collection":[{"href":"https:\/\/hemphilia.com\/de\/wp-json\/wp\/v2\/product"}],"about":[{"href":"https:\/\/hemphilia.com\/de\/wp-json\/wp\/v2\/types\/product"}],"wp:featuredmedia":[{"embeddable":true,"href":"https:\/\/hemphilia.com\/de\/wp-json\/wp\/v2\/media\/2821"}],"wp:attachment":[{"href":"https:\/\/hemphilia.com\/de\/wp-json\/wp\/v2\/media?parent=1016"}],"wp:term":[{"taxonomy":"product_brand","embeddable":true,"href":"https:\/\/hemphilia.com\/de\/wp-json\/wp\/v2\/product_brand?post=1016"},{"taxonomy":"product_cat","embeddable":true,"href":"https:\/\/hemphilia.com\/de\/wp-json\/wp\/v2\/product_cat?post=1016"},{"taxonomy":"product_tag","embeddable":true,"href":"https:\/\/hemphilia.com\/de\/wp-json\/wp\/v2\/product_tag?post=1016"}],"curies":[{"name":"wp","href":"https:\/\/api.w.org\/{rel}","templated":true}]}}