{"id":1021,"date":"2020-12-03T21:47:39","date_gmt":"2020-12-03T20:47:39","guid":{"rendered":"https:\/\/hemphilia.com\/product\/langzeit-relief-creme-mit-cbd-mit-kaelte-waerme-effekt-30-ml\/"},"modified":"2025-05-30T20:52:52","modified_gmt":"2025-05-30T18:52:52","slug":"langzeit-relief-creme-mit-cbd-mit-kaelte-waerme-effekt-30-ml","status":"publish","type":"product","link":"https:\/\/hemphilia.com\/de\/produkt\/langzeit-relief-creme-mit-cbd-mit-kaelte-waerme-effekt-30-ml\/","title":{"rendered":"LANGZEIT-RELIEF CREME MIT CBD 30 ml"},"content":{"rendered":"<div class=\"wpb-content-wrapper\"><p>[vc_row unlock_row_content=&#8221;yes&#8221; row_height_percent=&#8221;0&#8243; override_padding=&#8221;yes&#8221; h_padding=&#8221;0&#8243; top_padding=&#8221;0&#8243; bottom_padding=&#8221;0&#8243; overlay_alpha=&#8221;50&#8243; gutter_size=&#8221;3&#8243; column_width_percent=&#8221;100&#8243; shift_y=&#8221;0&#8243; z_index=&#8221;0&#8243; content_parallax=&#8221;0&#8243; uncode_shortcode_id=&#8221;958498&#8243;][vc_column column_width_percent=&#8221;100&#8243; position_vertical=&#8221;middle&#8221; gutter_size=&#8221;2&#8243; overlay_alpha=&#8221;50&#8243; shift_x=&#8221;0&#8243; shift_y=&#8221;0&#8243; shift_y_down=&#8221;0&#8243; z_index=&#8221;0&#8243; medium_width=&#8221;0&#8243; mobile_width=&#8221;0&#8243; width=&#8221;1\/1&#8243; uncode_shortcode_id=&#8221;109854&#8243;][vc_tabs tab_switch=&#8221;yes&#8221; typography=&#8221;advanced&#8221; tab_no_border=&#8221;yes&#8221; titles_size=&#8221;h6&#8243; titles_weight=&#8221;700&#8243; product_from_builder=&#8221;yes&#8221; uncode_shortcode_id=&#8221;200277&#8243;][vc_tab gutter_size=&#8221;2&#8243; column_padding=&#8221;2&#8243; title=&#8221;Beschreibung&#8221; tab_id=&#8221;04814&#8243; product_from_builder=&#8221;yes&#8221;][vc_column_text uncode_shortcode_id=&#8221;124001&#8243;]Perfekt bei Hautbeschwerden unterschiedlichster Art. Enth\u00e4lt reines CBD, einen VIBRES-Extrakt aus Bio-Hanfbl\u00e4ttern sowie Bio-Hanfsamen\u00f6l. Die Formulierung wurde speziell f\u00fcr eine langsame Aufnahme entwickelt. Auf diese Weise bleiben die Wirkstoffe l\u00e4nger auf der Haut und unterst\u00fctzen so optimal den Linderungsprozess bei chronischen und l\u00e4nger andauernden Hautbeschwerden.[\/vc_column_text][\/vc_tab][vc_tab gutter_size=&#8221;2&#8243; column_padding=&#8221;2&#8243; title=&#8221;CBD-Gehalt&#8221; tab_id=&#8221;04824&#8243; product_from_builder=&#8221;yes&#8221;][vc_column_text uncode_shortcode_id=&#8221;168848&#8243;]CBD VIBES Extract: 2400 mg<br \/>\nPURE CBD CONTENT AVERAGE: 660 mg<br \/>\nPURE CBD % CONTENT AVERAGE: 2,22%[\/vc_column_text][\/vc_tab][vc_tab gutter_size=&#8221;2&#8243; column_padding=&#8221;2&#8243; title=&#8221;Richtung der Verwendung&#8221; tab_id=&#8221;04835&#8243; product_from_builder=&#8221;yes&#8221;][vc_column_text uncode_shortcode_id=&#8221;214145&#8243;]Gro\u00dfz\u00fcgig auf die betroffenen Stellen auftragen und leicht einmassieren.[\/vc_column_text][\/vc_tab][vc_tab gutter_size=&#8221;2&#8243; column_padding=&#8221;2&#8243; title=&#8221;Warnhinweis&#8221; tab_id=&#8221;04841&#8243; product_from_builder=&#8221;yes&#8221;][vc_column_text uncode_shortcode_id=&#8221;780596&#8243;]Nicht im Intimbereich verwenden.<\/p>\n<p>Darf nur f\u00fcr die angegebenen Zwecke verwendet werden.<\/p>\n<p>F\u00fcr Kinder unzug\u00e4nglich aufbewahren.<\/p>\n<p>Nur zur \u00e4u\u00dferen Anwendung. Nicht verschlucken.<\/p>\n<p>Zwischen 15-25\u00b0C, an einem trockenen Ort, vor Hitze (Heizungsanlagen) und direktem Licht gesch\u00fctzt lagern.<\/p>\n<p>Nicht wiederholten vor\u00fcbergehenden Temperaturschocks \u00fcber 40\u00b0C und unter 5\u00b0 C aussetzen.[\/vc_column_text][\/vc_tab][vc_tab gutter_size=&#8221;2&#8243; column_padding=&#8221;2&#8243; title=&#8221;INCI&#8221; tab_id=&#8221;1732444296999-4-8&#8243;][vc_column_text uncode_shortcode_id=&#8221;944832&#8243;]INGREDIENTS: AQUA, HELIANTHUS ANNUUS SEED OIL**, ARNICA MONTANA FLOWER WATER**, ETHYLHEXYL STEARATE, ARNICA MONTANA FLOWER EXTRACT, CANNABIS SATIVA SEED OIL**, CANNABIDIOL &#8211; DERIVED FROM EXTRACT OR TINCTURE OR RESIN OF CANNABIS***, GLYCERYL STEARATE, STEARYL ALCOHOL, GLYCERIN, MENTHA PIPERITA FLOWER\/LEAF OIL**, MENTHOL, CETEARYL GLUCOSIDE, CANNABIS SATIVA LEAF EXTRACT**, HARPAGOPHYTUM PROCUMBENS ROOT EXTRACT, EUGENIA CARYOPHYLLUS BUD OIL**, AVENA SATIVA KERNEL EXTRACT**, CALENDULA OFFICINALIS FLOWER EXTRACT**, GLYCERIN**, TOCOPHEROL, ROSMARINUS OFFICINALIS LEAF EXTRACT, SUNFLOWER SEED OIL GLYCERIDES, DATEM, CAESALPINIA SPINOSA GUM, TETRASODIUM GLUTAMATE DIACETATE, DEHYDROACETIC ACID, BENZOIC ACID, EUGENOL*, LIMONENE*, LINALOOL*, BENZYL ALCOHOL.<\/p>\n<p>*** COSMOS, NATRUE or ECOCERT criteria certified \/ certifi\u00e9s crit\u00e8res COSMOS, NATRUE ou ECOCERT \/ COSMOS-, NATRUE- oder ECOCERT-Kriterien zertifiziert \/ certificato COSMOS, NATRUE o ECOCERT \/ Certificado seg\u00fan los criterios de COSMOS, NATRUE o ECOCERT<br \/>\n** from certified organic farming \/ issu de l\u2019agriculture biologique certifi\u00e9e naturelle \/ aus kontrolliert biologischem Anbau \/ da agricoltura biologica certificata \/ de agricultura ecol\u00f3gica certificada<br \/>\n* content of natural essential oils \/ contient des huiles essentielles \/ aus nat\u00fcrlichen \u00e4therischen \u00d6len \/ da oli essenziali naturali \/ de aceites esenciales naturales[\/vc_column_text][\/vc_tab][\/vc_tabs][\/vc_column][\/vc_row]<\/p>\n<\/div>","protected":false},"excerpt":{"rendered":"<p><strong>K\u00e4lte-W\u00e4rme-Effekt mit 660 mg rein CBD (2,22%).<\/strong> Mit Bio-Arnica-montana-Bl\u00fcten-Hydrolat, Arnica-montana-Bl\u00fcten-Oleolith, Bio-Hanfsamen\u00f6l, VIBRES-Extrakt aus Bio-Cannabis-Sativa-Bl\u00e4ttern, CBD (Cannabidiol), reines \u00e4therisches Bio-Pfefferminz\u00f6l, nat\u00fcrlichem Menthol, biologischem Hafer-Extrakt, biologischem Ringelblumen-Extrakt, biologischem Teufelskrallenwurzel-Extrakt, reines \u00e4therisches Bio-Nelken\u00f6l, pflanzlichem Bio-Glycerin, Rosmarinbl\u00e4tter-Extrakt.<\/p>\n","protected":false},"featured_media":2824,"template":"","meta":[],"product_brand":[],"product_cat":[69,68],"product_tag":[],"class_list":{"0":"post-1021","1":"product","2":"type-product","3":"status-publish","4":"has-post-thumbnail","6":"product_cat-gesichtspflege-de","7":"product_cat-sport-and-relief-erste-hilfe-de","9":"first","10":"instock","11":"taxable","12":"shipping-taxable","13":"purchasable","14":"product-type-simple","15":"add-to-wishlist-after_add_to_cart"},"jetpack_sharing_enabled":true,"tiered_pricing_type":"fixed","tiered_pricing_fixed_rules":[],"tiered_pricing_product_settings":{"layout":"default","base_unit_name":{"singular":null,"plural":null},"default_variation":null},"tiered_pricing_minimum_quantity":null,"tiered_pricing_roles_data":[],"tiered_pricing_percentage_rules":[],"tiered_pricing_maximum_quantity":null,"tiered_pricing_quantity_step":null,"_links":{"self":[{"href":"https:\/\/hemphilia.com\/de\/wp-json\/wp\/v2\/product\/1021","targetHints":{"allow":["GET"]}}],"collection":[{"href":"https:\/\/hemphilia.com\/de\/wp-json\/wp\/v2\/product"}],"about":[{"href":"https:\/\/hemphilia.com\/de\/wp-json\/wp\/v2\/types\/product"}],"wp:featuredmedia":[{"embeddable":true,"href":"https:\/\/hemphilia.com\/de\/wp-json\/wp\/v2\/media\/2824"}],"wp:attachment":[{"href":"https:\/\/hemphilia.com\/de\/wp-json\/wp\/v2\/media?parent=1021"}],"wp:term":[{"taxonomy":"product_brand","embeddable":true,"href":"https:\/\/hemphilia.com\/de\/wp-json\/wp\/v2\/product_brand?post=1021"},{"taxonomy":"product_cat","embeddable":true,"href":"https:\/\/hemphilia.com\/de\/wp-json\/wp\/v2\/product_cat?post=1021"},{"taxonomy":"product_tag","embeddable":true,"href":"https:\/\/hemphilia.com\/de\/wp-json\/wp\/v2\/product_tag?post=1021"}],"curies":[{"name":"wp","href":"https:\/\/api.w.org\/{rel}","templated":true}]}}