{"id":1033,"date":"2020-12-02T21:39:49","date_gmt":"2020-12-02T20:39:49","guid":{"rendered":"https:\/\/hemphilia.com\/product\/straffende-anti-age-nachtcreme-mit-hanf-cbd-regenerierend-erneuernd-45-ml\/"},"modified":"2025-07-31T07:32:19","modified_gmt":"2025-07-31T05:32:19","slug":"straffende-anti-age-nachtcreme-mit-hanf-cbd-regenerierend-erneuernd-45-ml","status":"publish","type":"product","link":"https:\/\/hemphilia.com\/de\/produkt\/straffende-anti-age-nachtcreme-mit-hanf-cbd-regenerierend-erneuernd-45-ml\/","title":{"rendered":"STRAFFENDE ANTI-AGE NACHTCREME MIT HANF &amp; CBD 45 ml"},"content":{"rendered":"<div class=\"wpb-content-wrapper\"><p>[vc_row unlock_row_content=&#8221;yes&#8221; row_height_percent=&#8221;0&#8243; override_padding=&#8221;yes&#8221; h_padding=&#8221;0&#8243; top_padding=&#8221;0&#8243; bottom_padding=&#8221;0&#8243; overlay_alpha=&#8221;50&#8243; gutter_size=&#8221;3&#8243; column_width_percent=&#8221;100&#8243; shift_y=&#8221;0&#8243; z_index=&#8221;0&#8243; content_parallax=&#8221;0&#8243; uncode_shortcode_id=&#8221;958498&#8243;][vc_column column_width_percent=&#8221;100&#8243; position_vertical=&#8221;middle&#8221; gutter_size=&#8221;2&#8243; overlay_alpha=&#8221;50&#8243; shift_x=&#8221;0&#8243; shift_y=&#8221;0&#8243; shift_y_down=&#8221;0&#8243; z_index=&#8221;0&#8243; medium_width=&#8221;0&#8243; mobile_width=&#8221;0&#8243; width=&#8221;1\/1&#8243; uncode_shortcode_id=&#8221;109854&#8243;][vc_tabs tab_switch=&#8221;yes&#8221; typography=&#8221;advanced&#8221; tab_no_border=&#8221;yes&#8221; titles_size=&#8221;h6&#8243; titles_weight=&#8221;700&#8243; product_from_builder=&#8221;yes&#8221; uncode_shortcode_id=&#8221;200277&#8243;][vc_tab gutter_size=&#8221;2&#8243; column_padding=&#8221;2&#8243; title=&#8221;Beschreibung&#8221; tab_id=&#8221;04814&#8243; product_from_builder=&#8221;yes&#8221;][vc_column_text uncode_shortcode_id=&#8221;179829&#8243;]Bio-Hanf, CBD und Wildrosen\u00f6l wirken regenerierend und st\u00e4rken die hauteigenen F\u00e4higkeiten, indem sie das Kollagensystem restrukturieren und dem Gesicht einen faszinierenden Verj\u00fcngungsschub schenken.<br \/>Diese Nachtcreme unterst\u00fctzt die Produktion von qualitativ hochwertigen, funktionellen Pro-Kollagen-Fibroblasten und gibt der Haut ein strahlendes Aussehen.[\/vc_column_text][\/vc_tab][vc_tab gutter_size=&#8221;2&#8243; column_padding=&#8221;2&#8243; title=&#8221;CBD-Gehalt&#8221; tab_id=&#8221;04824&#8243; product_from_builder=&#8221;yes&#8221;][vc_column_text uncode_shortcode_id=&#8221;171870&#8243;]CBD VIBES Extract: 450 mg<br \/>PURE CBD CONTENT AVERAGE: 272 mg<br \/>PURE CBD % CONTENT AVERAGE: 0,6%[\/vc_column_text][\/vc_tab][vc_tab gutter_size=&#8221;2&#8243; column_padding=&#8221;2&#8243; title=&#8221;Richtung der Verwendung&#8221; tab_id=&#8221;04835&#8243; product_from_builder=&#8221;yes&#8221;][vc_column_text uncode_shortcode_id=&#8221;120894&#8243;]Morgens und abends auf Gesicht und Dekollet\u00e9 auftragen und sanft einmassieren.[\/vc_column_text][\/vc_tab][vc_tab gutter_size=&#8221;2&#8243; column_padding=&#8221;2&#8243; title=&#8221;Warnhinweis&#8221; tab_id=&#8221;04841&#8243; product_from_builder=&#8221;yes&#8221;][vc_column_text uncode_shortcode_id=&#8221;211890&#8243;]Darf nur f\u00fcr die angegebenen Zwecke verwendet werden.<\/p>\n<p>F\u00fcr Kinder unzug\u00e4nglich aufbewahren.<\/p>\n<p>Nur zur \u00e4u\u00dferen Anwendung. Nicht verschlucken.<\/p>\n<p>Zwischen 15-25\u00b0C, an einem trockenen Ort, vor Hitze (Heizungsanlagen) und direktem Licht gesch\u00fctzt lagern.<\/p>\n<p>Nicht wiederholten vor\u00fcbergehenden Temperaturschocks \u00fcber 40\u00b0C und unter 5\u00b0 C aussetzen.[\/vc_column_text][\/vc_tab][vc_tab gutter_size=&#8221;2&#8243; column_padding=&#8221;2&#8243; title=&#8221;INCI&#8221; tab_id=&#8221;1732444296999-4-8&#8243;][vc_column_text uncode_shortcode_id=&#8221;138395&#8243;]INGREDIENTS: AQUA, ALOE BARBADENSIS LEAF JUICE**, ETHYLHEXYL STEARATE, HYDROGENATED ETHYLHEXYL OLIVATE***, CANNABIS SATIVA SEED OIL**, ROSA MOSCHATA SEED OIL, BUTYROSPERMUM PARKII BUTTER**, CALENDULA OFFICINALIS FLOWER WATER**, LAVANDULA ANGUSTIFOLIA FLOWER WATER**, TRITICUM VULGARE GERM OIL, GLYCERYL STEARATE, VITIS VINIFERA SEED OIL, STEARYL ALCOHOL, ARGANIA SPINOSA KERNEL OIL**, TOCOPHERYL ACETATE, CETEARYL GLUCOSIDE, CANNABIS SATIVA LEAF EXTRACT**, CANNABIDIOL &#8211; DERIVED FROM EXTRACT OR TINCTURE OR RESIN OF CANNABIS***, SODIUM CARBOXYMETHYL BETA-GLUCAN, HELIANTHUS ANNUUS SEED OIL**, HYDROGENATED OLIVE OIL UNSAPONIFIABLES***, BORAGO OFFICINALIS EXTRACT**, CHAMOMILLA RECUTITA FLOWER EXTRACT**, CYMBOPOGON MARTINI OIL**, SESAMUM INDICUM SEED OIL, SODIUM HYALURONATE, RETINYL PALMITATE, TOCOPHEROL, ROSMARINUS OFFICINALIS LEAF EXTRACT, SUNFLOWER SEED OIL GLYCERIDES, DATEM, GLYCERIN**, CAESALPINIA SPINOSA GUM, LECITHIN, TETRASODIUM GLUTAMATE DIACETATE, PARFUM, DEHYDROACETIC ACID, BENZOIC ACID, GERANIOL*, LIMONENE*, LINALOOL*, FARNESOL*, BENZYL ALCOHOL.<\/p>\n<p>*** COSMOS, NATRUE or ECOCERT criteria certified \/ certifi\u00e9s crit\u00e8res COSMOS, NATRUE ou ECOCERT \/ COSMOS-, NATRUE- oder ECOCERT-Kriterien zertifiziert \/ certificato COSMOS, NATRUE o ECOCERT \/ Certificado seg\u00fan los criterios de COSMOS, NATRUE o ECOCERT<br \/>** from certified organic farming \/ issu de l\u2019agriculture biologique certifi\u00e9e naturelle \/ aus kontrolliert biologischem Anbau \/ da agricoltura biologica certificata \/ de agricultura ecol\u00f3gica certificada<br \/>* content of natural essential oils \/ contient des huiles essentielles \/ aus nat\u00fcrlichen \u00e4therischen \u00d6len \/ da oli essenziali naturali \/ de aceites esenciales naturales[\/vc_column_text][\/vc_tab][\/vc_tabs][\/vc_column][\/vc_row]<\/p>\n<\/div>","protected":false},"excerpt":{"rendered":"<p><strong>Regenerierend \u2013 erneuernd mit 272 mg rein CBD (0,6%).<\/strong> Mit Bio-Aloe Vera, Oliven\u00f6lfraktion, Bio-Hanfsamen\u00f6l, Bio-Sheabutter, Rosa Mosqueta-\u00d6l, Lavendel-fein-Bl\u00fctenhydrolat, Calendula-Bl\u00fctenhydrolat, Weizenkeim\u00f6l, Traubenkern\u00f6l, Vitamin E, Bio-Argan\u00f6l, carboxymethylated \u03b2-glucan (gewonnen aus Saccharomyces cerevisiae), VIBRES-Extrakt aus Bio-Cannabis-Sativa-Bl\u00e4ttern, CBD (Cannabidiol), Bio-Sonnenblumen\u00f6l, Bio-Borretsch-Extrakt, Bio-Kamillenbl\u00fctenextrakt, reines \u00e4therisches Bio-Palmarosa-\u00d6l, Sesam\u00f6l, Retinol (Vitamin A), Rosmarin-Blattextrakt, Soja Lecithin und Taragummi (peruanisches Johannisbrotkerngummi).<\/p>\n","protected":false},"featured_media":2680,"template":"","meta":[],"product_brand":[],"product_cat":[79,69],"product_tag":[],"class_list":{"0":"post-1033","1":"product","2":"type-product","3":"status-publish","4":"has-post-thumbnail","6":"product_cat-anti-age-de","7":"product_cat-gesichtspflege-de","9":"first","10":"instock","11":"taxable","12":"shipping-taxable","13":"purchasable","14":"product-type-simple","15":"add-to-wishlist-after_add_to_cart"},"jetpack_sharing_enabled":true,"tiered_pricing_type":"fixed","tiered_pricing_fixed_rules":[],"tiered_pricing_product_settings":{"layout":"default","base_unit_name":{"singular":null,"plural":null},"default_variation":null},"tiered_pricing_minimum_quantity":null,"tiered_pricing_roles_data":[],"tiered_pricing_percentage_rules":[],"tiered_pricing_maximum_quantity":null,"tiered_pricing_quantity_step":null,"_links":{"self":[{"href":"https:\/\/hemphilia.com\/de\/wp-json\/wp\/v2\/product\/1033","targetHints":{"allow":["GET"]}}],"collection":[{"href":"https:\/\/hemphilia.com\/de\/wp-json\/wp\/v2\/product"}],"about":[{"href":"https:\/\/hemphilia.com\/de\/wp-json\/wp\/v2\/types\/product"}],"wp:featuredmedia":[{"embeddable":true,"href":"https:\/\/hemphilia.com\/de\/wp-json\/wp\/v2\/media\/2680"}],"wp:attachment":[{"href":"https:\/\/hemphilia.com\/de\/wp-json\/wp\/v2\/media?parent=1033"}],"wp:term":[{"taxonomy":"product_brand","embeddable":true,"href":"https:\/\/hemphilia.com\/de\/wp-json\/wp\/v2\/product_brand?post=1033"},{"taxonomy":"product_cat","embeddable":true,"href":"https:\/\/hemphilia.com\/de\/wp-json\/wp\/v2\/product_cat?post=1033"},{"taxonomy":"product_tag","embeddable":true,"href":"https:\/\/hemphilia.com\/de\/wp-json\/wp\/v2\/product_tag?post=1033"}],"curies":[{"name":"wp","href":"https:\/\/api.w.org\/{rel}","templated":true}]}}