{"id":1035,"date":"2020-12-02T21:35:08","date_gmt":"2020-12-02T20:35:08","guid":{"rendered":"https:\/\/hemphilia.com\/product\/festigende-anti-age-gesichtscreme-mit-hanf-cbd-revitalisierend-schuetzend-aufbauend-45-ml\/"},"modified":"2026-03-05T17:02:52","modified_gmt":"2026-03-05T16:02:52","slug":"festigende-anti-age-gesichtscreme-mit-hanf-cbd-revitalisierend-schuetzend-aufbauend-45-ml","status":"publish","type":"product","link":"https:\/\/hemphilia.com\/de\/produkt\/festigende-anti-age-gesichtscreme-mit-hanf-cbd-revitalisierend-schuetzend-aufbauend-45-ml\/","title":{"rendered":"FESTIGENDE ANTI-AGE GESICHTSCREME MIT HANF &amp; CBD 45 ml"},"content":{"rendered":"<div class=\"wpb-content-wrapper\"><p>[vc_row unlock_row_content=&#8221;yes&#8221; row_height_percent=&#8221;0&#8243; override_padding=&#8221;yes&#8221; h_padding=&#8221;0&#8243; top_padding=&#8221;0&#8243; bottom_padding=&#8221;0&#8243; overlay_alpha=&#8221;50&#8243; gutter_size=&#8221;3&#8243; column_width_percent=&#8221;100&#8243; shift_y=&#8221;0&#8243; z_index=&#8221;0&#8243; content_parallax=&#8221;0&#8243; uncode_shortcode_id=&#8221;958498&#8243;][vc_column column_width_percent=&#8221;100&#8243; position_vertical=&#8221;middle&#8221; gutter_size=&#8221;2&#8243; overlay_alpha=&#8221;50&#8243; shift_x=&#8221;0&#8243; shift_y=&#8221;0&#8243; shift_y_down=&#8221;0&#8243; z_index=&#8221;0&#8243; medium_width=&#8221;0&#8243; mobile_width=&#8221;0&#8243; width=&#8221;1\/1&#8243; uncode_shortcode_id=&#8221;109854&#8243;][vc_tabs tab_switch=&#8221;yes&#8221; typography=&#8221;advanced&#8221; tab_no_border=&#8221;yes&#8221; titles_size=&#8221;h6&#8243; titles_weight=&#8221;700&#8243; product_from_builder=&#8221;yes&#8221; uncode_shortcode_id=&#8221;200277&#8243;][vc_tab gutter_size=&#8221;2&#8243; column_padding=&#8221;2&#8243; title=&#8221;Beschreibung&#8221; tab_id=&#8221;04814&#8243; product_from_builder=&#8221;yes&#8221;][vc_column_text]Sorgt mit pflegendem CBD und Bio-Hanf\u00f6l f\u00fcr das Wohlbefinden der Haut und ein strahlend sch\u00f6nes Gesicht. Die Haut wird straff und bekommt ihre Elastizit\u00e4t zur\u00fcck. Die Creme f\u00f6rdert die Zellerneuerung, verj\u00fcngt die Gesichtsz\u00fcge und mindert die ersten Anzeichen von Hautalterung. Sie gibt dem Gesicht einen frischen und jugendlichen Ausdruck. Es unterst\u00fctzt die Zellerneuerung und bek\u00e4mpft aktiv die wichtigsten Zeichen der Hautalterung. Das Gesicht wird strahlender, frischer und jugendlicher aussehen.[\/vc_column_text][\/vc_tab][vc_tab gutter_size=&#8221;2&#8243; column_padding=&#8221;2&#8243; title=&#8221;CBD-Gehalt&#8221; tab_id=&#8221;04824&#8243; product_from_builder=&#8221;yes&#8221;][vc_column_text uncode_shortcode_id=&#8221;552152&#8243;]CBD VIBRES Extract: 450 mg<\/p>\n<p>PURE CBD CONTENT AVERAGE: 180 mg<\/p>\n<p>PURE CBD % CONTENT AVERAGE: 0,40%[\/vc_column_text][\/vc_tab][vc_tab gutter_size=&#8221;2&#8243; column_padding=&#8221;2&#8243; title=&#8221;Richtung der Verwendung&#8221; tab_id=&#8221;04835&#8243; product_from_builder=&#8221;yes&#8221;][vc_column_text uncode_shortcode_id=&#8221;152381&#8243;]<span style=\"font-weight: 400;\">Morgens und abends auf Gesicht und Hals auftragen und leicht einmassieren, bis es eingezogen ist.<\/span>[\/vc_column_text][\/vc_tab][vc_tab gutter_size=&#8221;2&#8243; column_padding=&#8221;2&#8243; title=&#8221;Warnhinweis&#8221; tab_id=&#8221;04841&#8243; product_from_builder=&#8221;yes&#8221;][vc_column_text uncode_shortcode_id=&#8221;121843&#8243;]Darf nur f\u00fcr die angegebenen Zwecke verwendet werden.<\/p>\n<p>F\u00fcr Kinder unzug\u00e4nglich aufbewahren.<\/p>\n<p>Nur zur \u00e4u\u00dferen Anwendung. Nicht verschlucken.<\/p>\n<p>Zwischen 15-25\u00b0C, an einem trockenen Ort, vor Hitze (Heizungsanlagen) und direktem Licht gesch\u00fctzt lagern.<\/p>\n<p>Nicht wiederholten vor\u00fcbergehenden Temperaturschocks \u00fcber 40\u00b0C und unter 5\u00b0 C aussetzen.[\/vc_column_text][\/vc_tab][vc_tab gutter_size=&#8221;2&#8243; column_padding=&#8221;2&#8243; title=&#8221;INCI&#8221; tab_id=&#8221;1732444296999-4-8&#8243;][vc_column_text uncode_shortcode_id=&#8221;210129&#8243;]<span style=\"font-weight: 400;\">ZUTATEN: <\/span>AQUA, ALOE BARBADENSIS LEAF JUICE**, ETHYLHEXYL STEARATE, HYDROGENATED ETHYLHEXYL OLIVATE***, BUTYROSPERMUM PARKII BUTTER**, CANNABIS SATIVA SEED OIL**, LAVANDULA ANGUSTIFOLIA FLOWER WATER, CALENDULA OFFICINALIS FLOWER WATER**, TRITICUM VULGARE GERM OIL, HELIANTHUS ANNUUS SEED OIL**, GLYCERYL STEARATE, STEARYL ALCOHOL, VITIS VINIFERA SEED OIL, CRAMBE ABYSSINICA SEED OIL PHYTOSTEROL ESTERS***, ROSA MOSCHATA SEED OIL, PERSEA GRATISSIMA OIL, CETEARYL GLUCOSIDE, ARGANIA SPINOSA KERNEL OIL**, BORAGO OFFICINALIS EXTRACT**, AVENA SATIVA KERNEL EXTRACT**, CALENDULA OFFICINALIS FLOWER EXTRACT**, CANNABIDIOL &#8211; DERIVED FROM EXTRACT OR TINCTURE OR RESIN OF CANNABIS***, CANNABIS SATIVA LEAF EXTRACT**, TOCOPHERYL ACETATE, MELIA AZADIRACHTA SEED OIL**, SODIUM HYALURONATE, HYDROGENATED OLIVE OIL UNSAPONIFIABLES***, HYPERICUM PERFORATUM FLOWER\/LEAF\/STEM EXTRACT**, CYMBOPOGON MARTINI OIL**, CITRUS LIMON PEEL OIL**, RETINYL PALMITATE, PELARGONIUM GRAVEOLENS FLOWER OIL**, TOCOPHEROL, GLYCERIN**, ROSMARINUS OFFICINALIS LEAF EXTRACT, SUNFLOWER SEED OIL GLYCERIDES, DATEM, LECITHIN, PARFUM, TETRASODIUM GLUTAMATE DIACETATE, BENZOIC ACID, DEHYDROACETIC ACID, LIMONENE*, CITRONELLOL*, GERANIOL*, CITRAL*, LINALOOL*, BENZYL SALICYLATE*, FARNESOL*, HEXYL CINNAMAL*, HYDROXYCITRONELLAL*, BENZYL ALCOHOL.<\/p>\n<p>*** COSMOS, NATRUE or ECOCERT criteria certified \/ certifi\u00e9s crit\u00e8res COSMOS, NATRUE ou ECOCERT \/ COSMOS-, NATRUE- oder ECOCERT-Kriterien zertifiziert \/ certificato COSMOS, NATRUE o ECOCERT \/ Certificado seg\u00fan los criterios de COSMOS, NATRUE o ECOCERT<br \/>\n** from certified organic farming \/ issu de l\u2019agriculture biologique certifi\u00e9e naturelle \/ aus kontrolliert biologischem Anbau \/ da agricoltura biologica certificata \/ de agricultura ecol\u00f3gica certificada<br \/>\n* content of natural essential oils \/ contient des huiles essentielles \/ aus nat\u00fcrlichen \u00e4therischen \u00d6len \/ da oli essenziali naturali \/ de aceites esenciales naturales[\/vc_column_text][\/vc_tab][\/vc_tabs][\/vc_column][\/vc_row]<\/p>\n<\/div>","protected":false},"excerpt":{"rendered":"<p><strong>revitalisierend \u2013 sch\u00fctzend \u2013 aufbauend <\/strong><strong>mit 180 mg reinem CBD (0,4%). <\/strong>Mit Bio-Aloe Vera, fraktioniertes Oliven\u00f6l, Bio-Sheabutter, Bio-Hanfsamen\u00f6l, Hydrolat aus Lavendelbl\u00fcten, Hydrolat aus Ringelblumenbl\u00fcten, VIBRES-Extrakt aus Bio-Cannabis-Sativa-Bl\u00e4ttern, Weizenkeim\u00f6l, Traubenkern\u00f6l, \u00d6lkrambenkern Phytosterol, Avocado\u00f6l, Hagebutten\u00f6l, Bio-Argan\u00f6l, CBD (Cannabidiol), Bio-Borretsch-Extrakt, Bio-Hafer-Extrakt, Bio-Ringelblumenbl\u00fcten-Extrakt, Vitamin E, Bio-Neem\u00f6l, Hyalurons\u00e4ure-Natriumsalz, Echt-Johanniskraut-Extrakt, reines \u00e4therisches Bio-Palmarosa-\u00d6l, reines \u00e4therisches \u00d6l von sizilianischen Zitronen (Bio), Retinol (Vitamin A), reines \u00e4therisches Geranium\u00f6l Bourbon (Pelargonium graveolens) und pflanzliches Bio-Glycerin.<\/p>\n","protected":false},"featured_media":2647,"template":"","meta":[],"product_brand":[],"product_cat":[79,69],"product_tag":[],"class_list":{"0":"post-1035","1":"product","2":"type-product","3":"status-publish","4":"has-post-thumbnail","6":"product_cat-anti-age-de","7":"product_cat-gesichtspflege-de","9":"first","10":"instock","11":"taxable","12":"shipping-taxable","13":"purchasable","14":"product-type-simple","15":"add-to-wishlist-after_add_to_cart"},"jetpack_sharing_enabled":true,"tiered_pricing_type":"fixed","tiered_pricing_fixed_rules":[],"tiered_pricing_product_settings":{"layout":"default","base_unit_name":{"singular":null,"plural":null},"default_variation":null},"tiered_pricing_minimum_quantity":null,"tiered_pricing_roles_data":[],"tiered_pricing_percentage_rules":[],"tiered_pricing_maximum_quantity":null,"tiered_pricing_quantity_step":null,"_links":{"self":[{"href":"https:\/\/hemphilia.com\/de\/wp-json\/wp\/v2\/product\/1035","targetHints":{"allow":["GET"]}}],"collection":[{"href":"https:\/\/hemphilia.com\/de\/wp-json\/wp\/v2\/product"}],"about":[{"href":"https:\/\/hemphilia.com\/de\/wp-json\/wp\/v2\/types\/product"}],"wp:featuredmedia":[{"embeddable":true,"href":"https:\/\/hemphilia.com\/de\/wp-json\/wp\/v2\/media\/2647"}],"wp:attachment":[{"href":"https:\/\/hemphilia.com\/de\/wp-json\/wp\/v2\/media?parent=1035"}],"wp:term":[{"taxonomy":"product_brand","embeddable":true,"href":"https:\/\/hemphilia.com\/de\/wp-json\/wp\/v2\/product_brand?post=1035"},{"taxonomy":"product_cat","embeddable":true,"href":"https:\/\/hemphilia.com\/de\/wp-json\/wp\/v2\/product_cat?post=1035"},{"taxonomy":"product_tag","embeddable":true,"href":"https:\/\/hemphilia.com\/de\/wp-json\/wp\/v2\/product_tag?post=1035"}],"curies":[{"name":"wp","href":"https:\/\/api.w.org\/{rel}","templated":true}]}}