{"id":1039,"date":"2022-01-02T03:55:01","date_gmt":"2022-01-02T02:55:01","guid":{"rendered":"https:\/\/hemphilia.com\/product\/ultra-comfort-creme-mit-hanf-cbd-schuetzend-gegen-roetungen-tiefenwirksame-pflege-40-ml\/"},"modified":"2024-12-16T17:08:18","modified_gmt":"2024-12-16T16:08:18","slug":"ultra-comfort-creme-mit-hanf-cbd-schuetzend-gegen-roetungen-tiefenwirksame-pflege-40-ml","status":"publish","type":"product","link":"https:\/\/hemphilia.com\/de\/produkt\/ultra-comfort-creme-mit-hanf-cbd-schuetzend-gegen-roetungen-tiefenwirksame-pflege-40-ml\/","title":{"rendered":"ULTRA COMFORT CREME MIT HANF &amp; CBD 40 ml"},"content":{"rendered":"<p>Schenkt sofortige Linderung und Pflege f\u00fcr hyperempfindliche und zu R\u00f6tungen neigende Haut. CBD und ein Spezialextrakt aus Hanfbl\u00e4ttern und -samen gleichen den Hautton aus und reduzieren dank der sch\u00fctzenden und beruhigenden \u201eSkin Comfort\u201c-Wirkung rote Flecken. Die Formulierung aus biologischen Inhaltsstoffen ist in der Lage, die sch\u00fctzende Keratinisierung der Haut zu f\u00f6rdern, die Barrierewirkung zu verbessern und so die Mikrozirkulation der Hautoberfl\u00e4che zu sch\u00fctzen. Die hypersensible Haut wird sichtbar gest\u00e4rkt und revitalisiert. Sie erh\u00e4lt neue Strahlkraft und gibt dem Gesicht sein Wohlbefinden zur\u00fcck.<\/p>\n","protected":false},"excerpt":{"rendered":"<p><strong>Tiefenwirksame Pflege<\/strong><\/p>\n<p><strong>mit 241 mg reinem CBD (0,6%)<\/strong><\/p>\n<p><em>Mit Bio-Hanf\u00f6l, Bio-Aloe Vera, Hydrolat aus Lavendelbl\u00fcten, Bio-Sheabutter, Granatapfelsaft, Schwarze Johannisbeersaft, Blaubeersaft, Bio-Sonnenblumenkern\u00f6l, pflanzliches Bio-Glycerin, \u00d6lkrambenkern Phytosterol, Avocado\u00f6l, Traubenkern\u00f6l, Hagebutten\u00f6l, Weizenkeim\u00f6l, bioverfl\u00fcssigte Hanfkerne, sizilianischer Feigenkaktus-Extrakt, Preiselbeer-Extrakt, fraktioniertes Oliven\u00f6l, Bio-Ringelblumenbl\u00fcten-Extrakt, Rosskastanien-Extrakt, VIBRES-Extrakt aus Bio-Cannabis-Sativa-Bl\u00e4ttern, CBD (Cannabidiol), Saccharomyces Ferment Lysate Filtrate, Hyalurons\u00e4ure-Natriumsalz, reines \u00e4therisches Bio-Damaszener-Rosen-\u00d6l, reines \u00e4therisches Bio-Kamillenbl\u00fcten\u00f6l, Vitamin E, fraktioniertes Rosmarin-Extrakt und Tarakernmehl <\/em><em>(peruanisches Johannisbrotkerngummi).<\/em><\/p>\n","protected":false},"featured_media":2716,"template":"","meta":[],"product_brand":[],"product_cat":[69,74],"product_tag":[],"class_list":{"0":"post-1039","1":"product","2":"type-product","3":"status-publish","4":"has-post-thumbnail","6":"product_cat-gesichtspflege-de","7":"product_cat-roetungen-und-hypersensibilitaet","9":"first","10":"instock","11":"taxable","12":"shipping-taxable","13":"purchasable","14":"product-type-simple","15":"add-to-wishlist-after_add_to_cart"},"jetpack_sharing_enabled":true,"tiered_pricing_type":"fixed","tiered_pricing_fixed_rules":[],"tiered_pricing_product_settings":{"layout":"default","base_unit_name":{"singular":null,"plural":null},"default_variation":null},"tiered_pricing_minimum_quantity":null,"tiered_pricing_roles_data":[],"tiered_pricing_percentage_rules":[],"tiered_pricing_maximum_quantity":null,"tiered_pricing_quantity_step":null,"_links":{"self":[{"href":"https:\/\/hemphilia.com\/de\/wp-json\/wp\/v2\/product\/1039","targetHints":{"allow":["GET"]}}],"collection":[{"href":"https:\/\/hemphilia.com\/de\/wp-json\/wp\/v2\/product"}],"about":[{"href":"https:\/\/hemphilia.com\/de\/wp-json\/wp\/v2\/types\/product"}],"wp:featuredmedia":[{"embeddable":true,"href":"https:\/\/hemphilia.com\/de\/wp-json\/wp\/v2\/media\/2716"}],"wp:attachment":[{"href":"https:\/\/hemphilia.com\/de\/wp-json\/wp\/v2\/media?parent=1039"}],"wp:term":[{"taxonomy":"product_brand","embeddable":true,"href":"https:\/\/hemphilia.com\/de\/wp-json\/wp\/v2\/product_brand?post=1039"},{"taxonomy":"product_cat","embeddable":true,"href":"https:\/\/hemphilia.com\/de\/wp-json\/wp\/v2\/product_cat?post=1039"},{"taxonomy":"product_tag","embeddable":true,"href":"https:\/\/hemphilia.com\/de\/wp-json\/wp\/v2\/product_tag?post=1039"}],"curies":[{"name":"wp","href":"https:\/\/api.w.org\/{rel}","templated":true}]}}