{"id":1040,"date":"2022-04-26T18:04:29","date_gmt":"2022-04-26T17:04:29","guid":{"rendered":"https:\/\/hemphilia.com\/product\/test-travel-smart-box\/"},"modified":"2024-12-16T17:08:18","modified_gmt":"2024-12-16T16:08:18","slug":"test-travel-smart-box","status":"publish","type":"product","link":"https:\/\/hemphilia.com\/de\/produkt\/test-travel-smart-box\/","title":{"rendered":"TEST &amp; TRAVEL SMART BOX"},"content":{"rendered":"<p>Eine gro\u00dfartige M\u00f6glichkeit, die Qualit\u00e4t und Wirksamkeit von Hemphilia zu testen. Die perfekte Art, mit Ihren bevorzugten Produkten zu reisen.<\/p>\n","protected":false},"excerpt":{"rendered":"<p>Das Set enth\u00e4lt 10 verschiedene Testmuster:<\/p>\n<ol>\n<li>LANGZEIT-RELIEF CREME MIT CBD 1 ml<\/li>\n<li>SWIFT RELIEF-GEL MIT CBD 1 ml<\/li>\n<li>MASSAGE\u00d6L MIT HANF &amp; CBD 2 ml<\/li>\n<li>FESTIGENDE ANTI-AGE GESICHTSCREME MIT HANF &amp; CBD 1,5 ml<\/li>\n<li>STRAFFENDE ANTI-AGE NACHTCREME MIT HANF &amp; CBD 1,5 ml<\/li>\n<li>ANTI-AGE LIFTING SERUM F\u00dcR GESICHT UND AUGENPARTIE 1 ml<\/li>\n<li>PFLEGENDE FEUCHTIGKEITSCREME F\u00dcR DAS GESICHT 1,5 ml<\/li>\n<li>FEUCHTIGKEITSSPENDENDES ULTRA-RICH GESICHTSSERUMMIT HANF &amp; CBD 1 ml<\/li>\n<li>BELEBENDE K\u00d6RPERCREME MIT HANF &amp; CBD 3 ml<\/li>\n<li>RESTORATIVES DUSCHGEL MIT HANF &amp; CBD 5 ml<\/li>\n<\/ol>\n","protected":false},"featured_media":2803,"template":"","meta":[],"product_brand":[],"product_cat":[79,73,69,70,72,74,68,80],"product_tag":[],"class_list":{"0":"post-1040","1":"product","2":"type-product","3":"status-publish","4":"has-post-thumbnail","6":"product_cat-anti-age-de","7":"product_cat-fuechtigkeitsspendend-und-naehrend","8":"product_cat-gesichtspflege-de","9":"product_cat-koerper","10":"product_cat-reinigen-und-mattieren","11":"product_cat-roetungen-und-hypersensibilitaet","12":"product_cat-sport-and-relief-erste-hilfe-de","13":"product_cat-test-and-travel-de","15":"first","16":"instock","17":"taxable","18":"shipping-taxable","19":"purchasable","20":"product-type-simple","21":"add-to-wishlist-after_add_to_cart"},"jetpack_sharing_enabled":true,"tiered_pricing_type":"fixed","tiered_pricing_fixed_rules":[],"tiered_pricing_product_settings":{"layout":"default","base_unit_name":{"singular":null,"plural":null},"default_variation":null},"tiered_pricing_minimum_quantity":null,"tiered_pricing_roles_data":[],"tiered_pricing_percentage_rules":[],"tiered_pricing_maximum_quantity":null,"tiered_pricing_quantity_step":null,"_links":{"self":[{"href":"https:\/\/hemphilia.com\/de\/wp-json\/wp\/v2\/product\/1040","targetHints":{"allow":["GET"]}}],"collection":[{"href":"https:\/\/hemphilia.com\/de\/wp-json\/wp\/v2\/product"}],"about":[{"href":"https:\/\/hemphilia.com\/de\/wp-json\/wp\/v2\/types\/product"}],"wp:featuredmedia":[{"embeddable":true,"href":"https:\/\/hemphilia.com\/de\/wp-json\/wp\/v2\/media\/2803"}],"wp:attachment":[{"href":"https:\/\/hemphilia.com\/de\/wp-json\/wp\/v2\/media?parent=1040"}],"wp:term":[{"taxonomy":"product_brand","embeddable":true,"href":"https:\/\/hemphilia.com\/de\/wp-json\/wp\/v2\/product_brand?post=1040"},{"taxonomy":"product_cat","embeddable":true,"href":"https:\/\/hemphilia.com\/de\/wp-json\/wp\/v2\/product_cat?post=1040"},{"taxonomy":"product_tag","embeddable":true,"href":"https:\/\/hemphilia.com\/de\/wp-json\/wp\/v2\/product_tag?post=1040"}],"curies":[{"name":"wp","href":"https:\/\/api.w.org\/{rel}","templated":true}]}}