{"id":1041,"date":"2021-02-21T16:35:16","date_gmt":"2021-02-21T15:35:16","guid":{"rendered":"https:\/\/hemphilia.com\/product\/beruhigendes-duschbad-mit-zimt-und-orange-250-ml\/"},"modified":"2024-12-16T17:08:19","modified_gmt":"2024-12-16T16:08:19","slug":"beruhigendes-duschbad-mit-zimt-und-orange-250-ml","status":"publish","type":"product","link":"https:\/\/hemphilia.com\/de\/produkt\/beruhigendes-duschbad-mit-zimt-und-orange-250-ml\/","title":{"rendered":"BERUHIGENDES DUSCHBAD MIT ZIMT UND ORANGE 250 ml"},"content":{"rendered":"<p>Mit echten biologischen \u00e4therischen \u00d6len aus sizilianischer Orange und Zimt aus Sri Lanka. Das leicht w\u00fcrzige Zitrusaroma l\u00e4sst an einen sonnigen und entspannten Tag in einem Zitrushain denken. Hanf und CBD sind mild auf der Haut und machen das t\u00e4gliche Duschen und Baden zu einem wohltuenden Gute-Laune-Moment, den wir in angespannten Zeiten wie diesen alle gut gebrauchen k\u00f6nnen.<\/p>\n","protected":false},"excerpt":{"rendered":"<p><strong>Mit Hanfsamen\u00f6l und CBD<\/strong><\/p>\n<p><strong>mit 19 mg reinem CBD (&lt;0,1%)<\/strong><\/p>\n<p><em>Mit Bio-Hanfsamen\u00f6l, Bio-Aloe Vera, reines \u00e4therisches Sizilianisches Bio-S\u00fc\u00dforangen\u00f6l, reines \u00e4therisches Bio-Zimtrinden\u00f6l, Bio-Kamillenbl\u00fcten-Extrakt, Bio-Hafer-Extrakt, Bio-Calendulabl\u00fcten-Extrakt, CBD (Cannabidiol), VIBRES-Extrakt aus Bio-Cannabis-Sativa-Bl\u00e4ttern, \u00d6lkrambenkern Phytosterole und pflanzliches Bio-Glycerin.<\/em><\/p>\n","protected":false},"featured_media":2722,"template":"","meta":[],"product_brand":[],"product_cat":[70],"product_tag":[],"class_list":{"0":"post-1041","1":"product","2":"type-product","3":"status-publish","4":"has-post-thumbnail","6":"product_cat-koerper","8":"first","9":"instock","10":"taxable","11":"shipping-taxable","12":"purchasable","13":"product-type-simple","14":"add-to-wishlist-after_add_to_cart"},"jetpack_sharing_enabled":true,"tiered_pricing_type":"fixed","tiered_pricing_fixed_rules":[],"tiered_pricing_product_settings":{"layout":"default","base_unit_name":{"singular":null,"plural":null},"default_variation":null},"tiered_pricing_minimum_quantity":null,"tiered_pricing_roles_data":[],"tiered_pricing_percentage_rules":[],"tiered_pricing_maximum_quantity":null,"tiered_pricing_quantity_step":null,"_links":{"self":[{"href":"https:\/\/hemphilia.com\/de\/wp-json\/wp\/v2\/product\/1041","targetHints":{"allow":["GET"]}}],"collection":[{"href":"https:\/\/hemphilia.com\/de\/wp-json\/wp\/v2\/product"}],"about":[{"href":"https:\/\/hemphilia.com\/de\/wp-json\/wp\/v2\/types\/product"}],"wp:featuredmedia":[{"embeddable":true,"href":"https:\/\/hemphilia.com\/de\/wp-json\/wp\/v2\/media\/2722"}],"wp:attachment":[{"href":"https:\/\/hemphilia.com\/de\/wp-json\/wp\/v2\/media?parent=1041"}],"wp:term":[{"taxonomy":"product_brand","embeddable":true,"href":"https:\/\/hemphilia.com\/de\/wp-json\/wp\/v2\/product_brand?post=1041"},{"taxonomy":"product_cat","embeddable":true,"href":"https:\/\/hemphilia.com\/de\/wp-json\/wp\/v2\/product_cat?post=1041"},{"taxonomy":"product_tag","embeddable":true,"href":"https:\/\/hemphilia.com\/de\/wp-json\/wp\/v2\/product_tag?post=1041"}],"curies":[{"name":"wp","href":"https:\/\/api.w.org\/{rel}","templated":true}]}}