{"id":1044,"date":"2021-02-21T16:18:04","date_gmt":"2021-02-21T15:18:04","guid":{"rendered":"https:\/\/hemphilia.com\/product\/hycream-hemp-cbd-aid-schutzende-salbe-ck4-50-ml\/"},"modified":"2024-12-16T17:08:19","modified_gmt":"2024-12-16T16:08:19","slug":"hycream-hemp-cbd-aid-schutzende-salbe-ck4-50-ml","status":"publish","type":"product","link":"https:\/\/hemphilia.com\/de\/produkt\/hycream-hemp-cbd-aid-schutzende-salbe-ck4-50-ml\/","title":{"rendered":"HYCREAM HEMP &#038; CBD AID  SCH\u00dcTZENDE SALBE CK4 50 ml"},"content":{"rendered":"<p>Sch\u00fctzende Salbe f\u00fcr den Brustbereich und das vierte Chakra auf Basis von \u00e4therischen \u00d6len in Bio-Qualit\u00e4t und CBD. Mit ihren vorbeugenden, desinfizierenden, umh\u00fcllenden, ausgleichenden und entspannenden Eigenschaften hilft die Formulierung, Entz\u00fcndungen in diesem Bereich zu vermeiden. Gleichzeitig wirkt sie stark entz\u00fcndungshemmend auf bereits gereizte Partien, was zu einer schnellen und dauerhaften Linderung f\u00fchrt. Optimal f\u00fcr die meisten saisonalen Beschwerden im Brustbereich.<\/p>\n","protected":false},"excerpt":{"rendered":"<p><strong><em>CK4 bedeutet viertes Chakra<\/em><\/strong><\/p>\n<p><em>Mit Bio-Hanfsamen\u00f6l, Bio-Sonnenblumen\u00f6l, Sheabutter, Bio-Argannuss\u00f6l, Bio-Neem-Samen\u00f6l, Sesamsamen\u00f6l, CBD (Cannabidiol), Bio-Cannabis-Sativa-Bl\u00e4tter VIBRES-Extrakt, reines Bio-Eukalyptus-Radiata-\u00d6l, Johanniskraut-Extrakt, Reines Bio Eukalyptus Citriodora \u00e4therisches \u00d6l, reines Bio Thymian \u00e4therisches \u00d6l, reines Bio Teebaum \u00e4therisches \u00d6l, reines Bio Oliven\u00f6l Fraktion, reines Bio Sizilien Zitrone \u00e4therisches \u00d6l, reines Bio Lavandin \u00e4therisches \u00d6l, reines Bio Nelke \u00e4therisches \u00d6l, Pure Bio Sizilianische S\u00fc\u00dfe Orange \u00e4therisches \u00d6l, reines Bio Pfefferminze \u00e4therisches \u00d6l, reines Bio Niaouli \u00e4therisches \u00d6l, reines Bio Scots Pine \u00e4therisches \u00d6l, reines nat\u00fcrliches \u00e4therisches Zypressen\u00f6l, reines Bio Sizilianische rote Mandarine \u00e4therisches \u00d6l, Reines Bio Eukalyptus Smithii \u00e4therisches \u00d6l, reines Bio Zimtrinde \u00e4therisches \u00d6l, Vitamin E und fraktionierter Rosmarinextrakt.<\/em><\/p>\n","protected":false},"featured_media":927,"template":"","meta":[],"product_brand":[],"product_cat":[75,68],"product_tag":[],"class_list":{"0":"post-1044","1":"product","2":"type-product","3":"status-publish","4":"has-post-thumbnail","6":"product_cat-desinfizieren-und-reinigen","7":"product_cat-sport-and-relief-erste-hilfe-de","9":"first","10":"instock","11":"taxable","12":"shipping-taxable","13":"purchasable","14":"product-type-simple","15":"add-to-wishlist-after_add_to_cart"},"jetpack_sharing_enabled":true,"tiered_pricing_type":"fixed","tiered_pricing_fixed_rules":[],"tiered_pricing_product_settings":{"layout":"default","base_unit_name":{"singular":null,"plural":null},"default_variation":null},"tiered_pricing_minimum_quantity":null,"tiered_pricing_roles_data":[],"tiered_pricing_percentage_rules":[],"tiered_pricing_maximum_quantity":null,"tiered_pricing_quantity_step":null,"_links":{"self":[{"href":"https:\/\/hemphilia.com\/de\/wp-json\/wp\/v2\/product\/1044","targetHints":{"allow":["GET"]}}],"collection":[{"href":"https:\/\/hemphilia.com\/de\/wp-json\/wp\/v2\/product"}],"about":[{"href":"https:\/\/hemphilia.com\/de\/wp-json\/wp\/v2\/types\/product"}],"wp:featuredmedia":[{"embeddable":true,"href":"https:\/\/hemphilia.com\/de\/wp-json\/wp\/v2\/media\/927"}],"wp:attachment":[{"href":"https:\/\/hemphilia.com\/de\/wp-json\/wp\/v2\/media?parent=1044"}],"wp:term":[{"taxonomy":"product_brand","embeddable":true,"href":"https:\/\/hemphilia.com\/de\/wp-json\/wp\/v2\/product_brand?post=1044"},{"taxonomy":"product_cat","embeddable":true,"href":"https:\/\/hemphilia.com\/de\/wp-json\/wp\/v2\/product_cat?post=1044"},{"taxonomy":"product_tag","embeddable":true,"href":"https:\/\/hemphilia.com\/de\/wp-json\/wp\/v2\/product_tag?post=1044"}],"curies":[{"name":"wp","href":"https:\/\/api.w.org\/{rel}","templated":true}]}}