{"id":1045,"date":"2021-02-21T16:06:32","date_gmt":"2021-02-21T15:06:32","guid":{"rendered":"https:\/\/hemphilia.com\/product\/hydrops-hemp-cbd-aid-desinfektionstropfen-8-ml\/"},"modified":"2024-12-16T17:08:19","modified_gmt":"2024-12-16T16:08:19","slug":"hydrops-hemp-cbd-aid-desinfektionstropfen-8-ml","status":"publish","type":"product","link":"https:\/\/hemphilia.com\/de\/produkt\/hydrops-hemp-cbd-aid-desinfektionstropfen-8-ml\/","title":{"rendered":"HYDROPS HEMP &amp; CBD AID &#8211; DESINFEKTIONSTROPFEN 8 ml"},"content":{"rendered":"<p>Durch das Zusammenwirken von \u00e4therischen \u00d6len und CBD sind die Tropfen desinfizierend und reinigend f\u00fcr alle Umgebungen. Kann mit anderen Produkten vermischt auch auf der Haut angewendet werden.<\/p>\n","protected":false},"excerpt":{"rendered":"<p><strong>mit 9 mg reinem CBD (0,11%)<\/strong><\/p>\n<p><em>Mit reines \u00e4therisches Bio-Eucalyptus radiata \u00d6l, reines \u00e4therisches Bio-Thymian\u00f6l, reines \u00e4therisches Bio-Teebaum\u00f6l, reines \u00e4therisches \u00d6l aus Sizilianische Bio-Zitrone, reines \u00e4therisches Bio-Lavandin\u00f6l, reines \u00e4therisches Bio-Nelkenknospen\u00f6l, reines \u00e4therisches sizilianisches Bio-S\u00fc\u00dforange\u00f6l, reines \u00e4therisches Bio-Pfefferminz\u00f6l, reines \u00e4therisches Bio-Niaouli\u00f6l, reines \u00e4therisches \u00d6l aus roten sizilianische Bio-Mandarine, reines \u00e4therisches \u00d6l aus Bio-Eukalyptus Smithii, reines \u00e4therisches Bio-Zimtrinden\u00f6l, Bio-Hanfsamen\u00f6l, CBD (Cannabidiol), <\/em><em>VIBRES-Extrakt aus Bio-Cannabis-Sativa-Bl\u00e4ttern, <\/em><em>Bio-Sonnenblumen\u00f6l und fraktionierter Rosmarin-Extrakt<\/em>.<\/p>\n","protected":false},"featured_media":2653,"template":"","meta":[],"product_brand":[],"product_cat":[75,68],"product_tag":[],"class_list":{"0":"post-1045","1":"product","2":"type-product","3":"status-publish","4":"has-post-thumbnail","6":"product_cat-desinfizieren-und-reinigen","7":"product_cat-sport-and-relief-erste-hilfe-de","9":"first","10":"outofstock","11":"taxable","12":"shipping-taxable","13":"purchasable","14":"product-type-simple","15":"add-to-wishlist-after_add_to_cart"},"jetpack_sharing_enabled":true,"tiered_pricing_type":"fixed","tiered_pricing_fixed_rules":[],"tiered_pricing_product_settings":{"layout":"default","base_unit_name":{"singular":null,"plural":null},"default_variation":null},"tiered_pricing_minimum_quantity":null,"tiered_pricing_roles_data":[],"tiered_pricing_percentage_rules":[],"tiered_pricing_maximum_quantity":null,"tiered_pricing_quantity_step":null,"_links":{"self":[{"href":"https:\/\/hemphilia.com\/de\/wp-json\/wp\/v2\/product\/1045","targetHints":{"allow":["GET"]}}],"collection":[{"href":"https:\/\/hemphilia.com\/de\/wp-json\/wp\/v2\/product"}],"about":[{"href":"https:\/\/hemphilia.com\/de\/wp-json\/wp\/v2\/types\/product"}],"wp:featuredmedia":[{"embeddable":true,"href":"https:\/\/hemphilia.com\/de\/wp-json\/wp\/v2\/media\/2653"}],"wp:attachment":[{"href":"https:\/\/hemphilia.com\/de\/wp-json\/wp\/v2\/media?parent=1045"}],"wp:term":[{"taxonomy":"product_brand","embeddable":true,"href":"https:\/\/hemphilia.com\/de\/wp-json\/wp\/v2\/product_brand?post=1045"},{"taxonomy":"product_cat","embeddable":true,"href":"https:\/\/hemphilia.com\/de\/wp-json\/wp\/v2\/product_cat?post=1045"},{"taxonomy":"product_tag","embeddable":true,"href":"https:\/\/hemphilia.com\/de\/wp-json\/wp\/v2\/product_tag?post=1045"}],"curies":[{"name":"wp","href":"https:\/\/api.w.org\/{rel}","templated":true}]}}