{"id":1049,"date":"2020-12-29T00:29:39","date_gmt":"2020-12-28T23:29:39","guid":{"rendered":"https:\/\/hemphilia.com\/product\/neem-und-hanf-bio-olen-komposition-ohne-zusatz-von-duft-100-ml\/"},"modified":"2024-12-16T17:08:19","modified_gmt":"2024-12-16T16:08:19","slug":"neem-und-hanf-bio-olen-komposition-ohne-zusatz-von-duft-100-ml","status":"publish","type":"product","link":"https:\/\/hemphilia.com\/de\/produkt\/neem-und-hanf-bio-olen-komposition-ohne-zusatz-von-duft-100-ml\/","title":{"rendered":"NEEM UND HANF BIO-\u00d6LEN KOMPOSITION ohne Zusatz von Duft 100 ml"},"content":{"rendered":"<p>100% reines Pflanzen\u00f6l mit unglaublichen hautfreundlichen Eigenschaften. Die Handlung ist vielf\u00e4ltig und sehr pr\u00e4gnant. Insbesondere hilft es der Haut, sich selbst zu sch\u00fctzen, zu peelen und zu regenerieren, wirkt auch als Anti-Age-Mittel und gegen Hautparasiten. Dar\u00fcber hinaus sind Neem- und Hanf\u00f6le ein entz\u00fcndungshemmendes, antimykotisches, antiparasit\u00e4res, antiseptisches und cicatrisierendes Adjuvans.<\/p>\n","protected":false},"excerpt":{"rendered":"<p><strong>Ohne Zusatz von Duft<\/strong><\/p>\n<p><em>Mit Bio-Neem\u00f6l, <\/em><em>Bio-Hanfsamen\u00f6l,<\/em><em><br \/>\nund Rosmarinfraktion. <\/em>Produktzusammensetzung: 49,95% Bio-Neem\u00f6l, 49,95% Bio-Hanf\u00f6l, 0,05% Rosmarinextrakt (nat\u00fcrliches Antioxidans), 0,05% Sonnenblumen\u00f6l (zur Extraktion der Wirkstoffe aus Rosmarin).<\/p>\n","protected":false},"featured_media":2719,"template":"","meta":[],"product_brand":[],"product_cat":[75],"product_tag":[],"class_list":{"0":"post-1049","1":"product","2":"type-product","3":"status-publish","4":"has-post-thumbnail","6":"product_cat-desinfizieren-und-reinigen","8":"first","9":"instock","10":"taxable","11":"shipping-taxable","12":"purchasable","13":"product-type-simple","14":"add-to-wishlist-after_add_to_cart"},"jetpack_sharing_enabled":true,"tiered_pricing_type":"fixed","tiered_pricing_fixed_rules":[],"tiered_pricing_product_settings":{"layout":"default","base_unit_name":{"singular":null,"plural":null},"default_variation":null},"tiered_pricing_minimum_quantity":null,"tiered_pricing_roles_data":[],"tiered_pricing_percentage_rules":[],"tiered_pricing_maximum_quantity":null,"tiered_pricing_quantity_step":null,"_links":{"self":[{"href":"https:\/\/hemphilia.com\/de\/wp-json\/wp\/v2\/product\/1049","targetHints":{"allow":["GET"]}}],"collection":[{"href":"https:\/\/hemphilia.com\/de\/wp-json\/wp\/v2\/product"}],"about":[{"href":"https:\/\/hemphilia.com\/de\/wp-json\/wp\/v2\/types\/product"}],"wp:featuredmedia":[{"embeddable":true,"href":"https:\/\/hemphilia.com\/de\/wp-json\/wp\/v2\/media\/2719"}],"wp:attachment":[{"href":"https:\/\/hemphilia.com\/de\/wp-json\/wp\/v2\/media?parent=1049"}],"wp:term":[{"taxonomy":"product_brand","embeddable":true,"href":"https:\/\/hemphilia.com\/de\/wp-json\/wp\/v2\/product_brand?post=1049"},{"taxonomy":"product_cat","embeddable":true,"href":"https:\/\/hemphilia.com\/de\/wp-json\/wp\/v2\/product_cat?post=1049"},{"taxonomy":"product_tag","embeddable":true,"href":"https:\/\/hemphilia.com\/de\/wp-json\/wp\/v2\/product_tag?post=1049"}],"curies":[{"name":"wp","href":"https:\/\/api.w.org\/{rel}","templated":true}]}}