{"id":1051,"date":"2020-12-29T00:06:58","date_gmt":"2020-12-28T23:06:58","guid":{"rendered":"https:\/\/hemphilia.com\/product\/feuchtigkeitsspendendes-ultra-rich-gesichtsserum-mit-hanf-cbd-20-ml\/"},"modified":"2024-12-23T12:38:27","modified_gmt":"2024-12-23T11:38:27","slug":"feuchtigkeitsspendendes-ultra-rich-gesichtsserum-mit-hanf-cbd-20-ml","status":"publish","type":"product","link":"https:\/\/hemphilia.com\/de\/produkt\/feuchtigkeitsspendendes-ultra-rich-gesichtsserum-mit-hanf-cbd-20-ml\/","title":{"rendered":"FEUCHTIGKEITSSPENDENDES ULTRA-RICH GESICHTSSERUM 20 ml"},"content":{"rendered":"<div class=\"wpb-content-wrapper\"><p>[vc_row unlock_row_content=&#8221;yes&#8221; row_height_percent=&#8221;0&#8243; override_padding=&#8221;yes&#8221; h_padding=&#8221;0&#8243; top_padding=&#8221;0&#8243; bottom_padding=&#8221;0&#8243; overlay_alpha=&#8221;50&#8243; gutter_size=&#8221;3&#8243; column_width_percent=&#8221;100&#8243; shift_y=&#8221;0&#8243; z_index=&#8221;0&#8243; content_parallax=&#8221;0&#8243; uncode_shortcode_id=&#8221;958498&#8243;][vc_column column_width_percent=&#8221;100&#8243; position_vertical=&#8221;middle&#8221; gutter_size=&#8221;2&#8243; overlay_alpha=&#8221;50&#8243; shift_x=&#8221;0&#8243; shift_y=&#8221;0&#8243; shift_y_down=&#8221;0&#8243; z_index=&#8221;0&#8243; medium_width=&#8221;0&#8243; mobile_width=&#8221;0&#8243; width=&#8221;1\/1&#8243; uncode_shortcode_id=&#8221;109854&#8243;][vc_tabs tab_switch=&#8221;yes&#8221; typography=&#8221;advanced&#8221; tab_no_border=&#8221;yes&#8221; titles_size=&#8221;h6&#8243; titles_weight=&#8221;700&#8243; product_from_builder=&#8221;yes&#8221; uncode_shortcode_id=&#8221;200277&#8243;][vc_tab gutter_size=&#8221;2&#8243; column_padding=&#8221;2&#8243; title=&#8221;Beschreibung&#8221; tab_id=&#8221;04814&#8243; product_from_builder=&#8221;yes&#8221;][vc_column_text uncode_shortcode_id=&#8221;138315&#8243;]Der \u00e4u\u00dferst schnell sichtbare Ultra-Feuchtigkeits-Effekt wird von einem wohltuenden Aufpolsterungs-Effekt begleitet, der erkennbar bei jeder Anwendung zunimmt. Dank Hanf, CBD, carboxyliertem Beta-Glucan und Hyalurons\u00e4ure mit extrem niedriger Molek\u00fclmasse ist dieses Serum eine wundervolle Sofortbehandlung f\u00fcr trockene, spr\u00f6de und empfindliche Haut.[\/vc_column_text][\/vc_tab][vc_tab gutter_size=&#8221;2&#8243; column_padding=&#8221;2&#8243; title=&#8221;CBD-Gehalt&#8221; tab_id=&#8221;04824&#8243; product_from_builder=&#8221;yes&#8221;][vc_column_text uncode_shortcode_id=&#8221;141510&#8243;]CBD VIBRES Extract: 200 mg<br \/>PURE CBD CONTENT AVERAGE: 141 mg<br \/>PURE CBD % CONTENT AVERAGE: 0,7%[\/vc_column_text][\/vc_tab][vc_tab gutter_size=&#8221;2&#8243; column_padding=&#8221;2&#8243; title=&#8221;Richtung der Verwendung&#8221; tab_id=&#8221;04835&#8243; product_from_builder=&#8221;yes&#8221;][vc_column_text uncode_shortcode_id=&#8221;127871&#8243;]Morgens und abends auf Gesicht und Dekollet\u00e9 auftragen und sanft einklopfen. Vor dem Auftragen einer Creme trocknen lassen.[\/vc_column_text][\/vc_tab][vc_tab gutter_size=&#8221;2&#8243; column_padding=&#8221;2&#8243; title=&#8221;Warnhinweis&#8221; tab_id=&#8221;04841&#8243; product_from_builder=&#8221;yes&#8221;][vc_column_text uncode_shortcode_id=&#8221;189041&#8243;]Darf nur f\u00fcr die angegebenen Zwecke verwendet werden.<\/p>\n<p>F\u00fcr Kinder unzug\u00e4nglich aufbewahren.<\/p>\n<p>Nur zur \u00e4u\u00dferen Anwendung. Nicht verschlucken.<\/p>\n<p>Zwischen 15-25\u00b0C, an einem trockenen Ort, vor Hitze (Heizungsanlagen) und direktem Licht gesch\u00fctzt lagern.<\/p>\n<p>Nicht wiederholten vor\u00fcbergehenden Temperaturschocks \u00fcber 40\u00b0C und unter 5\u00b0 C aussetzen.[\/vc_column_text][\/vc_tab][vc_tab gutter_size=&#8221;2&#8243; column_padding=&#8221;2&#8243; title=&#8221;INCI&#8221; tab_id=&#8221;1732444296999-4-8&#8243;][vc_column_text uncode_shortcode_id=&#8221;147039&#8243;]INGREDIENTS: AQUA, ALOE BARBADENSIS LEAF JUICE**, CANNABIS SATIVA SEED OIL**, CALENDULA OFFICINALIS FLOWER WATER, LAVANDULA ANGUSTIFOLIA FLOWER WATER, ETHYLHEXYL STEARATE, CRAMBE ABYSSINICA SEED OIL PHYTOSTEROL ESTERS***, HYDROGENATED ETHYLHEXYL OLIVATE***, POLYGLYCERYL-3 METHYLGLUCOSE DISTEARATE, TOCOPHERYL ACETATE, GLYCERYL STEARATE, SODIUM CARBOXYMETHYL BETA-GLUCAN, HYDROLYZED HYALURONIC ACID, CANNABIS SATIVA LEAF EXTRACT**, CANNABIDIOL &#8211; DERIVED FROM EXTRACT OR TINCTURE OR RESIN OF CANNABIS***, CYMBOPOGON MARTINI OIL**, SODIUM HYALURONATE, HELIANTHUS ANNUUS SEED OIL**, SACCHAROMYCES FERMENT LYSATE FILTRATE**, HYDROGENATED OLIVE OIL UNSAPONIFIABLES***, TOCOPHEROL, ROSMARINUS OFFICINALIS LEAF EXTRACT, SUNFLOWER SEED OIL GLYCERIDES, DATEM, STEARYL ALCOHOL, CAESALPINIA SPINOSA GUM, TETRASODIUM GLUTAMATE DIACETATE, PARFUM, BENZOIC ACID, DEHYDROACETIC ACID, GERANIOL*, FARNESOL*, LIMONENE*, LINALOOL*, BENZYL ALCOHOL.<\/p>\n<p>*** COSMOS, NATRUE or ECOCERT criteria certified \/ certifi\u00e9s crit\u00e8res COSMOS, NATRUE ou ECOCERT \/ COSMOS-, NATRUE- oder ECOCERT-Kriterien zertifiziert \/ certificato COSMOS, NATRUE o ECOCERT \/ Certificado seg\u00fan los criterios de COSMOS, NATRUE o ECOCERT<br \/>** from certified organic farming \/ issu de l\u2019agriculture biologique certifi\u00e9e naturelle \/ aus kontrolliert biologischem Anbau \/ da agricoltura biologica certificata \/ de agricultura ecol\u00f3gica certificada<br \/>* content of natural essential oils \/ contient des huiles essentielles \/ aus nat\u00fcrlichen \u00e4therischen \u00d6len \/ da oli essenziali naturali \/ de aceites esenciales naturales[\/vc_column_text][\/vc_tab][\/vc_tabs][\/vc_column][\/vc_row]<\/p>\n<\/div>","protected":false},"excerpt":{"rendered":"<p><strong>Leuchtend \u2013 aufpolsternd mit 141 mg rein CBD (0,7%).<\/strong> Mit Bio-Aloe Vera, Bio-Hanfsamen\u00f6l, VIBRES-Extrakt aus Bio-Cannabis-Sativa-Bl\u00e4ttern, Ringelblumen-Hydrolat, Lavendel-Fein-blumen-Hydrolat, Crambe Abyssinica Phytosterole, Oliven\u00f6lfraktion, Vitamin E, Sodium Carboxymethyl beta-glucan, CBD (Cannabidiol), sehr niedermolekularer Hyalurons\u00e4ure, reines Bio Palmarosa \u00e4therisches \u00d6l, hochmolekulare Hyalurons\u00e4ure, Bio-Sonnenblumen\u00f6l und Rosmarinextrakt.<\/p>\n","protected":false},"featured_media":2728,"template":"","meta":[],"product_brand":[],"product_cat":[73,69],"product_tag":[],"class_list":{"0":"post-1051","1":"product","2":"type-product","3":"status-publish","4":"has-post-thumbnail","6":"product_cat-fuechtigkeitsspendend-und-naehrend","7":"product_cat-gesichtspflege-de","9":"first","10":"instock","11":"taxable","12":"shipping-taxable","13":"purchasable","14":"product-type-simple","15":"add-to-wishlist-after_add_to_cart"},"jetpack_sharing_enabled":true,"tiered_pricing_type":"fixed","tiered_pricing_fixed_rules":[],"tiered_pricing_product_settings":{"layout":"default","base_unit_name":{"singular":null,"plural":null},"default_variation":null},"tiered_pricing_minimum_quantity":null,"tiered_pricing_roles_data":[],"tiered_pricing_percentage_rules":[],"tiered_pricing_maximum_quantity":null,"tiered_pricing_quantity_step":null,"_links":{"self":[{"href":"https:\/\/hemphilia.com\/de\/wp-json\/wp\/v2\/product\/1051","targetHints":{"allow":["GET"]}}],"collection":[{"href":"https:\/\/hemphilia.com\/de\/wp-json\/wp\/v2\/product"}],"about":[{"href":"https:\/\/hemphilia.com\/de\/wp-json\/wp\/v2\/types\/product"}],"wp:featuredmedia":[{"embeddable":true,"href":"https:\/\/hemphilia.com\/de\/wp-json\/wp\/v2\/media\/2728"}],"wp:attachment":[{"href":"https:\/\/hemphilia.com\/de\/wp-json\/wp\/v2\/media?parent=1051"}],"wp:term":[{"taxonomy":"product_brand","embeddable":true,"href":"https:\/\/hemphilia.com\/de\/wp-json\/wp\/v2\/product_brand?post=1051"},{"taxonomy":"product_cat","embeddable":true,"href":"https:\/\/hemphilia.com\/de\/wp-json\/wp\/v2\/product_cat?post=1051"},{"taxonomy":"product_tag","embeddable":true,"href":"https:\/\/hemphilia.com\/de\/wp-json\/wp\/v2\/product_tag?post=1051"}],"curies":[{"name":"wp","href":"https:\/\/api.w.org\/{rel}","templated":true}]}}