{"id":1053,"date":"2020-12-02T21:15:50","date_gmt":"2020-12-02T20:15:50","guid":{"rendered":"https:\/\/hemphilia.com\/product\/anti-age-lifting-serum-fur-gesicht-und-augenpartie-mit-hanf-cbd-30-ml\/"},"modified":"2024-12-23T13:46:59","modified_gmt":"2024-12-23T12:46:59","slug":"anti-age-lifting-serum-fur-gesicht-und-augenpartie-mit-hanf-cbd-30-ml","status":"publish","type":"product","link":"https:\/\/hemphilia.com\/de\/produkt\/anti-age-lifting-serum-fur-gesicht-und-augenpartie-mit-hanf-cbd-30-ml\/","title":{"rendered":"ANTI-AGE LIFTING SERUM F\u00dcR GESICHT UND AUGENPARTIE MIT HANF &amp; CBD 30 ml"},"content":{"rendered":"<div class=\"wpb-content-wrapper\"><p>[vc_row unlock_row_content=&#8221;yes&#8221; row_height_percent=&#8221;0&#8243; override_padding=&#8221;yes&#8221; h_padding=&#8221;0&#8243; top_padding=&#8221;0&#8243; bottom_padding=&#8221;0&#8243; overlay_alpha=&#8221;50&#8243; gutter_size=&#8221;3&#8243; column_width_percent=&#8221;100&#8243; shift_y=&#8221;0&#8243; z_index=&#8221;0&#8243; content_parallax=&#8221;0&#8243; uncode_shortcode_id=&#8221;958498&#8243;][vc_column column_width_percent=&#8221;100&#8243; position_vertical=&#8221;middle&#8221; gutter_size=&#8221;2&#8243; overlay_alpha=&#8221;50&#8243; shift_x=&#8221;0&#8243; shift_y=&#8221;0&#8243; shift_y_down=&#8221;0&#8243; z_index=&#8221;0&#8243; medium_width=&#8221;0&#8243; mobile_width=&#8221;0&#8243; width=&#8221;1\/1&#8243; uncode_shortcode_id=&#8221;109854&#8243;][vc_tabs tab_switch=&#8221;yes&#8221; typography=&#8221;advanced&#8221; tab_no_border=&#8221;yes&#8221; titles_size=&#8221;h6&#8243; titles_weight=&#8221;700&#8243; product_from_builder=&#8221;yes&#8221; uncode_shortcode_id=&#8221;200277&#8243;][vc_tab gutter_size=&#8221;2&#8243; column_padding=&#8221;2&#8243; title=&#8221;Beschreibung&#8221; tab_id=&#8221;04814&#8243; product_from_builder=&#8221;yes&#8221;][vc_column_text uncode_shortcode_id=&#8221;229331&#8243;]Strafft die Gesichtshaut auf und hilft Falten zu gl\u00e4tten, auch Trockenheitsf\u00e4ltchen in der Augenpartie.  Spezifische Wirkstoffe f\u00fcllen die F\u00e4ltchen von innen heraus auf, indem sie die Haut mit Wasser versorgen und die oberste Hautschicht gl\u00e4tten. Das Serum ist auch perfekt gegen sogenannte \u201eKr\u00e4henf\u00fc\u00dfe\u201c geeignet. Ein echtes Lifting, Natur pur mit Soforteffekt.[\/vc_column_text][\/vc_tab][vc_tab gutter_size=&#8221;2&#8243; column_padding=&#8221;2&#8243; title=&#8221;CBD-Gehalt&#8221; tab_id=&#8221;04824&#8243; product_from_builder=&#8221;yes&#8221;][vc_column_text uncode_shortcode_id=&#8221;269297&#8243;]CBD VIBRES Extract: 150 mg<br \/>\nPURE CBD CONTENT AVERAGE: 150 mg<br \/>\nPURE CBD % CONTENT AVERAGE: 0,51%[\/vc_column_text][\/vc_tab][vc_tab gutter_size=&#8221;2&#8243; column_padding=&#8221;2&#8243; title=&#8221;Richtung der Verwendung&#8221; tab_id=&#8221;04835&#8243; product_from_builder=&#8221;yes&#8221;][vc_column_text uncode_shortcode_id=&#8221;144443&#8243;]Morgens und abends vor der Creme auf das Gesicht und um die Augenpartie herum auftragen und vorsichtig einklopfen.[\/vc_column_text][\/vc_tab][vc_tab gutter_size=&#8221;2&#8243; column_padding=&#8221;2&#8243; title=&#8221;Warnhinweis&#8221; tab_id=&#8221;04841&#8243; product_from_builder=&#8221;yes&#8221;][vc_column_text uncode_shortcode_id=&#8221;821062&#8243;]Darf nur f\u00fcr die angegebenen Zwecke verwendet werden. F\u00fcr Kinder unzug\u00e4nglich aufbewahren. Nur zur \u00e4u\u00dferen Anwendung. Nicht verschlucken. Zwischen 15-25\u00b0C, an einem trockenen Ort, vor Hitze (Heizungsanlagen) und direktem Licht gesch\u00fctzt lagern. Nicht wiederholten vor\u00fcbergehenden Temperaturschocks \u00fcber 40\u00b0C und unter 5\u00b0 C aussetzen.[\/vc_column_text][\/vc_tab][vc_tab gutter_size=&#8221;2&#8243; column_padding=&#8221;2&#8243; title=&#8221;INCI&#8221; tab_id=&#8221;1732444296999-4-8&#8243;][vc_column_text uncode_shortcode_id=&#8221;106267&#8243;]<span style=\"font-weight: 400;\">INGREDIENTS: <\/span>AQUA, ALOE BARBADENSIS LEAF JUICE**, HEPTYL GLUCOSIDE, TRITICUM VULGARE GERM OIL, GLYCERIN, SODIUM HYALURONATE, CANNABIS SATIVA SEED OIL**, HYDROLYZED HYALURONIC ACID, ROSA DAMASCENA FLOWER OIL**, CANNABIS SATIVA LEAF EXTRACT**, BORAGO OFFICINALIS EXTRACT**, CANNABIDIOL &#8211; DERIVED FROM EXTRACT OR TINCTURE OR RESIN OF CANNABIS***, PAULLINIA CUPANA SEED EXTRACT, CITRUS LIMON PEEL OIL** , HYDROGENATED ETHYLHEXYL OLIVATE***, CYMBOPOGON MARTINI OIL**, PELARGONIUM GRAVEOLENS FLOWER OIL**, COCOS NUCIFERA OIL**, HYDROGENATED OLIVE OIL UNSAPONIFIABLES***, TOCOPHEROL, HELIANTHUS ANNUUS SEED OIL**, ROSMARINUS OFFICINALIS LEAF EXTRACT, SUNFLOWER SEED OIL GLYCERIDES, DATEM, PARFUM, DEHYDROACETIC ACID, BENZOIC ACID, GERANIOL*, LIMONENE*, FARNESOL*, LINALOOL*, CITRONELLOL*, CITRAL*, BENZYL ALCOHOL.<\/p>\n<p>*** COSMOS, NATRUE or ECOCERT criteria certified \/ certifi\u00e9s crit\u00e8res COSMOS, NATRUE ou ECOCERT \/ COSMOS-, NATRUE- oder ECOCERT-Kriterien zertifiziert \/ certificato COSMOS, NATRUE o ECOCERT \/ Certificado seg\u00fan los criterios de COSMOS, NATRUE o ECOCERT<br \/>\n** from certified organic farming \/ issu de l\u2019agriculture biologique certifi\u00e9e naturelle \/ aus kontrolliert biologischem Anbau \/ da agricoltura biologica certificata \/ de agricultura ecol\u00f3gica certificada<br \/>\n* content of natural essential oils \/ contient des huiles essentielles \/ aus nat\u00fcrlichen \u00e4therischen \u00d6len \/ da oli essenziali naturali \/ de aceites esenciales naturales[\/vc_column_text][\/vc_tab][\/vc_tabs][\/vc_column][\/vc_row]<\/p>\n<\/div>","protected":false},"excerpt":{"rendered":"<p><strong>straffend \u2013 Soforteffekt gegen M\u00fcdigkeit 150 mg rein CBD (0,51%).<\/strong> Mit Bio-Aloe Vera, Weizenkeim\u00f6l, Bio-Hanfsamen\u00f6l, Hyalurons\u00e4ure mit extrem niedrigem Molekulargewicht, CBD (Cannabidiol), VIBRES-Extrakt aus Bio-Cannabis-Sativa-Bl\u00e4ttern, hochmolekularer Hyalurons\u00e4ure, reines \u00e4therisches Bio-Damaszener-Rosen\u00f6l, Bio-Borretsch-Extrakt, Guarana-Extrakt, reines \u00e4therisches Bio-Zitronen\u00f6l aus Sizilien, reines Bio-Palmarosa \u00e4therisches \u00d6l, reines \u00e4therisches \u00d6l von Bourbon Geranium, Vitamin E, Oliven\u00f6l-Fraktion und pflanzlichem Glycerin.<\/p>\n","protected":false},"featured_media":2788,"template":"","meta":[],"product_brand":[],"product_cat":[79,69],"product_tag":[],"class_list":{"0":"post-1053","1":"product","2":"type-product","3":"status-publish","4":"has-post-thumbnail","6":"product_cat-anti-age-de","7":"product_cat-gesichtspflege-de","9":"first","10":"instock","11":"taxable","12":"shipping-taxable","13":"purchasable","14":"product-type-simple","15":"add-to-wishlist-after_add_to_cart"},"jetpack_sharing_enabled":true,"tiered_pricing_type":"fixed","tiered_pricing_fixed_rules":[],"tiered_pricing_product_settings":{"layout":"default","base_unit_name":{"singular":null,"plural":null},"default_variation":null},"tiered_pricing_minimum_quantity":null,"tiered_pricing_roles_data":[],"tiered_pricing_percentage_rules":[],"tiered_pricing_maximum_quantity":null,"tiered_pricing_quantity_step":null,"_links":{"self":[{"href":"https:\/\/hemphilia.com\/de\/wp-json\/wp\/v2\/product\/1053","targetHints":{"allow":["GET"]}}],"collection":[{"href":"https:\/\/hemphilia.com\/de\/wp-json\/wp\/v2\/product"}],"about":[{"href":"https:\/\/hemphilia.com\/de\/wp-json\/wp\/v2\/types\/product"}],"wp:featuredmedia":[{"embeddable":true,"href":"https:\/\/hemphilia.com\/de\/wp-json\/wp\/v2\/media\/2788"}],"wp:attachment":[{"href":"https:\/\/hemphilia.com\/de\/wp-json\/wp\/v2\/media?parent=1053"}],"wp:term":[{"taxonomy":"product_brand","embeddable":true,"href":"https:\/\/hemphilia.com\/de\/wp-json\/wp\/v2\/product_brand?post=1053"},{"taxonomy":"product_cat","embeddable":true,"href":"https:\/\/hemphilia.com\/de\/wp-json\/wp\/v2\/product_cat?post=1053"},{"taxonomy":"product_tag","embeddable":true,"href":"https:\/\/hemphilia.com\/de\/wp-json\/wp\/v2\/product_tag?post=1053"}],"curies":[{"name":"wp","href":"https:\/\/api.w.org\/{rel}","templated":true}]}}