{"id":3329,"date":"2024-11-28T13:07:35","date_gmt":"2024-12-17T01:11:18","guid":{"rendered":"https:\/\/hemphilia.com\/product\/cbd-hemp-massage-oil-500-ml-de\/"},"modified":"2024-12-23T12:17:47","modified_gmt":"2024-12-23T11:17:47","slug":"cbd-hemp-massage-oil-500-ml-de","status":"publish","type":"product","link":"https:\/\/hemphilia.com\/de\/produkt\/cbd-hemp-massage-oil-500-ml-de\/","title":{"rendered":"CBD &amp; HEMP MASSAGE OIL 500 ml DE"},"content":{"rendered":"<div class=\"wpb-content-wrapper\"><p>[vc_row unlock_row_content=&#8221;yes&#8221; row_height_percent=&#8221;0&#8243; override_padding=&#8221;yes&#8221; h_padding=&#8221;0&#8243; top_padding=&#8221;0&#8243; bottom_padding=&#8221;0&#8243; overlay_alpha=&#8221;50&#8243; gutter_size=&#8221;3&#8243; column_width_percent=&#8221;100&#8243; shift_y=&#8221;0&#8243; z_index=&#8221;0&#8243; content_parallax=&#8221;0&#8243; uncode_shortcode_id=&#8221;958498&#8243;][vc_column column_width_percent=&#8221;100&#8243; position_vertical=&#8221;middle&#8221; gutter_size=&#8221;2&#8243; overlay_alpha=&#8221;50&#8243; shift_x=&#8221;0&#8243; shift_y=&#8221;0&#8243; shift_y_down=&#8221;0&#8243; z_index=&#8221;0&#8243; medium_width=&#8221;0&#8243; mobile_width=&#8221;0&#8243; width=&#8221;1\/1&#8243; uncode_shortcode_id=&#8221;109854&#8243;][vc_tabs tab_switch=&#8221;yes&#8221; typography=&#8221;advanced&#8221; tab_no_border=&#8221;yes&#8221; titles_size=&#8221;h6&#8243; titles_weight=&#8221;700&#8243; product_from_builder=&#8221;yes&#8221; uncode_shortcode_id=&#8221;200277&#8243;][vc_tab gutter_size=&#8221;2&#8243; column_padding=&#8221;2&#8243; title=&#8221;Beschreibung&#8221; tab_id=&#8221;04814&#8243; product_from_builder=&#8221;yes&#8221;][vc_column_text uncode_shortcode_id=&#8221;100855&#8243;]Die besonders reinen \u00e4therischen \u00d6le in Bio-Qualit\u00e4t sorgen dank ihrer wertvollen Eigenschaften bei Anspannung, Nervosit\u00e4t und Stress f\u00fcr Wohlbefinden, Vitalit\u00e4t und Entspannung. CBD, Hanf-VIBRES-Extrakt und Hanf\u00f6l schenken Linderung bei Haut und k\u00f6rperlichen Beschwerden unterschiedlichster Art, einschlie\u00dflich Muskelverh\u00e4rtung und -\u00fcberanstrengung. Erh\u00f6ht die Zellerneuerung und unterst\u00fctzt die Verj\u00fcngung der Haut.[\/vc_column_text][\/vc_tab][vc_tab gutter_size=&#8221;2&#8243; column_padding=&#8221;2&#8243; title=&#8221;CBD-Gehalt&#8221; tab_id=&#8221;04824&#8243; product_from_builder=&#8221;yes&#8221;][vc_column_text uncode_shortcode_id=&#8221;775384&#8243;]CBD VIBES Extract: 5800 mg<br \/>PURE CBD CONTENT AVERAGE: 610 mg<br \/>PURE CBD % CONTENT AVERAGE: 0,61%[\/vc_column_text][\/vc_tab][vc_tab gutter_size=&#8221;2&#8243; column_padding=&#8221;2&#8243; title=&#8221;Richtung der Verwendung&#8221; tab_id=&#8221;04835&#8243; product_from_builder=&#8221;yes&#8221;][vc_column_text uncode_shortcode_id=&#8221;156863&#8243;]Vor der Massage leicht in der Hand anw\u00e4rmen. Auf die betroffenen Stellen auftragen und einmassieren.[\/vc_column_text][\/vc_tab][vc_tab gutter_size=&#8221;2&#8243; column_padding=&#8221;2&#8243; title=&#8221;Warnhinweis&#8221; tab_id=&#8221;04841&#8243; product_from_builder=&#8221;yes&#8221;][vc_column_text uncode_shortcode_id=&#8221;131724&#8243;]Nicht im Augen- oder Intimbereich anwenden.<\/p>\n<p>Darf nur f\u00fcr die angegebenen Zwecke verwendet werden.<\/p>\n<p>F\u00fcr Kinder unzug\u00e4nglich aufbewahren.<\/p>\n<p>Nur zur \u00e4u\u00dferen Anwendung. Nicht verschlucken.<\/p>\n<p>Zwischen 15-25\u00b0C, an einem trockenen Ort, vor Hitze (Heizungsanlagen) und direktem Licht gesch\u00fctzt lagern.<\/p>\n<p>Nicht wiederholten vor\u00fcbergehenden Temperaturschocks \u00fcber 40\u00b0C und unter 5\u00b0 C aussetzen.[\/vc_column_text][\/vc_tab][vc_tab gutter_size=&#8221;2&#8243; column_padding=&#8221;2&#8243; title=&#8221;INCI&#8221; tab_id=&#8221;1732444296999-4-8&#8243;][vc_column_text uncode_shortcode_id=&#8221;200287&#8243;]INGREDIENTS: HELIANTHUS ANNUUS SEED OIL**, CANNABIS SATIVA SEED OIL**, COCOS NUCIFERA OIL**, PERSEA GRATISSIMA OIL, TRITICUM VULGARE GERM OIL, HYDROGENATED ETHYLHEXYL OLIVATE***, ARNICA MONTANA FLOWER EXTRACT, EUCALYPTUS RADIATA FLOWER\/LEAF\/STEM OIL**, MENTHA PIPERITA FLOWER\/LEAF OIL**, MELALEUCA VIRIDIFLORA LEAF OIL**, EUGENIA CARYOPHYLLUS BUD OIL**, CITRUS LIMON PEEL OIL**, MENTHOL, CITRUS AURANTIUM DULCIS PEEL OIL EXPRESSED**, CITRUS AURANTIUM AMARA PEEL OIL, EUCALYPTUS GLOBULUS LEAF OIL, CANNABIS SATIVA LEAF EXTRACT**, CANNABIDIOL &#8211; DERIVED FROM EXTRACT OR TINCTURE OR RESIN OF CANNABIS***, HYDROGENATED OLIVE OIL UNSAPONIFIABLES***, CINNAMOMUM CAMPHORA BARK OIL, ROSMARINUS OFFICINALIS LEAF EXTRACT, SUNFLOWER SEED OIL GLYCERIDES, DATEM, LIMONENE*, EUGENOL*, LINALOOL*, CITRAL*.<\/p>\n<p>*** COSMOS, NATRUE or ECOCERT criteria certified \/ certifi\u00e9s crit\u00e8res COSMOS, NATRUE ou ECOCERT \/ COSMOS-, NATRUE- oder ECOCERT-Kriterien zertifiziert \/ certificato COSMOS, NATRUE o ECOCERT \/ Certificado seg\u00fan los criterios de COSMOS, NATRUE o ECOCERT<br \/> ** from certified organic farming \/ issu de l\u2019agriculture biologique certifi\u00e9e naturelle \/ aus kontrolliert biologischem Anbau \/ da agricoltura biologica certificata \/ de agricultura ecol\u00f3gica certificada<br \/> * content of natural essential oils \/ contient des huiles essentielles \/ aus nat\u00fcrlichen \u00e4therischen \u00d6len \/ da oli essenziali naturali \/ de aceites esenciales naturales[\/vc_column_text][\/vc_tab][\/vc_tabs][\/vc_column][\/vc_row]<\/p>\n<\/div>","protected":false},"excerpt":{"rendered":"<p><strong>Relief, Strength and Relaxation <\/strong><strong>with 610 mg pure CBD (0,61%). <\/strong>With organic Cannabis Sativa oil, organic Sunflower oil, Avocado oil, Wheat germ oil, CBD, Olive oil fraction, Arnica flower extract, pure organic Eucalyptus Radiata essential oil, pure organic Eucalyptus Globulus essential oil, pure natural Peppermint essential oil, natural Menthol, pure natural Clove Bud essential oil and Rosemary leaf extract.<\/p>\n","protected":false},"featured_media":2758,"template":"","meta":[],"product_brand":[],"product_cat":[69,70,78,68],"product_tag":[],"class_list":{"0":"post-3329","1":"product","2":"type-product","3":"status-publish","4":"has-post-thumbnail","6":"product_cat-gesichtspflege-de","7":"product_cat-koerper","8":"product_cat-massage-de","9":"product_cat-sport-and-relief-erste-hilfe-de","11":"first","12":"instock","13":"taxable","14":"shipping-taxable","15":"purchasable","16":"product-type-simple","17":"add-to-wishlist-after_add_to_cart"},"jetpack_sharing_enabled":true,"tiered_pricing_type":"fixed","tiered_pricing_fixed_rules":[],"tiered_pricing_product_settings":{"layout":"default","base_unit_name":{"singular":null,"plural":null},"default_variation":null},"tiered_pricing_minimum_quantity":null,"tiered_pricing_roles_data":[],"tiered_pricing_percentage_rules":[],"tiered_pricing_maximum_quantity":null,"tiered_pricing_quantity_step":null,"_links":{"self":[{"href":"https:\/\/hemphilia.com\/de\/wp-json\/wp\/v2\/product\/3329","targetHints":{"allow":["GET"]}}],"collection":[{"href":"https:\/\/hemphilia.com\/de\/wp-json\/wp\/v2\/product"}],"about":[{"href":"https:\/\/hemphilia.com\/de\/wp-json\/wp\/v2\/types\/product"}],"wp:featuredmedia":[{"embeddable":true,"href":"https:\/\/hemphilia.com\/de\/wp-json\/wp\/v2\/media\/2758"}],"wp:attachment":[{"href":"https:\/\/hemphilia.com\/de\/wp-json\/wp\/v2\/media?parent=3329"}],"wp:term":[{"taxonomy":"product_brand","embeddable":true,"href":"https:\/\/hemphilia.com\/de\/wp-json\/wp\/v2\/product_brand?post=3329"},{"taxonomy":"product_cat","embeddable":true,"href":"https:\/\/hemphilia.com\/de\/wp-json\/wp\/v2\/product_cat?post=3329"},{"taxonomy":"product_tag","embeddable":true,"href":"https:\/\/hemphilia.com\/de\/wp-json\/wp\/v2\/product_tag?post=3329"}],"curies":[{"name":"wp","href":"https:\/\/api.w.org\/{rel}","templated":true}]}}