{"id":984,"date":"2022-04-26T20:59:41","date_gmt":"2022-04-26T19:59:41","guid":{"rendered":"https:\/\/hemphilia.com\/product\/erfrischende-und-erneuernde-heilsalbe-mit-3-cbd\/"},"modified":"2024-12-16T17:08:18","modified_gmt":"2024-12-16T16:08:18","slug":"erfrischende-und-erneuernde-heilsalbe-mit-3-cbd","status":"publish","type":"product","link":"https:\/\/hemphilia.com\/de\/produkt\/erfrischende-und-erneuernde-heilsalbe-mit-3-cbd\/","title":{"rendered":"ERFRISCHENDE UND ERNEUERNDE HEILSALBE MIT 3 % CBD"},"content":{"rendered":"<p>Ein echtes Allheilmittel f\u00fcr viele Hautprobleme, Trockenheit und Beschwerden unterschiedlichster Art. Dank des hohen Gehalts an CBD und biologischen Pflanzen\u00f6len ist es hervorragend daf\u00fcr geeignet, abgeschuppte Haut bei der Erneuerung zu unterst\u00fctzen. Die Salbe kann auch bei Psoriasis angewendet werden. Sie f\u00f6rdert die rasche Wiederherstellung eines optimalen k\u00f6rperlichen Zustands.<\/p>\n","protected":false},"excerpt":{"rendered":"<p><strong>mit 2003 mg reinem CBD (4,01%)<\/strong><\/p>\n<p><em>Mit Bio-Hanfsamen\u00f6l, Bio-Sheabutter, CBD (Cannabidiol), VIBRES-Extrakt aus Bio-Cannabis-Sativa-Bl\u00e4ttern, Bio-Sonnenblumen\u00f6l, Bio-Kokos\u00f6l, Grapefruitkern-Extrakt, Bio-Neem\u00f6l, Bio-Leinsamen\u00f6l, Bio-Oliven\u00f6l, Weizenkeim \u00d6l, Bio-Argan\u00f6l, Arnika-Montana-Bl\u00fctenextrakt, Bio-Calendulabl\u00fcten-Extrakt, reines \u00e4therisches \u00d6l aus Bio-Pfefferminze, reines \u00e4therisches \u00d6l aus sizilianischen Roten Bio-Mandarine, reines \u00e4therisches \u00d6l von Bio-Palmarosa, reines \u00e4therisches \u00d6l von Bio-Lavendel, reines \u00e4therisches \u00d6l aus R\u00f6mische Bio-Kamille und reines \u00e4therisches Bio-Thymian\u00f6l.<\/em><\/p>\n","protected":false},"featured_media":2812,"template":"","meta":[],"product_brand":[],"product_cat":[68],"product_tag":[],"class_list":{"0":"post-984","1":"product","2":"type-product","3":"status-publish","4":"has-post-thumbnail","6":"product_cat-sport-and-relief-erste-hilfe-de","8":"first","9":"instock","10":"taxable","11":"shipping-taxable","12":"purchasable","13":"product-type-simple","14":"add-to-wishlist-after_add_to_cart"},"jetpack_sharing_enabled":true,"tiered_pricing_type":"fixed","tiered_pricing_fixed_rules":[],"tiered_pricing_product_settings":{"layout":"default","base_unit_name":{"singular":null,"plural":null},"default_variation":null},"tiered_pricing_minimum_quantity":null,"tiered_pricing_roles_data":[],"tiered_pricing_percentage_rules":[],"tiered_pricing_maximum_quantity":null,"tiered_pricing_quantity_step":null,"_links":{"self":[{"href":"https:\/\/hemphilia.com\/de\/wp-json\/wp\/v2\/product\/984","targetHints":{"allow":["GET"]}}],"collection":[{"href":"https:\/\/hemphilia.com\/de\/wp-json\/wp\/v2\/product"}],"about":[{"href":"https:\/\/hemphilia.com\/de\/wp-json\/wp\/v2\/types\/product"}],"wp:featuredmedia":[{"embeddable":true,"href":"https:\/\/hemphilia.com\/de\/wp-json\/wp\/v2\/media\/2812"}],"wp:attachment":[{"href":"https:\/\/hemphilia.com\/de\/wp-json\/wp\/v2\/media?parent=984"}],"wp:term":[{"taxonomy":"product_brand","embeddable":true,"href":"https:\/\/hemphilia.com\/de\/wp-json\/wp\/v2\/product_brand?post=984"},{"taxonomy":"product_cat","embeddable":true,"href":"https:\/\/hemphilia.com\/de\/wp-json\/wp\/v2\/product_cat?post=984"},{"taxonomy":"product_tag","embeddable":true,"href":"https:\/\/hemphilia.com\/de\/wp-json\/wp\/v2\/product_tag?post=984"}],"curies":[{"name":"wp","href":"https:\/\/api.w.org\/{rel}","templated":true}]}}