{"id":985,"date":"2022-01-25T12:37:39","date_gmt":"2022-01-25T11:37:39","guid":{"rendered":"https:\/\/hemphilia.com\/product\/langzeit-relief-creme-mit-cbd-mit-kaelte-waerme-effekt-120-ml\/"},"modified":"2026-03-31T12:41:49","modified_gmt":"2026-03-31T10:41:49","slug":"langzeit-relief-creme-mit-cbd-mit-kaelte-waerme-effekt-120-ml","status":"publish","type":"product","link":"https:\/\/hemphilia.com\/de\/produkt\/langzeit-relief-creme-mit-cbd-mit-kaelte-waerme-effekt-120-ml\/","title":{"rendered":"LANGZEIT-RELIEF CREME MIT CBD 120 ml"},"content":{"rendered":"<p>Perfekt bei Hautbeschwerden unterschiedlichster Art. Enth\u00e4lt reines CBD, einen VIBRES-Extrakt aus Bio-Hanfbl\u00e4ttern sowie Bio-Hanfsamen\u00f6l.<br \/>\nDie Formulierung wurde speziell f\u00fcr eine langsame Aufnahme entwickelt. Auf diese Weise bleiben die Wirkstoffe l\u00e4nger auf der Haut und unterst\u00fctzen so optimal den Linderungsprozess bei chronischen und l\u00e4nger andauernden Hautbeschwerden.<\/p>\n","protected":false},"excerpt":{"rendered":"<p><strong>Mit K\u00e4lte-W\u00e4rme-Effekt<\/strong><\/p>\n<p><strong>mit 2665 mg reinem CBD (2,22%)<\/strong><\/p>\n<p><em>Mit Bio-Arnica-montana-Bl\u00fcten-Hydrolat, Arnica-montana-Bl\u00fcten-Oleolith, Bio-Hanfsamen\u00f6l, VIBRES-Extrakt aus Bio-Cannabis-Sativa-Bl\u00e4ttern,<\/em> <em>CBD (Cannabidiol), reines \u00e4therisches Bio-Pfefferminz\u00f6l, nat\u00fcrlichem Menthol, biologischem Hafer-Extrakt, biologischem Ringelblumen-Extrakt, biologischem Teufelskrallenwurzel-Extrakt, reines \u00e4therisches Bio-Nelken\u00f6l, pflanzlichem Bio-Glycerin, Rosmarinbl\u00e4tter-Extrakt.<\/em><\/p>\n","protected":false},"featured_media":2668,"template":"","meta":[],"product_brand":[],"product_cat":[68],"product_tag":[],"class_list":{"0":"post-985","1":"product","2":"type-product","3":"status-publish","4":"has-post-thumbnail","6":"product_cat-sport-and-relief-erste-hilfe-de","8":"first","9":"instock","10":"taxable","11":"shipping-taxable","12":"purchasable","13":"product-type-simple","14":"add-to-wishlist-after_add_to_cart"},"jetpack_sharing_enabled":true,"tiered_pricing_type":"fixed","tiered_pricing_fixed_rules":[],"tiered_pricing_product_settings":{"layout":"default","base_unit_name":{"singular":null,"plural":null},"default_variation":null},"tiered_pricing_minimum_quantity":null,"tiered_pricing_roles_data":[],"tiered_pricing_percentage_rules":[],"tiered_pricing_maximum_quantity":null,"tiered_pricing_quantity_step":null,"_links":{"self":[{"href":"https:\/\/hemphilia.com\/de\/wp-json\/wp\/v2\/product\/985","targetHints":{"allow":["GET"]}}],"collection":[{"href":"https:\/\/hemphilia.com\/de\/wp-json\/wp\/v2\/product"}],"about":[{"href":"https:\/\/hemphilia.com\/de\/wp-json\/wp\/v2\/types\/product"}],"wp:featuredmedia":[{"embeddable":true,"href":"https:\/\/hemphilia.com\/de\/wp-json\/wp\/v2\/media\/2668"}],"wp:attachment":[{"href":"https:\/\/hemphilia.com\/de\/wp-json\/wp\/v2\/media?parent=985"}],"wp:term":[{"taxonomy":"product_brand","embeddable":true,"href":"https:\/\/hemphilia.com\/de\/wp-json\/wp\/v2\/product_brand?post=985"},{"taxonomy":"product_cat","embeddable":true,"href":"https:\/\/hemphilia.com\/de\/wp-json\/wp\/v2\/product_cat?post=985"},{"taxonomy":"product_tag","embeddable":true,"href":"https:\/\/hemphilia.com\/de\/wp-json\/wp\/v2\/product_tag?post=985"}],"curies":[{"name":"wp","href":"https:\/\/api.w.org\/{rel}","templated":true}]}}