{"id":986,"date":"2022-01-03T15:02:02","date_gmt":"2022-01-03T14:02:02","guid":{"rendered":"https:\/\/hemphilia.com\/product\/hygel-hemp-cbd-aid-mildes-handdesinfektionsgel-hemp-cbd-aid-35-ml\/"},"modified":"2024-12-17T02:01:50","modified_gmt":"2024-12-17T01:01:50","slug":"hygel-hemp-cbd-aid-mildes-handdesinfektionsgel-hemp-cbd-aid-35-ml","status":"publish","type":"product","link":"https:\/\/hemphilia.com\/de\/produkt\/hygel-hemp-cbd-aid-mildes-handdesinfektionsgel-hemp-cbd-aid-35-ml\/","title":{"rendered":"HYGEL &#8211; MILDES HANDDESINFEKTIONSGEL 35 ml"},"content":{"rendered":"<div class=\"wpb-content-wrapper\"><p>[vc_row unlock_row_content=&#8221;yes&#8221; row_height_percent=&#8221;0&#8243; override_padding=&#8221;yes&#8221; h_padding=&#8221;0&#8243; top_padding=&#8221;0&#8243; bottom_padding=&#8221;0&#8243; overlay_alpha=&#8221;50&#8243; gutter_size=&#8221;3&#8243; column_width_percent=&#8221;100&#8243; shift_y=&#8221;0&#8243; z_index=&#8221;0&#8243; content_parallax=&#8221;0&#8243; uncode_shortcode_id=&#8221;958498&#8243;][vc_column column_width_percent=&#8221;100&#8243; position_vertical=&#8221;middle&#8221; gutter_size=&#8221;2&#8243; overlay_alpha=&#8221;50&#8243; shift_x=&#8221;0&#8243; shift_y=&#8221;0&#8243; shift_y_down=&#8221;0&#8243; z_index=&#8221;0&#8243; medium_width=&#8221;0&#8243; mobile_width=&#8221;0&#8243; width=&#8221;1\/1&#8243; uncode_shortcode_id=&#8221;109854&#8243;][vc_tabs tab_switch=&#8221;yes&#8221; typography=&#8221;advanced&#8221; tab_no_border=&#8221;yes&#8221; titles_size=&#8221;h6&#8243; titles_weight=&#8221;700&#8243; product_from_builder=&#8221;yes&#8221; uncode_shortcode_id=&#8221;200277&#8243;][vc_tab gutter_size=&#8221;2&#8243; column_padding=&#8221;2&#8243; title=&#8221;Beschreibung&#8221; tab_id=&#8221;04814&#8243; product_from_builder=&#8221;yes&#8221;][vc_column_text uncode_shortcode_id=&#8221;933960&#8243;]Naturbelassenes Desinfektionsgel auf Basis von \u00e4therischen \u00d6len in Bio-Qualit\u00e4t, CBD und biologischen Pflanzen\u00f6len aus Hanf und Neem f\u00fcr den h\u00e4ufigen Gebrauch.<br \/>Sehr ergiebig: 35 ml reichen f\u00fcr ca. 90 Anwendungen.<br \/>Optimal sind 0,2 ml pro Hand.[\/vc_column_text][\/vc_tab][vc_tab gutter_size=&#8221;2&#8243; column_padding=&#8221;2&#8243; title=&#8221;CBD-Gehalt&#8221; tab_id=&#8221;04824&#8243; product_from_builder=&#8221;yes&#8221;][vc_column_text uncode_shortcode_id=&#8221;163781&#8243;]CBD VIBES Extract: 2 mg<br \/>PURE CBD CONTENT AVERAGE: 9,5 mg<br \/>PURE CBD % CONTENT AVERAGE: &lt;0,1%[\/vc_column_text][\/vc_tab][vc_tab gutter_size=&#8221;2&#8243; column_padding=&#8221;2&#8243; title=&#8221;Richtung der Verwendung&#8221; tab_id=&#8221;04835&#8243; product_from_builder=&#8221;yes&#8221;][vc_column_text uncode_shortcode_id=&#8221;146274&#8243;]Nach Bedarf einen Tropfen in die H\u00e4nde massieren. Sp\u00e4testens alle zwei Stunden wiederholen.[\/vc_column_text][\/vc_tab][vc_tab gutter_size=&#8221;2&#8243; column_padding=&#8221;2&#8243; title=&#8221;Warnhinweis&#8221; tab_id=&#8221;04841&#8243; product_from_builder=&#8221;yes&#8221;][vc_column_text uncode_shortcode_id=&#8221;122382&#8243;]Darf nur f\u00fcr die angegebenen Zwecke verwendet werden.<\/p>\n<p>F\u00fcr Kinder unzug\u00e4nglich aufbewahren.<br \/>\nNicht verschlucken. <\/p>\n<p>Zwischen 15-25\u00b0C, an einem trockenen Ort, vor Hitze (Heizungsanlagen) und direktem Licht gesch\u00fctzt lagern.<\/p>\n<p>Nicht wiederholten vor\u00fcbergehenden Temperaturschocks \u00fcber 40\u00b0C und unter 5\u00b0 C aussetzen.[\/vc_column_text][\/vc_tab][vc_tab gutter_size=&#8221;2&#8243; column_padding=&#8221;2&#8243; title=&#8221;INCI&#8221; tab_id=&#8221;1732444296999-4-8&#8243;][vc_column_text uncode_shortcode_id=&#8221;178074&#8243;]INGREDIENTS: THYMUS VULGARIS LEAF WATER**, ALOE BARBADENSIS LEAF JUICE**, HEPTYL GLUCOSIDE, CANNABIS SATIVA SEED OIL**, CAESALPINIA SPINOSA GUM, MELIA AZADIRACHTA SEED OIL**, EUCALYPTUS RADIATA FLOWER\/LEAF\/STEM OIL**, THYMUS VULGARIS LEAF OIL**, MELALEUCA ALTERNIFOLIA LEAF OIL**, EUGENIA CARYOPHYLLUS BUD OIL**, CITRUS LIMON PEEL OIL**, LAVANDULA HYBRIDA HERB OIL**, EUCALYPTUS SMITHII LEAF OIL**, MELALEUCA VIRIDIFLORA LEAF OIL**, CINNAMOMUM ZEYLANICUM BARK OIL**, CITRUS NOBILIS PEEL OIL**, MENTHA PIPERITA FLOWER\/LEAF OIL**, SESAMUM INDICUM SEED OIL, CITRUS AURANTIUM DULCIS PEEL OIL EXPRESSED**, CANNABIS SATIVA LEAF EXTRACT**, CANNABIDIOL &#8211; DERIVED FROM EXTRACT OR TINCTURE OR RESIN OF CANNABIS***, HELIANTHUS ANNUUS SEED OIL**, TOCOPHEROL, ROSMARINUS OFFICINALIS LEAF EXTRACT, SUNFLOWER SEED OIL GLYCERIDES, DATEM, TETRASODIUM GLUTAMATE DIACETATE, DEHYDROACETIC ACID, BENZOIC ACID, LIMONENE*, LINALOOL*, EUGENOL*, CITRAL*, CINNAMAL*, BENZYL ALCOHOL.<\/p>\n<p>*** COSMOS, NATRUE or ECOCERT criteria certified \/ certifi\u00e9s crit\u00e8res COSMOS, NATRUE ou ECOCERT \/ COSMOS-, NATRUE- oder ECOCERT-Kriterien zertifiziert \/ certificato COSMOS, NATRUE o ECOCERT \/ Certificado seg\u00fan los criterios de COSMOS, NATRUE o ECOCERT<br \/>** from certified organic farming \/ issu de l\u2019agriculture biologique certifi\u00e9e naturelle \/ aus kontrolliert biologischem Anbau \/ da agricoltura biologica certificata \/ de agricultura ecol\u00f3gica certificada<br \/>* content of natural essential oils \/ contient des huiles essentielles \/ aus nat\u00fcrlichen \u00e4therischen \u00d6len \/ da oli essenziali naturali \/ de aceites esenciales naturales[\/vc_column_text][\/vc_tab][\/vc_tabs][\/vc_column][\/vc_row]<\/p>\n<\/div>","protected":false},"excerpt":{"rendered":"<p><strong>mit 9,5 mg rein CBD (&lt;0,1%).<\/strong> Mit Thymian Hydrolat, Bio-Aloe Vera, Heptylglucosid (v\u00f6llig nat\u00fcrliches Waschmittel und L\u00f6sungsvermittler), Bio-Hanfsamen\u00f6l, Bio-Neem\u00f6l, reines \u00e4therisches Bio-Eucalyptus radiata \u00d6l, reines \u00e4therisches Bio-Thymian\u00f6l, reines \u00e4therisches Bio-Teebaum\u00f6l, reines \u00e4therisches \u00d6l auss Sizilianische Bio-Zitrone, reines \u00e4therisches Bio-Lavandin\u00f6l, reines \u00e4therisches Bio-Nelkenknospen\u00f6l, reines \u00e4therisches sizilianisches Bio-S\u00fc\u00dforange\u00f6l, reines \u00e4therisches Bio-Pfefferminz\u00f6l, reines \u00e4therisches Bio-Niaouli\u00f6l, reines \u00e4therisches \u00d6l aus roten sizilianischen Bio-Mandarine, reines \u00e4therisches \u00d6l aus Bio-Eukalyptus Smithii, reines \u00e4therisches Bio-Zimtrinden\u00f6l, CBD (Cannabidiol), VIBRES-Extrakt aus Bio-Cannabis-Sativa-Bl\u00e4ttern, Vitamin E, Bio-Sonnenblumen\u00f6l und fraktionierter Rosmarin-Extrakt.<\/p>\n","protected":false},"featured_media":2689,"template":"","meta":[],"product_brand":[],"product_cat":[71],"product_tag":[],"class_list":{"0":"post-986","1":"product","2":"type-product","3":"status-publish","4":"has-post-thumbnail","6":"product_cat-haende","8":"first","9":"instock","10":"taxable","11":"shipping-taxable","12":"purchasable","13":"product-type-simple","14":"add-to-wishlist-after_add_to_cart"},"jetpack_sharing_enabled":true,"tiered_pricing_type":"fixed","tiered_pricing_fixed_rules":[],"tiered_pricing_product_settings":{"layout":"default","base_unit_name":{"singular":null,"plural":null},"default_variation":null},"tiered_pricing_minimum_quantity":null,"tiered_pricing_roles_data":[],"tiered_pricing_percentage_rules":[],"tiered_pricing_maximum_quantity":null,"tiered_pricing_quantity_step":null,"_links":{"self":[{"href":"https:\/\/hemphilia.com\/de\/wp-json\/wp\/v2\/product\/986","targetHints":{"allow":["GET"]}}],"collection":[{"href":"https:\/\/hemphilia.com\/de\/wp-json\/wp\/v2\/product"}],"about":[{"href":"https:\/\/hemphilia.com\/de\/wp-json\/wp\/v2\/types\/product"}],"wp:featuredmedia":[{"embeddable":true,"href":"https:\/\/hemphilia.com\/de\/wp-json\/wp\/v2\/media\/2689"}],"wp:attachment":[{"href":"https:\/\/hemphilia.com\/de\/wp-json\/wp\/v2\/media?parent=986"}],"wp:term":[{"taxonomy":"product_brand","embeddable":true,"href":"https:\/\/hemphilia.com\/de\/wp-json\/wp\/v2\/product_brand?post=986"},{"taxonomy":"product_cat","embeddable":true,"href":"https:\/\/hemphilia.com\/de\/wp-json\/wp\/v2\/product_cat?post=986"},{"taxonomy":"product_tag","embeddable":true,"href":"https:\/\/hemphilia.com\/de\/wp-json\/wp\/v2\/product_tag?post=986"}],"curies":[{"name":"wp","href":"https:\/\/api.w.org\/{rel}","templated":true}]}}