{"id":987,"date":"2022-01-03T05:05:26","date_gmt":"2022-01-03T04:05:26","guid":{"rendered":"https:\/\/hemphilia.com\/product\/new-skin-ultra-vital-serum-mit-cbd-reinigend-und-normalisierend-30-ml\/"},"modified":"2024-12-16T17:08:18","modified_gmt":"2024-12-16T16:08:18","slug":"new-skin-ultra-vital-serum-mit-cbd-reinigend-und-normalisierend-30-ml","status":"publish","type":"product","link":"https:\/\/hemphilia.com\/de\/produkt\/new-skin-ultra-vital-serum-mit-cbd-reinigend-und-normalisierend-30-ml\/","title":{"rendered":"NEW SKIN ULTRA-VITAL SERUM MIT CBD REINIGEND UND NORMALISIEREND 30 ml"},"content":{"rendered":"<p>Eine echte Sofortma\u00dfnahme zur Regulation der Talgbildung. Verbessert augenblicklich das Hautbild und wirkt reinigend auf Mitesser, Papeln und Poren. Die Haut bekommt eine ganz neue, verf\u00fchrerische Ausstrahlung. Dank CBD und einem speziell fermentierten Hanfextrakt wird das Gesicht mit einem unvergleichlichen Matt-Effekt neu definiert.<\/p>\n<p>Perfekt, um fettige Mischhaut, die zu Unreinheiten und oberfl\u00e4chliche Akne neigt, porentief zu reinigen und ihr ein ebenm\u00e4\u00dfiges Erscheinungsbild zu geben.<\/p>\n","protected":false},"excerpt":{"rendered":"<p><strong>mit 182 mg reinem CBD (0,61%)<\/strong><\/p>\n<p><em>Mit Magnolienextrakt (Magnolia grandiflora), Bakuchiol (Bu-Gu-Zhi-Extrakt), Silberweidenrinden-Extrakt, Guarana-Extrakt, Bio-Aloe Vera, Bio-Pflanzenglycerin, CBD (Cannabidiol), bioverfl\u00fcssigte Hanfkerne, VIBRES-Extrakt aus Bio-Cannabis-Sativa-Bl\u00e4ttern, \u00a0Ginseng-Extrakt, Bio-Neem\u00f6l, Saccharomyces Ferment Lysate Filtrate, Bio-Sonnenblumen\u00f6l, <\/em><em>Hyalurons\u00e4ure-Natriumsalz, <\/em><em>Soja-Lecithin, reines \u00e4therisches \u00d6l aus sizilianischen Roten Bio-Mandarine, Vitamin E, Fraktion extrahiert aus Rosmarin und Tarakernmehl <\/em><em>(peruanisches Johannisbrotkerngummi).<\/em><\/p>\n","protected":false},"featured_media":2692,"template":"","meta":[],"product_brand":[],"product_cat":[69,72],"product_tag":[],"class_list":{"0":"post-987","1":"product","2":"type-product","3":"status-publish","4":"has-post-thumbnail","6":"product_cat-gesichtspflege-de","7":"product_cat-reinigen-und-mattieren","9":"first","10":"instock","11":"taxable","12":"shipping-taxable","13":"purchasable","14":"product-type-simple","15":"add-to-wishlist-after_add_to_cart"},"jetpack_sharing_enabled":true,"tiered_pricing_type":"fixed","tiered_pricing_fixed_rules":[],"tiered_pricing_product_settings":{"layout":"default","base_unit_name":{"singular":null,"plural":null},"default_variation":null},"tiered_pricing_minimum_quantity":null,"tiered_pricing_roles_data":[],"tiered_pricing_percentage_rules":[],"tiered_pricing_maximum_quantity":null,"tiered_pricing_quantity_step":null,"_links":{"self":[{"href":"https:\/\/hemphilia.com\/de\/wp-json\/wp\/v2\/product\/987","targetHints":{"allow":["GET"]}}],"collection":[{"href":"https:\/\/hemphilia.com\/de\/wp-json\/wp\/v2\/product"}],"about":[{"href":"https:\/\/hemphilia.com\/de\/wp-json\/wp\/v2\/types\/product"}],"wp:featuredmedia":[{"embeddable":true,"href":"https:\/\/hemphilia.com\/de\/wp-json\/wp\/v2\/media\/2692"}],"wp:attachment":[{"href":"https:\/\/hemphilia.com\/de\/wp-json\/wp\/v2\/media?parent=987"}],"wp:term":[{"taxonomy":"product_brand","embeddable":true,"href":"https:\/\/hemphilia.com\/de\/wp-json\/wp\/v2\/product_brand?post=987"},{"taxonomy":"product_cat","embeddable":true,"href":"https:\/\/hemphilia.com\/de\/wp-json\/wp\/v2\/product_cat?post=987"},{"taxonomy":"product_tag","embeddable":true,"href":"https:\/\/hemphilia.com\/de\/wp-json\/wp\/v2\/product_tag?post=987"}],"curies":[{"name":"wp","href":"https:\/\/api.w.org\/{rel}","templated":true}]}}