{"id":988,"date":"2022-01-03T03:53:50","date_gmt":"2022-01-03T02:53:50","guid":{"rendered":"https:\/\/hemphilia.com\/product\/radiance-gesichtsmaske-mit-hanf-cbd-strahlende-und-feuchtigkeitsspendende-bio-formel-75-ml\/"},"modified":"2024-12-16T17:08:18","modified_gmt":"2024-12-16T16:08:18","slug":"radiance-gesichtsmaske-mit-hanf-cbd-strahlende-und-feuchtigkeitsspendende-bio-formel-75-ml","status":"publish","type":"product","link":"https:\/\/hemphilia.com\/de\/produkt\/radiance-gesichtsmaske-mit-hanf-cbd-strahlende-und-feuchtigkeitsspendende-bio-formel-75-ml\/","title":{"rendered":"RADIANCE GESICHTSMASKE MIT HANF &amp; CBD 75 ml"},"content":{"rendered":"<p>Schenkt der Haut Leuchtkraft f\u00fcr einen strahlenden, frischen und ebenm\u00e4\u00dfigen Teint. Hilft der empfindlichen Haut, sich vor \u00e4u\u00dferen Einfl\u00fcssen zu sch\u00fctzen, die zu R\u00f6tungen f\u00fchren k\u00f6nnen. Reinigt die Haut porentief, versorgt sie mit Feuchtigkeit und gibt ihr Spannkraft. Au\u00dferdem eine echte Unterst\u00fctzung bei fahler und zu Couperose neigender Haut f\u00fcr einen ausgeglichenen, leuchtenden Teint.<\/p>\n","protected":false},"excerpt":{"rendered":"<p><strong>Strahlende und feuchtigkeitsspendende Bio-formel<\/strong><\/p>\n<p><strong>mit 450 mg reinem CBD (0,6%)<\/strong><\/p>\n<p><em>Mit Bio-Hanfsamen\u00f6l, Kaolin, Bio-Aloe Vera, Bentonit, Lavendel Hydrolat, Granatapfel Fruchtsaft, Heidelbeer Fruchtsaft, Schwarzer Johannisbeersaft, Bio-Sonnenblumenkern\u00f6l, Weizenkeim\u00f6l, Bio-Pflanzenglycerin, Avocado\u00f6l, Hagebutten\u00f6l, Traubenkern \u00d6l, bioverfl\u00fcssigte Hanfkerne, Sizilianische Feigenkaktus-Extrakt, Cranberry-Extrakt, Bio-Calendulabl\u00fcten-Extrakt, Bio-Haferextrakt, reines CBD (Cannabidiol), VIBRES-Extrakt aus Bio-Cannabis-Sativa-Bl\u00e4ttern, Saccharomyces Ferment Lysate Filtrate, nat\u00fcrliches \u00e4therisches \u00d6l aus r\u00f6mischen Bio- Kamillenbl\u00fcten, Vitamin E, Fraktion extrahiert aus Rosmarin und Tarakernmehl <\/em><em>(peruanisches Johannisbrotkerngummi).<\/em><\/p>\n","protected":false},"featured_media":2698,"template":"","meta":[],"product_brand":[],"product_cat":[73,69,74],"product_tag":[],"class_list":{"0":"post-988","1":"product","2":"type-product","3":"status-publish","4":"has-post-thumbnail","6":"product_cat-fuechtigkeitsspendend-und-naehrend","7":"product_cat-gesichtspflege-de","8":"product_cat-roetungen-und-hypersensibilitaet","10":"first","11":"instock","12":"taxable","13":"shipping-taxable","14":"purchasable","15":"product-type-variable","16":"add-to-wishlist-after_add_to_cart"},"jetpack_sharing_enabled":true,"tiered_pricing_type":"fixed","tiered_pricing_fixed_rules":[],"tiered_pricing_product_settings":{"layout":"default","base_unit_name":{"singular":null,"plural":null},"default_variation":null},"tiered_pricing_minimum_quantity":null,"tiered_pricing_roles_data":[],"tiered_pricing_percentage_rules":[],"tiered_pricing_maximum_quantity":null,"tiered_pricing_quantity_step":null,"_links":{"self":[{"href":"https:\/\/hemphilia.com\/de\/wp-json\/wp\/v2\/product\/988","targetHints":{"allow":["GET"]}}],"collection":[{"href":"https:\/\/hemphilia.com\/de\/wp-json\/wp\/v2\/product"}],"about":[{"href":"https:\/\/hemphilia.com\/de\/wp-json\/wp\/v2\/types\/product"}],"wp:featuredmedia":[{"embeddable":true,"href":"https:\/\/hemphilia.com\/de\/wp-json\/wp\/v2\/media\/2698"}],"wp:attachment":[{"href":"https:\/\/hemphilia.com\/de\/wp-json\/wp\/v2\/media?parent=988"}],"wp:term":[{"taxonomy":"product_brand","embeddable":true,"href":"https:\/\/hemphilia.com\/de\/wp-json\/wp\/v2\/product_brand?post=988"},{"taxonomy":"product_cat","embeddable":true,"href":"https:\/\/hemphilia.com\/de\/wp-json\/wp\/v2\/product_cat?post=988"},{"taxonomy":"product_tag","embeddable":true,"href":"https:\/\/hemphilia.com\/de\/wp-json\/wp\/v2\/product_tag?post=988"}],"curies":[{"name":"wp","href":"https:\/\/api.w.org\/{rel}","templated":true}]}}