{"id":989,"date":"2022-01-03T01:16:21","date_gmt":"2022-01-03T00:16:21","guid":{"rendered":"https:\/\/hemphilia.com\/product\/new-skin-oil-control-maske-mit-hanf-cbd-75-ml\/"},"modified":"2024-12-16T17:08:18","modified_gmt":"2024-12-16T16:08:18","slug":"new-skin-oil-control-maske-mit-hanf-cbd-75-ml","status":"publish","type":"product","link":"https:\/\/hemphilia.com\/de\/produkt\/new-skin-oil-control-maske-mit-hanf-cbd-75-ml\/","title":{"rendered":"NEW SKIN OIL-CONTROL MASKE MIT HANF &amp; CBD 75 ml"},"content":{"rendered":"<p>Mit starker Erneuerungskraft: schenkt der Haut ein gesundes, seidiges Aussehen. Bringt die Produktion von Fett und Talg wieder ins Gleichgewicht und reduziert schnell und gr\u00fcndlich st\u00f6renden Glanz und Mitesser. Reinigt und versorgt die Haut porentief mit Feuchtigkeit f\u00fcr ein sauberes und gleichm\u00e4\u00dfiges Hautbild. Hilft auch, Hautausschl\u00e4ge bei oberfl\u00e4chliche Akne unter Kontrolle zu bringen. Bietet angenehme Linderung bei unreiner Haut.<\/p>\n<p>F\u00fcr ein optimales Ergebnis sollte das Produkt abwechselnd mit der NEW RADIANCE STRAHLENDE UND FEUCHTIGKEITSSPENDENDE MASKE MIT HANF &amp; CBD angewendet werden.<\/p>\n","protected":false},"excerpt":{"rendered":"<p><strong>Reinigend und adstringierend<\/strong><\/p>\n<p><strong>mit 375 mg reinem CBD (0,5%)<\/strong><\/p>\n<p><em>Mit Bio-Aloe Vera, Gr\u00fcner Ton, Wei\u00dfer Ton, Bentonit, Bio-Hanf\u00f6l, Thymian Hydrolat, Lavendel Hydrolat, Bio-Neem\u00f6l, Zinkoxid, Hagebutten\u00f6l, Bio-Sonnenblumenkern\u00f6l, Extrakt aus Boswellia serrata Harz, Ingwerwurzelextrakt, Traubenextrakt, Bio-Borretsch-Extrakt, Sesam\u00f6l, bioverfl\u00fcssigte Hanfkerne, Arnica-Montana-Bl\u00fctenextrakt, Teufelskrallenwurzel-Extrakt, Traubenkern\u00f6l, VIBRES-Extrakt aus Bio-Cannabis-Sativa-Bl\u00e4ttern, reines CBD (Cannabidiol), Saccharomyces Ferment Lysate Filtrate, \u00a0reines \u00e4therisches Bio-Teebaum\u00f6l, reines \u00e4therisches Bio-Sizilianisches rotes Mandarinen\u00f6l, reines \u00e4therisches Bio-Sizilianisches Zitronen\u00f6l, reines \u00e4therisches Bio-Nelkenknospen\u00f6l, Hypericum-Extrakt, Vitamin E, Retinol (Vitamin A), Fraktion extrahiert aus Rosmarin und Sojalecithin.<\/em><\/p>\n","protected":false},"featured_media":2707,"template":"","meta":[],"product_brand":[],"product_cat":[69,72],"product_tag":[],"class_list":{"0":"post-989","1":"product","2":"type-product","3":"status-publish","4":"has-post-thumbnail","6":"product_cat-gesichtspflege-de","7":"product_cat-reinigen-und-mattieren","9":"first","10":"instock","11":"taxable","12":"shipping-taxable","13":"purchasable","14":"product-type-simple","15":"add-to-wishlist-after_add_to_cart"},"jetpack_sharing_enabled":true,"tiered_pricing_type":"fixed","tiered_pricing_fixed_rules":[],"tiered_pricing_product_settings":{"layout":"default","base_unit_name":{"singular":null,"plural":null},"default_variation":null},"tiered_pricing_minimum_quantity":null,"tiered_pricing_roles_data":[],"tiered_pricing_percentage_rules":[],"tiered_pricing_maximum_quantity":null,"tiered_pricing_quantity_step":null,"_links":{"self":[{"href":"https:\/\/hemphilia.com\/de\/wp-json\/wp\/v2\/product\/989","targetHints":{"allow":["GET"]}}],"collection":[{"href":"https:\/\/hemphilia.com\/de\/wp-json\/wp\/v2\/product"}],"about":[{"href":"https:\/\/hemphilia.com\/de\/wp-json\/wp\/v2\/types\/product"}],"wp:featuredmedia":[{"embeddable":true,"href":"https:\/\/hemphilia.com\/de\/wp-json\/wp\/v2\/media\/2707"}],"wp:attachment":[{"href":"https:\/\/hemphilia.com\/de\/wp-json\/wp\/v2\/media?parent=989"}],"wp:term":[{"taxonomy":"product_brand","embeddable":true,"href":"https:\/\/hemphilia.com\/de\/wp-json\/wp\/v2\/product_brand?post=989"},{"taxonomy":"product_cat","embeddable":true,"href":"https:\/\/hemphilia.com\/de\/wp-json\/wp\/v2\/product_cat?post=989"},{"taxonomy":"product_tag","embeddable":true,"href":"https:\/\/hemphilia.com\/de\/wp-json\/wp\/v2\/product_tag?post=989"}],"curies":[{"name":"wp","href":"https:\/\/api.w.org\/{rel}","templated":true}]}}