{"id":990,"date":"2022-01-02T18:11:11","date_gmt":"2022-01-02T17:11:11","guid":{"rendered":"https:\/\/hemphilia.com\/product\/new-skin-ausgleichende-und-mattierende-feuchtigkeitscreme-mit-hanf-cbd-40-ml\/"},"modified":"2025-11-18T08:37:34","modified_gmt":"2025-11-18T07:37:34","slug":"new-skin-ausgleichende-und-mattierende-feuchtigkeitscreme-mit-hanf-cbd-40-ml","status":"publish","type":"product","link":"https:\/\/hemphilia.com\/de\/produkt\/new-skin-ausgleichende-und-mattierende-feuchtigkeitscreme-mit-hanf-cbd-40-ml\/","title":{"rendered":"NEW SKIN AUSGLEICHENDE UND MATTIERENDE MIT HANF &amp; CBD 40 ml"},"content":{"rendered":"<div class=\"wpb-content-wrapper\"><p>[vc_row unlock_row_content=&#8221;yes&#8221; row_height_percent=&#8221;0&#8243; override_padding=&#8221;yes&#8221; h_padding=&#8221;0&#8243; top_padding=&#8221;0&#8243; bottom_padding=&#8221;0&#8243; overlay_alpha=&#8221;50&#8243; gutter_size=&#8221;3&#8243; column_width_percent=&#8221;100&#8243; shift_y=&#8221;0&#8243; z_index=&#8221;0&#8243; content_parallax=&#8221;0&#8243; uncode_shortcode_id=&#8221;958498&#8243;][vc_column column_width_percent=&#8221;100&#8243; position_vertical=&#8221;middle&#8221; gutter_size=&#8221;2&#8243; overlay_alpha=&#8221;50&#8243; shift_x=&#8221;0&#8243; shift_y=&#8221;0&#8243; shift_y_down=&#8221;0&#8243; z_index=&#8221;0&#8243; medium_width=&#8221;0&#8243; mobile_width=&#8221;0&#8243; width=&#8221;1\/1&#8243; uncode_shortcode_id=&#8221;109854&#8243;][vc_tabs tab_switch=&#8221;yes&#8221; typography=&#8221;advanced&#8221; tab_no_border=&#8221;yes&#8221; titles_size=&#8221;h6&#8243; titles_weight=&#8221;700&#8243; product_from_builder=&#8221;yes&#8221; uncode_shortcode_id=&#8221;200277&#8243;][vc_tab gutter_size=&#8221;2&#8243; column_padding=&#8221;2&#8243; title=&#8221;Beschreibung&#8221; tab_id=&#8221;04814&#8243; product_from_builder=&#8221;yes&#8221;][vc_column_text uncode_shortcode_id=&#8221;967258&#8243;]Reduziert das unebenm\u00e4ssige Hautbild bei Mischhaut, unreiner Haut und oberfl\u00e4chliche Akne. Die Creme reinigt die Haut porentief und bek\u00e4mpft erweiterte Poren, Mitesser und Pickelchen. Der Teint wird revitalisiert und wirkt frischer und belebter. Die nat\u00fcrlichen, biologischen Inhaltsstoffe verst\u00e4rken in Verbindung mit CBD die talgreduzierenden Eigenschaften der Creme und helfen dabei, die Entz\u00fcndung von Mitessern auf der Hautoberfl\u00e4che zu reduzieren. Der bei unreiner Haut meist gl\u00e4nzende, fahl wirkende Teint erh\u00e4lt ein gesundes, strahlendes Aussehen mit Matteffekt.[\/vc_column_text][\/vc_tab][vc_tab gutter_size=&#8221;2&#8243; column_padding=&#8221;2&#8243; title=&#8221;CBD-Gehalt&#8221; tab_id=&#8221;04824&#8243; product_from_builder=&#8221;yes&#8221;][vc_column_text uncode_shortcode_id=&#8221;149099&#8243;]CBD VIBES Extract: 200 mg<br \/>PURE CBD CONTENT AVERAGE: 321 mg<br \/>PURE CBD % CONTENT AVERAGE: 0,8%[\/vc_column_text][\/vc_tab][vc_tab gutter_size=&#8221;2&#8243; column_padding=&#8221;2&#8243; title=&#8221;Richtung der Verwendung&#8221; tab_id=&#8221;04835&#8243; product_from_builder=&#8221;yes&#8221;][vc_column_text uncode_shortcode_id=&#8221;111840&#8243;]Morgens und abends auf Gesicht und Hals auftragen und leicht einmassieren, bis es eingezogen ist.[\/vc_column_text][\/vc_tab][vc_tab gutter_size=&#8221;2&#8243; column_padding=&#8221;2&#8243; title=&#8221;Warnhinweis&#8221; tab_id=&#8221;04841&#8243; product_from_builder=&#8221;yes&#8221;][vc_column_text uncode_shortcode_id=&#8221;882097&#8243;]Nicht bei trockener Haut und f\u00fcr andere als die angegebenen Zwecke verwenden.<\/p>\n<p>F\u00fcr Kinder unzug\u00e4nglich aufbewahren.<\/p>\n<p>Nur zur \u00e4u\u00dferen Anwendung. Nicht verschlucken.<\/p>\n<p>Zwischen 15-25\u00b0C, an einem trockenen Ort, vor Hitze (Heizungsanlagen) und direktem Licht gesch\u00fctzt lagern.<\/p>\n<p>Nicht wiederholten vor\u00fcbergehenden Temperaturschocks \u00fcber 40\u00b0C und unter 5\u00b0 C aussetzen.[\/vc_column_text][\/vc_tab][vc_tab gutter_size=&#8221;2&#8243; column_padding=&#8221;2&#8243; title=&#8221;INCI&#8221; tab_id=&#8221;1732444296999-4-8&#8243;][vc_column_text uncode_shortcode_id=&#8221;313951&#8243;]INGREDIENTS: AQUA, ALOE BARBADENSIS LEAF JUICE**, LAVANDULA ANGUSTIFOLIA FLOWER WATER, THYMUS VULGARIS LEAF WATER, GLYCERIN**, MELIA AZADIRACHTA SEED OIL**, GLYCERYL STEARATE, STEARYL ALCOHOL, CANNABIS SATIVA SEED OIL**, CETEARYL GLUCOSIDE, AVENA SATIVA KERNEL EXTRACT**, BORAGO OFFICINALIS EXTRACT**, VITIS VINIFERA FRUIT EXTRACT**, ROSA MOSCHATA SEED OIL, CANNABIDIOL &#8211; DERIVED FROM EXTRACT OR TINCTURE OR RESIN OF CANNABIS***, CANNABIS SATIVA SEED EXTRACT***, CANNABIS SATIVA LEAF EXTRACT**, BOSWELLIA SERRATA RESIN EXTRACT**, ZINGIBER OFFICINALE ROOT EXTRACT**, SODIUM HYALURONATE, CHAMOMILLA RECUTITA FLOWER EXTRACT**, HELIANTHUS ANNUUS SEED OIL**, CITRUS NOBILIS PEEL OIL**, ARNICA MONTANA FLOWER EXTRACT, HYDROLYZED HYALURONIC ACID, CITRUS LIMON PEEL OIL**, HARPAGOPHYTUM PROCUMBENS ROOT EXTRACT, CYMBOPOGON MARTINI (PALMAROSA) OIL**, EUGENIA CARYOPHYLLUS (CLOVE) BUD OIL**, PELARGONIUM GRAVEOLENS FLOWER OIL**, BENTONITE, ZINC OXIDE, RETINYL PALMITATE, ROSMARINUS OFFICINALIS LEAF EXTRACT, TOCOPHEROL, CAESALPINIA SPINOSA GUM, SUNFLOWER SEED OIL GLYCERIDES, DATEM, LECITHIN, CETEARYL ALCOHOL, PARFUM, TETRASODIUM GLUTAMATE DIACETATE, BENZOIC ACID, DEHYDROACETIC ACID, LIMONENE*, GERANIOL*, EUGENOL*, CITRONELLOL*, LINALOOL*, CITRAL*, FARNESOL*, BENZYL ALCOHOL.<\/p>\n<p>*** COSMOS, NATRUE or ECOCERT criteria certified \/ certifi\u00e9s crit\u00e8res COSMOS, NATRUE ou ECOCERT \/ COSMOS-, NATRUE- oder ECOCERT-Kriterien zertifiziert \/ certificato COSMOS, NATRUE o ECOCERT \/ Certificado seg\u00fan los criterios de COSMOS, NATRUE o ECOCERT<br \/>** from certified organic farming \/ issu de l\u2019agriculture biologique certifi\u00e9e naturelle \/ aus kontrolliert biologischem Anbau \/ da agricoltura biologica certificata \/ de agricultura ecol\u00f3gica certificada<br \/>* content of natural essential oils \/ contient des huiles essentielles \/ aus nat\u00fcrlichen \u00e4therischen \u00d6len \/ da oli essenziali naturali \/ de aceites esenciales naturales[\/vc_column_text][\/vc_tab][\/vc_tabs][\/vc_column][\/vc_row]<\/p>\n<\/div>","protected":false},"excerpt":{"rendered":"<p><strong>F\u00fcr Mischhaut und zu Unreinheiten neigende Haut mit 321 mg rein CBD (0,8%).<\/strong> Mit Bio-Aloe Vera, Bio-Hafer-Extrakt, Hydrolat aus Lavendelbl\u00fcten, Hydrolat aus Thymian, Bio-Neem\u00f6l, Bentonit, Bio-Hanf\u00f6l, Bio-Borretsch-Extrakt, Weintrauben-Extrakt, Hagebutten\u00f6l, CBD (Cannabidiol), bioverfl\u00fcssigte Hanfkerne, VIBRES-Extrakt aus Bio-Cannabis-Sativa-Bl\u00e4ttern, Extrakt aus dem Harz des Ind. Weihrauchs, Ingwerwurzel-Extrakt, Zinkoxid, pflanzliches Bio-Glycerin, Bio-Kamillenbl\u00fcten-Extrakt, Bio-Sonnenblumenkern\u00f6l, reines \u00e4therisches \u00d6l von roten Mandarinen aus Sizilien (Bio), Arnikabl\u00fcten-Extrakt, Hyalurons\u00e4ure mit extrem niedriger Molek\u00fclmasse, reines \u00e4therisches \u00d6l von sizilianischen Zitronen (Bio), Extrakt aus Wurzeln der Afr. Teufelskralle, reines \u00e4therisches Bio-Palmarosa-\u00d6l, Tarakernmehl (peruanisches Johannisbrotkerngummi), reines \u00e4therisches Bio-Nelken\u00f6l, Retinol (Vitamin A), reines \u00e4therisches Geranium\u00f6l Bourbon, fraktioniertes Rosmarin-Extrakt, Sojalecithin, Vitamin E.<\/p>\n","protected":false},"featured_media":2713,"template":"","meta":[],"product_brand":[],"product_cat":[69,72],"product_tag":[],"class_list":{"0":"post-990","1":"product","2":"type-product","3":"status-publish","4":"has-post-thumbnail","6":"product_cat-gesichtspflege-de","7":"product_cat-reinigen-und-mattieren","9":"first","10":"instock","11":"taxable","12":"shipping-taxable","13":"purchasable","14":"product-type-simple","15":"add-to-wishlist-after_add_to_cart"},"jetpack_sharing_enabled":true,"tiered_pricing_type":"fixed","tiered_pricing_fixed_rules":[],"tiered_pricing_product_settings":{"layout":"default","base_unit_name":{"singular":null,"plural":null},"default_variation":null},"tiered_pricing_minimum_quantity":null,"tiered_pricing_roles_data":[],"tiered_pricing_percentage_rules":[],"tiered_pricing_maximum_quantity":null,"tiered_pricing_quantity_step":null,"_links":{"self":[{"href":"https:\/\/hemphilia.com\/de\/wp-json\/wp\/v2\/product\/990","targetHints":{"allow":["GET"]}}],"collection":[{"href":"https:\/\/hemphilia.com\/de\/wp-json\/wp\/v2\/product"}],"about":[{"href":"https:\/\/hemphilia.com\/de\/wp-json\/wp\/v2\/types\/product"}],"wp:featuredmedia":[{"embeddable":true,"href":"https:\/\/hemphilia.com\/de\/wp-json\/wp\/v2\/media\/2713"}],"wp:attachment":[{"href":"https:\/\/hemphilia.com\/de\/wp-json\/wp\/v2\/media?parent=990"}],"wp:term":[{"taxonomy":"product_brand","embeddable":true,"href":"https:\/\/hemphilia.com\/de\/wp-json\/wp\/v2\/product_brand?post=990"},{"taxonomy":"product_cat","embeddable":true,"href":"https:\/\/hemphilia.com\/de\/wp-json\/wp\/v2\/product_cat?post=990"},{"taxonomy":"product_tag","embeddable":true,"href":"https:\/\/hemphilia.com\/de\/wp-json\/wp\/v2\/product_tag?post=990"}],"curies":[{"name":"wp","href":"https:\/\/api.w.org\/{rel}","templated":true}]}}