{"id":991,"date":"2022-01-02T21:03:50","date_gmt":"2022-01-02T20:03:50","guid":{"rendered":"https:\/\/hemphilia.com\/product\/new-skin-seidig-mattierendes-gesichtsgel-mit-sofort-effekt-mit-cbd-und-hanf-40-ml\/"},"modified":"2024-12-16T17:08:18","modified_gmt":"2024-12-16T16:08:18","slug":"new-skin-seidig-mattierendes-gesichtsgel-mit-sofort-effekt-mit-cbd-und-hanf-40-ml","status":"publish","type":"product","link":"https:\/\/hemphilia.com\/de\/produkt\/new-skin-seidig-mattierendes-gesichtsgel-mit-sofort-effekt-mit-cbd-und-hanf-40-ml\/","title":{"rendered":"NEW SKIN SEIDIG MATTIERENDES GESICHTSGEL MIT SOFORT-EFFEKT MIT CBD UND HANF  40 ml"},"content":{"rendered":"<p>Beeindruckende Balance f\u00fcr einen seidigen Teint bei Mischhaut, unreiner Haut oder zu oberfl\u00e4chliche Akne neigender Haut.<\/p>\n<p>Das Gesichtsgel stellt die richtige Versorgung mit Feuchtigkeit wieder her, regt die Mikrozirkulation an und reduziert ein fahles und gl\u00e4nzendes Aussehen der Haut. Dank der F\u00e4higkeit, die biologische Funktion der Hautzellen zu regulieren, verleiht es der Epidermis ein erfrischtes und faszinierendes Aussehen und gibt ihr ihren optimalen Zustand zur\u00fcck. Das Gesicht bekommt wieder Farbe, wirkt reiner und mattierter, mit einem unvergleichlich jugendlichen Teint.<\/p>\n","protected":false},"excerpt":{"rendered":"<p><strong>Belebend und erfrischend<\/strong><\/p>\n<p><strong>mit 201 mg reinem CBD (0,5%)<\/strong><\/p>\n<p><em>Mit Bio-Aloe Vera, Thymian Hydrolat, Bio-Borrage-Extrakt, Bio-Hafer-Extrakt, Ginseng-Extrakt, Guarana-Extrakt, Trauben-Extrakt, Bio-Pflanzen-Glycerin, Bio-Neem\u00f6l, bioverfl\u00fcssigte Hanfkerne, <\/em><em>Hyalurons\u00e4ure-Natriumsalz, <\/em><em>CBD (Cannabidiol), Boswellia Serrata-Harz-Extrakt, Ingwerwurzel-Extrakt, Saccharomyces Ferment Lysate Filtrate, Bio-Sonnenblumen\u00f6l, reines \u00e4therisches \u00d6l aus sizilianischen Roten Bio-Mandarine, VIBRES-Extrakt aus Bio-Cannabis-Sativa-Bl\u00e4ttern, reines \u00e4therisches Bio-Lavendel\u00f6l, reines \u00e4therisches \u00d6l aus sizilianischen Bio-Zitrone, reines Bio-Geranie Bourbon \u00e4therisches \u00d6l, Vitamin E, Fraktion extrahiert aus Rosmarin und Tarakernmehl <\/em><em>(peruanisches Johannisbrotkerngummi).<\/em><\/p>\n","protected":false},"featured_media":2695,"template":"","meta":[],"product_brand":[],"product_cat":[69,72],"product_tag":[],"class_list":{"0":"post-991","1":"product","2":"type-product","3":"status-publish","4":"has-post-thumbnail","6":"product_cat-gesichtspflege-de","7":"product_cat-reinigen-und-mattieren","9":"first","10":"instock","11":"taxable","12":"shipping-taxable","13":"purchasable","14":"product-type-simple","15":"add-to-wishlist-after_add_to_cart"},"jetpack_sharing_enabled":true,"tiered_pricing_type":"fixed","tiered_pricing_fixed_rules":[],"tiered_pricing_product_settings":{"layout":"default","base_unit_name":{"singular":null,"plural":null},"default_variation":null},"tiered_pricing_minimum_quantity":null,"tiered_pricing_roles_data":[],"tiered_pricing_percentage_rules":[],"tiered_pricing_maximum_quantity":null,"tiered_pricing_quantity_step":null,"_links":{"self":[{"href":"https:\/\/hemphilia.com\/de\/wp-json\/wp\/v2\/product\/991","targetHints":{"allow":["GET"]}}],"collection":[{"href":"https:\/\/hemphilia.com\/de\/wp-json\/wp\/v2\/product"}],"about":[{"href":"https:\/\/hemphilia.com\/de\/wp-json\/wp\/v2\/types\/product"}],"wp:featuredmedia":[{"embeddable":true,"href":"https:\/\/hemphilia.com\/de\/wp-json\/wp\/v2\/media\/2695"}],"wp:attachment":[{"href":"https:\/\/hemphilia.com\/de\/wp-json\/wp\/v2\/media?parent=991"}],"wp:term":[{"taxonomy":"product_brand","embeddable":true,"href":"https:\/\/hemphilia.com\/de\/wp-json\/wp\/v2\/product_brand?post=991"},{"taxonomy":"product_cat","embeddable":true,"href":"https:\/\/hemphilia.com\/de\/wp-json\/wp\/v2\/product_cat?post=991"},{"taxonomy":"product_tag","embeddable":true,"href":"https:\/\/hemphilia.com\/de\/wp-json\/wp\/v2\/product_tag?post=991"}],"curies":[{"name":"wp","href":"https:\/\/api.w.org\/{rel}","templated":true}]}}