{"id":997,"date":"2020-12-04T00:34:05","date_gmt":"2020-12-03T23:34:05","guid":{"rendered":"https:\/\/hemphilia.com\/product\/mildes-shampoo-mit-hanf-cbd-haarreparatur-200-ml\/"},"modified":"2024-12-16T17:08:19","modified_gmt":"2024-12-16T16:08:19","slug":"mildes-shampoo-mit-hanf-cbd-haarreparatur-200-ml","status":"publish","type":"product","link":"https:\/\/hemphilia.com\/de\/produkt\/mildes-shampoo-mit-hanf-cbd-haarreparatur-200-ml\/","title":{"rendered":"MILDES SHAMPOO MIT HANF &amp; CBD 200 ml"},"content":{"rendered":"<p>Hanfextrakt und CBD unterst\u00fctzen die Reparatur des Haars, geben ihm mehr Lichtreflexe und machen es gleichzeitig elastischer und voller. Die Haare werden kr\u00e4ftiger, ges\u00fcnder und vitaler.<\/p>\n","protected":false},"excerpt":{"rendered":"<p><strong>Haarreparatur<\/strong><\/p>\n<p><strong>mit 21 mg reinem CBD (&lt;0,1%)<\/strong><\/p>\n<p><em>Mit Bio-Hanfsamen\u00f6l, Bio-Aloe Vera, Weizenprotein, Panthenol, \u00d6lkrambenkern Phytosterole, Kreatin, Bio Kokos\u00f6l,<\/em> <em>C<\/em><em>BD (Cannabidiol), Oliven\u00f6l-Fraktion und biologischem Ringelblumenbl\u00fcten-Extrakt.<\/em><\/p>\n","protected":false},"featured_media":2818,"template":"","meta":[],"product_brand":[],"product_cat":[82],"product_tag":[],"class_list":{"0":"post-997","1":"product","2":"type-product","3":"status-publish","4":"has-post-thumbnail","6":"product_cat-haare","8":"first","9":"instock","10":"taxable","11":"shipping-taxable","12":"purchasable","13":"product-type-simple","14":"add-to-wishlist-after_add_to_cart"},"jetpack_sharing_enabled":true,"tiered_pricing_type":"fixed","tiered_pricing_fixed_rules":[],"tiered_pricing_product_settings":{"layout":"default","base_unit_name":{"singular":null,"plural":null},"default_variation":null},"tiered_pricing_minimum_quantity":null,"tiered_pricing_roles_data":[],"tiered_pricing_percentage_rules":[],"tiered_pricing_maximum_quantity":null,"tiered_pricing_quantity_step":null,"_links":{"self":[{"href":"https:\/\/hemphilia.com\/de\/wp-json\/wp\/v2\/product\/997","targetHints":{"allow":["GET"]}}],"collection":[{"href":"https:\/\/hemphilia.com\/de\/wp-json\/wp\/v2\/product"}],"about":[{"href":"https:\/\/hemphilia.com\/de\/wp-json\/wp\/v2\/types\/product"}],"wp:featuredmedia":[{"embeddable":true,"href":"https:\/\/hemphilia.com\/de\/wp-json\/wp\/v2\/media\/2818"}],"wp:attachment":[{"href":"https:\/\/hemphilia.com\/de\/wp-json\/wp\/v2\/media?parent=997"}],"wp:term":[{"taxonomy":"product_brand","embeddable":true,"href":"https:\/\/hemphilia.com\/de\/wp-json\/wp\/v2\/product_brand?post=997"},{"taxonomy":"product_cat","embeddable":true,"href":"https:\/\/hemphilia.com\/de\/wp-json\/wp\/v2\/product_cat?post=997"},{"taxonomy":"product_tag","embeddable":true,"href":"https:\/\/hemphilia.com\/de\/wp-json\/wp\/v2\/product_tag?post=997"}],"curies":[{"name":"wp","href":"https:\/\/api.w.org\/{rel}","templated":true}]}}