{"id":998,"date":"2020-12-04T00:32:20","date_gmt":"2020-12-03T23:32:20","guid":{"rendered":"https:\/\/hemphilia.com\/product\/sport-gel-sofort-relief-mit-cbd-mit-waerme-effekt30-ml\/"},"modified":"2025-12-04T11:32:59","modified_gmt":"2025-12-04T10:32:59","slug":"sport-gel-sofort-relief-mit-cbd-mit-waerme-effekt-30-ml","status":"publish","type":"product","link":"https:\/\/hemphilia.com\/de\/produkt\/sport-gel-sofort-relief-mit-cbd-mit-waerme-effekt-30-ml\/","title":{"rendered":"SPORT GEL SOFORT-RELIEF MIT CBD 30 ml"},"content":{"rendered":"<p>Speziell f\u00fcr die Anwendung beim Sport. Bietet Sofort-Relief nach k\u00f6rperlicher Anstrengung und Unterst\u00fctzung beim Training. Das Gel zieht sehr schnell ein und eignet sich somit zur Linderung von Haut- und Muskelbeschwerden nach Belastung durch Sport oder \u00dcberanstrengung sowie nach Verletzungen unterschiedlichster Art. Dank des W\u00e4rme-Effekts kann es auch sehr gut vor dem Sport angewendet werden, um Haut und Muskeln auf die Anstrengung vorzubereiten und sie widerstandsf\u00e4higer zu machen.<\/p>\n","protected":false},"excerpt":{"rendered":"<p><strong>Mit W\u00e4rme-Effekt<\/strong><\/p>\n<p><strong>mit 450 mg reinem CBD (1,5%)<\/strong><\/p>\n<p><em>Mit Bio-Aloe Vera, Oliven\u00f6l-Fraktion, Bio-Hanfsamen\u00f6l, Arnica-montana-Bl\u00fcten-Extrakt, reines \u00e4therisches Bio-Pfefferminz\u00f6l, nat\u00fcrlichem Menthol, VIBRES-Extrakt aus Bio-Cannabis-Sativa-Bl\u00e4ttern, Bio-Kamillenbl\u00fcten-Extrakt, CBD (Cannabidiol), pflanzliches Glycerin, reines \u00e4therisches Bio-Nelken\u00f6l, Teufelskrallenwurzel-Extrakt.<\/em><\/p>\n","protected":false},"featured_media":2773,"template":"","meta":[],"product_brand":[],"product_cat":[68],"product_tag":[],"class_list":{"0":"post-998","1":"product","2":"type-product","3":"status-publish","4":"has-post-thumbnail","6":"product_cat-sport-and-relief-erste-hilfe-de","8":"first","9":"instock","10":"taxable","11":"shipping-taxable","12":"purchasable","13":"product-type-simple","14":"add-to-wishlist-after_add_to_cart"},"jetpack_sharing_enabled":true,"tiered_pricing_type":"fixed","tiered_pricing_fixed_rules":[],"tiered_pricing_product_settings":{"layout":"default","base_unit_name":{"singular":null,"plural":null},"default_variation":null},"tiered_pricing_minimum_quantity":null,"tiered_pricing_roles_data":[],"tiered_pricing_percentage_rules":[],"tiered_pricing_maximum_quantity":null,"tiered_pricing_quantity_step":null,"_links":{"self":[{"href":"https:\/\/hemphilia.com\/de\/wp-json\/wp\/v2\/product\/998","targetHints":{"allow":["GET"]}}],"collection":[{"href":"https:\/\/hemphilia.com\/de\/wp-json\/wp\/v2\/product"}],"about":[{"href":"https:\/\/hemphilia.com\/de\/wp-json\/wp\/v2\/types\/product"}],"wp:featuredmedia":[{"embeddable":true,"href":"https:\/\/hemphilia.com\/de\/wp-json\/wp\/v2\/media\/2773"}],"wp:attachment":[{"href":"https:\/\/hemphilia.com\/de\/wp-json\/wp\/v2\/media?parent=998"}],"wp:term":[{"taxonomy":"product_brand","embeddable":true,"href":"https:\/\/hemphilia.com\/de\/wp-json\/wp\/v2\/product_brand?post=998"},{"taxonomy":"product_cat","embeddable":true,"href":"https:\/\/hemphilia.com\/de\/wp-json\/wp\/v2\/product_cat?post=998"},{"taxonomy":"product_tag","embeddable":true,"href":"https:\/\/hemphilia.com\/de\/wp-json\/wp\/v2\/product_tag?post=998"}],"curies":[{"name":"wp","href":"https:\/\/api.w.org\/{rel}","templated":true}]}}