{"id":999,"date":"2020-12-04T00:30:57","date_gmt":"2020-12-03T23:30:57","guid":{"rendered":"https:\/\/hemphilia.com\/product\/restoratives-duschgel-mit-hanf-erfrischend-belebend-cbd-200-ml\/"},"modified":"2024-12-16T17:08:19","modified_gmt":"2024-12-16T16:08:19","slug":"restoratives-duschgel-mit-hanf-erfrischend-belebend-cbd-200-ml","status":"publish","type":"product","link":"https:\/\/hemphilia.com\/de\/produkt\/restoratives-duschgel-mit-hanf-erfrischend-belebend-cbd-200-ml\/","title":{"rendered":"RESTORATIVES DUSCHGEL MIT HANF &amp; CBD 200 ml"},"content":{"rendered":"<p>Das Duschgel ist besonders schonend f\u00fcr die Haut, reinigt sanft und unterst\u00fctzt die nat\u00fcrliche Hautbarriere. Hanfextrakt, CBD, nat\u00fcrliche \u00e4therische \u00d6le, Bio-Minze und Bio-Orange wirken belebend auf Geist und K\u00f6rper. Besonders wertvoll in stressigen Zeiten, das Duschgel mildert das Gef\u00fchl von Ersch\u00f6pfung und unterst\u00fctzt die Entspannung von K\u00f6rper und Seele. Auch f\u00fcr Kinder geeignet.<\/p>\n","protected":false},"excerpt":{"rendered":"<p><strong>Erfrischend und belebend<\/strong><\/p>\n<p><strong>mit 19 mg reinem CBD (&lt;0,1%)<\/strong><\/p>\n<p><em>Mit Bio-Kamillenbl\u00fcten-Extrakt, Bio-Aloe Vera, Bio-Hafer-Extrakt, Bio-Ringelblumenbl\u00fcten-Extrakt, Bio-Hanfsamen\u00f6l, reines \u00e4therische Sizilianisches Bio-S\u00fc\u00dforangen\u00f6l, reines \u00e4therisches Bio-Pfefferminz\u00f6l, \u00d6lkrambenkern Phytosterole, VIBRES-Extrakt aus Bio-Cannabis-Sativa-Bl\u00e4ttern, CBD (Cannabidiol) und pflanzlichem Bio-Glycerin.<\/em><\/p>\n","protected":false},"featured_media":2776,"template":"","meta":[],"product_brand":[],"product_cat":[70],"product_tag":[],"class_list":{"0":"post-999","1":"product","2":"type-product","3":"status-publish","4":"has-post-thumbnail","6":"product_cat-koerper","8":"first","9":"instock","10":"taxable","11":"shipping-taxable","12":"purchasable","13":"product-type-simple","14":"add-to-wishlist-after_add_to_cart"},"jetpack_sharing_enabled":true,"tiered_pricing_type":"fixed","tiered_pricing_fixed_rules":[],"tiered_pricing_product_settings":{"layout":"default","base_unit_name":{"singular":null,"plural":null},"default_variation":null},"tiered_pricing_minimum_quantity":null,"tiered_pricing_roles_data":[],"tiered_pricing_percentage_rules":[],"tiered_pricing_maximum_quantity":null,"tiered_pricing_quantity_step":null,"_links":{"self":[{"href":"https:\/\/hemphilia.com\/de\/wp-json\/wp\/v2\/product\/999","targetHints":{"allow":["GET"]}}],"collection":[{"href":"https:\/\/hemphilia.com\/de\/wp-json\/wp\/v2\/product"}],"about":[{"href":"https:\/\/hemphilia.com\/de\/wp-json\/wp\/v2\/types\/product"}],"wp:featuredmedia":[{"embeddable":true,"href":"https:\/\/hemphilia.com\/de\/wp-json\/wp\/v2\/media\/2776"}],"wp:attachment":[{"href":"https:\/\/hemphilia.com\/de\/wp-json\/wp\/v2\/media?parent=999"}],"wp:term":[{"taxonomy":"product_brand","embeddable":true,"href":"https:\/\/hemphilia.com\/de\/wp-json\/wp\/v2\/product_brand?post=999"},{"taxonomy":"product_cat","embeddable":true,"href":"https:\/\/hemphilia.com\/de\/wp-json\/wp\/v2\/product_cat?post=999"},{"taxonomy":"product_tag","embeddable":true,"href":"https:\/\/hemphilia.com\/de\/wp-json\/wp\/v2\/product_tag?post=999"}],"curies":[{"name":"wp","href":"https:\/\/api.w.org\/{rel}","templated":true}]}}