{"id":3192,"date":"2024-12-10T12:25:32","date_gmt":"2024-12-10T11:25:32","guid":{"rendered":"https:\/\/hemphilia.com\/chi-siamo\/"},"modified":"2024-12-12T16:07:58","modified_gmt":"2024-12-12T15:07:58","slug":"chi-siamo","status":"publish","type":"page","link":"https:\/\/hemphilia.com\/it\/chi-siamo\/","title":{"rendered":"Chi siamo"},"content":{"rendered":"<div class=\"wpb-content-wrapper\"><p>[vc_row unlock_row_content=&#8221;yes&#8221; row_height_percent=&#8221;100&#8243; override_padding=&#8221;yes&#8221; h_padding=&#8221;5&#8243; top_padding=&#8221;0&#8243; bottom_padding=&#8221;3&#8243; back_image=&#8221;2197&#8243; multiple_media=&#8221;yes&#8221; back_position=&#8221;center bottom&#8221; overlay_alpha=&#8221;50&#8243; gutter_size=&#8221;3&#8243; column_width_percent=&#8221;100&#8243; shift_y=&#8221;0&#8243; z_index=&#8221;0&#8243; content_parallax=&#8221;0&#8243; uncode_shortcode_id=&#8221;714831&#8243;][vc_column column_width_percent=&#8221;50&#8243; position_vertical=&#8221;middle&#8221; align_horizontal=&#8221;align_center&#8221; gutter_size=&#8221;3&#8243; style=&#8221;dark&#8221; overlay_alpha=&#8221;50&#8243; shift_x=&#8221;0&#8243; shift_y=&#8221;0&#8243; shift_y_down=&#8221;0&#8243; z_index=&#8221;0&#8243; medium_width=&#8221;0&#8243; mobile_width=&#8221;0&#8243; width=&#8221;1\/1&#8243; uncode_shortcode_id=&#8221;569390&#8243; mobile_height=&#8221;500&#8243;][vc_row_inner][vc_column_inner column_width_percent=&#8221;100&#8243; position_vertical=&#8221;middle&#8221; align_horizontal=&#8221;align_center&#8221; gutter_size=&#8221;3&#8243; style=&#8221;dark&#8221; overlay_alpha=&#8221;50&#8243; shift_x=&#8221;0&#8243; shift_y=&#8221;0&#8243; shift_y_down=&#8221;0&#8243; z_index=&#8221;0&#8243; medium_width=&#8221;0&#8243; mobile_width=&#8221;0&#8243; width=&#8221;1\/1&#8243; uncode_shortcode_id=&#8221;214097&#8243;][vc_custom_heading heading_semantic=&#8221;h1&#8243; text_size=&#8221;bigtext&#8221; text_weight=&#8221;700&#8243; css_animation=&#8221;zoom-in&#8221; animation_speed=&#8221;1000&#8243; animation_delay=&#8221;200&#8243; uncode_shortcode_id=&#8221;144271&#8243;]Dove la scienza incontra la natura[\/vc_custom_heading][\/vc_column_inner][\/vc_row_inner][\/vc_column][\/vc_row][vc_row unlock_row_content=&#8221;yes&#8221; row_height_percent=&#8221;0&#8243; override_padding=&#8221;yes&#8221; h_padding=&#8221;5&#8243; top_padding=&#8221;5&#8243; bottom_padding=&#8221;5&#8243; overlay_alpha=&#8221;50&#8243; equal_height=&#8221;yes&#8221; gutter_size=&#8221;5&#8243; column_width_percent=&#8221;100&#8243; shift_y=&#8221;0&#8243; z_index=&#8221;0&#8243; content_parallax=&#8221;0&#8243; uncode_shortcode_id=&#8221;138418&#8243;][vc_column column_width_percent=&#8221;75&#8243; position_vertical=&#8221;justify&#8221; gutter_size=&#8221;0&#8243; overlay_alpha=&#8221;50&#8243; shift_x=&#8221;0&#8243; shift_y=&#8221;0&#8243; shift_y_down=&#8221;0&#8243; z_index=&#8221;0&#8243; medium_width=&#8221;0&#8243; mobile_width=&#8221;0&#8243; width=&#8221;1\/1&#8243; uncode_shortcode_id=&#8221;135878&#8243;][vc_row_inner][vc_column_inner width=&#8221;1\/4&#8243;][\/vc_column_inner][vc_column_inner column_width_percent=&#8221;100&#8243; gutter_size=&#8221;0&#8243; overlay_alpha=&#8221;50&#8243; shift_x=&#8221;0&#8243; shift_y=&#8221;0&#8243; shift_y_down=&#8221;0&#8243; z_index=&#8221;0&#8243; medium_width=&#8221;0&#8243; mobile_width=&#8221;0&#8243; toggle=&#8221;yes&#8221; max_height=&#8221;55vh&#8221; closed_txt=&#8221;READ MORE&#8221; btn_margin=&#8221;std&#8221; open_txt=&#8221;CLOSE&#8221; fade=&#8221;sm&#8221; btn_align=&#8221;left&#8221; toggle_scroll=&#8221;yes&#8221; width=&#8221;1\/2&#8243; uncode_shortcode_id=&#8221;275208&#8243; toggle_classes=&#8221;btn-product-details custom-link btn btn-sm border-width-0 btn-product-details btn-color-jevc btn-circle btn-flat btn-icon-left cursor-init&#8221;][vc_custom_heading text_color=&#8221;color-jevc&#8221; heading_semantic=&#8221;p&#8221; text_size=&#8221;h6&#8243; text_weight=&#8221;400&#8243; badge_style=&#8221;yes&#8221; back_color=&#8221;color-985305&#8243; radius=&#8221;lg&#8221; uncode_shortcode_id=&#8221;140850&#8243; text_color_type=&#8221;uncode-palette&#8221; back_color_type=&#8221;uncode-palette&#8221;]LA POESIA DELLA NATURA[\/vc_custom_heading][vc_empty_space empty_h=&#8221;2&#8243;][vc_custom_heading text_size=&#8221;h1&#8243; text_weight=&#8221;500&#8243; uncode_shortcode_id=&#8221;990693&#8243;]L&#8217;equilibrio armonioso di scienza, natura e passione;[\/vc_custom_heading][vc_empty_space empty_h=&#8221;2&#8243;][vc_column_text uncode_shortcode_id=&#8221;144750&#8243;]La bellezza non si manifesta solo nella superficie, ma anche nella scienza, nel cambiamento, nell\u2019energia e sicuramente nella natura.<\/p>\n<p><em>Tutto ci\u00f2 che \u00e8 vivo e positivo \u00e8 pura bellezza.<\/em><\/p>\n<p>Lo spirito di evoluzione che vive nelle piante \u00e8 autentica poesia per chi la sa cogliere.<\/p>\n<p><em>La loro superba vitalit\u00e0, la comprovata efficacia ed il loro grande potere curativo, che oggi stiamo riscoprendo grazie alla passione di alcuni illustri personaggi, sono al servizio dell\u2019integrazione tra natura e scienza: <\/em><em>qui si rivela la vera, grande bellezza, che muta anche la materia.<\/em><\/p>\n<p><strong>HEMPHILIA\u00ae<\/strong> nasce qui, in un assoluto equilibrio armonioso di scienza,<br \/>\nnatura e passione; un distillato dell&#8217;essenza che fluisce dalla fonte della vita.[\/vc_column_text][vc_empty_space empty_h=&#8221;3&#8243;][vc_custom_heading text_size=&#8221;h4&#8243; text_italic=&#8221;yes&#8221; uncode_shortcode_id=&#8221;186779&#8243;]Io questa la chiamo arte. L&#8217;arte del benessere.[\/vc_custom_heading][vc_empty_space empty_h=&#8221;1&#8243;][vc_single_image media=&#8221;2143&#8243; media_width_percent=&#8221;13&#8243; shape=&#8221;img-circle&#8221; uncode_shortcode_id=&#8221;860073&#8243;][vc_empty_space empty_h=&#8221;1&#8243;][vc_column_text uncode_shortcode_id=&#8221;199006&#8243;]<\/p>\n<p><strong>Francesco Dal Zio<\/strong><br \/>\nCEO &amp; FOUNDER<\/p>\n<p>[\/vc_column_text][\/vc_column_inner][vc_column_inner width=&#8221;1\/4&#8243;][\/vc_column_inner][\/vc_row_inner][\/vc_column][\/vc_row][vc_row unlock_row_content=&#8221;yes&#8221; row_height_percent=&#8221;0&#8243; override_padding=&#8221;yes&#8221; h_padding=&#8221;0&#8243; top_padding=&#8221;0&#8243; bottom_padding=&#8221;0&#8243; overlay_alpha=&#8221;50&#8243; gutter_size=&#8221;3&#8243; column_width_percent=&#8221;100&#8243; shift_y=&#8221;0&#8243; z_index=&#8221;0&#8243; content_parallax=&#8221;0&#8243; uncode_shortcode_id=&#8221;136737&#8243;][vc_column column_width_percent=&#8221;100&#8243; gutter_size=&#8221;3&#8243; expand_height=&#8221;yes&#8221; back_image=&#8221;2106&#8243; overlay_alpha=&#8221;50&#8243; shift_x=&#8221;0&#8243; shift_y=&#8221;0&#8243; shift_y_down=&#8221;0&#8243; z_index=&#8221;0&#8243; medium_width=&#8221;0&#8243; mobile_width=&#8221;0&#8243; width=&#8221;1\/2&#8243; uncode_shortcode_id=&#8221;442749&#8243;][\/vc_column][vc_column column_width_percent=&#8221;100&#8243; gutter_size=&#8221;0&#8243; expand_height=&#8221;yes&#8221; overlay_alpha=&#8221;50&#8243; shift_x=&#8221;0&#8243; shift_y=&#8221;0&#8243; shift_y_down=&#8221;0&#8243; z_index=&#8221;0&#8243; medium_width=&#8221;0&#8243; mobile_width=&#8221;0&#8243; width=&#8221;1\/2&#8243; uncode_shortcode_id=&#8221;100585&#8243;][vc_row_inner row_inner_height_percent=&#8221;0&#8243; overlay_alpha=&#8221;50&#8243; gutter_size=&#8221;3&#8243; shift_y=&#8221;0&#8243; z_index=&#8221;0&#8243; inverted_device_order=&#8221;yes&#8221; uncode_shortcode_id=&#8221;928896&#8243;][vc_column_inner column_width_percent=&#8221;100&#8243; gutter_size=&#8221;3&#8243; expand_height=&#8221;yes&#8221; back_image=&#8221;2169&#8243; overlay_alpha=&#8221;50&#8243; shift_x=&#8221;0&#8243; shift_y=&#8221;0&#8243; shift_y_down=&#8221;0&#8243; z_index=&#8221;0&#8243; medium_width=&#8221;0&#8243; mobile_width=&#8221;0&#8243; width=&#8221;1\/2&#8243; uncode_shortcode_id=&#8221;865069&#8243;][\/vc_column_inner][vc_column_inner column_width_percent=&#8221;100&#8243; position_vertical=&#8221;middle&#8221; gutter_size=&#8221;3&#8243; back_color=&#8221;color-xsdn&#8221; overlay_alpha=&#8221;50&#8243; shift_x=&#8221;0&#8243; shift_y=&#8221;0&#8243; shift_y_down=&#8221;0&#8243; z_index=&#8221;0&#8243; medium_width=&#8221;0&#8243; mobile_width=&#8221;0&#8243; toggle=&#8221;yes&#8221; max_height=&#8221;20vh&#8221; closed_txt=&#8221;READ MORE&#8221; btn_margin=&#8221;std&#8221; open_txt=&#8221;CLOSE&#8221; fade=&#8221;sm&#8221; btn_align=&#8221;left&#8221; toggle_scroll=&#8221;yes&#8221; width=&#8221;1\/2&#8243; uncode_shortcode_id=&#8221;198250&#8243; toggle_classes=&#8221;btn-product-details custom-link btn btn-sm border-width-0 btn-product-details btn-color-jevc btn-circle btn-flat btn-icon-left cursor-init&#8221; back_color_type=&#8221;uncode-palette&#8221;][vc_custom_heading text_color=&#8221;color-985305&#8243; heading_semantic=&#8221;h3&#8243; text_size=&#8221;h6&#8243; text_weight=&#8221;400&#8243; badge_style=&#8221;yes&#8221; back_color=&#8221;color-jevc&#8221; radius=&#8221;lg&#8221; uncode_shortcode_id=&#8221;274728&#8243; text_color_type=&#8221;uncode-palette&#8221; back_color_type=&#8221;uncode-palette&#8221;]DAL 1996[\/vc_custom_heading][vc_column_text uncode_shortcode_id=&#8221;413966&#8243;]A quell\u2019epoca eravamo poco pi\u00f9 che ventenni, e si sa che a vent\u2019anni ci\u00f2 che conta sono i l\u2019amore e i sogni\u2026. e noi di sogni ne avevamo tanti<\/p>\n<p>Cresciuti con un forte rispetto per la natura e per l\u2019uomo, volevamo portare l\u2019arte tra la gente, nelle case, nei negozi, per le strade\u2026 volevamo fare qualcosa per il benessere di tutti nel pieno rispetto della natura.<\/p>\n<p>Ed \u00e8 nata cos\u00ec la nostra azienda, un connubio perfetto tra natura, scienza, arte e bellezza.<\/p>\n<p>Creammo una linea di prodotti cosmetici naturali di altissima qualit\u00e0, racchiusi in scatole in stile liberty, sulle quali erano impresse foto di dipinti e sculture di giovani artisti emergenti. Ebbe inizio cos\u00ec il nostro sogno: la nostra grande passione unita ad una forte esperienza e professionalit\u00e0 del nostro staff di ricercatori, negli anni, ci ha portato ad ampliare i nostri orizzonti, con prodotti sempre pi\u00f9 efficaci ed innovativi, dove lo studio per le materie prime di gran pregio \u00e8 rimasto alla base del nostro modo di produrre.<\/p>\n<p>Siamo cresciuti, e anche se non abbiamo pi\u00f9 vent\u2019anni, ci\u00f2 che ancora conta per noi sono i sogni e la passione\u2026 contano a tal punto da ispirarci ancora oggi instancabilmente per inventare prodotti sempre e comunque qualitativamente superiori.<br \/>\n[\/vc_column_text][\/vc_column_inner][\/vc_row_inner][vc_row_inner row_inner_height_percent=&#8221;0&#8243; overlay_alpha=&#8221;50&#8243; equal_height=&#8221;yes&#8221; gutter_size=&#8221;3&#8243; shift_y=&#8221;0&#8243; z_index=&#8221;0&#8243; inverted_device_order=&#8221;yes&#8221; uncode_shortcode_id=&#8221;488663&#8243;][vc_column_inner column_width_percent=&#8221;100&#8243; position_vertical=&#8221;middle&#8221; gutter_size=&#8221;3&#8243; expand_height=&#8221;yes&#8221; back_color=&#8221;color-xsdn&#8221; overlay_alpha=&#8221;50&#8243; shift_x=&#8221;0&#8243; shift_y=&#8221;0&#8243; shift_y_down=&#8221;0&#8243; z_index=&#8221;0&#8243; medium_width=&#8221;0&#8243; mobile_width=&#8221;0&#8243; toggle=&#8221;yes&#8221; max_height=&#8221;20vh&#8221; closed_txt=&#8221;READ MORE&#8221; btn_margin=&#8221;std&#8221; open_txt=&#8221;CLOSE&#8221; fade=&#8221;sm&#8221; btn_align=&#8221;left&#8221; toggle_scroll=&#8221;yes&#8221; width=&#8221;1\/2&#8243; uncode_shortcode_id=&#8221;155555&#8243; toggle_classes=&#8221;btn-product-details custom-link btn btn-sm border-width-0 btn-product-details btn-color-jevc btn-circle btn-flat btn-icon-left cursor-init&#8221; back_color_type=&#8221;uncode-palette&#8221;][vc_custom_heading text_color=&#8221;color-jevc&#8221; heading_semantic=&#8221;h3&#8243; text_size=&#8221;h6&#8243; text_weight=&#8221;400&#8243; badge_style=&#8221;yes&#8221; back_color=&#8221;color-985305&#8243; radius=&#8221;lg&#8221; uncode_shortcode_id=&#8221;170275&#8243; text_color_type=&#8221;uncode-palette&#8221; back_color_type=&#8221;uncode-palette&#8221;]IL NOSTRO CREDO[\/vc_custom_heading][vc_column_text uncode_shortcode_id=&#8221;196257&#8243;]L\u2019idea da cui nasce HEMPHILIA\u00ae \u00e8 una vera e propria filosofia di vita, incentrata sulla ricerca di sane e naturali possibilit\u00e0 per vivere meglio in un mondo che propone modelli sempre pi\u00f9 lontani da una visione vitale e naturale dell\u2019Uomo, in quanto Essere umano. Un modello di vita ispirato dalla vitalit\u00e0 e dalla saggezza della natura, mirato a stimolare il mutamento positivo a livello personale, per realizzare idee e creare benessere, ed erigere conseguentemente le basi di una trasformazione positiva pi\u00f9 ampia[\/vc_column_text][\/vc_column_inner][vc_column_inner column_width_percent=&#8221;100&#8243; gutter_size=&#8221;3&#8243; expand_height=&#8221;yes&#8221; back_image=&#8221;2100&#8243; overlay_alpha=&#8221;50&#8243; shift_x=&#8221;0&#8243; shift_y=&#8221;0&#8243; shift_y_down=&#8221;0&#8243; z_index=&#8221;0&#8243; medium_width=&#8221;0&#8243; mobile_width=&#8221;0&#8243; width=&#8221;1\/2&#8243; uncode_shortcode_id=&#8221;187185&#8243;][\/vc_column_inner][\/vc_row_inner][\/vc_column][\/vc_row][vc_row unlock_row_content=&#8221;yes&#8221; row_height_percent=&#8221;0&#8243; override_padding=&#8221;yes&#8221; h_padding=&#8221;0&#8243; top_padding=&#8221;2&#8243; bottom_padding=&#8221;0&#8243; back_color=&#8221;color-xsdn&#8221; overlay_alpha=&#8221;50&#8243; equal_height=&#8221;yes&#8221; gutter_size=&#8221;0&#8243; column_width_percent=&#8221;100&#8243; shift_y=&#8221;0&#8243; z_index=&#8221;0&#8243; inverted_device_order=&#8221;yes&#8221; content_parallax=&#8221;0&#8243; uncode_shortcode_id=&#8221;436543&#8243; back_color_type=&#8221;uncode-palette&#8221;][vc_column column_width_percent=&#8221;100&#8243; position_vertical=&#8221;middle&#8221; gutter_size=&#8221;4&#8243; override_padding=&#8221;yes&#8221; column_padding=&#8221;4&#8243; overlay_alpha=&#8221;50&#8243; shift_x=&#8221;0&#8243; shift_y=&#8221;0&#8243; shift_y_down=&#8221;0&#8243; z_index=&#8221;0&#8243; medium_width=&#8221;0&#8243; align_mobile=&#8221;align_center_mobile&#8221; mobile_width=&#8221;0&#8243; width=&#8221;1\/3&#8243; uncode_shortcode_id=&#8221;133431&#8243;][vc_row_inner row_inner_height_percent=&#8221;0&#8243; overlay_alpha=&#8221;50&#8243; gutter_size=&#8221;4&#8243; shift_y=&#8221;0&#8243; z_index=&#8221;0&#8243; uncode_shortcode_id=&#8221;201564&#8243; limit_content=&#8221;&#8221;][vc_column_inner column_width_percent=&#8221;100&#8243; gutter_size=&#8221;3&#8243; overlay_alpha=&#8221;50&#8243; shift_x=&#8221;0&#8243; shift_y=&#8221;0&#8243; shift_y_down=&#8221;0&#8243; z_index=&#8221;0&#8243; medium_width=&#8221;4&#8243; mobile_width=&#8221;0&#8243; toggle=&#8221;yes&#8221; max_height=&#8221;20vh&#8221; closed_txt=&#8221;READ MORE&#8221; btn_margin=&#8221;std&#8221; open_txt=&#8221;CLOSE&#8221; fade=&#8221;sm&#8221; btn_align=&#8221;left&#8221; toggle_scroll=&#8221;yes&#8221; width=&#8221;1\/1&#8243; uncode_shortcode_id=&#8221;163160&#8243; toggle_classes=&#8221;btn-product-details custom-link btn btn-sm border-width-0 btn-product-details btn-color-jevc btn-circle btn-flat btn-icon-left cursor-init&#8221;][vc_custom_heading text_color=&#8221;color-jevc&#8221; heading_semantic=&#8221;h3&#8243; text_size=&#8221;h6&#8243; text_weight=&#8221;400&#8243; badge_style=&#8221;yes&#8221; back_color=&#8221;color-985305&#8243; radius=&#8221;lg&#8221; uncode_shortcode_id=&#8221;162375&#8243; text_color_type=&#8221;uncode-palette&#8221; back_color_type=&#8221;uncode-palette&#8221;]LA NOSTRA MISSION[\/vc_custom_heading][vc_custom_heading heading_semantic=&#8221;h3&#8243; text_size=&#8221;h4&#8243; text_weight=&#8221;800&#8243; uncode_shortcode_id=&#8221;422468&#8243;]LA VERA INNOVAZIONE, LA SCIENZA E I TRAGUARDI.[\/vc_custom_heading][vc_column_text uncode_shortcode_id=&#8221;501921&#8243;]Ci\u00f2 di cui la natura ci ha dotato \u00e8 immensamente pi\u00f9 forte e ricco di quanto possiamo immaginare.<\/p>\n<p>La vera innovazione oggi \u00e8 saper riconoscere quanto ci viene offerto dalle piante per migliorare la nostra vita e la nostra bellezza, senza scendere a compromessi con la salute ed il benessere.<\/p>\n<p>Facendo tesoro della tradizione tramandata nei secoli, oggi, grazie alla nostra ricerca, in particolare sulla Canapa e altre piante portentose, all\u2019avanzare delle tecnologie e all\u2019evoluzione scientifica, siamo in grado di creare dei prodotti ad altissima efficacia, dai risultati sorprendentemente incisivi e veloci.<\/p>\n<p>Oggi con il brand HEMPHILIA\u00ae \u00e8 possibile raggiungere gli obiettivi di bellezza pi\u00f9 ambiziosi, senza dover ricorrere a trattamenti invasivi.[\/vc_column_text][\/vc_column_inner][\/vc_row_inner][\/vc_column][vc_column column_width_percent=&#8221;100&#8243; gutter_size=&#8221;3&#8243; back_image=&#8221;2181&#8243; overlay_alpha=&#8221;50&#8243; shift_x=&#8221;0&#8243; shift_y=&#8221;0&#8243; shift_y_down=&#8221;0&#8243; z_index=&#8221;0&#8243; medium_width=&#8221;0&#8243; mobile_width=&#8221;0&#8243; width=&#8221;1\/3&#8243; uncode_shortcode_id=&#8221;224730&#8243; mobile_height=&#8221;400&#8243;][\/vc_column][vc_column column_width_percent=&#8221;100&#8243; gutter_size=&#8221;4&#8243; override_padding=&#8221;yes&#8221; column_padding=&#8221;4&#8243; back_color=&#8221;color-985305&#8243; overlay_alpha=&#8221;50&#8243; shift_x=&#8221;0&#8243; shift_y=&#8221;0&#8243; shift_y_down=&#8221;0&#8243; z_index=&#8221;0&#8243; medium_width=&#8221;0&#8243; mobile_width=&#8221;0&#8243; width=&#8221;1\/3&#8243; uncode_shortcode_id=&#8221;111395&#8243; back_color_type=&#8221;uncode-palette&#8221;][vc_row_inner row_inner_height_percent=&#8221;0&#8243; overlay_alpha=&#8221;50&#8243; gutter_size=&#8221;4&#8243; shift_y=&#8221;0&#8243; z_index=&#8221;0&#8243; uncode_shortcode_id=&#8221;201564&#8243; limit_content=&#8221;&#8221;][vc_column_inner column_width_percent=&#8221;100&#8243; gutter_size=&#8221;3&#8243; overlay_alpha=&#8221;50&#8243; shift_x=&#8221;0&#8243; shift_y=&#8221;0&#8243; shift_y_down=&#8221;0&#8243; z_index=&#8221;0&#8243; medium_width=&#8221;4&#8243; mobile_width=&#8221;0&#8243; toggle=&#8221;yes&#8221; max_height=&#8221;20vh&#8221; closed_txt=&#8221;READ MORE&#8221; btn_margin=&#8221;std&#8221; fade=&#8221;sm&#8221; btn_align=&#8221;left&#8221; toggle_scroll=&#8221;yes&#8221; width=&#8221;1\/1&#8243; uncode_shortcode_id=&#8221;151209&#8243; toggle_classes=&#8221;btn-product-details custom-link btn btn-sm border-width-0 btn-product-details btn-color-jevc btn-circle btn-flat btn-icon-left cursor-init&#8221;][vc_custom_heading text_color=&#8221;color-985305&#8243; heading_semantic=&#8221;h3&#8243; text_size=&#8221;h6&#8243; text_weight=&#8221;400&#8243; badge_style=&#8221;yes&#8221; back_color=&#8221;color-jevc&#8221; radius=&#8221;lg&#8221; uncode_shortcode_id=&#8221;578009&#8243; text_color_type=&#8221;uncode-palette&#8221; back_color_type=&#8221;uncode-palette&#8221;]I FATTI[\/vc_custom_heading][vc_column_text uncode_shortcode_id=&#8221;604362&#8243;]HEMPHILIA\u00ae \u00e8 la divisione produttiva della cosmesi alla Canapa, nata inizialmente all\u2019interno della storica Azienda di Bio-cosmetica fondata nel 1996 da Francesco Dal Zio.<\/p>\n<p>Lo studio formulativo e di efficacia sulle materie prime naturali vegetali, che HEMPHILIA\u00ae svolge internamente nei propri laboratori di ricerca e sviluppo dagli anni 90. La fabbricazione dei prodotti che avviene esclusivamente nelle proprie officine di produzione in Italia. Tutto questo ci consente di offrire articoli per la bellezza e il benessere con CBD e altri derivati della Canapa, che rafforzano ulteriormente le fondamenta della filosofia alla radice di questo appassionante progetto[\/vc_column_text][\/vc_column_inner][\/vc_row_inner][\/vc_column][\/vc_row]<\/p>\n<\/div>","protected":false},"excerpt":{"rendered":"<p>[vc_row unlock_row_content=&#8221;yes&#8221; row_height_percent=&#8221;100&#8243; override_padding=&#8221;yes&#8221; h_padding=&#8221;5&#8243; top_padding=&#8221;0&#8243; bottom_padding=&#8221;3&#8243; back_image=&#8221;2197&#8243; multiple_media=&#8221;yes&#8221; back_position=&#8221;center bottom&#8221; overlay_alpha=&#8221;50&#8243; gutter_size=&#8221;3&#8243; column_width_percent=&#8221;100&#8243; shift_y=&#8221;0&#8243; z_index=&#8221;0&#8243; content_parallax=&#8221;0&#8243; uncode_shortcode_id=&#8221;714831&#8243;][vc_column column_width_percent=&#8221;50&#8243; position_vertical=&#8221;middle&#8221; [&hellip;]<\/p>\n","protected":false},"author":389,"featured_media":0,"parent":0,"menu_order":0,"comment_status":"closed","ping_status":"closed","template":"","meta":{"footnotes":""},"class_list":["post-3192","page","type-page","status-publish","hentry"],"jetpack_sharing_enabled":true,"_links":{"self":[{"href":"https:\/\/hemphilia.com\/it\/wp-json\/wp\/v2\/pages\/3192","targetHints":{"allow":["GET"]}}],"collection":[{"href":"https:\/\/hemphilia.com\/it\/wp-json\/wp\/v2\/pages"}],"about":[{"href":"https:\/\/hemphilia.com\/it\/wp-json\/wp\/v2\/types\/page"}],"author":[{"embeddable":true,"href":"https:\/\/hemphilia.com\/it\/wp-json\/wp\/v2\/users\/389"}],"replies":[{"embeddable":true,"href":"https:\/\/hemphilia.com\/it\/wp-json\/wp\/v2\/comments?post=3192"}],"version-history":[{"count":7,"href":"https:\/\/hemphilia.com\/it\/wp-json\/wp\/v2\/pages\/3192\/revisions"}],"predecessor-version":[{"id":3204,"href":"https:\/\/hemphilia.com\/it\/wp-json\/wp\/v2\/pages\/3192\/revisions\/3204"}],"wp:attachment":[{"href":"https:\/\/hemphilia.com\/it\/wp-json\/wp\/v2\/media?parent=3192"}],"curies":[{"name":"wp","href":"https:\/\/api.w.org\/{rel}","templated":true}]}}