{"id":1736,"date":"2024-06-03T16:37:01","date_gmt":"2024-06-03T15:37:01","guid":{"rendered":"https:\/\/hemphilia.com\/?post_type=product&#038;p=1736"},"modified":"2024-12-23T12:21:02","modified_gmt":"2024-12-23T11:21:02","slug":"unguento-sollievo-rinfrescante-e-rinnovante-con-cbd-3-50-ml-copy","status":"publish","type":"product","link":"https:\/\/hemphilia.com\/it\/prodotto\/unguento-sollievo-rinfrescante-e-rinnovante-con-cbd-3-50-ml-copy\/","title":{"rendered":"EMULSIONE ANTICELLULITE AL CBD E CANAPA 150 ml 150 ml"},"content":{"rendered":"<div class=\"wpb-content-wrapper\"><p>[vc_row unlock_row_content=&#8221;yes&#8221; row_height_percent=&#8221;0&#8243; override_padding=&#8221;yes&#8221; h_padding=&#8221;0&#8243; top_padding=&#8221;0&#8243; bottom_padding=&#8221;0&#8243; overlay_alpha=&#8221;50&#8243; gutter_size=&#8221;3&#8243; column_width_percent=&#8221;100&#8243; shift_y=&#8221;0&#8243; z_index=&#8221;0&#8243; content_parallax=&#8221;0&#8243; uncode_shortcode_id=&#8221;958498&#8243;][vc_column column_width_percent=&#8221;100&#8243; position_vertical=&#8221;middle&#8221; gutter_size=&#8221;2&#8243; overlay_alpha=&#8221;50&#8243; shift_x=&#8221;0&#8243; shift_y=&#8221;0&#8243; shift_y_down=&#8221;0&#8243; z_index=&#8221;0&#8243; medium_width=&#8221;0&#8243; mobile_width=&#8221;0&#8243; width=&#8221;1\/1&#8243; uncode_shortcode_id=&#8221;109854&#8243;][vc_tabs tab_switch=&#8221;yes&#8221; typography=&#8221;advanced&#8221; tab_no_border=&#8221;yes&#8221; titles_size=&#8221;h6&#8243; titles_weight=&#8221;700&#8243; product_from_builder=&#8221;yes&#8221; uncode_shortcode_id=&#8221;200277&#8243;][vc_tab gutter_size=&#8221;2&#8243; column_padding=&#8221;2&#8243; title=&#8221;Descrizione&#8221; tab_id=&#8221;04814&#8243; product_from_builder=&#8221;yes&#8221;][vc_column_text uncode_shortcode_id=&#8221;788854&#8243;]Grazie al CBD e agi oli essenziali biologici purissimi, \u00e8 un coadiuvante per ristabilire la normale circolazione sanguigna periferica e conseguentemente favorisce l\u2019eliminazione dell\u2019effetto \u201cbuccia d\u2019arancia\u201d. Aiuta a limitare in modo del tutto naturale l\u2019assorbimento dei grassi, rimodellando la silhouette, se applicata con costanza, e apportando anche una significativa diminuzione della circonferenza della parte interessata.[\/vc_column_text][\/vc_tab][vc_tab gutter_size=&#8221;2&#8243; column_padding=&#8221;2&#8243; title=&#8221;Contenuto di CBD&#8221; tab_id=&#8221;04824&#8243; product_from_builder=&#8221;yes&#8221;][vc_column_text uncode_shortcode_id=&#8221;189379&#8243;]CBD VIBES Extract: 1050 mg<br \/>\nPURE CBD CONTENT AVERAGE: 375 mg<br \/>\nPURE CBD % CONTENT AVERAGE: 0,25%[\/vc_column_text][\/vc_tab][vc_tab gutter_size=&#8221;2&#8243; column_padding=&#8221;2&#8243; title=&#8221;Uso&#8221; tab_id=&#8221;04835&#8243; product_from_builder=&#8221;yes&#8221;][vc_column_text uncode_shortcode_id=&#8221;181695&#8243;]Applicare la lozione corpo due volte al giorno (mattina e sera) sulle zone interessate, massaggiando delicatamente il prodotto sulla pelle dal basso verso l&#8217;alto fino a completo assorbimento. For optimal results, this should be done daily, both in the morning and in the evening.[\/vc_column_text][\/vc_tab][vc_tab gutter_size=&#8221;2&#8243; column_padding=&#8221;2&#8243; title=&#8221;Modalit\u00e0 di utilizzo&#8221; tab_id=&#8221;04841&#8243; product_from_builder=&#8221;yes&#8221;][vc_column_text uncode_shortcode_id=&#8221;303042&#8243;]Non esporre la pelle a un&#8217;esposizione solare diretta e prolungata subito dopo l&#8217;applicazione del prodotto per almeno 1-2 ore, poich\u00e9 la crema ha un elevato contenuto di oli essenziali naturali di agrumi biologici. Soprattutto per le pelli sensibili, gli oli essenziali di agrumi possono causare fotosensibilit\u00e0 e fototossicit\u00e0, rendendo la pelle pi\u00f9 sensibile al sole.<\/p>\n<p>Non utilizzare in gravidanza per la presenza dell&#8217;olio essenziale di salvia biologica.<\/p>\n<p>Non utilizzare per scopi differenti da quelli indicati.<\/p>\n<p>Solo per uso esterno. Tenere fuori dalla portata dei bambini. Non ingerire.<\/p>\n<p>Conservare a una temperatura compresa tra 15 e 25 \u00b0C, in un luogo asciutto e lontano da fonti di calore (impianti di riscaldamento) e dalla luce diretta.<\/p>\n<p>Non esporre a ripetuti e temporanei shock termici superiori a 40\u00b0C e inferiori a 5\u00b0C.[\/vc_column_text][\/vc_tab][vc_tab gutter_size=&#8221;2&#8243; column_padding=&#8221;2&#8243; title=&#8221;INCI&#8221; tab_id=&#8221;1732444296999-4-8&#8243;][vc_column_text uncode_shortcode_id=&#8221;219307&#8243;]INGREDIENTI: AQUA, HELIANTHUS ANNUUS SEED OIL**, ETHYLHEXYL STEARATE, CANNABIS SATIVA SEED OIL**, HYDROGENATED ETHYLHEXYL OLIVATE***, GLYCERYL STEARATE, STEARYL ALCOHOL, CETEARYL GLUCOSIDE, CITRUS LIMON PEEL OIL**, CEDRUS ATLANTICA WOOD OIL, CITRUS AURANTIUM AMARA PEEL OIL, FOENICULUM VULGARE DULCE OIL**, HYDROGENATED OLIVE OIL UNSAPONIFIABLES***, CITRUS GRANDIS PEEL OIL, EUCALYPTUS RADIATA LOWER\/LEAF\/STEM OIL**, CANNABIS SATIVA LEAF EXTRACT**, JUNIPERUS COMMUNIS FRUIT OIL, LAVANDULA ANGUSTIFOLIA FLOWER OIL**, OCIMUM BASILICUM HERB OIL**, CANANGA ODORATA FLOWER OIL**, CANNABIDIOL &#8211; DERIVED FROM EXTRACT OR TINCTURE OR RESIN OF CANNABIS***, CUPRESSUS SEMPERVIRENS LEAF OIL, CYMBOPOGON FLEXUOSUS HERB OIL, ROSMARINUS OFFICINALIS LEAF OIL**, SALVIA OFFICINALIS LEAF OIL**, SODIUM CARBOXYMETHYL BETA-GLUCAN, THYMUS VULGARIS LEAF OIL**, TOCOPHEROL, ROSMARINUS OFFICINALIS LEAF EXTRACT, SUNFLOWER SEED OIL GLYCERIDES, CAESALPINIA SPINOSA GUM, TETRASODIUM GLUTAMATE DIACETATE, DEHYDROACETIC ACID, BENZOIC ACID, DATEM, LIMONENE*, LINALOOL*, CITRAL*, FARNESOL*, GERANIOL*, BENZYL SALICYLATE*, BENZYL BENZOATE*, BENZYL ALCOHOL.<\/p>\n<p>*** criteri COSMOS, NATRUE o ECOCERT certificati \/ certifi\u00e9s crit\u00e8res COSMOS, NATRUE ou ECOCERT \/ COSMOS-, NATRUE- oder ECOCERT-Kriterien zertifiziert \/ certificato COSMOS, NATRUE o ECOCERT \/ Certificado seg\u00fan los criterios de COSMOS, NATRUE o ECOCERT<br \/>\n** da agricoltura biologica certificata \/ issu de l&#8217;agriculture biologique certifi\u00e9e naturelle \/ aus kontrolliert biologischem Anbau \/ da agricoltura biologica certificata \/ de agricultura ecol\u00f3gica certificada<br \/>\n* contenuto di oli essenziali naturali \/ contient des huiles essentielles \/ aus nat\u00fcrlichen \u00e4therischen \u00d6len \/ da oli essenziali naturali \/ de aceites esenciales naturales[\/vc_column_text][\/vc_tab][\/vc_tabs][\/vc_column][\/vc_row]<\/p>\n<\/div>","protected":false},"excerpt":{"rendered":"<p><strong>con 375 mg di CBD (0,25%).<\/strong> Con Olio di semi di girasole biologico, Olio di semi di canapa biologico, Olio essenziale puro di limone di Sicilia biologico, Olio essenziale di legno di cedro dell&#8217;Atlante, Olio essenziale di arancio amaro, Olio essenziale di finocchio dolce biologico, Frazione di olio di oliva biologico, Olio essenziale di pompelmo, Olio essenziale di eucalipto radiata biologico, Estratto di foglie di cannabis sativa VIBRES biologico, Olio essenziale di ginepro, olio essenziale di lavanda biologica, olio essenziale di basilico biologico, olio essenziale di ylang-ylang biologico, CBD (cannabidiolo), olio essenziale di foglie di cipresso biologico, olio essenziale di citronella, estratto di foglie di rosmarino, olio essenziale di salvia biologica, beta-glucano carbossimetilato di sodio, olio essenziale di timo, tocoferolo, gomma di tara (carruba peruviana).<\/p>\n","protected":false},"featured_media":2642,"template":"","meta":[],"product_brand":[],"product_cat":[114,29],"product_tag":[],"class_list":{"0":"post-1736","1":"product","2":"type-product","3":"status-publish","4":"has-post-thumbnail","6":"product_cat-anti-cellulite-it","7":"product_cat-corpo","9":"first","10":"instock","11":"taxable","12":"shipping-taxable","13":"purchasable","14":"product-type-variable","15":"add-to-wishlist-after_add_to_cart"},"jetpack_sharing_enabled":true,"tiered_pricing_type":"fixed","tiered_pricing_fixed_rules":[],"tiered_pricing_product_settings":{"layout":"default","base_unit_name":{"singular":null,"plural":null},"default_variation":null},"tiered_pricing_minimum_quantity":null,"tiered_pricing_roles_data":[],"tiered_pricing_percentage_rules":[],"tiered_pricing_maximum_quantity":null,"tiered_pricing_quantity_step":null,"_links":{"self":[{"href":"https:\/\/hemphilia.com\/it\/wp-json\/wp\/v2\/product\/1736","targetHints":{"allow":["GET"]}}],"collection":[{"href":"https:\/\/hemphilia.com\/it\/wp-json\/wp\/v2\/product"}],"about":[{"href":"https:\/\/hemphilia.com\/it\/wp-json\/wp\/v2\/types\/product"}],"wp:featuredmedia":[{"embeddable":true,"href":"https:\/\/hemphilia.com\/it\/wp-json\/wp\/v2\/media\/2642"}],"wp:attachment":[{"href":"https:\/\/hemphilia.com\/it\/wp-json\/wp\/v2\/media?parent=1736"}],"wp:term":[{"taxonomy":"product_brand","embeddable":true,"href":"https:\/\/hemphilia.com\/it\/wp-json\/wp\/v2\/product_brand?post=1736"},{"taxonomy":"product_cat","embeddable":true,"href":"https:\/\/hemphilia.com\/it\/wp-json\/wp\/v2\/product_cat?post=1736"},{"taxonomy":"product_tag","embeddable":true,"href":"https:\/\/hemphilia.com\/it\/wp-json\/wp\/v2\/product_tag?post=1736"}],"curies":[{"name":"wp","href":"https:\/\/api.w.org\/{rel}","templated":true}]}}