{"id":3321,"date":"2024-11-28T13:07:35","date_gmt":"2024-12-16T15:35:43","guid":{"rendered":"https:\/\/hemphilia.com\/product\/olio-da-massaggio-al-cbd-e-canapa-500ml\/"},"modified":"2024-12-23T12:17:47","modified_gmt":"2024-12-23T11:17:47","slug":"olio-da-massaggio-al-cbd-e-canapa-500ml","status":"publish","type":"product","link":"https:\/\/hemphilia.com\/it\/prodotto\/olio-da-massaggio-al-cbd-e-canapa-500ml\/","title":{"rendered":"OLIO DA MASSAGGIO AL CBD E CANAPA 500ml"},"content":{"rendered":"<div class=\"wpb-content-wrapper\"><p>[vc_row unlock_row_content=&#8221;yes&#8221; row_height_percent=&#8221;0&#8243; override_padding=&#8221;yes&#8221; h_padding=&#8221;0&#8243; top_padding=&#8221;0&#8243; bottom_padding=&#8221;0&#8243; overlay_alpha=&#8221;50&#8243; gutter_size=&#8221;3&#8243; column_width_percent=&#8221;100&#8243; shift_y=&#8221;0&#8243; z_index=&#8221;0&#8243; content_parallax=&#8221;0&#8243; uncode_shortcode_id=&#8221;958498&#8243;][vc_column column_width_percent=&#8221;100&#8243; position_vertical=&#8221;middle&#8221; gutter_size=&#8221;2&#8243; overlay_alpha=&#8221;50&#8243; shift_x=&#8221;0&#8243; shift_y=&#8221;0&#8243; shift_y_down=&#8221;0&#8243; z_index=&#8221;0&#8243; medium_width=&#8221;0&#8243; mobile_width=&#8221;0&#8243; width=&#8221;1\/1&#8243; uncode_shortcode_id=&#8221;109854&#8243;][vc_tabs tab_switch=&#8221;yes&#8221; typography=&#8221;advanced&#8221; tab_no_border=&#8221;yes&#8221; titles_size=&#8221;h6&#8243; titles_weight=&#8221;700&#8243; product_from_builder=&#8221;yes&#8221; uncode_shortcode_id=&#8221;200277&#8243;][vc_tab gutter_size=&#8221;2&#8243; column_padding=&#8221;2&#8243; title=&#8221;Descrizione&#8221; tab_id=&#8221;04814&#8243; product_from_builder=&#8221;yes&#8221;][vc_column_text uncode_shortcode_id=&#8221;100855&#8243;]I purissimi oli essenziali biologici assicurano benessere, vitalit\u00e0 e rilassamento in ogni situazione, grazie alle propriet\u00e0 coadiuvanti contro tensioni, nervosismo e stress. Il CBD (Cannabidiolo), l\u2019estratto VIBES e l\u2019olio di Canapa regalano sollievo contro i disagi derivanti da acciacchi della pelle e fisici di varia natura, compreso l\u2019irrigidimento e l\u2019affaticamento muscolare. Aumenta anche il rinnovamento cellulare, aiutando la pelle a ringiovanire.[\/vc_column_text][\/vc_tab][vc_tab gutter_size=&#8221;2&#8243; column_padding=&#8221;2&#8243; title=&#8221;Contenuto di CBD&#8221; tab_id=&#8221;04824&#8243; product_from_builder=&#8221;yes&#8221;][vc_column_text uncode_shortcode_id=&#8221;775384&#8243;]CBD VIBES Extract: 5800 mg<br \/>PURE CBD CONTENT AVERAGE: 610 mg<br \/>PURE CBD % CONTENT AVERAGE: 0,61%[\/vc_column_text][\/vc_tab][vc_tab gutter_size=&#8221;2&#8243; column_padding=&#8221;2&#8243; title=&#8221;Uso&#8221; tab_id=&#8221;04835&#8243; product_from_builder=&#8221;yes&#8221;][vc_column_text uncode_shortcode_id=&#8221;156863&#8243;]Prima del massaggio, versare sul palmo della mano per riscaldarlo leggermente. Applicare quindi sulle parti interessate e massaggiare come desiderato.[\/vc_column_text][\/vc_tab][vc_tab gutter_size=&#8221;2&#8243; column_padding=&#8221;2&#8243; title=&#8221;Avvertenze&#8221; tab_id=&#8221;04841&#8243; product_from_builder=&#8221;yes&#8221;][vc_column_text uncode_shortcode_id=&#8221;131724&#8243;]Non applicare intorno agli occhi e sulla zona genitale.<\/p>\n<p>Non utilizzare per scopi differenti da quelli indicati.<\/p>\n<p>Tenere fuori dalla portata dei bambini.<\/p>\n<p>Solo per uso esterno. Non ingerire.<\/p>\n<p>Conservalo tra i 15 e i 25\u00b0C, in un luogo asciutto e lontano da fonti di calore (sistemi di riscaldamento) e dalla luce diretta.<\/p>\n<p>Non esporre a ripetuti e temporanei shock termici superiori a 40\u00b0C e inferiori a 5\u00b0C.[\/vc_column_text][\/vc_tab][vc_tab gutter_size=&#8221;2&#8243; column_padding=&#8221;2&#8243; title=&#8221;INCI&#8221; tab_id=&#8221;1732444296999-4-8&#8243;][vc_column_text uncode_shortcode_id=&#8221;200287&#8243;]INGREDIENTI: HELIANTHUS ANNUUS SEED OIL**, CANNABIS SATIVA SEED OIL**, COCOS NUCIFERA OIL**, PERSEA GRATISSIMA OIL, TRITICUM VULGARE GERM OIL, HYDROGENATED ETHYLHEXYL OLIVATE***, ARNICA MONTANA FLOWER EXTRACT, EUCALYPTUS RADIATA FLOWER\/LEAF\/STEM OIL**, MENTHA PIPERITA FLOWER\/LEAF OIL**, MELALEUCA VIRIDIFLORA LEAF OIL**, EUGENIA CARYOPHYLLUS BUD OIL**, CITRUS LIMON PEEL OIL**, MENTHOL, CITRUS AURANTIUM DULCIS PEEL OIL EXPRESSED**, CITRUS AURANTIUM AMARA PEEL OIL, EUCALYPTUS GLOBULUS LEAF OIL, CANNABIS SATIVA LEAF EXTRACT**, CANNABIDIOL &#8211; DERIVED FROM EXTRACT OR TINCTURE OR RESIN OF CANNABIS***, HYDROGENATED OLIVE OIL UNSAPONIFIABLES***, CINNAMOMUM CAMPHORA BARK OIL, ROSMARINUS OFFICINALIS LEAF EXTRACT, SUNFLOWER SEED OIL GLYCERIDES, DATEM, LIMONENE*, EUGENOL*, LINALOOL*, CITRAL*.<\/p>\n<p>*** COSMOS, NATRUE or ECOCERT criteria certified \/ certifi\u00e9s crit\u00e8res COSMOS, NATRUE ou ECOCERT \/ COSMOS-, NATRUE- oder ECOCERT-Kriterien zertifiziert \/ certificato COSMOS, NATRUE o ECOCERT \/ Certificado seg\u00fan los criterios de COSMOS, NATRUE o ECOCERT<br \/> ** from certified organic farming \/ issu de l\u2019agriculture biologique certifi\u00e9e naturelle \/ aus kontrolliert biologischem Anbau \/ da agricoltura biologica certificata \/ de agricultura ecol\u00f3gica certificada<br \/> * content of natural essential oils \/ contient des huiles essentielles \/ aus nat\u00fcrlichen \u00e4therischen \u00d6len \/ da oli essenziali naturali \/ de aceites esenciales naturales[\/vc_column_text][\/vc_tab][\/vc_tabs][\/vc_column][\/vc_row]<\/p>\n<\/div>","protected":false},"excerpt":{"rendered":"<p><strong>Sollievo, vitalit\u00e0 e rilassamento<\/strong> <strong> con 610mg di CBD puro (0,61%).<\/strong> Con olio di semi di Canapa bio, olio di semi di Girasole bio, olio di Avocado, olio di Germe di Grano, estratto VIBRES di foglie di Cannabis Sativa bio, CBD (Cannabidiolo), frazione dell\u2019olio di Oliva, estratto di fiori di Arnica, olio di Cocco bio, puro olio essenziale bio di Eucalipto Radiata, puro olio essenziale bio di Eucalipto globuloso, puro olio essenziale bio di Menta piperita, Mentolo naturale, puro olio essenziale bio di Chiodi di Garofano ed estratto di foglie di Rosmarino.<\/p>\n","protected":false},"featured_media":2759,"template":"","meta":[],"product_brand":[],"product_cat":[63,46,29,30],"product_tag":[],"class_list":{"0":"post-3321","1":"product","2":"type-product","3":"status-publish","4":"has-post-thumbnail","6":"product_cat-massaggio","7":"product_cat-primo-soccorso","8":"product_cat-corpo","9":"product_cat-cura-del-viso","11":"first","12":"instock","13":"taxable","14":"shipping-taxable","15":"purchasable","16":"product-type-simple","17":"add-to-wishlist-after_add_to_cart"},"jetpack_sharing_enabled":true,"tiered_pricing_type":"fixed","tiered_pricing_fixed_rules":[],"tiered_pricing_product_settings":{"layout":"default","base_unit_name":{"singular":null,"plural":null},"default_variation":null},"tiered_pricing_minimum_quantity":null,"tiered_pricing_roles_data":[],"tiered_pricing_percentage_rules":[],"tiered_pricing_maximum_quantity":null,"tiered_pricing_quantity_step":null,"_links":{"self":[{"href":"https:\/\/hemphilia.com\/it\/wp-json\/wp\/v2\/product\/3321","targetHints":{"allow":["GET"]}}],"collection":[{"href":"https:\/\/hemphilia.com\/it\/wp-json\/wp\/v2\/product"}],"about":[{"href":"https:\/\/hemphilia.com\/it\/wp-json\/wp\/v2\/types\/product"}],"wp:featuredmedia":[{"embeddable":true,"href":"https:\/\/hemphilia.com\/it\/wp-json\/wp\/v2\/media\/2759"}],"wp:attachment":[{"href":"https:\/\/hemphilia.com\/it\/wp-json\/wp\/v2\/media?parent=3321"}],"wp:term":[{"taxonomy":"product_brand","embeddable":true,"href":"https:\/\/hemphilia.com\/it\/wp-json\/wp\/v2\/product_brand?post=3321"},{"taxonomy":"product_cat","embeddable":true,"href":"https:\/\/hemphilia.com\/it\/wp-json\/wp\/v2\/product_cat?post=3321"},{"taxonomy":"product_tag","embeddable":true,"href":"https:\/\/hemphilia.com\/it\/wp-json\/wp\/v2\/product_tag?post=3321"}],"curies":[{"name":"wp","href":"https:\/\/api.w.org\/{rel}","templated":true}]}}