{"id":400,"date":"2020-12-03T23:57:22","date_gmt":"2020-12-03T22:57:22","guid":{"rendered":"http:\/\/lucas17.sg-host.com\/product\/crema-mani-alla-canapa-e-cbd\/"},"modified":"2026-03-26T10:58:08","modified_gmt":"2026-03-26T09:58:08","slug":"crema-mani-alla-canapa-e-cbd-nutreiente-e-protettiva-50-ml","status":"publish","type":"product","link":"https:\/\/hemphilia.com\/it\/prodotto\/crema-mani-alla-canapa-e-cbd-nutreiente-e-protettiva-50-ml\/","title":{"rendered":"CREMA MANI ALLA CANAPA E CBD 50 ml"},"content":{"rendered":"<div class=\"wpb-content-wrapper\"><p>[vc_row unlock_row_content=&#8221;yes&#8221; row_height_percent=&#8221;0&#8243; override_padding=&#8221;yes&#8221; h_padding=&#8221;0&#8243; top_padding=&#8221;0&#8243; bottom_padding=&#8221;0&#8243; overlay_alpha=&#8221;50&#8243; gutter_size=&#8221;3&#8243; column_width_percent=&#8221;100&#8243; shift_y=&#8221;0&#8243; z_index=&#8221;0&#8243; content_parallax=&#8221;0&#8243; uncode_shortcode_id=&#8221;958498&#8243;][vc_column column_width_percent=&#8221;100&#8243; position_vertical=&#8221;middle&#8221; gutter_size=&#8221;2&#8243; overlay_alpha=&#8221;50&#8243; shift_x=&#8221;0&#8243; shift_y=&#8221;0&#8243; shift_y_down=&#8221;0&#8243; z_index=&#8221;0&#8243; medium_width=&#8221;0&#8243; mobile_width=&#8221;0&#8243; width=&#8221;1\/1&#8243; uncode_shortcode_id=&#8221;109854&#8243;][vc_tabs tab_switch=&#8221;yes&#8221; typography=&#8221;advanced&#8221; tab_no_border=&#8221;yes&#8221; titles_size=&#8221;h6&#8243; titles_weight=&#8221;700&#8243; product_from_builder=&#8221;yes&#8221; uncode_shortcode_id=&#8221;200277&#8243;][vc_tab gutter_size=&#8221;2&#8243; column_padding=&#8221;2&#8243; title=&#8221;Descrizione&#8221; tab_id=&#8221;04814&#8243; product_from_builder=&#8221;yes&#8221;][vc_column_text]<span style=\"font-weight: 400;\">Facile e veloce da assorbire, protegge le mani da secchezza e arrossamenti. Il CBD e l&#8217;olio di Cannabis Sativa sono particolarmente efficaci nel trattamento di eruzioni cutanee, infiammazioni, prurito e secchezza generale.[\/vc_column_text][\/vc_tab][vc_tab gutter_size=&#8221;2&#8243; column_padding=&#8221;2&#8243; title=&#8221;Contenuto di CBD&#8221; tab_id=&#8221;04824&#8243; product_from_builder=&#8221;yes&#8221;][vc_column_text uncode_shortcode_id=&#8221;155359&#8243;]Estratto di CBD VIBRES: 750 mg<\/span><\/p>\n<p> CONTENUTO MEDIO DI CBD PURO: 101 mg<\/p>\n<p>CONTENUTO MEDIO DI CBD PURO: 0,2%[\/vc_column_text][\/vc_tab][vc_tab gutter_size=&#8221;2&#8243; column_padding=&#8221;2&#8243; title=&#8221;Direzione di utilizzo&#8221; tab_id=&#8221;04835&#8243; product_from_builder=&#8221;yes&#8221;][vc_column_text uncode_shortcode_id=&#8221;505738&#8243;]<span style=\"font-weight: 400;\">Applica uno strato sottile sulle mani pi\u00f9 volte al giorno, massaggiando fino all&#8217;assorbimento.<\/span>[\/vc_column_text][\/vc_tab][vc_tab gutter_size=&#8221;2&#8243; column_padding=&#8221;2&#8243; title=&#8221;Avvertenze&#8221; tab_id=&#8221;04841&#8243; product_from_builder=&#8221;yes&#8221;][vc_column_text uncode_shortcode_id=&#8221;150049&#8243;]Non utilizzare per scopi differenti da quelli indicati.<\/p>\n<p>Tenere fuori dalla portata dei bambini.<\/p>\n<p>Solo per uso esterno. Non ingerire.<\/p>\n<p>Conservalo tra i 15 e i 25\u00b0C, in un luogo asciutto e lontano da fonti di calore (sistemi di riscaldamento) e dalla luce diretta.<\/p>\n<p>Non esporre a ripetuti e temporanei shock termici superiori a 40\u00b0C e inferiori a 5\u00b0C.[\/vc_column_text][\/vc_tab][vc_tab gutter_size=&#8221;2&#8243; column_padding=&#8221;2&#8243; title=&#8221;INCI&#8221; tab_id=&#8221;1732444296999-4-8&#8243;][vc_column_text uncode_shortcode_id=&#8221;815780&#8243;]INGREDIENTI: AQUA, SUCCO DI FOGLIE DI ALOE BARBADENSIS**, STEARATO DI ETILE, OLIO DI SEMI DI HELIANTHUS ANNUUS**, DISTEARATO DI POLIGLICERIL-3 METILGLUCOSIO, OLIVATO DI ETILE IDROGENATO***, BURRO DI BUTYROSPERMUM PARKII**, GLICERINA, GLICERIL STEARATO, ALCOL STEARILICO, OLIO DI SEMI DI CANNABIS SATIVA**, ALLANTOINA, ESTRATTO DI NOCCIOLO DI AVENA SATIVA**, OLIO DI BUCCIA DI AGRUMI LIMONI**, INSAPONIFICABILI DI OLIO DI OLIVA IDROGENATO***, GLICERINA**, ESTRATTO DI FOGLIE DI CANNABIS SATIVA**, CANNABIDIOLO &#8211; DERIVATO DA ESTRATTO O TINTURA O RESINA DI CANNABIS***, TOCOFEROLO, ESTRATTO DI FOGLIE DI ROSMARINUS OFFICINALIS, GLICERIDI DELL&#8217;OLIO DI SEMI DI GIRASOLE, DATEM, GOMMA DI CESALPINIA SPINOSA, PARFUM, GLUTAMMATO DIACETATO DI TETRASODIO, ACIDO DEIDROACETICO, ACIDO BENZOICO, CITRALE*, LIMONENE*, ALCOL BENZILICO.<\/p>\n<p>*** criteri COSMOS, NATRUE o ECOCERT certificati \/ certifi\u00e9s crit\u00e8res COSMOS, NATRUE ou ECOCERT \/ COSMOS-, NATRUE- oder ECOCERT-Kriterien zertifiziert \/ certificato COSMOS, NATRUE o ECOCERT \/ Certificado seg\u00fan los criterios de COSMOS, NATRUE o ECOCERT<br \/>\n** da agricoltura biologica certificata \/ issu de l&#8217;agriculture biologique certifi\u00e9e naturelle \/ aus kontrolliert biologischem Anbau \/ da agricoltura biologica certificata \/ de agricultura ecol\u00f3gica certificada<br \/>\n* contenuto di oli essenziali naturali \/ contient des huiles essentielles \/ aus nat\u00fcrlichen \u00e4therischen \u00d6len \/ da oli essenziali naturali \/ de aceites esenciales naturales[\/vc_column_text][\/vc_tab][\/vc_tabs][\/vc_column][\/vc_row]<\/p>\n<\/div>","protected":false},"excerpt":{"rendered":"<p style=\"text-align: left;\"><strong>Lenitivo &#8211; Protettivo<\/strong><\/p>\n<p><strong>con 101 mg di CBD puro (0,2%)<\/strong><\/p>\n<p><em>Con Aloe Vera biologica, frazione di olio d&#8217;oliva, olio di girasole biologico, burro di karit\u00e9 biologico, olio di semi di canapa biologico, glicerina vegetale, allantoina, CBD (Cannabidiolo), estratto di foglie di Cannabis Sativa biologica VIBRES, estratto di avena biologica, olio essenziale di limone di Sicilia biologico puro.<\/em><\/p>\n","protected":false},"featured_media":2795,"template":"","meta":[],"product_brand":[],"product_cat":[47],"product_tag":[],"class_list":{"0":"post-400","1":"product","2":"type-product","3":"status-publish","4":"has-post-thumbnail","6":"product_cat-mani","8":"first","9":"instock","10":"taxable","11":"shipping-taxable","12":"purchasable","13":"product-type-variable","14":"add-to-wishlist-after_add_to_cart"},"jetpack_sharing_enabled":true,"tiered_pricing_type":"fixed","tiered_pricing_fixed_rules":[],"tiered_pricing_product_settings":{"layout":"default","base_unit_name":{"singular":null,"plural":null},"default_variation":null},"tiered_pricing_minimum_quantity":null,"tiered_pricing_roles_data":[],"tiered_pricing_percentage_rules":[],"tiered_pricing_maximum_quantity":null,"tiered_pricing_quantity_step":null,"_links":{"self":[{"href":"https:\/\/hemphilia.com\/it\/wp-json\/wp\/v2\/product\/400","targetHints":{"allow":["GET"]}}],"collection":[{"href":"https:\/\/hemphilia.com\/it\/wp-json\/wp\/v2\/product"}],"about":[{"href":"https:\/\/hemphilia.com\/it\/wp-json\/wp\/v2\/types\/product"}],"wp:featuredmedia":[{"embeddable":true,"href":"https:\/\/hemphilia.com\/it\/wp-json\/wp\/v2\/media\/2795"}],"wp:attachment":[{"href":"https:\/\/hemphilia.com\/it\/wp-json\/wp\/v2\/media?parent=400"}],"wp:term":[{"taxonomy":"product_brand","embeddable":true,"href":"https:\/\/hemphilia.com\/it\/wp-json\/wp\/v2\/product_brand?post=400"},{"taxonomy":"product_cat","embeddable":true,"href":"https:\/\/hemphilia.com\/it\/wp-json\/wp\/v2\/product_cat?post=400"},{"taxonomy":"product_tag","embeddable":true,"href":"https:\/\/hemphilia.com\/it\/wp-json\/wp\/v2\/product_tag?post=400"}],"curies":[{"name":"wp","href":"https:\/\/api.w.org\/{rel}","templated":true}]}}