{"id":402,"date":"2020-12-02T21:35:08","date_gmt":"2020-12-02T20:35:08","guid":{"rendered":"http:\/\/lucas17.sg-host.com\/product\/crema-compattante-antiage-viso-alla-canapa-e-cbd\/"},"modified":"2024-12-23T13:46:26","modified_gmt":"2024-12-23T12:46:26","slug":"crema-compattante-antiage-viso-alla-canapa-e-cbd-45ml","status":"publish","type":"product","link":"https:\/\/hemphilia.com\/it\/prodotto\/crema-compattante-antiage-viso-alla-canapa-e-cbd-45ml\/","title":{"rendered":"CREMA COMPATTANTE ANTIAGE VISO ALLA CANAPA E CBD 45 ml"},"content":{"rendered":"<div class=\"wpb-content-wrapper\"><p>[vc_row unlock_row_content=&#8221;yes&#8221; row_height_percent=&#8221;0&#8243; override_padding=&#8221;yes&#8221; h_padding=&#8221;0&#8243; top_padding=&#8221;0&#8243; bottom_padding=&#8221;0&#8243; overlay_alpha=&#8221;50&#8243; gutter_size=&#8221;3&#8243; column_width_percent=&#8221;100&#8243; shift_y=&#8221;0&#8243; z_index=&#8221;0&#8243; content_parallax=&#8221;0&#8243; uncode_shortcode_id=&#8221;958498&#8243;][vc_column column_width_percent=&#8221;100&#8243; position_vertical=&#8221;middle&#8221; gutter_size=&#8221;2&#8243; overlay_alpha=&#8221;50&#8243; shift_x=&#8221;0&#8243; shift_y=&#8221;0&#8243; shift_y_down=&#8221;0&#8243; z_index=&#8221;0&#8243; medium_width=&#8221;0&#8243; mobile_width=&#8221;0&#8243; width=&#8221;1\/1&#8243; uncode_shortcode_id=&#8221;109854&#8243;][vc_tabs tab_switch=&#8221;yes&#8221; typography=&#8221;advanced&#8221; tab_no_border=&#8221;yes&#8221; titles_size=&#8221;h6&#8243; titles_weight=&#8221;700&#8243; product_from_builder=&#8221;yes&#8221; uncode_shortcode_id=&#8221;200277&#8243;][vc_tab gutter_size=&#8221;2&#8243; column_padding=&#8221;2&#8243; title=&#8221;Descrizione&#8221; tab_id=&#8221;04814&#8243; product_from_builder=&#8221;yes&#8221;][vc_column_text]Grazie al CBD e all\u2019olio di Canapa bio, protegge il benessere e la bellezza del viso rendendo la pelle pi\u00f9 compatta ed elastica. Favorisce il rinnovamento cellulare, valorizzando il patrimonio di giovinezza e rallentando l\u2019insorgere dei segni del tempo. Il viso assume un aspetto pi\u00f9 fresco e giovanile.[\/vc_column_text][\/vc_tab][vc_tab gutter_size=&#8221;2&#8243; column_padding=&#8221;2&#8243; title=&#8221;Contenuto di CBD&#8221; tab_id=&#8221;04824&#8243; product_from_builder=&#8221;yes&#8221;][vc_column_text uncode_shortcode_id=&#8221;552152&#8243;]ESTRATTI CBD VIBES: 450 mg<\/p>\n<p>CONTENUTO MEDIO CBD PURO: 180 mg<\/p>\n<p>CONTENUTO MEDIO % CBD PURO: 0,40%[\/vc_column_text][\/vc_tab][vc_tab gutter_size=&#8221;2&#8243; column_padding=&#8221;2&#8243; title=&#8221;Uso&#8221; tab_id=&#8221;04835&#8243; product_from_builder=&#8221;yes&#8221;][vc_column_text uncode_shortcode_id=&#8221;152381&#8243;]<span style=\"font-weight: 400;\">Applicare mattina e sera su viso e d\u00e9collet\u00e9, massaggiando lievemente fino ad assorbimento.<\/span>[\/vc_column_text][\/vc_tab][vc_tab gutter_size=&#8221;2&#8243; column_padding=&#8221;2&#8243; title=&#8221;Avvertenze&#8221; tab_id=&#8221;04841&#8243; product_from_builder=&#8221;yes&#8221;][vc_column_text uncode_shortcode_id=&#8221;121843&#8243;]Non utilizzare per scopi differenti da quelli indicati.<\/p>\n<p>Tenere fuori dalla portata dei bambini.<\/p>\n<p>Solo per uso esterno. Non ingerire.<\/p>\n<p>Conservalo tra i 15 e i 25\u00b0C, in un luogo asciutto e lontano da fonti di calore (sistemi di riscaldamento) e dalla luce diretta.<\/p>\n<p>Non esporre a ripetuti e temporanei shock termici superiori a 40\u00b0C e inferiori a 5\u00b0C.[\/vc_column_text][\/vc_tab][vc_tab gutter_size=&#8221;2&#8243; column_padding=&#8221;2&#8243; title=&#8221;INCI&#8221; tab_id=&#8221;1732444296999-4-8&#8243;][vc_column_text uncode_shortcode_id=&#8221;210129&#8243;]<span style=\"font-weight: 400;\">INGREDIENTI: <\/span>AQUA, ALOE BARBADENSIS LEAF JUICE**, ETHYLHEXYL STEARATE, HYDROGENATED ETHYLHEXYL OLIVATE***, BUTYROSPERMUM PARKII BUTTER**, CANNABIS SATIVA SEED OIL**, LAVANDULA ANGUSTIFOLIA FLOWER WATER, CALENDULA OFFICINALIS FLOWER WATER**, TRITICUM VULGARE GERM OIL, HELIANTHUS ANNUUS SEED OIL**, GLYCERYL STEARATE, STEARYL ALCOHOL, VITIS VINIFERA SEED OIL, CRAMBE ABYSSINICA SEED OIL PHYTOSTEROL ESTERS***, ROSA MOSCHATA SEED OIL, PERSEA GRATISSIMA OIL, CETEARYL GLUCOSIDE, ARGANIA SPINOSA KERNEL OIL**, BORAGO OFFICINALIS EXTRACT**, AVENA SATIVA KERNEL EXTRACT**, CALENDULA OFFICINALIS FLOWER EXTRACT**, CANNABIDIOL &#8211; DERIVED FROM EXTRACT OR TINCTURE OR RESIN OF CANNABIS***, CANNABIS SATIVA LEAF EXTRACT**, TOCOPHERYL ACETATE, MELIA AZADIRACHTA SEED OIL**, SODIUM HYALURONATE, HYDROGENATED OLIVE OIL UNSAPONIFIABLES***, HYPERICUM PERFORATUM FLOWER\/LEAF\/STEM EXTRACT**, CYMBOPOGON MARTINI OIL**, CITRUS LIMON PEEL OIL**, RETINYL PALMITATE, PELARGONIUM GRAVEOLENS FLOWER OIL**, TOCOPHEROL, GLYCERIN**, ROSMARINUS OFFICINALIS LEAF EXTRACT, SUNFLOWER SEED OIL GLYCERIDES, DATEM, LECITHIN, PARFUM, TETRASODIUM GLUTAMATE DIACETATE, BENZOIC ACID, DEHYDROACETIC ACID, LIMONENE*, CITRONELLOL*, GERANIOL*, CITRAL*, LINALOOL*, BENZYL SALICYLATE*, FARNESOL*, HEXYL CINNAMAL*, HYDROXYCITRONELLAL*, BENZYL ALCOHOL.<\/p>\n<p>*** criteri COSMOS, NATRUE o ECOCERT certificati \/ certifi\u00e9s crit\u00e8res COSMOS, NATRUE ou ECOCERT \/ COSMOS-, NATRUE- oder ECOCERT-Kriterien zertifiziert \/ certificato COSMOS, NATRUE o ECOCERT \/ Certificado seg\u00fan los criterios de COSMOS, NATRUE o ECOCERT<br \/>\n** da agricoltura biologica certificata \/ issu de l&#8217;agriculture biologique certifi\u00e9e naturelle \/ aus kontrolliert biologischem Anbau \/ da agricoltura biologica certificata \/ de agricultura ecol\u00f3gica certificada<br \/>\n* contenuto di oli essenziali naturali \/ contient des huiles essentielles \/ aus nat\u00fcrlichen \u00e4therischen \u00d6len \/ da oli essenziali naturali \/ de aceites esenciales naturales[\/vc_column_text][\/vc_tab][\/vc_tabs][\/vc_column][\/vc_row]<\/p>\n<\/div>","protected":false},"excerpt":{"rendered":"<p><strong>Rivitalizzante &#8211; Protettiva \u2013 Restitutiva <\/strong><strong>con 180 mg di CBD (0,4%). <\/strong>Con Aloe vera bio, frazione dell\u2019olio di Oliva, burro di Karit\u00e9 bio, olio di Cannabis Sativa bio, idrolato di fiori di Lavanda angustifolia, idrolato di fiori di Calendula, estratto VIBRES di foglie di Cannabis Sativa bio, olio di Germe di Grano, olio di Vinaccioli, fitosteroli di Crambe Abyssinica, olio di Avocado, olio di Rosa Mosqueta, olio di Argan bio, CBD (Cannabidiolo), estratto di Borragine bio, estratto di Avena chicchi bio, estratto di fiori di Calendula bio, vitamina E, olio di Neem bio, acido Jaluronico sale sodico, estratto di Iperico, puro olio essenziale di Palmarosa bio, puro olio essenziale di Limone bio, Retinolo (vitamina A), puro olio essenziale naturale di Geranio rosato bourbon e glicerina vegetale bio.<\/p>\n","protected":false},"featured_media":2648,"template":"","meta":[],"product_brand":[],"product_cat":[57,30],"product_tag":[],"class_list":{"0":"post-402","1":"product","2":"type-product","3":"status-publish","4":"has-post-thumbnail","6":"product_cat-antieta","7":"product_cat-cura-del-viso","9":"first","10":"instock","11":"taxable","12":"shipping-taxable","13":"purchasable","14":"product-type-simple","15":"add-to-wishlist-after_add_to_cart"},"jetpack_sharing_enabled":true,"tiered_pricing_type":"fixed","tiered_pricing_fixed_rules":[],"tiered_pricing_product_settings":{"layout":"default","base_unit_name":{"singular":null,"plural":null},"default_variation":null},"tiered_pricing_minimum_quantity":null,"tiered_pricing_roles_data":[],"tiered_pricing_percentage_rules":[],"tiered_pricing_maximum_quantity":null,"tiered_pricing_quantity_step":null,"_links":{"self":[{"href":"https:\/\/hemphilia.com\/it\/wp-json\/wp\/v2\/product\/402","targetHints":{"allow":["GET"]}}],"collection":[{"href":"https:\/\/hemphilia.com\/it\/wp-json\/wp\/v2\/product"}],"about":[{"href":"https:\/\/hemphilia.com\/it\/wp-json\/wp\/v2\/types\/product"}],"wp:featuredmedia":[{"embeddable":true,"href":"https:\/\/hemphilia.com\/it\/wp-json\/wp\/v2\/media\/2648"}],"wp:attachment":[{"href":"https:\/\/hemphilia.com\/it\/wp-json\/wp\/v2\/media?parent=402"}],"wp:term":[{"taxonomy":"product_brand","embeddable":true,"href":"https:\/\/hemphilia.com\/it\/wp-json\/wp\/v2\/product_brand?post=402"},{"taxonomy":"product_cat","embeddable":true,"href":"https:\/\/hemphilia.com\/it\/wp-json\/wp\/v2\/product_cat?post=402"},{"taxonomy":"product_tag","embeddable":true,"href":"https:\/\/hemphilia.com\/it\/wp-json\/wp\/v2\/product_tag?post=402"}],"curies":[{"name":"wp","href":"https:\/\/api.w.org\/{rel}","templated":true}]}}