{"id":404,"date":"2020-12-02T21:15:50","date_gmt":"2020-12-02T20:15:50","guid":{"rendered":"http:\/\/lucas17.sg-host.com\/product\/siero-antiage-lift-viso-occhi-alla-canapa-e-cbd-20ml\/"},"modified":"2024-12-23T13:46:59","modified_gmt":"2024-12-23T12:46:59","slug":"siero-antiage-lift-viso-occhi-alla-canapa-e-cbd-ridensificante-antifatica-30ml","status":"publish","type":"product","link":"https:\/\/hemphilia.com\/it\/prodotto\/siero-antiage-lift-viso-occhi-alla-canapa-e-cbd-ridensificante-antifatica-30ml\/","title":{"rendered":"SIERO ANTIAGE LIFT VISO-OCCHI ALLA CANAPA E CBD 30 ml"},"content":{"rendered":"<div class=\"wpb-content-wrapper\"><p>[vc_row unlock_row_content=&#8221;yes&#8221; row_height_percent=&#8221;0&#8243; override_padding=&#8221;yes&#8221; h_padding=&#8221;0&#8243; top_padding=&#8221;0&#8243; bottom_padding=&#8221;0&#8243; overlay_alpha=&#8221;50&#8243; gutter_size=&#8221;3&#8243; column_width_percent=&#8221;100&#8243; shift_y=&#8221;0&#8243; z_index=&#8221;0&#8243; content_parallax=&#8221;0&#8243; uncode_shortcode_id=&#8221;958498&#8243;][vc_column column_width_percent=&#8221;100&#8243; position_vertical=&#8221;middle&#8221; gutter_size=&#8221;2&#8243; overlay_alpha=&#8221;50&#8243; shift_x=&#8221;0&#8243; shift_y=&#8221;0&#8243; shift_y_down=&#8221;0&#8243; z_index=&#8221;0&#8243; medium_width=&#8221;0&#8243; mobile_width=&#8221;0&#8243; width=&#8221;1\/1&#8243; uncode_shortcode_id=&#8221;109854&#8243;][vc_tabs tab_switch=&#8221;yes&#8221; typography=&#8221;advanced&#8221; tab_no_border=&#8221;yes&#8221; titles_size=&#8221;h6&#8243; titles_weight=&#8221;700&#8243; product_from_builder=&#8221;yes&#8221; uncode_shortcode_id=&#8221;200277&#8243;][vc_tab gutter_size=&#8221;2&#8243; column_padding=&#8221;2&#8243; title=&#8221;Descrizione&#8221; tab_id=&#8221;04814&#8243; product_from_builder=&#8221;yes&#8221;][vc_column_text uncode_shortcode_id=&#8221;229331&#8243;]Ridensifica istantaneamente la pelle del viso aiutando a stendere le rughe, anche del contorno occhi.  Grazie a principi attivi specifici, riempie le rughe dall&#8217;interno gonfiando di acqua la pelle, stendendo e levigando l&#8217;epidermide. Ideale anche per le cosiddette &#8220;zampe di gallina&#8221;. \u00c8 un vero e proprio lifting naturale ad effetto rapido.[\/vc_column_text][\/vc_tab][vc_tab gutter_size=&#8221;2&#8243; column_padding=&#8221;2&#8243; title=&#8221;Contenuto di CBD&#8221; tab_id=&#8221;04824&#8243; product_from_builder=&#8221;yes&#8221;][vc_column_text uncode_shortcode_id=&#8221;269297&#8243;]CBD VIBRES Extract: 150 mg<br \/>\nPURE CBD CONTENT AVERAGE: 150 mg<br \/>\nPURE CBD % CONTENT AVERAGE: 0,51%[\/vc_column_text][\/vc_tab][vc_tab gutter_size=&#8221;2&#8243; column_padding=&#8221;2&#8243; title=&#8221;Uso&#8221; tab_id=&#8221;04835&#8243; product_from_builder=&#8221;yes&#8221;][vc_column_text uncode_shortcode_id=&#8221;144443&#8243;]Applicare mattina e sera sul viso e contorno occhi prima della crema, picchiettando fino ad assorbimento.[\/vc_column_text][\/vc_tab][vc_tab gutter_size=&#8221;2&#8243; column_padding=&#8221;2&#8243; title=&#8221;Avvertenze&#8221; tab_id=&#8221;04841&#8243; product_from_builder=&#8221;yes&#8221;][vc_column_text uncode_shortcode_id=&#8221;821062&#8243;]Non utilizzare per scopi differenti da quelli indicati. Tenere fuori dalla portata dei bambini. Solo per uso esterno. Non ingerire. Conservalo tra i 15 e i 25\u00b0C, in un luogo asciutto e lontano da fonti di calore (sistemi di riscaldamento) e dalla luce diretta. Non esporre a ripetuti e temporanei shock termici superiori a 40\u00b0C e inferiori a 5\u00b0C.[\/vc_column_text][\/vc_tab][vc_tab gutter_size=&#8221;2&#8243; column_padding=&#8221;2&#8243; title=&#8221;INCI&#8221; tab_id=&#8221;1732444296999-4-8&#8243;][vc_column_text uncode_shortcode_id=&#8221;106267&#8243;]<span style=\"font-weight: 400;\">INGREDIENTS: <\/span>AQUA, ALOE BARBADENSIS LEAF JUICE**, HEPTYL GLUCOSIDE, TRITICUM VULGARE GERM OIL, GLYCERIN, SODIUM HYALURONATE, CANNABIS SATIVA SEED OIL**, HYDROLYZED HYALURONIC ACID, ROSA DAMASCENA FLOWER OIL**, CANNABIS SATIVA LEAF EXTRACT**, BORAGO OFFICINALIS EXTRACT**, CANNABIDIOL &#8211; DERIVED FROM EXTRACT OR TINCTURE OR RESIN OF CANNABIS***, PAULLINIA CUPANA SEED EXTRACT, CITRUS LIMON PEEL OIL** , HYDROGENATED ETHYLHEXYL OLIVATE***, CYMBOPOGON MARTINI OIL**, PELARGONIUM GRAVEOLENS FLOWER OIL**, COCOS NUCIFERA OIL**, HYDROGENATED OLIVE OIL UNSAPONIFIABLES***, TOCOPHEROL, HELIANTHUS ANNUUS SEED OIL**, ROSMARINUS OFFICINALIS LEAF EXTRACT, SUNFLOWER SEED OIL GLYCERIDES, DATEM, PARFUM, DEHYDROACETIC ACID, BENZOIC ACID, GERANIOL*, LIMONENE*, FARNESOL*, LINALOOL*, CITRONELLOL*, CITRAL*, BENZYL ALCOHOL.<\/p>\n<p>*** criteri COSMOS, NATRUE o ECOCERT certificati \/ certifi\u00e9s crit\u00e8res COSMOS, NATRUE ou ECOCERT \/ COSMOS-, NATRUE- oder ECOCERT-Kriterien zertifiziert \/ certificato COSMOS, NATRUE o ECOCERT \/ Certificado seg\u00fan los criterios de COSMOS, NATRUE o ECOCERT<br \/>\n** da agricoltura biologica certificata \/ issu de l&#8217;agriculture biologique certifi\u00e9e naturelle \/ aus kontrolliert biologischem Anbau \/ da agricoltura biologica certificata \/ de agricultura ecol\u00f3gica certificada<br \/>\n* contenuto di oli essenziali naturali \/ contient des huiles essentielles \/ aus nat\u00fcrlichen \u00e4therischen \u00d6len \/ da oli essenziali naturali \/ de aceites esenciales naturales[\/vc_column_text][\/vc_tab][\/vc_tabs][\/vc_column][\/vc_row]<\/p>\n<\/div>","protected":false},"excerpt":{"rendered":"<p><strong>Ridensificante \u2013 antifatica con 150 mg di CBD (0,51%).<\/strong> Con Aloe vera bio, olio di Germe di Grano, olio di Canapa bio, Acido Jaluronico a bassissimo peso molecolare, CBD (Cannabidiolo), estratto VIBRES di foglie di Cannabis Sativa bio, Acido Jaluronico sale sodico, puro olio essenziale di Rosa Damascena bio, estratto di Borragine bio, estratto di Guaran\u00e0, puro olio essenziale di Limone di Sicilia bio, puro olio essenziale di Palmarosa bio, puro olio essenziale naturale di Geranio rosato bourbon, Vitamina E, frazione dell\u2019olio di Oliva e glicerina vegetale<\/p>\n","protected":false},"featured_media":2789,"template":"","meta":[],"product_brand":[],"product_cat":[57,30],"product_tag":[],"class_list":{"0":"post-404","1":"product","2":"type-product","3":"status-publish","4":"has-post-thumbnail","6":"product_cat-antieta","7":"product_cat-cura-del-viso","9":"first","10":"instock","11":"taxable","12":"shipping-taxable","13":"purchasable","14":"product-type-simple","15":"add-to-wishlist-after_add_to_cart"},"jetpack_sharing_enabled":true,"tiered_pricing_type":"fixed","tiered_pricing_fixed_rules":[],"tiered_pricing_product_settings":{"layout":"default","base_unit_name":{"singular":null,"plural":null},"default_variation":null},"tiered_pricing_minimum_quantity":null,"tiered_pricing_roles_data":[],"tiered_pricing_percentage_rules":[],"tiered_pricing_maximum_quantity":null,"tiered_pricing_quantity_step":null,"_links":{"self":[{"href":"https:\/\/hemphilia.com\/it\/wp-json\/wp\/v2\/product\/404","targetHints":{"allow":["GET"]}}],"collection":[{"href":"https:\/\/hemphilia.com\/it\/wp-json\/wp\/v2\/product"}],"about":[{"href":"https:\/\/hemphilia.com\/it\/wp-json\/wp\/v2\/types\/product"}],"wp:featuredmedia":[{"embeddable":true,"href":"https:\/\/hemphilia.com\/it\/wp-json\/wp\/v2\/media\/2789"}],"wp:attachment":[{"href":"https:\/\/hemphilia.com\/it\/wp-json\/wp\/v2\/media?parent=404"}],"wp:term":[{"taxonomy":"product_brand","embeddable":true,"href":"https:\/\/hemphilia.com\/it\/wp-json\/wp\/v2\/product_brand?post=404"},{"taxonomy":"product_cat","embeddable":true,"href":"https:\/\/hemphilia.com\/it\/wp-json\/wp\/v2\/product_cat?post=404"},{"taxonomy":"product_tag","embeddable":true,"href":"https:\/\/hemphilia.com\/it\/wp-json\/wp\/v2\/product_tag?post=404"}],"curies":[{"name":"wp","href":"https:\/\/api.w.org\/{rel}","templated":true}]}}