{"id":410,"date":"2020-12-04T00:35:33","date_gmt":"2020-12-03T23:35:33","guid":{"rendered":"http:\/\/lucas17.sg-host.com\/product\/siero-per-capelli-alla-canapa-e-cbd-50-ml\/"},"modified":"2025-07-25T10:56:26","modified_gmt":"2025-07-25T08:56:26","slug":"siero-per-capelli-alla-canapa-e-cbd-30-ml","status":"publish","type":"product","link":"https:\/\/hemphilia.com\/it\/prodotto\/siero-per-capelli-alla-canapa-e-cbd-30-ml\/","title":{"rendered":"SIERO PER CAPELLI ALLA CANAPA E CBD 30 ml"},"content":{"rendered":"<div class=\"wpb-content-wrapper\"><p>[vc_row unlock_row_content=&#8221;yes&#8221; row_height_percent=&#8221;0&#8243; override_padding=&#8221;yes&#8221; h_padding=&#8221;0&#8243; top_padding=&#8221;0&#8243; bottom_padding=&#8221;0&#8243; overlay_alpha=&#8221;50&#8243; gutter_size=&#8221;3&#8243; column_width_percent=&#8221;100&#8243; shift_y=&#8221;0&#8243; z_index=&#8221;0&#8243; content_parallax=&#8221;0&#8243; uncode_shortcode_id=&#8221;958498&#8243;][vc_column column_width_percent=&#8221;100&#8243; position_vertical=&#8221;middle&#8221; gutter_size=&#8221;2&#8243; overlay_alpha=&#8221;50&#8243; shift_x=&#8221;0&#8243; shift_y=&#8221;0&#8243; shift_y_down=&#8221;0&#8243; z_index=&#8221;0&#8243; medium_width=&#8221;0&#8243; mobile_width=&#8221;0&#8243; width=&#8221;1\/1&#8243; uncode_shortcode_id=&#8221;109854&#8243;][vc_tabs tab_switch=&#8221;yes&#8221; typography=&#8221;advanced&#8221; tab_no_border=&#8221;yes&#8221; titles_size=&#8221;h6&#8243; titles_weight=&#8221;700&#8243; product_from_builder=&#8221;yes&#8221; uncode_shortcode_id=&#8221;200277&#8243;][vc_tab gutter_size=&#8221;2&#8243; column_padding=&#8221;2&#8243; title=&#8221;Descrizione&#8221; tab_id=&#8221;04814&#8243; product_from_builder=&#8221;yes&#8221;][vc_column_text uncode_shortcode_id=&#8221;205507&#8243;]Fluido illuminante e antistatico dall\u2019incredibile leggerezza. Di origine 100% naturale e biologica, \u00e8 il sostituto vegetale dei cristalli liquidi sintetici (silicone e paraffina).<br \/>Insostituibile per proteggere il capello dall\u2019umidit\u00e0 e dalla salsedine, se applicato in piccolissime quantit\u00e0 dona un\u2019incredibile luce da capello \u201csano e forte\u201d. Facilita anche il finishing.[\/vc_column_text][\/vc_tab][vc_tab gutter_size=&#8221;2&#8243; column_padding=&#8221;2&#8243; title=&#8221;Contenuto di CBD&#8221; tab_id=&#8221;04824&#8243; product_from_builder=&#8221;yes&#8221;][vc_column_text uncode_shortcode_id=&#8221;109513&#8243;]CBD VIBES Extract: 300 mg<br \/>PURE CBD CONTENT AVERAGE: 22 mg<br \/>PURE CBD % CONTENT AVERAGE: &lt;0,1%[\/vc_column_text][\/vc_tab][vc_tab gutter_size=&#8221;2&#8243; column_padding=&#8221;2&#8243; title=&#8221;Uso&#8221; tab_id=&#8221;04835&#8243; product_from_builder=&#8221;yes&#8221;][vc_column_text uncode_shortcode_id=&#8221;165760&#8243;]Dipendentemente dalla lunghezza dei capelli, applicare da 2 a 10 gocce su tutta la lunghezza. Indicato per essere applicato sia prima (per capelli secchi) che dopo l\u2019asciugatura.[\/vc_column_text][\/vc_tab][vc_tab gutter_size=&#8221;2&#8243; column_padding=&#8221;2&#8243; title=&#8221;Avvertenze&#8221; tab_id=&#8221;04841&#8243; product_from_builder=&#8221;yes&#8221;][vc_column_text uncode_shortcode_id=&#8221;168087&#8243;]Non utilizzare per scopi differenti da quelli indicati.<\/p>\n<p>Tenere fuori dalla portata dei bambini.<\/p>\n<p>Solo per uso esterno. Non ingerire.<\/p>\n<p>Conservalo tra i 15 e i 25\u00b0C, in un luogo asciutto e lontano da fonti di calore (sistemi di riscaldamento) e dalla luce diretta.<\/p>\n<p>Non esporre a ripetuti e temporanei shock termici superiori a 40\u00b0C e inferiori a 5\u00b0C.[\/vc_column_text][\/vc_tab][vc_tab gutter_size=&#8221;2&#8243; column_padding=&#8221;2&#8243; title=&#8221;INCI&#8221; tab_id=&#8221;1732444296999-4-8&#8243;][vc_column_text uncode_shortcode_id=&#8221;126461&#8243;]INGREDIENTS: HYDROGENATED ETHYLHEXYL OLIVATE***, HYDROGENATED OLIVE OIL UNSAPONIFIABLES***, CRAMBE ABYSSINICA SEED OIL PHYTOSTEROL ESTERS***, LINUM USITATISSIMUM SEED OIL**, CANNABIS SATIVA SEED OIL**, COCOS NUCIFERA OIL**, HELIANTHUS ANNUUS SEED OIL**, CITRUS LIMON PEEL OIL**, THYMUS VULGARIS LEAF OIL**, ROSMARINUS OFFICINALIS FLOWER OIL**, CANNABIS SATIVA LEAF EXTRACT**, CANNABIDIOL &#8211; DERIVED FROM EXTRACT OR TINCTURE OR RESIN OF CANNABIS***, ROSMARINUS OFFICINALIS LEAF EXTRACT, SUNFLOWER SEED OIL GLYCERIDES, DATEM, PARFUM, LIMONENE*, LINALOOL*, CITRAL*, BENZYL SALICYLATE.<\/p>\n<p>*** COSMOS, NATRUE or ECOCERT criteria certified \/ certifi\u00e9s crit\u00e8res COSMOS, NATRUE ou ECOCERT \/ COSMOS-, NATRUE- oder ECOCERT-Kriterien zertifiziert \/ certificato COSMOS, NATRUE o ECOCERT \/ Certificado seg\u00fan los criterios de COSMOS, NATRUE o ECOCERT<br \/> ** from certified organic farming \/ issu de l\u2019agriculture biologique certifi\u00e9e naturelle \/ aus kontrolliert biologischem Anbau \/ da agricoltura biologica certificata \/ de agricultura ecol\u00f3gica certificada<br \/> * content of natural essential oils \/ contient des huiles essentielles \/ aus nat\u00fcrlichen \u00e4therischen \u00d6len \/ da oli essenziali naturali \/ de aceites esenciales naturales[\/vc_column_text][\/vc_tab][\/vc_tabs][\/vc_column][\/vc_row]<\/p>\n<\/div>","protected":false},"excerpt":{"rendered":"<p><strong>Antistatico e illuminante con 22 mg di CBD (&lt;0,1%).<\/strong> Con frazione dell\u2019olio di Oliva, fitosteroli di Crambe Abyssinica, olio di Lino bio, puro olio essenziale di Limone bio, olio di semi di Canapa bio, CBD (Cannabidiolo), estratto VIBRES di foglie di Cannabis Sativa bio, puro olio essenziale di Timo bio e puro olio essenziale di Rosmarino bio.<\/p>\n","protected":false},"featured_media":2816,"template":"","meta":[],"product_brand":[],"product_cat":[31],"product_tag":[],"class_list":{"0":"post-410","1":"product","2":"type-product","3":"status-publish","4":"has-post-thumbnail","6":"product_cat-capelli","8":"first","9":"instock","10":"taxable","11":"shipping-taxable","12":"purchasable","13":"product-type-simple","14":"add-to-wishlist-after_add_to_cart"},"jetpack_sharing_enabled":true,"tiered_pricing_type":"fixed","tiered_pricing_fixed_rules":[],"tiered_pricing_product_settings":{"layout":"default","base_unit_name":{"singular":null,"plural":null},"default_variation":null},"tiered_pricing_minimum_quantity":null,"tiered_pricing_roles_data":[],"tiered_pricing_percentage_rules":[],"tiered_pricing_maximum_quantity":null,"tiered_pricing_quantity_step":null,"_links":{"self":[{"href":"https:\/\/hemphilia.com\/it\/wp-json\/wp\/v2\/product\/410","targetHints":{"allow":["GET"]}}],"collection":[{"href":"https:\/\/hemphilia.com\/it\/wp-json\/wp\/v2\/product"}],"about":[{"href":"https:\/\/hemphilia.com\/it\/wp-json\/wp\/v2\/types\/product"}],"wp:featuredmedia":[{"embeddable":true,"href":"https:\/\/hemphilia.com\/it\/wp-json\/wp\/v2\/media\/2816"}],"wp:attachment":[{"href":"https:\/\/hemphilia.com\/it\/wp-json\/wp\/v2\/media?parent=410"}],"wp:term":[{"taxonomy":"product_brand","embeddable":true,"href":"https:\/\/hemphilia.com\/it\/wp-json\/wp\/v2\/product_brand?post=410"},{"taxonomy":"product_cat","embeddable":true,"href":"https:\/\/hemphilia.com\/it\/wp-json\/wp\/v2\/product_cat?post=410"},{"taxonomy":"product_tag","embeddable":true,"href":"https:\/\/hemphilia.com\/it\/wp-json\/wp\/v2\/product_tag?post=410"}],"curies":[{"name":"wp","href":"https:\/\/api.w.org\/{rel}","templated":true}]}}