{"id":411,"date":"2020-12-04T00:30:57","date_gmt":"2020-12-03T23:30:57","guid":{"rendered":"http:\/\/lucas17.sg-host.com\/product\/bagnodoccia-restitutivo-alla-canapa-e-cbd-200-ml\/"},"modified":"2024-12-23T12:42:50","modified_gmt":"2024-12-23T11:42:50","slug":"bagnodoccia-restitutivo-alla-canapa-e-cbd-rinfrescante-anti-stanchezza-250-ml","status":"publish","type":"product","link":"https:\/\/hemphilia.com\/it\/prodotto\/bagnodoccia-restitutivo-alla-canapa-e-cbd-rinfrescante-anti-stanchezza-250-ml\/","title":{"rendered":"BAGNODOCCIA RESTITUTIVO ALLA CANAPA E CBD 250 ml"},"content":{"rendered":"<div class=\"wpb-content-wrapper\"><p>[vc_row unlock_row_content=&#8221;yes&#8221; row_height_percent=&#8221;0&#8243; override_padding=&#8221;yes&#8221; h_padding=&#8221;0&#8243; top_padding=&#8221;0&#8243; bottom_padding=&#8221;0&#8243; overlay_alpha=&#8221;50&#8243; gutter_size=&#8221;3&#8243; column_width_percent=&#8221;100&#8243; shift_y=&#8221;0&#8243; z_index=&#8221;0&#8243; content_parallax=&#8221;0&#8243; uncode_shortcode_id=&#8221;958498&#8243;][vc_column column_width_percent=&#8221;100&#8243; position_vertical=&#8221;middle&#8221; gutter_size=&#8221;2&#8243; overlay_alpha=&#8221;50&#8243; shift_x=&#8221;0&#8243; shift_y=&#8221;0&#8243; shift_y_down=&#8221;0&#8243; z_index=&#8221;0&#8243; medium_width=&#8221;0&#8243; mobile_width=&#8221;0&#8243; width=&#8221;1\/1&#8243; uncode_shortcode_id=&#8221;109854&#8243;][vc_tabs tab_switch=&#8221;yes&#8221; typography=&#8221;advanced&#8221; tab_no_border=&#8221;yes&#8221; titles_size=&#8221;h6&#8243; titles_weight=&#8221;700&#8243; product_from_builder=&#8221;yes&#8221; uncode_shortcode_id=&#8221;200277&#8243;][vc_tab gutter_size=&#8221;2&#8243; column_padding=&#8221;2&#8243; title=&#8221;Descrizione&#8221; tab_id=&#8221;04814&#8243; product_from_builder=&#8221;yes&#8221;][vc_column_text uncode_shortcode_id=&#8221;874622&#8243;]Particolarmente delicato sulla pelle, deterge dolcemente aiutando a restituire il corretto film idrolipidico alla cute. Grazie all\u2019estratto di Canapa, al CBD e agli oli essenziali naturali e bio di Menta piperita e Arancio dolce, rinfresca mente e corpo riattivandone la vitalit\u00e0. \u00c8 molto utile anche nei momenti di stress o difficolt\u00e0, per alleviare la stanchezza e favorire il rilassamento a livello fisico ed emozionale. Indicato anche per l\u2019infanzia.[\/vc_column_text][\/vc_tab][vc_tab gutter_size=&#8221;2&#8243; column_padding=&#8221;2&#8243; title=&#8221;Contenuto di CBD&#8221; tab_id=&#8221;04824&#8243; product_from_builder=&#8221;yes&#8221;][vc_column_text uncode_shortcode_id=&#8221;104200&#8243;]CBD VIBES Extract: 250 mg<br \/>\nPURE CBD CONTENT AVERAGE: 19 mg<br \/>\nPURE CBD % CONTENT AVERAGE: &lt;0,1%[\/vc_column_text][\/vc_tab][vc_tab gutter_size=&#8221;2&#8243; column_padding=&#8221;2&#8243; title=&#8221;Uso&#8221; tab_id=&#8221;04835&#8243; product_from_builder=&#8221;yes&#8221;][vc_column_text uncode_shortcode_id=&#8221;117285&#8243;]Ideale da usare con la spugna (naturale se possibile). Risciacquare bene con acqua.[\/vc_column_text][\/vc_tab][vc_tab gutter_size=&#8221;2&#8243; column_padding=&#8221;2&#8243; title=&#8221;Avvertenze&#8221; tab_id=&#8221;04841&#8243; product_from_builder=&#8221;yes&#8221;][vc_column_text uncode_shortcode_id=&#8221;989797&#8243;]Non utilizzare per scopi differenti da quelli indicati.<\/p>\n<p>Tenere fuori dalla portata dei bambini.<\/p>\n<p>Solo per uso esterno. Non ingerire.<\/p>\n<p>Conservalo tra i 15 e i 25\u00b0C, in un luogo asciutto e lontano da fonti di calore (sistemi di riscaldamento) e dalla luce diretta.<\/p>\n<p>Non esporre a ripetuti e temporanei shock termici superiori a 40\u00b0C e inferiori a 5\u00b0C.[\/vc_column_text][\/vc_tab][vc_tab gutter_size=&#8221;2&#8243; column_padding=&#8221;2&#8243; title=&#8221;INCI&#8221; tab_id=&#8221;1732444296999-4-8&#8243;][vc_column_text uncode_shortcode_id=&#8221;947520&#8243;]INGREDIENTS: AQUA, COCAMIDOPROPYL BETAINE***, DISODIUM COCOAMPHODIACETATE***, SODIUM COCO-SULFATE***, SODIUM LAUROYL GLUTAMATE***, ALOE BARBADENSIS LEAF JUICE**, CANNABIS SATIVA SEED OIL**, MENTHA PIPERITA OIL**, CITRUS AURANTIUM DULCIS PEEL OIL EXPRESSED**, AVENA SATIVA KERNEL EXTRACT**, CHAMOMILLA RECUTITA FLOWER EXTRACT**, CALENDULA OFFICINALIS FLOWER EXTRACT**, CRAMBE ABYSSINICA SEED OIL PHYTOSTEROL ESTERS***, GLYCERYL LAURATE***, HELIANTHUS ANNUUS SEED OIL**, GLYCERIN**, TOCOPHEROL, CANNABIS SATIVA LEAF EXTRACT**, CANNABIDIOL &#8211; DERIVED FROM EXTRACT OR TINCTURE OR RESIN OF CANNABIS***, ROSMARINUS OFFICINALIS LEAF EXTRACT, SUNFLOWER SEED OIL GLYCERIDES, DATEM, HEPTYL GLUCOSIDE, PARFUM, TETRASODIUM GLUTAMATE DIACETATE, DEHYDROACETIC ACID, BENZOIC ACID, LIMONENE*, BENZYL SALICYLATE, BENZYL ALCOHOL.<\/p>\n<p>*** criteri COSMOS, NATRUE o ECOCERT certificati \/ certifi\u00e9s crit\u00e8res COSMOS, NATRUE ou ECOCERT \/ COSMOS-, NATRUE- oder ECOCERT-Kriterien zertifiziert \/ certificato COSMOS, NATRUE o ECOCERT \/ Certificado seg\u00fan los criterios de COSMOS, NATRUE o ECOCERT<br \/>\n** da agricoltura biologica certificata \/ issu de l&#8217;agriculture biologique certifi\u00e9e naturelle \/ aus kontrolliert biologischem Anbau \/ da agricoltura biologica certificata \/ de agricultura ecol\u00f3gica certificada<br \/>\n* contenuto di oli essenziali naturali \/ contient des huiles essentielles \/ aus nat\u00fcrlichen \u00e4therischen \u00d6len \/ da oli essenziali naturali \/ de aceites esenciales naturales[\/vc_column_text][\/vc_tab][\/vc_tabs][\/vc_column][\/vc_row]<\/p>\n<\/div>","protected":false},"excerpt":{"rendered":"<p><strong>Rinfrescante &#8211; anti stanchezza con 19 mg di CBD (&lt;0,1%).<\/strong><br \/>\nCon estratto di fiori di Camomilla bio, Aloe vera bio, estratto di Avena chicchi bio, estratto di fiori di Calendula bio, olio di semi di Canapa bio, puro olio essenziale bio di Arancio dolce di Sicilia, puro olio essenziale bio di Menta Piperita, Crambe Abyssinica, estratto VIBRES di foglie di Cannabis Sativa bio, CBD (Cannabidiolo), e Glicerina vegetale bio.<\/p>\n","protected":false},"featured_media":2777,"template":"","meta":[],"product_brand":[],"product_cat":[29],"product_tag":[],"class_list":{"0":"post-411","1":"product","2":"type-product","3":"status-publish","4":"has-post-thumbnail","6":"product_cat-corpo","8":"first","9":"instock","10":"taxable","11":"shipping-taxable","12":"purchasable","13":"product-type-simple","14":"add-to-wishlist-after_add_to_cart"},"jetpack_sharing_enabled":true,"tiered_pricing_type":"fixed","tiered_pricing_fixed_rules":[],"tiered_pricing_product_settings":{"layout":"default","base_unit_name":{"singular":null,"plural":null},"default_variation":null},"tiered_pricing_minimum_quantity":null,"tiered_pricing_roles_data":[],"tiered_pricing_percentage_rules":[],"tiered_pricing_maximum_quantity":null,"tiered_pricing_quantity_step":null,"_links":{"self":[{"href":"https:\/\/hemphilia.com\/it\/wp-json\/wp\/v2\/product\/411","targetHints":{"allow":["GET"]}}],"collection":[{"href":"https:\/\/hemphilia.com\/it\/wp-json\/wp\/v2\/product"}],"about":[{"href":"https:\/\/hemphilia.com\/it\/wp-json\/wp\/v2\/types\/product"}],"wp:featuredmedia":[{"embeddable":true,"href":"https:\/\/hemphilia.com\/it\/wp-json\/wp\/v2\/media\/2777"}],"wp:attachment":[{"href":"https:\/\/hemphilia.com\/it\/wp-json\/wp\/v2\/media?parent=411"}],"wp:term":[{"taxonomy":"product_brand","embeddable":true,"href":"https:\/\/hemphilia.com\/it\/wp-json\/wp\/v2\/product_brand?post=411"},{"taxonomy":"product_cat","embeddable":true,"href":"https:\/\/hemphilia.com\/it\/wp-json\/wp\/v2\/product_cat?post=411"},{"taxonomy":"product_tag","embeddable":true,"href":"https:\/\/hemphilia.com\/it\/wp-json\/wp\/v2\/product_tag?post=411"}],"curies":[{"name":"wp","href":"https:\/\/api.w.org\/{rel}","templated":true}]}}