{"id":415,"date":"2020-12-03T21:47:39","date_gmt":"2020-12-03T20:47:39","guid":{"rendered":"http:\/\/lucas17.sg-host.com\/product\/crema-sollievo-prolungato-al-cbd-30-ml\/"},"modified":"2026-03-19T02:27:06","modified_gmt":"2026-03-19T01:27:06","slug":"crema-sollievo-prolungato-al-cbd-ad-effetto-termico-30-ml","status":"publish","type":"product","link":"https:\/\/hemphilia.com\/it\/prodotto\/crema-sollievo-prolungato-al-cbd-ad-effetto-termico-30-ml\/","title":{"rendered":"CREMA SOLLIEVO PROLUNGATO AL CBD 30 ml"},"content":{"rendered":"<div class=\"wpb-content-wrapper\"><p>[vc_row unlock_row_content=&#8221;yes&#8221; row_height_percent=&#8221;0&#8243; override_padding=&#8221;yes&#8221; h_padding=&#8221;0&#8243; top_padding=&#8221;0&#8243; bottom_padding=&#8221;0&#8243; overlay_alpha=&#8221;50&#8243; gutter_size=&#8221;3&#8243; column_width_percent=&#8221;100&#8243; shift_y=&#8221;0&#8243; z_index=&#8221;0&#8243; content_parallax=&#8221;0&#8243; uncode_shortcode_id=&#8221;958498&#8243;][vc_column column_width_percent=&#8221;100&#8243; position_vertical=&#8221;middle&#8221; gutter_size=&#8221;2&#8243; overlay_alpha=&#8221;50&#8243; shift_x=&#8221;0&#8243; shift_y=&#8221;0&#8243; shift_y_down=&#8221;0&#8243; z_index=&#8221;0&#8243; medium_width=&#8221;0&#8243; mobile_width=&#8221;0&#8243; width=&#8221;1\/1&#8243; uncode_shortcode_id=&#8221;109854&#8243;][vc_tabs tab_switch=&#8221;yes&#8221; typography=&#8221;advanced&#8221; tab_no_border=&#8221;yes&#8221; titles_size=&#8221;h6&#8243; titles_weight=&#8221;700&#8243; product_from_builder=&#8221;yes&#8221; uncode_shortcode_id=&#8221;200277&#8243;][vc_tab gutter_size=&#8221;2&#8243; column_padding=&#8221;2&#8243; title=&#8221;Descrizione&#8221; tab_id=&#8221;04814&#8243; product_from_builder=&#8221;yes&#8221;][vc_column_text uncode_shortcode_id=&#8221;124001&#8243;]Ideale per alleviare disagi della pelle di varia natura. Contiene CBD puro, un estratto vibrazionale di foglie di Canapa bio e olio di semi di Canapa bio. Studiata specificamente per assorbirsi lentamente, riesce a mantenere i principi attivi a lungo sulla pelle; \u00e8 quindi ideale per coadiuvare sull\u2019epidermide il sollievo da acciacchi, traumi e malesseri cronici e di media-lunga durata.[\/vc_column_text][\/vc_tab][vc_tab gutter_size=&#8221;2&#8243; column_padding=&#8221;2&#8243; title=&#8221;Contenuto di CBD&#8221; tab_id=&#8221;04824&#8243; product_from_builder=&#8221;yes&#8221;][vc_column_text uncode_shortcode_id=&#8221;168848&#8243;]CBD VIBES Extract: 2400 mg<br \/>\nPURE CBD CONTENT AVERAGE: 660 mg<br \/>\nPURE CBD % CONTENT AVERAGE: 2,22%[\/vc_column_text][\/vc_tab][vc_tab gutter_size=&#8221;2&#8243; column_padding=&#8221;2&#8243; title=&#8221;Uso&#8221; tab_id=&#8221;04835&#8243; product_from_builder=&#8221;yes&#8221;][vc_column_text uncode_shortcode_id=&#8221;214145&#8243;]Applicare generosamente sulle parti interessate, massaggiando leggermente.[\/vc_column_text][\/vc_tab][vc_tab gutter_size=&#8221;2&#8243; column_padding=&#8221;2&#8243; title=&#8221;Avvertenze&#8221; tab_id=&#8221;04841&#8243; product_from_builder=&#8221;yes&#8221;][vc_column_text uncode_shortcode_id=&#8221;780596&#8243;]Non applicare intorno agli occhi e sulle parti intime.<\/p>\n<p>Non utilizzare per scopi differenti da quelli indicati.<\/p>\n<p>Tenere fuori dalla portata dei bambini.<\/p>\n<p>Solo per uso esterno. Non ingerire.<\/p>\n<p>Conservalo tra i 15 e i 25\u00b0C, in un luogo asciutto e lontano da fonti di calore (sistemi di riscaldamento) e dalla luce diretta.<\/p>\n<p>Non esporre a ripetuti e temporanei shock termici superiori a 40\u00b0C e inferiori a 5\u00b0C.[\/vc_column_text][\/vc_tab][vc_tab gutter_size=&#8221;2&#8243; column_padding=&#8221;2&#8243; title=&#8221;INCI&#8221; tab_id=&#8221;1732444296999-4-8&#8243;][vc_column_text uncode_shortcode_id=&#8221;944832&#8243;]INGREDIENTS: AQUA, HELIANTHUS ANNUUS SEED OIL**, ARNICA MONTANA FLOWER WATER**, ETHYLHEXYL STEARATE, ARNICA MONTANA FLOWER EXTRACT, CANNABIS SATIVA SEED OIL**, CANNABIDIOL &#8211; DERIVED FROM EXTRACT OR TINCTURE OR RESIN OF CANNABIS***, GLYCERYL STEARATE, STEARYL ALCOHOL, GLYCERIN, MENTHA PIPERITA FLOWER\/LEAF OIL**, MENTHOL, CETEARYL GLUCOSIDE, CANNABIS SATIVA LEAF EXTRACT**, HARPAGOPHYTUM PROCUMBENS ROOT EXTRACT, EUGENIA CARYOPHYLLUS BUD OIL**, AVENA SATIVA KERNEL EXTRACT**, CALENDULA OFFICINALIS FLOWER EXTRACT**, GLYCERIN**, TOCOPHEROL, ROSMARINUS OFFICINALIS LEAF EXTRACT, SUNFLOWER SEED OIL GLYCERIDES, DATEM, CAESALPINIA SPINOSA GUM, TETRASODIUM GLUTAMATE DIACETATE, DEHYDROACETIC ACID, BENZOIC ACID, EUGENOL*, LIMONENE*, LINALOOL*, BENZYL ALCOHOL.<\/p>\n<p>*** criteri COSMOS, NATRUE o ECOCERT certificati \/ certifi\u00e9s crit\u00e8res COSMOS, NATRUE ou ECOCERT \/ COSMOS-, NATRUE- oder ECOCERT-Kriterien zertifiziert \/ certificato COSMOS, NATRUE o ECOCERT \/ Certificado seg\u00fan los criterios de COSMOS, NATRUE o ECOCERT<br \/>\n** da agricoltura biologica certificata \/ issu de l&#8217;agriculture biologique certifi\u00e9e naturelle \/ aus kontrolliert biologischem Anbau \/ da agricoltura biologica certificata \/ de agricultura ecol\u00f3gica certificada<br \/>\n* contenuto di oli essenziali naturali \/ contient des huiles essentielles \/ aus nat\u00fcrlichen \u00e4therischen \u00d6len \/ da oli essenziali naturali \/ de aceites esenciales naturales[\/vc_column_text][\/vc_tab][\/vc_tabs][\/vc_column][\/vc_row]<\/p>\n<\/div>","protected":false},"excerpt":{"rendered":"<p><strong>ad effetto termico con 660 mg di CBD (2,22%).<\/strong> Con idrolato di fiori di Arnica Montana bio, oleolito di fiori di Arnica Montana, olio di semi di Canapa bio, estratto VIBRES di foglie di Cannabis Sativa bio, CBD (Cannabidiolo), puro olio essenziale bio di Menta Piperita, Mentolo naturale, estratto di Avena chicchi bio, estratto di fiori di Calendula bio, estratto di radice di Artiglio del Diavolo, puro olio essenziale di Garofano Chiodi bio, Glicerina vegetale bio, estratto di foglie di Rosmarino.<\/p>\n","protected":false},"featured_media":2825,"template":"","meta":[],"product_brand":[],"product_cat":[46,30],"product_tag":[],"class_list":{"0":"post-415","1":"product","2":"type-product","3":"status-publish","4":"has-post-thumbnail","6":"product_cat-primo-soccorso","7":"product_cat-cura-del-viso","9":"first","10":"instock","11":"taxable","12":"shipping-taxable","13":"purchasable","14":"product-type-simple","15":"add-to-wishlist-after_add_to_cart"},"jetpack_sharing_enabled":true,"tiered_pricing_type":"fixed","tiered_pricing_fixed_rules":[],"tiered_pricing_product_settings":{"layout":"default","base_unit_name":{"singular":null,"plural":null},"default_variation":null},"tiered_pricing_minimum_quantity":null,"tiered_pricing_roles_data":[],"tiered_pricing_percentage_rules":[],"tiered_pricing_maximum_quantity":null,"tiered_pricing_quantity_step":null,"_links":{"self":[{"href":"https:\/\/hemphilia.com\/it\/wp-json\/wp\/v2\/product\/415","targetHints":{"allow":["GET"]}}],"collection":[{"href":"https:\/\/hemphilia.com\/it\/wp-json\/wp\/v2\/product"}],"about":[{"href":"https:\/\/hemphilia.com\/it\/wp-json\/wp\/v2\/types\/product"}],"wp:featuredmedia":[{"embeddable":true,"href":"https:\/\/hemphilia.com\/it\/wp-json\/wp\/v2\/media\/2825"}],"wp:attachment":[{"href":"https:\/\/hemphilia.com\/it\/wp-json\/wp\/v2\/media?parent=415"}],"wp:term":[{"taxonomy":"product_brand","embeddable":true,"href":"https:\/\/hemphilia.com\/it\/wp-json\/wp\/v2\/product_brand?post=415"},{"taxonomy":"product_cat","embeddable":true,"href":"https:\/\/hemphilia.com\/it\/wp-json\/wp\/v2\/product_cat?post=415"},{"taxonomy":"product_tag","embeddable":true,"href":"https:\/\/hemphilia.com\/it\/wp-json\/wp\/v2\/product_tag?post=415"}],"curies":[{"name":"wp","href":"https:\/\/api.w.org\/{rel}","templated":true}]}}