{"id":438,"date":"2020-12-04T00:26:52","date_gmt":"2020-12-03T23:26:52","guid":{"rendered":"http:\/\/lucas17.sg-host.com\/product\/crema-riattivante-piedi-freddi-alla-canapa-e-cbd-50-ml\/"},"modified":"2024-12-23T12:48:11","modified_gmt":"2024-12-23T11:48:11","slug":"crema-riattivante-piedi-freddi-alla-canapa-e-cbd-formula-bio-riscaldante-50-ml","status":"publish","type":"product","link":"https:\/\/hemphilia.com\/it\/prodotto\/crema-riattivante-piedi-freddi-alla-canapa-e-cbd-formula-bio-riscaldante-50-ml\/","title":{"rendered":"CREMA RIATTIVANTE PIEDI FREDDI ALLA CANAPA E CBD 50 ml"},"content":{"rendered":"<div class=\"wpb-content-wrapper\"><p>[vc_row unlock_row_content=&#8221;yes&#8221; row_height_percent=&#8221;0&#8243; override_padding=&#8221;yes&#8221; h_padding=&#8221;0&#8243; top_padding=&#8221;0&#8243; bottom_padding=&#8221;0&#8243; overlay_alpha=&#8221;50&#8243; gutter_size=&#8221;3&#8243; column_width_percent=&#8221;100&#8243; shift_y=&#8221;0&#8243; z_index=&#8221;0&#8243; content_parallax=&#8221;0&#8243; uncode_shortcode_id=&#8221;958498&#8243;][vc_column column_width_percent=&#8221;100&#8243; position_vertical=&#8221;middle&#8221; gutter_size=&#8221;2&#8243; overlay_alpha=&#8221;50&#8243; shift_x=&#8221;0&#8243; shift_y=&#8221;0&#8243; shift_y_down=&#8221;0&#8243; z_index=&#8221;0&#8243; medium_width=&#8221;0&#8243; mobile_width=&#8221;0&#8243; width=&#8221;1\/1&#8243; uncode_shortcode_id=&#8221;109854&#8243;][vc_tabs tab_switch=&#8221;yes&#8221; typography=&#8221;advanced&#8221; tab_no_border=&#8221;yes&#8221; titles_size=&#8221;h6&#8243; titles_weight=&#8221;700&#8243; product_from_builder=&#8221;yes&#8221; uncode_shortcode_id=&#8221;200277&#8243;][vc_tab gutter_size=&#8221;2&#8243; column_padding=&#8221;2&#8243; title=&#8221;Descrizione&#8221; tab_id=&#8221;04814&#8243; product_from_builder=&#8221;yes&#8221;][vc_column_text uncode_shortcode_id=&#8221;149276&#8243;]Specifica per riattivare la circolazione, riscalda i piedi freddi e stanchi donando sollievo e generando allo stesso tempo un lieve e confortevole tepore. Ideale in particolare durante le stagioni fredde e dopo sensibili cambi di temperatura. Coadiuvante anche contro i geloni, grazie a ingredienti di prima qualit\u00e0 fra cui spicca l\u2019estratto di Capsico. Stimolando le terminazioni nervose periferiche, accresce l\u2019afflusso di sangue nelle zone d\u2019applicazione, provocando sulla cute una leggera sensazione di calore.[\/vc_column_text][\/vc_tab][vc_tab gutter_size=&#8221;2&#8243; column_padding=&#8221;2&#8243; title=&#8221;Contenuto di CBD&#8221; tab_id=&#8221;04824&#8243; product_from_builder=&#8221;yes&#8221;][vc_column_text uncode_shortcode_id=&#8221;634663&#8243;]CBD VIBES Extract: 100 mg<br \/>PURE CBD CONTENT AVERAGE: 100 mg<br \/>PURE CBD % CONTENT AVERAGE: 0,2%[\/vc_column_text][\/vc_tab][vc_tab gutter_size=&#8221;2&#8243; column_padding=&#8221;2&#8243; title=&#8221;Uso&#8221; tab_id=&#8221;04835&#8243; product_from_builder=&#8221;yes&#8221;][vc_column_text uncode_shortcode_id=&#8221;211481&#8243;]Applicare sui piedi tutti i giorni mattino e sera, e quando necessario, massaggiando energicamente fino ad assorbimento.[\/vc_column_text][\/vc_tab][vc_tab gutter_size=&#8221;2&#8243; column_padding=&#8221;2&#8243; title=&#8221;Avvertenze&#8221; tab_id=&#8221;04841&#8243; product_from_builder=&#8221;yes&#8221;][vc_column_text uncode_shortcode_id=&#8221;318678&#8243;]Non applicare intorno agli occhi e sulle parti intime.<\/p>\n<p>Non utilizzare in gravidanza e su bambini piccoli.<\/p>\n<p>Non utilizzare per scopi differenti da quelli indicati.<\/p>\n<p>Tenere fuori dalla portata dei bambini.<\/p>\n<p>Solo per uso esterno. Non ingerire.<\/p>\n<p>Conservalo tra i 15 e i 25\u00b0C, in un luogo asciutto e lontano da fonti di calore (sistemi di riscaldamento) e dalla luce diretta.<\/p>\n<p>Non esporre a ripetuti e temporanei shock termici superiori a 40\u00b0C e inferiori a 5\u00b0C.[\/vc_column_text][\/vc_tab][vc_tab gutter_size=&#8221;2&#8243; column_padding=&#8221;2&#8243; title=&#8221;INCI&#8221; tab_id=&#8221;1732444296999-4-8&#8243;][vc_column_text uncode_shortcode_id=&#8221;107631&#8243;]INGREDIENTI: AQUA, HELIANTHUS ANNUUS SEED OIL**, ETHYLHEXYL STEARATE, CANNABIS SATIVA SEED OIL**, GLYCERYL STEARATE, STEARYL ALCOHOL, BUTYROSPERMUM PARKII BUTTER**, ORYZA SATIVA STARCH, GLYCERIN, CETEARYL GLUCOSIDE, CAPSICUM ANNUUM FRUIT EXTRACT, HYDROGENATED ETHYLHEXYL OLIVATE***, HYPERICUM PERFORATUM FLOWER\/LEAF\/STEM EXTRACT**, EUCALYPTUS RADIATA FLOWER\/LEAF\/STEM OIL**, CINNAMOMUM CAMPHORA BARK OIL, CINNAMOMUM ZEYLANICUM BARK OIL**, THYMUS VULGARIS LEAF OIL**, CINNAMOMUM ZEYLANICUM LEAF OIL**, HYDROGENATED OLIVE OIL UNSAPONIFIABLES**, PINUS SYLVESTRIS TWIG LEAF OIL**, CANNABIS SATIVA LEAF EXTRACT**, ZINGIBER OFFICINALE ROOT OIL, CANNABIDIOL &#8211; DERIVED FROM EXTRACT OR TINCTURE OR RESIN OF CANNABIS***, TOCOPHEROL, ROSMARINUS OFFICINALIS LEAF EXTRACT, SUNFLOWER SEED OIL GLYCERIDES, DATEM, CETEARYL ALCOHOL, CAESALPINIA SPINOSA GUM, TETRASODIUM GLUTAMATE DIACETATE, BENZOIC ACID, DEHYDROACETIC ACID, EUGENOL*, CINNAMAL*, LINALOOL*, LIMONENE*, BENZYL BENZOATE*, CINNAMYL ALCOHOL*, BENZYL ALCOHOL.<\/p>\n<p>*** COSMOS, NATRUE or ECOCERT criteria certified \/ certifi\u00e9s crit\u00e8res COSMOS, NATRUE ou ECOCERT \/ COSMOS-, NATRUE- oder ECOCERT-Kriterien zertifiziert \/ certificato COSMOS, NATRUE o ECOCERT \/ Certificado seg\u00fan los criterios de COSMOS, NATRUE o ECOCERT<br \/>** from certified organic farming \/ issu de l\u2019agriculture biologique certifi\u00e9e naturelle \/ aus kontrolliert biologischem Anbau \/ da agricoltura biologica certificata \/ de agricultura ecol\u00f3gica certificada<br \/>* content of natural essential oils \/ contient des huiles essentielles \/ aus nat\u00fcrlichen \u00e4therischen \u00d6len \/ da oli essenziali naturali \/ de aceites esenciales naturales[\/vc_column_text][\/vc_tab][\/vc_tabs][\/vc_column][\/vc_row]<\/p>\n<\/div>","protected":false},"excerpt":{"rendered":"<p><strong>Formula bio riscaldante con 100 mg pure CBD (0,2%).<\/strong> Con olio di Girasole bio, olio di Canapa bio, frazione dell\u2019olio di Oliva, burro di Karit\u00e9 bio, estratto di Capsico (Peperoncino), amido di Riso, Glicerina vegetale, estratto di Iperico, puro olio essenziale bio di Eucalipto Radiata, puro olio essenziale bio di Cannella corteccia, puro olio essenziale naturale di Canfora corteccia, puro olio essenziale bio di Pino silvestre, puro olio essenziale bio di Timo, puro olio essenziale naturale di Zenzero radice, estratto VIBRES di foglie di Cannabis Sativa bio, CBD (Cannabidiolo), Vitamina E, estratto di Rosmarino foglie, gomma di Tara (Carruba Peruviana).<\/p>\n","protected":false},"featured_media":2741,"template":"","meta":[],"product_brand":[],"product_cat":[61],"product_tag":[],"class_list":{"0":"post-438","1":"product","2":"type-product","3":"status-publish","4":"has-post-thumbnail","6":"product_cat-cura-dei-piedi","8":"first","9":"instock","10":"taxable","11":"shipping-taxable","12":"purchasable","13":"product-type-simple","14":"add-to-wishlist-after_add_to_cart"},"jetpack_sharing_enabled":true,"tiered_pricing_type":"fixed","tiered_pricing_fixed_rules":[],"tiered_pricing_product_settings":{"layout":"default","base_unit_name":{"singular":null,"plural":null},"default_variation":null},"tiered_pricing_minimum_quantity":null,"tiered_pricing_roles_data":[],"tiered_pricing_percentage_rules":[],"tiered_pricing_maximum_quantity":null,"tiered_pricing_quantity_step":null,"_links":{"self":[{"href":"https:\/\/hemphilia.com\/it\/wp-json\/wp\/v2\/product\/438","targetHints":{"allow":["GET"]}}],"collection":[{"href":"https:\/\/hemphilia.com\/it\/wp-json\/wp\/v2\/product"}],"about":[{"href":"https:\/\/hemphilia.com\/it\/wp-json\/wp\/v2\/types\/product"}],"wp:featuredmedia":[{"embeddable":true,"href":"https:\/\/hemphilia.com\/it\/wp-json\/wp\/v2\/media\/2741"}],"wp:attachment":[{"href":"https:\/\/hemphilia.com\/it\/wp-json\/wp\/v2\/media?parent=438"}],"wp:term":[{"taxonomy":"product_brand","embeddable":true,"href":"https:\/\/hemphilia.com\/it\/wp-json\/wp\/v2\/product_brand?post=438"},{"taxonomy":"product_cat","embeddable":true,"href":"https:\/\/hemphilia.com\/it\/wp-json\/wp\/v2\/product_cat?post=438"},{"taxonomy":"product_tag","embeddable":true,"href":"https:\/\/hemphilia.com\/it\/wp-json\/wp\/v2\/product_tag?post=438"}],"curies":[{"name":"wp","href":"https:\/\/api.w.org\/{rel}","templated":true}]}}