{"id":687,"date":"2022-01-02T18:11:11","date_gmt":"2022-01-02T17:11:12","guid":{"rendered":"https:\/\/hemphilia.com\/?post_type=product&#038;p=687"},"modified":"2024-12-16T17:08:28","modified_gmt":"2024-12-16T16:08:28","slug":"crema-effetto-matt-riequilibrante-idratante-con-cbd-e-canapa-40-ml","status":"publish","type":"product","link":"https:\/\/hemphilia.com\/it\/prodotto\/crema-effetto-matt-riequilibrante-idratante-con-cbd-e-canapa-40-ml\/","title":{"rendered":"CREMA EFFETTO MATT RIEQUILIBRANTE IDRATANTE  CON CBD E CANAPA 40 ml"},"content":{"rendered":"<p>Riduce le imperfezioni della pelle mista, impura e soggetta a imperfezioni. Aiuta a purificare la cute, minimizzando i pori dilatati, i punti neri e i brufoletti superficiali: l\u2019incarnato risulter\u00e0 rinnovato, pi\u00f9 vitale e idratato. Gli ingredienti naturali e bio in sinergia con il CBD aumentano le propriet\u00e0 comedolitiche della crema coadiuvando un\u2019attivit\u00e0 diminutiva \u00a0dell\u2019infiammazione acneica superficiale. L\u2019effetto lucido e asfittico, tipico della pelle impura, verr\u00e0 sostituito da un aspetto sano, luminoso e mattato.<\/p>\n","protected":false},"excerpt":{"rendered":"<p><strong>Per pelle mista, impura e tendente all\u2019acne superficiale.<\/strong><\/p>\n<p><strong>con 321 mg di CBD puro (0,8%)<\/strong><\/p>\n<p><em>Con Aloe vera bio, estratto di Avena chicchi bio, idrolato di Lavanda angustifolia, idrolato di Timo,\u00a0 olio di Neem bio, Bentonite, olio di Canapa bio, estratto di Borragine bio, estratto d\u2019Uva,\u00a0 olio di Rosa Mosqueta, CBD (Cannabidiolo), bioliquefatto di semi di Canapa, <\/em>estratto VIBRES di foglie di Cannabis Sativa bio,<em> estratto di resina di Boswellia serrata, estratto di Zenzero radice, Zinco ossido, Glicerina vegetale bio, estratto di fiori di Camomilla bio, olio di semi di Girasole bio, puro olio essenziale di Mandarino rosso bio di Sicilia, estratto di fiori di Arnica montana, acido Jaluronico a bassissimo peso molecolare, puro olio essenziale di Limone di Sicilia bio, estratto di Artiglio del Diavolo radice, puro olio essenziale bio di Palmarosa, gomma di Tara (Carruba Peruviana), puro olio essenziale bio di Garofano chiodi,\u00a0 Retinolo (Vitamina A),\u00a0 puro olio essenziale bio di Geranio bourbon, frazione estratta dal Rosmarino, Lecitina di Soia, Vitamina E.<\/em><\/p>\n<p><a href=\"#x-legacy-tab-1\">Leggi di pi\u00f9<\/a><\/p>\n","protected":false},"featured_media":2714,"template":"","meta":[],"product_brand":[],"product_cat":[59,30],"product_tag":[],"class_list":{"0":"post-687","1":"product","2":"type-product","3":"status-publish","4":"has-post-thumbnail","6":"product_cat-purificare-e-opacizzare","7":"product_cat-cura-del-viso","9":"first","10":"instock","11":"taxable","12":"shipping-taxable","13":"purchasable","14":"product-type-simple","15":"add-to-wishlist-after_add_to_cart"},"jetpack_sharing_enabled":true,"tiered_pricing_type":"fixed","tiered_pricing_fixed_rules":[],"tiered_pricing_product_settings":{"layout":"default","base_unit_name":{"singular":null,"plural":null},"default_variation":null},"tiered_pricing_minimum_quantity":null,"tiered_pricing_roles_data":[],"tiered_pricing_percentage_rules":[],"tiered_pricing_maximum_quantity":null,"tiered_pricing_quantity_step":null,"_links":{"self":[{"href":"https:\/\/hemphilia.com\/it\/wp-json\/wp\/v2\/product\/687","targetHints":{"allow":["GET"]}}],"collection":[{"href":"https:\/\/hemphilia.com\/it\/wp-json\/wp\/v2\/product"}],"about":[{"href":"https:\/\/hemphilia.com\/it\/wp-json\/wp\/v2\/types\/product"}],"wp:featuredmedia":[{"embeddable":true,"href":"https:\/\/hemphilia.com\/it\/wp-json\/wp\/v2\/media\/2714"}],"wp:attachment":[{"href":"https:\/\/hemphilia.com\/it\/wp-json\/wp\/v2\/media?parent=687"}],"wp:term":[{"taxonomy":"product_brand","embeddable":true,"href":"https:\/\/hemphilia.com\/it\/wp-json\/wp\/v2\/product_brand?post=687"},{"taxonomy":"product_cat","embeddable":true,"href":"https:\/\/hemphilia.com\/it\/wp-json\/wp\/v2\/product_cat?post=687"},{"taxonomy":"product_tag","embeddable":true,"href":"https:\/\/hemphilia.com\/it\/wp-json\/wp\/v2\/product_tag?post=687"}],"curies":[{"name":"wp","href":"https:\/\/api.w.org\/{rel}","templated":true}]}}