{"id":689,"date":"2022-01-02T21:03:50","date_gmt":"2022-01-02T20:03:52","guid":{"rendered":"https:\/\/hemphilia.com\/?post_type=product&#038;p=689"},"modified":"2024-12-23T12:32:46","modified_gmt":"2024-12-23T11:32:46","slug":"new-skin-gel-viso-opacizzante-immediato-ad-effetto-seta-con-cbd-e-canapa-rinnovante-e-rinfrescante-40-ml","status":"publish","type":"product","link":"https:\/\/hemphilia.com\/it\/prodotto\/new-skin-gel-viso-opacizzante-immediato-ad-effetto-seta-con-cbd-e-canapa-rinnovante-e-rinfrescante-40-ml\/","title":{"rendered":"NEW SKIN GEL VISO OPACIZZANTE EFFETTO SETA CON CBD E CANAPA 40 ml"},"content":{"rendered":"<div class=\"wpb-content-wrapper\"><p>[vc_row unlock_row_content=&#8221;yes&#8221; row_height_percent=&#8221;0&#8243; override_padding=&#8221;yes&#8221; h_padding=&#8221;0&#8243; top_padding=&#8221;0&#8243; bottom_padding=&#8221;0&#8243; overlay_alpha=&#8221;50&#8243; gutter_size=&#8221;3&#8243; column_width_percent=&#8221;100&#8243; shift_y=&#8221;0&#8243; z_index=&#8221;0&#8243; content_parallax=&#8221;0&#8243; uncode_shortcode_id=&#8221;958498&#8243;][vc_column column_width_percent=&#8221;100&#8243; position_vertical=&#8221;middle&#8221; gutter_size=&#8221;2&#8243; overlay_alpha=&#8221;50&#8243; shift_x=&#8221;0&#8243; shift_y=&#8221;0&#8243; shift_y_down=&#8221;0&#8243; z_index=&#8221;0&#8243; medium_width=&#8221;0&#8243; mobile_width=&#8221;0&#8243; width=&#8221;1\/1&#8243; uncode_shortcode_id=&#8221;109854&#8243;][vc_tabs tab_switch=&#8221;yes&#8221; typography=&#8221;advanced&#8221; tab_no_border=&#8221;yes&#8221; titles_size=&#8221;h6&#8243; titles_weight=&#8221;700&#8243; product_from_builder=&#8221;yes&#8221; uncode_shortcode_id=&#8221;200277&#8243;][vc_tab gutter_size=&#8221;2&#8243; column_padding=&#8221;2&#8243; title=&#8221;Descrizione&#8221; tab_id=&#8221;04814&#8243; product_from_builder=&#8221;yes&#8221;][vc_column_text uncode_shortcode_id=&#8221;143477&#8243;]Straordinario comfort ad effetto seta per la pelle mista, impura e con acne superficiale.<br \/>Reintegra l\u2019idratazione correttamente, stimolando la microcircolazione e riducendo l\u2019aspetto asfittico e l\u2019effetto \u201clucido\u201d. Dona all\u2019epidermide un aspetto rinnovato e affascinante grazie alla capacit\u00e0 di regolarne il funzionamento biologico e riportarla allo stato ottimale. Il viso, prendendo colore, risulter\u00e0 pi\u00f9 pulito e opacizzato, dall\u2019apparenza eccezionalmente giovane.[\/vc_column_text][\/vc_tab][vc_tab gutter_size=&#8221;2&#8243; column_padding=&#8221;2&#8243; title=&#8221;Contenuto di CBD&#8221; tab_id=&#8221;04824&#8243; product_from_builder=&#8221;yes&#8221;][vc_column_text uncode_shortcode_id=&#8221;193900&#8243;]CBD VIBES Extract: 80 mg<br \/>PURE CBD CONTENT AVERAGE: 201 mg<br \/>PURE CBD % CONTENT AVERAGE: 0,5%[\/vc_column_text][\/vc_tab][vc_tab gutter_size=&#8221;2&#8243; column_padding=&#8221;2&#8243; title=&#8221;Uso&#8221; tab_id=&#8221;04835&#8243; product_from_builder=&#8221;yes&#8221;][vc_column_text uncode_shortcode_id=&#8221;895969&#8243;]Non utilizzare per scopi differenti da quelli indicati.<\/p>\n<p>Tenere fuori dalla portata dei bambini.<\/p>\n<p>Per uso esterno, non ingerire.<\/p>\n<p>Conservalo tra i 15 e i 25\u00b0C, in un luogo asciutto e lontano da fonti di calore (sistemi di riscaldamento) e dalla luce diretta.<\/p>\n<p>Non esporre a ripetuti e temporanei shock termici superiori a 40\u00b0C e inferiori a 5\u00b0C.[\/vc_column_text][\/vc_tab][vc_tab gutter_size=&#8221;2&#8243; column_padding=&#8221;2&#8243; title=&#8221;Avvertenze&#8221; tab_id=&#8221;04841&#8243; product_from_builder=&#8221;yes&#8221;][vc_column_text uncode_shortcode_id=&#8221;433402&#8243;]Nei periodi caldi, e quando la pelle lo necessita, applicare mattina e sera in piccole quantit\u00e0 su viso e d\u00e9collet\u00e9, massaggiando lievemente fino ad assorbimento. Nei periodi freddi applicare in alternanza con la NEW SKIN CREMA EFFETTO MATT RIEQUILIBRANTE IDRATANTE CON CBD E CANAPA.[\/vc_column_text][\/vc_tab][vc_tab gutter_size=&#8221;2&#8243; column_padding=&#8221;2&#8243; title=&#8221;INCI&#8221; tab_id=&#8221;1732444296999-4-8&#8243;][vc_column_text uncode_shortcode_id=&#8221;525613&#8243;]INGREDIENTS: ALOE BARBADENSIS LEAF JUICE**, AQUA, GLYCERIN**, THYMUS VULGARIS LEAF WATER, BORAGO OFFICINALIS EXTRACT**, AVENA SATIVA KERNEL EXTRACT **, HEPTYL GLUCOSIDE, PANAX GINSENG ROOT EXTRACT, PAULLINIA CUPANA SEED EXTRACT, VITIS VINIFERA FRUIT EXTRACT***, MELIA AZADIRACHTA SEED OIL**, CANNABIS SATIVA SEED EXTRACT***, SODIUM HYALURONATE, CANNABIDIOL &#8211; DERIVED FROM EXTRACT OR TINCTURE OR RESIN OF CANNABIS***, BOSWELLIA SERRATA RESIN EXTRACT***, ZINGIBER OFFICINALE ROOT EXTRACT***, SACCHAROMYCES FERMENT LYSATE FILTRATE**, HELIANTHUS ANNUUS SEED OIL**, CITRUS NOBILIS PEEL OIL**, CANNABIS SATIVA LEAF EXTRACT**, LAVANDULA ANGUSTIFOLIA HERB OIL**, CITRUS LIMON PEEL OIL**, PELARGONIUM GRAVEOLENS FLOWER OIL, CAESALPINIA SPINOSA GUM, TOCOPHEROL, ROSMARINUS OFFICINALIS LEAF EXTRACT, SUNFLOWER SEED OIL GLYCERIDES, DATEM, PARFUM, DEHYDROACETIC ACID, BENZOIC ACID, LIMONENE*, LINALOOL*, GERANIOL*, CITRONELLOL*, BENZYL ALCOHOL.<\/p>\n<p>*** COSMOS, NATRUE or ECOCERT criteria certified \/ certifi\u00e9s crit\u00e8res COSMOS, NATRUE ou ECOCERT \/ COSMOS-, NATRUE- oder ECOCERT-Kriterien zertifiziert \/ certificato COSMOS, NATRUE o ECOCERT \/ Certificado seg\u00fan los criterios de COSMOS, NATRUE o ECOCERT<br \/>** from certified organic farming \/ issu de l\u2019agriculture biologique certifi\u00e9e naturelle \/ aus kontrolliert biologischem Anbau \/ da agricoltura biologica certificata \/ de agricultura ecol\u00f3gica certificada<br \/>* content of natural essential oils \/ contient des huiles essentielles \/ aus nat\u00fcrlichen \u00e4therischen \u00d6len \/ da oli essenziali naturali \/ de aceites esenciales naturales[\/vc_column_text][\/vc_tab][\/vc_tabs][\/vc_column][\/vc_row]<\/p>\n<\/div>","protected":false},"excerpt":{"rendered":"<p><strong>Rinnovante e rinfrescante con 201 mg di CBD (0,5%).<\/strong> Con Aloe vera bio, idrolato di Timo, estratto di Borragine bio, estratto di Avena chicchi bio, estratto di Ginseng, estratto di Guaran\u00e0, estratto d\u2019Uva, Glicerina vegetale bio, olio di Neem bio, bioliquefatto di semi di Canapa, acido Jaluronico sale sodico, CBD (Cannabidiolo), estratto di resina di Boswellia serrata, estratto di Zenzero radice, fermento Saccharomyces lisato filtrato, olio di Girasole bio, puro olio essenziale bio di Mandarino rosso di Sicilia, estratto VIBRES di foglie di Cannabis Sativa bio, puro olio essenziale bio di Lavanda angustifolia, puro olio essenziale bio di Limone di Sicilia, puro olio essenziale bio di Geranio bourbon, Vitamina E, frazione estratta dal Rosmarino e gomma di Tara (Carruba Peruviana).<\/p>\n","protected":false},"featured_media":2696,"template":"","meta":[],"product_brand":[],"product_cat":[59,30],"product_tag":[],"class_list":{"0":"post-689","1":"product","2":"type-product","3":"status-publish","4":"has-post-thumbnail","6":"product_cat-purificare-e-opacizzare","7":"product_cat-cura-del-viso","9":"first","10":"instock","11":"taxable","12":"shipping-taxable","13":"purchasable","14":"product-type-simple","15":"add-to-wishlist-after_add_to_cart"},"jetpack_sharing_enabled":true,"tiered_pricing_type":"fixed","tiered_pricing_fixed_rules":[],"tiered_pricing_product_settings":{"layout":"default","base_unit_name":{"singular":null,"plural":null},"default_variation":null},"tiered_pricing_minimum_quantity":null,"tiered_pricing_roles_data":[],"tiered_pricing_percentage_rules":[],"tiered_pricing_maximum_quantity":null,"tiered_pricing_quantity_step":null,"_links":{"self":[{"href":"https:\/\/hemphilia.com\/it\/wp-json\/wp\/v2\/product\/689","targetHints":{"allow":["GET"]}}],"collection":[{"href":"https:\/\/hemphilia.com\/it\/wp-json\/wp\/v2\/product"}],"about":[{"href":"https:\/\/hemphilia.com\/it\/wp-json\/wp\/v2\/types\/product"}],"wp:featuredmedia":[{"embeddable":true,"href":"https:\/\/hemphilia.com\/it\/wp-json\/wp\/v2\/media\/2696"}],"wp:attachment":[{"href":"https:\/\/hemphilia.com\/it\/wp-json\/wp\/v2\/media?parent=689"}],"wp:term":[{"taxonomy":"product_brand","embeddable":true,"href":"https:\/\/hemphilia.com\/it\/wp-json\/wp\/v2\/product_brand?post=689"},{"taxonomy":"product_cat","embeddable":true,"href":"https:\/\/hemphilia.com\/it\/wp-json\/wp\/v2\/product_cat?post=689"},{"taxonomy":"product_tag","embeddable":true,"href":"https:\/\/hemphilia.com\/it\/wp-json\/wp\/v2\/product_tag?post=689"}],"curies":[{"name":"wp","href":"https:\/\/api.w.org\/{rel}","templated":true}]}}