{"id":695,"date":"2022-01-03T05:05:26","date_gmt":"2022-01-03T04:05:28","guid":{"rendered":"https:\/\/hemphilia.com\/?post_type=product&#038;p=695"},"modified":"2024-12-23T12:26:41","modified_gmt":"2024-12-23T11:26:41","slug":"new-skin-siero-ultra-vital-al-cbd-purificante-e-uniformante-30-ml","status":"publish","type":"product","link":"https:\/\/hemphilia.com\/it\/prodotto\/new-skin-siero-ultra-vital-al-cbd-purificante-e-uniformante-30-ml\/","title":{"rendered":"NEW SKIN SIERO ULTRA-VITAL AL CBD PURIFICANTE E UNIFORMANTE 30 ml"},"content":{"rendered":"<div class=\"wpb-content-wrapper\"><p>[vc_row unlock_row_content=&#8221;yes&#8221; row_height_percent=&#8221;0&#8243; override_padding=&#8221;yes&#8221; h_padding=&#8221;0&#8243; top_padding=&#8221;0&#8243; bottom_padding=&#8221;0&#8243; overlay_alpha=&#8221;50&#8243; gutter_size=&#8221;3&#8243; column_width_percent=&#8221;100&#8243; shift_y=&#8221;0&#8243; z_index=&#8221;0&#8243; content_parallax=&#8221;0&#8243; uncode_shortcode_id=&#8221;958498&#8243;][vc_column column_width_percent=&#8221;100&#8243; position_vertical=&#8221;middle&#8221; gutter_size=&#8221;2&#8243; overlay_alpha=&#8221;50&#8243; shift_x=&#8221;0&#8243; shift_y=&#8221;0&#8243; shift_y_down=&#8221;0&#8243; z_index=&#8221;0&#8243; medium_width=&#8221;0&#8243; mobile_width=&#8221;0&#8243; width=&#8221;1\/1&#8243; uncode_shortcode_id=&#8221;109854&#8243;][vc_tabs tab_switch=&#8221;yes&#8221; typography=&#8221;advanced&#8221; tab_no_border=&#8221;yes&#8221; titles_size=&#8221;h6&#8243; titles_weight=&#8221;700&#8243; product_from_builder=&#8221;yes&#8221; uncode_shortcode_id=&#8221;200277&#8243;][vc_tab gutter_size=&#8221;2&#8243; column_padding=&#8221;2&#8243; title=&#8221;Descrizione&#8221; tab_id=&#8221;04814&#8243; product_from_builder=&#8221;yes&#8221;][vc_column_text uncode_shortcode_id=&#8221;325953&#8243;]Un vero e proprio trattamento d\u2019urto che regola la secrezione sebacea e migliora velocemente la carnagione, agendo sulla purificazione dei comedoni, delle papule e dei pori: la cute acquister\u00e0 una nuova e seducente luminosit\u00e0. Grazie al CBD e allo speciale estratto fermentato di Canapa, ridefinisce il viso con un ineguagliabile effetto mattato. Ideale per purificare e rendere omogenea la pelle mista, oleosa, con imperfezioni e tendente all\u2019acne superficiale.[\/vc_column_text][\/vc_tab][vc_tab gutter_size=&#8221;2&#8243; column_padding=&#8221;2&#8243; title=&#8221;Contenuto di CBD&#8221; tab_id=&#8221;04824&#8243; product_from_builder=&#8221;yes&#8221;][vc_column_text uncode_shortcode_id=&#8221;538966&#8243;]CBD VIBES Extract: 60 mg<br \/>\nPURE CBD CONTENT AVERAGE: 182 mg<br \/>\nPURE CBD % CONTENT AVERAGE: 0,61%[\/vc_column_text][\/vc_tab][vc_tab gutter_size=&#8221;2&#8243; column_padding=&#8221;2&#8243; title=&#8221;Uso&#8221; tab_id=&#8221;04835&#8243; product_from_builder=&#8221;yes&#8221;][vc_column_text uncode_shortcode_id=&#8221;177250&#8243;]Applicare il siero dopo aver pulito bene il viso massaggiando lievemente fino ad assorbimento. Lasciare asciugare per qualche minuto e poi procedere con l\u2019applicazione della crema o gel. Ideale sia da applicare singolarmente, che come base per una crema viso.[\/vc_column_text][\/vc_tab][vc_tab gutter_size=&#8221;2&#8243; column_padding=&#8221;2&#8243; title=&#8221;Avvertenze&#8221; tab_id=&#8221;04841&#8243; product_from_builder=&#8221;yes&#8221;][vc_column_text uncode_shortcode_id=&#8221;796517&#8243;]Non utilizzare per scopi diversi da quelli indicati.<\/p>\n<p>Tenere lontano dalla portata dei bambini.<\/p>\n<p>Per uso esterno, non ingerire.<\/p>\n<p>Conservare tra 15-25\u00b0C, in luogo asciutto e al riparo da fonti di calore (impianti di riscaldamento) e luce diretta. Non esporre a ripetuti shock termici temporanei superiori a 40\u00b0C e inferiori a 5\u00b0C.[\/vc_column_text][\/vc_tab][vc_tab gutter_size=&#8221;2&#8243; column_padding=&#8221;2&#8243; title=&#8221;INCI&#8221; tab_id=&#8221;1732444296999-4-8&#8243;][vc_column_text uncode_shortcode_id=&#8221;148235&#8243;]INGREDIENTS: AQUA, ALOE BARBADENSIS LEAF JUICE **, GLYCERIN, PAULLINIA CUPANA SEED EXTRACT, MAGNOLIA GRANDIFLORA LEAF EXTRACT, BAKUCHIOL, SALIX ALBA BARK EXTRACT, MELIA AZADIRACHTA SEED OIL**, CANNABIDIOL &#8211; DERIVED FROM EXTRACT OR TINCTURE OR RESIN OF CANNABIS***, PANAX GINSENG ROOT EXTRACT, SODIUM HYALURONATE, SACCHAROMYCES FERMENT LYSATE FILTRATE**, LECITHIN, HEPTYL GLUCOSIDE, CAESALPINIA SPINOSA GUM, HELIANTHUS ANNUUS SEED OIL**, CANNABIS SATIVA LEAF EXTRACT, CITRUS NOBILIS PEEL OIL**, TOCOPHEROL, ROSMARINUS OFFICINALIS LEAF EXTRACT, SUNFLOWER SEED OIL GLYCERIDES, DATEM, PARFUM, BENZOIC ACID, DEHYDROACETIC ACID, LIMONENE*, BENZYL ALCOHOL.<\/p>\n<p>*** criteri COSMOS, NATRUE o ECOCERT certificati \/ certifi\u00e9s crit\u00e8res COSMOS, NATRUE ou ECOCERT \/ COSMOS-, NATRUE- oder ECOCERT-Kriterien zertifiziert \/ certificato COSMOS, NATRUE o ECOCERT \/ Certificado seg\u00fan los criterios de COSMOS, NATRUE o ECOCERT<br \/>\n** da agricoltura biologica certificata \/ issu de l&#8217;agriculture biologique certifi\u00e9e naturelle \/ aus kontrolliert biologischem Anbau \/ da agricoltura biologica certificata \/ de agricultura ecol\u00f3gica certificada<br \/>\n* contenuto di oli essenziali naturali \/ contient des huiles essentielles \/ aus nat\u00fcrlichen \u00e4therischen \u00d6len \/ da oli essenziali naturali \/ de aceites esenciales naturales[\/vc_column_text][\/vc_tab][\/vc_tabs][\/vc_column][\/vc_row]<\/p>\n<\/div>","protected":false},"excerpt":{"rendered":"<p><strong>con 182 mg di CBD (0,61%).<\/strong> Con estratto di Magnolia grandiflora, Bakuchiol (estratto da pianta BuGuZhi), estratto di corteccia di Salice bianco, estratto di Guaran\u00e0, Aloe vera bio, Glicerina vegetale bio, CBD (Cannabidiolo), bioliquefatto di semi di Canapa, estratto VIBRES di foglie di Cannabis Sativa bio, estratto di Ginseng, olio di Neem bio, fermento Saccharomyces lisato filtrato, olio di Girasole bio, acido Jaluronico sale sodico, Lecitina di Soia, puro olio essenziale bio di Mandarino rosso di Sicilia, Vitamina E, frazione estratta dal Rosmarino e gomma di Tara (Carruba Peruviana).<\/p>\n","protected":false},"featured_media":2693,"template":"","meta":[],"product_brand":[],"product_cat":[59,30],"product_tag":[],"class_list":{"0":"post-695","1":"product","2":"type-product","3":"status-publish","4":"has-post-thumbnail","6":"product_cat-purificare-e-opacizzare","7":"product_cat-cura-del-viso","9":"first","10":"instock","11":"taxable","12":"shipping-taxable","13":"purchasable","14":"product-type-simple","15":"add-to-wishlist-after_add_to_cart"},"jetpack_sharing_enabled":true,"tiered_pricing_type":"fixed","tiered_pricing_fixed_rules":[],"tiered_pricing_product_settings":{"layout":"default","base_unit_name":{"singular":null,"plural":null},"default_variation":null},"tiered_pricing_minimum_quantity":null,"tiered_pricing_roles_data":[],"tiered_pricing_percentage_rules":[],"tiered_pricing_maximum_quantity":null,"tiered_pricing_quantity_step":null,"_links":{"self":[{"href":"https:\/\/hemphilia.com\/it\/wp-json\/wp\/v2\/product\/695","targetHints":{"allow":["GET"]}}],"collection":[{"href":"https:\/\/hemphilia.com\/it\/wp-json\/wp\/v2\/product"}],"about":[{"href":"https:\/\/hemphilia.com\/it\/wp-json\/wp\/v2\/types\/product"}],"wp:featuredmedia":[{"embeddable":true,"href":"https:\/\/hemphilia.com\/it\/wp-json\/wp\/v2\/media\/2693"}],"wp:attachment":[{"href":"https:\/\/hemphilia.com\/it\/wp-json\/wp\/v2\/media?parent=695"}],"wp:term":[{"taxonomy":"product_brand","embeddable":true,"href":"https:\/\/hemphilia.com\/it\/wp-json\/wp\/v2\/product_brand?post=695"},{"taxonomy":"product_cat","embeddable":true,"href":"https:\/\/hemphilia.com\/it\/wp-json\/wp\/v2\/product_cat?post=695"},{"taxonomy":"product_tag","embeddable":true,"href":"https:\/\/hemphilia.com\/it\/wp-json\/wp\/v2\/product_tag?post=695"}],"curies":[{"name":"wp","href":"https:\/\/api.w.org\/{rel}","templated":true}]}}