{"id":697,"date":"2022-01-03T15:02:02","date_gmt":"2022-01-03T14:02:04","guid":{"rendered":"https:\/\/hemphilia.com\/?post_type=product&#038;p=697"},"modified":"2024-12-17T01:59:18","modified_gmt":"2024-12-17T00:59:18","slug":"hygel-hemp-cbd-aid-igienizzante-mani-delicato-35-ml","status":"publish","type":"product","link":"https:\/\/hemphilia.com\/it\/prodotto\/hygel-hemp-cbd-aid-igienizzante-mani-delicato-35-ml\/","title":{"rendered":"HYGEL &#8211; GEL IGIENIZZANTE MANI DELICATO 35 ml"},"content":{"rendered":"<div class=\"wpb-content-wrapper\"><p>[vc_row unlock_row_content=&#8221;yes&#8221; row_height_percent=&#8221;0&#8243; override_padding=&#8221;yes&#8221; h_padding=&#8221;0&#8243; top_padding=&#8221;0&#8243; bottom_padding=&#8221;0&#8243; overlay_alpha=&#8221;50&#8243; gutter_size=&#8221;3&#8243; column_width_percent=&#8221;100&#8243; shift_y=&#8221;0&#8243; z_index=&#8221;0&#8243; content_parallax=&#8221;0&#8243; uncode_shortcode_id=&#8221;958498&#8243;][vc_column column_width_percent=&#8221;100&#8243; position_vertical=&#8221;middle&#8221; gutter_size=&#8221;2&#8243; overlay_alpha=&#8221;50&#8243; shift_x=&#8221;0&#8243; shift_y=&#8221;0&#8243; shift_y_down=&#8221;0&#8243; z_index=&#8221;0&#8243; medium_width=&#8221;0&#8243; mobile_width=&#8221;0&#8243; width=&#8221;1\/1&#8243; uncode_shortcode_id=&#8221;109854&#8243;][vc_tabs tab_switch=&#8221;yes&#8221; typography=&#8221;advanced&#8221; tab_no_border=&#8221;yes&#8221; titles_size=&#8221;h6&#8243; titles_weight=&#8221;700&#8243; product_from_builder=&#8221;yes&#8221; uncode_shortcode_id=&#8221;200277&#8243;][vc_tab gutter_size=&#8221;2&#8243; column_padding=&#8221;2&#8243; title=&#8221;Descrizione&#8221; tab_id=&#8221;04814&#8243; product_from_builder=&#8221;yes&#8221;][vc_column_text uncode_shortcode_id=&#8221;933960&#8243;]Gel igienizzante per uso frequente, completamente naturale, a base di oli essenziali bio, CBD e oli vegetali bio di Canapa e Neem. Ne serve pochissimo, 35 ml sono circa 90 applicazioni. L\u2019applicazione ideale sarebbe di 0,2 ml a mano, su ambedue le mani.[\/vc_column_text][\/vc_tab][vc_tab gutter_size=&#8221;2&#8243; column_padding=&#8221;2&#8243; title=&#8221;Contenuto di CBD&#8221; tab_id=&#8221;04824&#8243; product_from_builder=&#8221;yes&#8221;][vc_column_text uncode_shortcode_id=&#8221;163781&#8243;]CBD VIBES Extract: 2 mg<br \/>PURE CBD CONTENT AVERAGE: 9,5 mg<br \/>PURE CBD % CONTENT AVERAGE: &lt;0,1%[\/vc_column_text][\/vc_tab][vc_tab gutter_size=&#8221;2&#8243; column_padding=&#8221;2&#8243; title=&#8221;Uso&#8221; tab_id=&#8221;04835&#8243; product_from_builder=&#8221;yes&#8221;][vc_column_text uncode_shortcode_id=&#8221;146274&#8243;]Massage one drop on the hands as needed. Repeat at least every 2 hours.[\/vc_column_text][\/vc_tab][vc_tab gutter_size=&#8221;2&#8243; column_padding=&#8221;2&#8243; title=&#8221;Avvertenze&#8221; tab_id=&#8221;04841&#8243; product_from_builder=&#8221;yes&#8221;][vc_column_text uncode_shortcode_id=&#8221;122382&#8243;]Non utilizzare per scopi differenti da quelli indicati.<\/p>\n<p>Tenere fuori dalla portata dei bambini. Non ingerire. <\/p>\n<p>Conservalo tra i 15 e i 25\u00b0C, in un luogo asciutto e lontano da fonti di calore (sistemi di riscaldamento) e dalla luce diretta.<\/p>\n<p>Non esporre a ripetuti e temporanei shock termici superiori a 40\u00b0C e inferiori a 5\u00b0C.[\/vc_column_text][\/vc_tab][vc_tab gutter_size=&#8221;2&#8243; column_padding=&#8221;2&#8243; title=&#8221;INCI&#8221; tab_id=&#8221;1732444296999-4-8&#8243;][vc_column_text uncode_shortcode_id=&#8221;178074&#8243;]INGREDIENTS: THYMUS VULGARIS LEAF WATER**, ALOE BARBADENSIS LEAF JUICE**, HEPTYL GLUCOSIDE, CANNABIS SATIVA SEED OIL**, CAESALPINIA SPINOSA GUM, MELIA AZADIRACHTA SEED OIL**, EUCALYPTUS RADIATA FLOWER\/LEAF\/STEM OIL**, THYMUS VULGARIS LEAF OIL**, MELALEUCA ALTERNIFOLIA LEAF OIL**, EUGENIA CARYOPHYLLUS BUD OIL**, CITRUS LIMON PEEL OIL**, LAVANDULA HYBRIDA HERB OIL**, EUCALYPTUS SMITHII LEAF OIL**, MELALEUCA VIRIDIFLORA LEAF OIL**, CINNAMOMUM ZEYLANICUM BARK OIL**, CITRUS NOBILIS PEEL OIL**, MENTHA PIPERITA FLOWER\/LEAF OIL**, SESAMUM INDICUM SEED OIL, CITRUS AURANTIUM DULCIS PEEL OIL EXPRESSED**, CANNABIS SATIVA LEAF EXTRACT**, CANNABIDIOL &#8211; DERIVED FROM EXTRACT OR TINCTURE OR RESIN OF CANNABIS***, HELIANTHUS ANNUUS SEED OIL**, TOCOPHEROL, ROSMARINUS OFFICINALIS LEAF EXTRACT, SUNFLOWER SEED OIL GLYCERIDES, DATEM, TETRASODIUM GLUTAMATE DIACETATE, DEHYDROACETIC ACID, BENZOIC ACID, LIMONENE*, LINALOOL*, EUGENOL*, CITRAL*, CINNAMAL*, BENZYL ALCOHOL.<\/p>\n<p>*** COSMOS, NATRUE or ECOCERT criteria certified \/ certifi\u00e9s crit\u00e8res COSMOS, NATRUE ou ECOCERT \/ COSMOS-, NATRUE- oder ECOCERT-Kriterien zertifiziert \/ certificato COSMOS, NATRUE o ECOCERT \/ Certificado seg\u00fan los criterios de COSMOS, NATRUE o ECOCERT<br \/>** from certified organic farming \/ issu de l\u2019agriculture biologique certifi\u00e9e naturelle \/ aus kontrolliert biologischem Anbau \/ da agricoltura biologica certificata \/ de agricultura ecol\u00f3gica certificada<br \/>* content of natural essential oils \/ contient des huiles essentielles \/ aus nat\u00fcrlichen \u00e4therischen \u00d6len \/ da oli essenziali naturali \/ de aceites esenciales naturales[\/vc_column_text][\/vc_tab][\/vc_tabs][\/vc_column][\/vc_row]<\/p>\n<\/div>","protected":false},"excerpt":{"rendered":"<p><strong>con 9,5 mg di CBD (&lt;0,1%).<\/strong> Con idrolato di Timo, Aloe vera bio, heptyl glucoside (detergente e solubilizzante completamente naturale), olio di semi di Canapa bio, olio di semi di Neem bio, puro olio essenziale bio di Eucalipto Radiata, puro olio essenziale bio di Timo, puro olio essenziale bio di Tea Tree , puro olio essenziale bio di Limone, puro olio essenziale bio di Lavanda ibrida, puro olio essenziale bio di chiodi di Garofano, puro olio essenziale bio di Arancio dolce di Sicilia, puro olio essenziale bio di Menta piperita, puro olio essenziale bio di Niaouli, puro olio essenziale bio di Mandarino rosso di Sicilia, puro olio essenziale bio di Eucalipto Smithii, puro olio essenziale bio di Cannella corteccia, CBD (Cannabidiolo), estratto VIBRES di foglie di Cannabis Sativa bio, vitamina E, olio di Girasole bio ed estratto frazionato di Rosmarino.<\/p>\n","protected":false},"featured_media":2690,"template":"","meta":[],"product_brand":[],"product_cat":[47],"product_tag":[],"class_list":{"0":"post-697","1":"product","2":"type-product","3":"status-publish","4":"has-post-thumbnail","6":"product_cat-mani","8":"first","9":"instock","10":"taxable","11":"shipping-taxable","12":"purchasable","13":"product-type-simple","14":"add-to-wishlist-after_add_to_cart"},"jetpack_sharing_enabled":true,"tiered_pricing_type":"fixed","tiered_pricing_fixed_rules":[],"tiered_pricing_product_settings":{"layout":"default","base_unit_name":{"singular":null,"plural":null},"default_variation":null},"tiered_pricing_minimum_quantity":null,"tiered_pricing_roles_data":[],"tiered_pricing_percentage_rules":[],"tiered_pricing_maximum_quantity":null,"tiered_pricing_quantity_step":null,"_links":{"self":[{"href":"https:\/\/hemphilia.com\/it\/wp-json\/wp\/v2\/product\/697","targetHints":{"allow":["GET"]}}],"collection":[{"href":"https:\/\/hemphilia.com\/it\/wp-json\/wp\/v2\/product"}],"about":[{"href":"https:\/\/hemphilia.com\/it\/wp-json\/wp\/v2\/types\/product"}],"wp:featuredmedia":[{"embeddable":true,"href":"https:\/\/hemphilia.com\/it\/wp-json\/wp\/v2\/media\/2690"}],"wp:attachment":[{"href":"https:\/\/hemphilia.com\/it\/wp-json\/wp\/v2\/media?parent=697"}],"wp:term":[{"taxonomy":"product_brand","embeddable":true,"href":"https:\/\/hemphilia.com\/it\/wp-json\/wp\/v2\/product_brand?post=697"},{"taxonomy":"product_cat","embeddable":true,"href":"https:\/\/hemphilia.com\/it\/wp-json\/wp\/v2\/product_cat?post=697"},{"taxonomy":"product_tag","embeddable":true,"href":"https:\/\/hemphilia.com\/it\/wp-json\/wp\/v2\/product_tag?post=697"}],"curies":[{"name":"wp","href":"https:\/\/api.w.org\/{rel}","templated":true}]}}