{"id":811,"date":"2022-04-26T20:59:41","date_gmt":"2022-04-26T19:59:41","guid":{"rendered":"https:\/\/hemphilia.com\/product\/unguento-sollievo-rinfrescante-e-rinnovante-con-cbd-3-50-ml\/"},"modified":"2026-04-01T14:21:29","modified_gmt":"2026-04-01T12:21:29","slug":"unguento-sollievo-rinfrescante-e-rinnovante-con-cbd-3-50-ml","status":"publish","type":"product","link":"https:\/\/hemphilia.com\/it\/prodotto\/unguento-sollievo-rinfrescante-e-rinnovante-con-cbd-3-50-ml\/","title":{"rendered":"UNGUENTO SOLLIEVO RINFRESCANTE E RINNOVANTE CON CBD 3% 50 ml"},"content":{"rendered":"<div class=\"wpb-content-wrapper\"><p>[vc_row unlock_row_content=&#8221;yes&#8221; row_height_percent=&#8221;0&#8243; override_padding=&#8221;yes&#8221; h_padding=&#8221;0&#8243; top_padding=&#8221;0&#8243; bottom_padding=&#8221;0&#8243; overlay_alpha=&#8221;50&#8243; gutter_size=&#8221;3&#8243; column_width_percent=&#8221;100&#8243; shift_y=&#8221;0&#8243; z_index=&#8221;0&#8243; content_parallax=&#8221;0&#8243; uncode_shortcode_id=&#8221;958498&#8243;][vc_column column_width_percent=&#8221;100&#8243; position_vertical=&#8221;middle&#8221; gutter_size=&#8221;2&#8243; overlay_alpha=&#8221;50&#8243; shift_x=&#8221;0&#8243; shift_y=&#8221;0&#8243; shift_y_down=&#8221;0&#8243; z_index=&#8221;0&#8243; medium_width=&#8221;0&#8243; mobile_width=&#8221;0&#8243; width=&#8221;1\/1&#8243; uncode_shortcode_id=&#8221;109854&#8243;][vc_tabs tab_switch=&#8221;yes&#8221; typography=&#8221;advanced&#8221; tab_no_border=&#8221;yes&#8221; titles_size=&#8221;h6&#8243; titles_weight=&#8221;700&#8243; product_from_builder=&#8221;yes&#8221; uncode_shortcode_id=&#8221;200277&#8243;][vc_tab gutter_size=&#8221;2&#8243; column_padding=&#8221;2&#8243; title=&#8221;Descrizione&#8221; tab_id=&#8221;04814&#8243; product_from_builder=&#8221;yes&#8221;][vc_column_text uncode_shortcode_id=&#8221;189418&#8243;]Un vero toccasana per molti problemi della pelle, secchezza e fastidi di svariata natura. Ideale per aiutare la pelle desquamata a rinnovarsi, anche grazie all\u2019alto contenuto di CBD e oli vegetali bio, si pu\u00f2 applicare anche in presenza di psoriasi. Favorisce il rapido recupero dello stato fisico ottimale.[\/vc_column_text][\/vc_tab][vc_tab gutter_size=&#8221;2&#8243; column_padding=&#8221;2&#8243; title=&#8221;Contenuto di CBD&#8221; tab_id=&#8221;04824&#8243; product_from_builder=&#8221;yes&#8221;][vc_column_text uncode_shortcode_id=&#8221;165189&#8243;]CBD VIBES Extract: 3500 mg<br \/>PURE CBD CONTENT AVERAGE: 2003 mg<br \/>PURE CBD % CONTENT AVERAGE: 4,01%[\/vc_column_text][\/vc_tab][vc_tab gutter_size=&#8221;2&#8243; column_padding=&#8221;2&#8243; title=&#8221;Uso&#8221; tab_id=&#8221;04835&#8243; product_from_builder=&#8221;yes&#8221;][vc_column_text uncode_shortcode_id=&#8221;179506&#8243;]Applicare al bisogno su tutte le parti interessate, massaggiando leggermente. Ripetere fino a completa risoluzione del fastidio.[\/vc_column_text][\/vc_tab][vc_tab gutter_size=&#8221;2&#8243; column_padding=&#8221;2&#8243; title=&#8221;Avvertenze&#8221; tab_id=&#8221;04841&#8243; product_from_builder=&#8221;yes&#8221;][vc_column_text uncode_shortcode_id=&#8221;874357&#8243;]Non applicare intorno agli occhi e sulla zona genitale.<\/p>\n<p>Non utilizzare per scopi differenti da quelli indicati.<\/p>\n<p>Tenere fuori dalla portata dei bambini.<\/p>\n<p>Per uso esterno, non ingerire.<\/p>\n<p>Conservalo tra i 15 e i 25\u00b0C, in un luogo asciutto e lontano da fonti di calore (sistemi di riscaldamento) e dalla luce diretta.<\/p>\n<p>Non esporre a ripetuti e temporanei shock termici superiori a 40\u00b0C e inferiori a 5\u00b0C.[\/vc_column_text][\/vc_tab][vc_tab gutter_size=&#8221;2&#8243; column_padding=&#8221;2&#8243; title=&#8221;INCI&#8221; tab_id=&#8221;1732444296999-4-8&#8243;][vc_column_text uncode_shortcode_id=&#8221;120114&#8243;]INGREDIENTI: HYDROGENATED ETHYLHEXYL OLIVATE, BUTYROSPERMUM PARKII BUTTER**, HELIANTHUS ANNUUS SEED OIL**, CANNABIS SATIVA SEED OIL**, HYDROGENATED VEGETABLE OIL, HYDROGENATED CASTOR OIL, CANNABIDIOL &#8211; DERIVED FROM EXTRACT OR TINCTURE OR RESIN OF CANNABIS***, OLEA EUROPAEA FRUIT OIL**, COCOS NUCIFERA OIL**, CITRUS PARADISI SEED EXTRACT, MELIA AZADIRACHTA SEED OIL**, LINUM USITATISSIMUM SEED OIL**, TRITICUM VULGARE GERM OIL, CALENDULA OFFICINALIS FLOWER EXTRACT, TOCOPHEROL, CANNABIS SATIVA LEAF EXTRACT**, ARGANIA SPINOSA KERNEL OIL**, MENTHA PIPERITA FLOWER\/LEAF OIL**, CITRUS NOBILIS PEEL OIL**, CYMBOPOGON MARTINI OIL**, LAVANDULA HYBRIDA HERB OIL**, THYMUS VULGARIS LEAF OIL**, ANTHEMIS NOBILIS FLOWER OIL**, ROSMARINUS OFFICINALIS LEAF EXTRACT, SUNFLOWER SEED OIL GLYCERIDES, DATEM, GERANIOL*, LIMONENE*, LINALOOL*, FARNESOL*, COUMARIN*, CITRAL*.<\/p>\n<p>*** COSMOS, NATRUE or ECOCERT criteria certified \/ certifi\u00e9s crit\u00e8res COSMOS, NATRUE ou ECOCERT \/ COSMOS-, NATRUE- oder ECOCERT-Kriterien zertifiziert \/ certificato COSMOS, NATRUE o ECOCERT \/ Certificado seg\u00fan los criterios de COSMOS, NATRUE o ECOCERT<br \/>** from certified organic farming \/ issu de l\u2019agriculture biologique certifi\u00e9e naturelle \/ aus kontrolliert biologischem Anbau \/ da agricoltura biologica certificata \/ de agricultura ecol\u00f3gica certificada<br \/>* content of natural essential oils \/ contient des huiles essentielles \/ aus nat\u00fcrlichen \u00e4therischen \u00d6len \/ da oli essenziali naturali \/ de aceites esenciales naturales[\/vc_column_text][\/vc_tab][\/vc_tabs][\/vc_column][\/vc_row]<\/p>\n<\/div>","protected":false},"excerpt":{"rendered":"<p><strong>con 2003 mg di CBD (4,01%).<\/strong> Con olio di Canapa bio, burro di Karit\u00e9 bio, CBD (Cannabidiolo), estratto VIBRES di foglie di Cannabis Sativa bio, olio di semi di Girasole bio, olio di Cocco bio, estratto di semi di Pompelmo, olio di Neem bio, olio di semi di Lino bio, olio di Oliva bio, olio di Germe di grano, olio di Argan bio, estratto di fiori di Arnica montana, estratto di fiori di Calendula bio, puro olio essenziale bio di Menta piperita, puro olio essenziale bio di Mandarino rosso di Sicilia, puro olio essenziale bio di Palmarosa, puro olio essenziale bio di Lavanda ibrida, puro olio essenziale bio di Camomilla romana e puro olio essenziale bio di Timo.<\/p>\n","protected":false},"featured_media":2813,"template":"","meta":[],"product_brand":[],"product_cat":[46],"product_tag":[],"class_list":{"0":"post-811","1":"product","2":"type-product","3":"status-publish","4":"has-post-thumbnail","6":"product_cat-primo-soccorso","8":"first","9":"instock","10":"taxable","11":"shipping-taxable","12":"purchasable","13":"product-type-simple","14":"add-to-wishlist-after_add_to_cart"},"jetpack_sharing_enabled":true,"tiered_pricing_type":"fixed","tiered_pricing_fixed_rules":[],"tiered_pricing_product_settings":{"layout":"default","base_unit_name":{"singular":null,"plural":null},"default_variation":null},"tiered_pricing_minimum_quantity":null,"tiered_pricing_roles_data":[],"tiered_pricing_percentage_rules":[],"tiered_pricing_maximum_quantity":null,"tiered_pricing_quantity_step":null,"_links":{"self":[{"href":"https:\/\/hemphilia.com\/it\/wp-json\/wp\/v2\/product\/811","targetHints":{"allow":["GET"]}}],"collection":[{"href":"https:\/\/hemphilia.com\/it\/wp-json\/wp\/v2\/product"}],"about":[{"href":"https:\/\/hemphilia.com\/it\/wp-json\/wp\/v2\/types\/product"}],"wp:featuredmedia":[{"embeddable":true,"href":"https:\/\/hemphilia.com\/it\/wp-json\/wp\/v2\/media\/2813"}],"wp:attachment":[{"href":"https:\/\/hemphilia.com\/it\/wp-json\/wp\/v2\/media?parent=811"}],"wp:term":[{"taxonomy":"product_brand","embeddable":true,"href":"https:\/\/hemphilia.com\/it\/wp-json\/wp\/v2\/product_brand?post=811"},{"taxonomy":"product_cat","embeddable":true,"href":"https:\/\/hemphilia.com\/it\/wp-json\/wp\/v2\/product_cat?post=811"},{"taxonomy":"product_tag","embeddable":true,"href":"https:\/\/hemphilia.com\/it\/wp-json\/wp\/v2\/product_tag?post=811"}],"curies":[{"name":"wp","href":"https:\/\/api.w.org\/{rel}","templated":true}]}}